{"id":10930,"date":"2022-04-08T15:29:00","date_gmt":"2022-04-08T13:29:00","guid":{"rendered":"https:\/\/www.technic-toys.com\/izdelek\/kasa-pro-touring-car-brezkrtacni-110-rtr\/"},"modified":"2024-12-04T19:04:47","modified_gmt":"2024-12-04T18:04:47","slug":"kasa-pro-touring-car-brezkrtacni-110-rtr","status":"publish","type":"product","link":"https:\/\/www.technic-toys.com\/en\/izdelek\/kasa-pro-touring-car-brezkrtacni-110-rtr\/","title":{"rendered":"Kasa Pro Touring Car Brezkrta\u010dni 1:10, RTR"},"content":{"rendered":"<p>RC potovalni avto s 4WD pogonom na vsa kolesa v merilu 1:10. Ready to Run (RTR) z visokokakovostnim digitalnim radijskim daljinskim upravljalnikom 2,4 GHz. Vsi deli, potrebni za delovanje, so vklju\u010deni v obseg dobave. Pogonski sklop ima polne krogli\u010dne le\u017eaje, \u0161asija pa je popolnoma nastavljiva.<br \/>Zmogljiv brezkrta\u010dni motor omogo\u010da hitrosti do 60 km\/h. Blazilniki tlaka olja in vzmetenja spredaj in zadaj so izdelani iz aluminija. Gumijaste gume na kromiranih plati\u0161\u010dih. Telo je izdelano iz Lexana, odpornega proti trkom!<\/p>\n<p>Tehni\u010dni podatki:<br \/>Dol\u017eina: 360mm<br \/>\u0160irina: 200mm<br \/>Vi\u0161ina: 112mm<br \/>Te\u017ea: 1410g< br \/> Glavni material: plastika<br \/>medosna razdalja: 275mm<br \/>Premer kolesa: 62mm<br \/>Prestavno razmerje: 6,52:1<br \/>Zavora: elektronska<br \/>Krmilnik: Hobbywing 60A<br \/ >Pogonski sistem: Kardan <br \/>Motor: brezkrta\u010dni 3300KV<br \/>Servo krmiljenja: 6kg\/cm @ 6V<br \/>Maksimalna hitrost: pribli\u017eno 60km\/h<br \/>\u010cas vo\u017enje: 10-15 minut<br \/>\u010cas polnjenja: pribli\u017eno 3-4 ure<br \/>Baterija: LiPo baterija 2S 7,4V 3500mAh trda ohi\u0161je T-socket<br \/>Daljinski upravljalnik 2-kanalni 2,4GHz<br \/>Polilec: LiPo 2S &#038; 3S 1A <\/p>\n<p>Obseg dobave:<br \/>Touring avtomobil Kasa Pro, sestavljen, pripravljen za vo\u017enjo<br \/>Daljinski upravljalnik pi\u0161tole 2,4 GHz<br \/>LiPo baterija 2S 7,4V 3500mAh<br \/>polnilec<br \/>Navodila SL<\/p>\n<p>Potrebna dodatna oprema: <br \/>8x AA Mignon baterije za oddajnik<\/p>\n<p>Opomba:<br \/>Razli\u010dne barve, dostava lahko vklju\u010duje tudi modro ohi\u0161je , modra plati\u0161\u010da, druga oblika karoserije<\/p>\n","protected":false},"excerpt":{"rendered":"<p>RC potovalni avto s 4WD pogonom na vsa kolesa v merilu 1:10. Ready to Run (RTR) z visokokakovostnim digitalnim radijskim daljinskim upravljalnikom 2,4 GHz. Vsi deli, potrebni za delovanje, so vklju\u010deni v obseg dobave. Pogonski sklop ima polne krogli\u010dne le\u017eaje, \u0161asija pa je popolnoma nastavljiva.Zmogljiv brezkrta\u010dni motor omogo\u010da hitrosti do 60 km\/h. Blazilniki tlaka olja [&hellip;]<\/p>\n","protected":false},"featured_media":10931,"template":"","meta":[],"product_cat":[374,361],"product_tag":[],"acf":[],"yoast_head":"<!-- This site is optimized with the Yoast SEO plugin v21.7 - https:\/\/yoast.com\/wordpress\/plugins\/seo\/ -->\n<title>Kasa Pro Touring Car Brezkrta\u010dni 1:10, RTR - TECHNIC-TOYS.com<\/title>\n<meta name=\"robots\" content=\"index, follow, max-snippet:-1, max-image-preview:large, max-video-preview:-1\" \/>\n<link rel=\"canonical\" href=\"https:\/\/www.technic-toys.com\/izdelek\/kasa-pro-touring-car-brezkrtacni-110-rtr\/\" \/>\n<meta property=\"og:locale\" content=\"en_US\" \/>\n<meta property=\"og:type\" content=\"article\" \/>\n<meta property=\"og:title\" content=\"Kasa Pro Touring Car Brezkrta\u010dni 1:10, RTR - TECHNIC-TOYS.com\" \/>\n<meta property=\"og:description\" content=\"RC potovalni avto s 4WD pogonom na vsa kolesa v merilu 1:10. Ready to Run (RTR) z visokokakovostnim digitalnim radijskim daljinskim upravljalnikom 2,4 GHz. Vsi deli, potrebni za delovanje, so vklju\u010deni v obseg dobave. Pogonski sklop ima polne krogli\u010dne le\u017eaje, \u0161asija pa je popolnoma nastavljiva.Zmogljiv brezkrta\u010dni motor omogo\u010da hitrosti do 60 km\/h. Blazilniki tlaka olja [&hellip;]\" \/>\n<meta property=\"og:url\" content=\"https:\/\/www.technic-toys.com\/izdelek\/kasa-pro-touring-car-brezkrtacni-110-rtr\/\" \/>\n<meta property=\"og:site_name\" content=\"TECHNIC-TOYS.com\" \/>\n<meta property=\"article:modified_time\" content=\"2024-12-04T18:04:47+00:00\" \/>\n<meta property=\"og:image\" content=\"https:\/\/www.technic-toys.com\/wp-content\/uploads\/2022\/04\/21028.jpg\" \/>\n\t<meta property=\"og:image:width\" content=\"1280\" \/>\n\t<meta property=\"og:image:height\" content=\"734\" \/>\n\t<meta property=\"og:image:type\" content=\"image\/jpeg\" \/>\n<meta name=\"twitter:card\" content=\"summary_large_image\" \/>\n<meta name=\"twitter:label1\" content=\"Est. reading time\" \/>\n\t<meta name=\"twitter:data1\" content=\"1 minute\" \/>\n<script type=\"application\/ld+json\" class=\"yoast-schema-graph\">{\"@context\":\"https:\/\/schema.org\",\"@graph\":[{\"@type\":\"WebPage\",\"@id\":\"https:\/\/www.technic-toys.com\/izdelek\/kasa-pro-touring-car-brezkrtacni-110-rtr\/\",\"url\":\"https:\/\/www.technic-toys.com\/izdelek\/kasa-pro-touring-car-brezkrtacni-110-rtr\/\",\"name\":\"Kasa Pro Touring Car Brezkrta\u010dni 1:10, RTR - TECHNIC-TOYS.com\",\"isPartOf\":{\"@id\":\"https:\/\/www.technic-toys.com\/en\/#website\"},\"datePublished\":\"2022-04-08T13:29:00+00:00\",\"dateModified\":\"2024-12-04T18:04:47+00:00\",\"breadcrumb\":{\"@id\":\"https:\/\/www.technic-toys.com\/izdelek\/kasa-pro-touring-car-brezkrtacni-110-rtr\/#breadcrumb\"},\"inLanguage\":\"en-US\",\"potentialAction\":[{\"@type\":\"ReadAction\",\"target\":[\"https:\/\/www.technic-toys.com\/izdelek\/kasa-pro-touring-car-brezkrtacni-110-rtr\/\"]}]},{\"@type\":\"BreadcrumbList\",\"@id\":\"https:\/\/www.technic-toys.com\/izdelek\/kasa-pro-touring-car-brezkrtacni-110-rtr\/#breadcrumb\",\"itemListElement\":[{\"@type\":\"ListItem\",\"position\":1,\"name\":\"Domov\",\"item\":\"https:\/\/www.technic-toys.com\/en\/\"},{\"@type\":\"ListItem\",\"position\":2,\"name\":\"Shop\",\"item\":\"https:\/\/www.technic-toys.com\/en\/shop-2\/\"},{\"@type\":\"ListItem\",\"position\":3,\"name\":\"Kasa Pro Touring Car Brezkrta\u010dni 1:10, RTR\"}]},{\"@type\":\"WebSite\",\"@id\":\"https:\/\/www.technic-toys.com\/en\/#website\",\"url\":\"https:\/\/www.technic-toys.com\/en\/\",\"name\":\"TECHNIC-TOYS.com\",\"description\":\"\",\"potentialAction\":[{\"@type\":\"SearchAction\",\"target\":{\"@type\":\"EntryPoint\",\"urlTemplate\":\"https:\/\/www.technic-toys.com\/en\/?s={search_term_string}\"},\"query-input\":\"required name=search_term_string\"}],\"inLanguage\":\"en-US\"}]}<\/script>\n<!-- \/ Yoast SEO plugin. -->","yoast_head_json":{"title":"Kasa Pro Touring Car Brezkrta\u010dni 1:10, RTR - TECHNIC-TOYS.com","robots":{"index":"index","follow":"follow","max-snippet":"max-snippet:-1","max-image-preview":"max-image-preview:large","max-video-preview":"max-video-preview:-1"},"canonical":"https:\/\/www.technic-toys.com\/izdelek\/kasa-pro-touring-car-brezkrtacni-110-rtr\/","og_locale":"en_US","og_type":"article","og_title":"Kasa Pro Touring Car Brezkrta\u010dni 1:10, RTR - TECHNIC-TOYS.com","og_description":"RC potovalni avto s 4WD pogonom na vsa kolesa v merilu 1:10. Ready to Run (RTR) z visokokakovostnim digitalnim radijskim daljinskim upravljalnikom 2,4 GHz. Vsi deli, potrebni za delovanje, so vklju\u010deni v obseg dobave. Pogonski sklop ima polne krogli\u010dne le\u017eaje, \u0161asija pa je popolnoma nastavljiva.Zmogljiv brezkrta\u010dni motor omogo\u010da hitrosti do 60 km\/h. Blazilniki tlaka olja [&hellip;]","og_url":"https:\/\/www.technic-toys.com\/izdelek\/kasa-pro-touring-car-brezkrtacni-110-rtr\/","og_site_name":"TECHNIC-TOYS.com","article_modified_time":"2024-12-04T18:04:47+00:00","og_image":[{"width":1280,"height":734,"url":"https:\/\/www.technic-toys.com\/wp-content\/uploads\/2022\/04\/21028.jpg","type":"image\/jpeg"}],"twitter_card":"summary_large_image","twitter_misc":{"Est. reading time":"1 minute"},"schema":{"@context":"https:\/\/schema.org","@graph":[{"@type":"WebPage","@id":"https:\/\/www.technic-toys.com\/izdelek\/kasa-pro-touring-car-brezkrtacni-110-rtr\/","url":"https:\/\/www.technic-toys.com\/izdelek\/kasa-pro-touring-car-brezkrtacni-110-rtr\/","name":"Kasa Pro Touring Car Brezkrta\u010dni 1:10, RTR - TECHNIC-TOYS.com","isPartOf":{"@id":"https:\/\/www.technic-toys.com\/en\/#website"},"datePublished":"2022-04-08T13:29:00+00:00","dateModified":"2024-12-04T18:04:47+00:00","breadcrumb":{"@id":"https:\/\/www.technic-toys.com\/izdelek\/kasa-pro-touring-car-brezkrtacni-110-rtr\/#breadcrumb"},"inLanguage":"en-US","potentialAction":[{"@type":"ReadAction","target":["https:\/\/www.technic-toys.com\/izdelek\/kasa-pro-touring-car-brezkrtacni-110-rtr\/"]}]},{"@type":"BreadcrumbList","@id":"https:\/\/www.technic-toys.com\/izdelek\/kasa-pro-touring-car-brezkrtacni-110-rtr\/#breadcrumb","itemListElement":[{"@type":"ListItem","position":1,"name":"Domov","item":"https:\/\/www.technic-toys.com\/en\/"},{"@type":"ListItem","position":2,"name":"Shop","item":"https:\/\/www.technic-toys.com\/en\/shop-2\/"},{"@type":"ListItem","position":3,"name":"Kasa Pro Touring Car Brezkrta\u010dni 1:10, RTR"}]},{"@type":"WebSite","@id":"https:\/\/www.technic-toys.com\/en\/#website","url":"https:\/\/www.technic-toys.com\/en\/","name":"TECHNIC-TOYS.com","description":"","potentialAction":[{"@type":"SearchAction","target":{"@type":"EntryPoint","urlTemplate":"https:\/\/www.technic-toys.com\/en\/?s={search_term_string}"},"query-input":"required name=search_term_string"}],"inLanguage":"en-US"}]}},"_links":{"self":[{"href":"https:\/\/www.technic-toys.com\/en\/wp-json\/wp\/v2\/product\/10930"}],"collection":[{"href":"https:\/\/www.technic-toys.com\/en\/wp-json\/wp\/v2\/product"}],"about":[{"href":"https:\/\/www.technic-toys.com\/en\/wp-json\/wp\/v2\/types\/product"}],"wp:featuredmedia":[{"embeddable":true,"href":"https:\/\/www.technic-toys.com\/en\/wp-json\/wp\/v2\/media\/10931"}],"wp:attachment":[{"href":"https:\/\/www.technic-toys.com\/en\/wp-json\/wp\/v2\/media?parent=10930"}],"wp:term":[{"taxonomy":"product_cat","embeddable":true,"href":"https:\/\/www.technic-toys.com\/en\/wp-json\/wp\/v2\/product_cat?post=10930"},{"taxonomy":"product_tag","embeddable":true,"href":"https:\/\/www.technic-toys.com\/en\/wp-json\/wp\/v2\/product_tag?post=10930"}],"curies":[{"name":"wp","href":"https:\/\/api.w.org\/{rel}","templated":true}]}}