{"id":10955,"date":"2022-04-08T15:29:00","date_gmt":"2022-04-08T13:29:00","guid":{"rendered":"https:\/\/www.technic-toys.com\/izdelek\/drift-sports-car-breaker-pro-116-24-ghz-rtr\/"},"modified":"2024-12-04T19:04:48","modified_gmt":"2024-12-04T18:04:48","slug":"drift-sports-car-breaker-pro-116-24-ghz-rtr","status":"publish","type":"product","link":"https:\/\/www.technic-toys.com\/en\/izdelek\/drift-sports-car-breaker-pro-116-24-ghz-rtr\/","title":{"rendered":"Drift Sports Car Breaker Pro 1:16 2,4 GHz RTR"},"content":{"rendered":"<p>Sport Car Breaker zdru\u017euje kul videz, prefinjeno tehnologijo z visoko u\u010dinkovitim \u017eiroskopskim sistemom, zmogljivim brezkrta\u010dnim pogonom in ogromno mo\u010djo za elegantne driftove. Naj bo na ulici, na stezi ali na tleh dnevne sobe &#8211; ta model v merilu 1:16 obvlada vsak teren. Ob\u010dutljiv 2,4 GHz daljinski upravljalnik zagotavlja zelo neposredno izku\u0161njo vo\u017enje. Hiter in zmogljiv krmilni servo zagotavlja tudi natan\u010dno upravljanje, mo\u010dan 4WD pogon v povezavi z veliko baterijo (7,4 V Li-Ion 1200 mAh) pa omogo\u010da dolge \u010dase vo\u017enje pri najvi\u0161ji hitrosti pribli\u017eno 40-45 km\/h. Vgrajeni \u017eiroskop (ob\u010dutljivost je neprekinjeno nastavljiva prek oddajnika) nudi podporo v vsaki situaciji in ohranja model na pravi poti. Kot majhen dodatek je bil ta model opremljen z razli\u010dnimi mo\u017enostmi osvetlitve, ki jih je mogo\u010de prilagajati preko oddajnika. Izberete lahko tri razli\u010dne vrste LED osvetlitve, ki dajejo sprednjemu delu druga\u010den, o\u010darljiv videz. Model je bil \u017ee v tovarni opremljen z dobrimi krogli\u010dnimi le\u017eaji, kovinskimi CVD pogonskimi gredmi in natan\u010dnim podvozjem. Kot bonus so vklju\u010dene tudi cestne pnevmatike. Te je mogo\u010de preprosto namestiti namesto name\u0161\u010denih drift pnevmatik, da se poka\u017eejo kot \u010disti cestni avtomobil.<\/p>\n<p>Lastnosti:<br \/>4WD pogon<br \/>Kogli\u010dni le\u017eaji (manj trenja in ve\u010d neposredni prenos mo\u010di)<br \/>Popolnoma proporcionalen nadzor (ob\u010dutljivo krmiljenje plina in krmiljenja)<br \/>Integriran \u017eiroskopski sistem: stabilizacija za natan\u010dno upravljanje, nastavljiva preko oddajnika<br \/>Velika baterija za dolge \u010dase vo\u017enje (Li-Ion 7,4V 1200 mAh)<br \/> Razli\u010dni na\u010dini osvetlitve LED na sprednji strani (preklop preko oddajnika) in rde\u010da LED lu\u010dka na zadnji strani<br \/>USB polnilnik z izhodom za uravnote\u017eenje in kapaciteto polnjenja 1,5 A<\/p>\n<p>Tehni\u010dni podatki :<br \/>Dol\u017eina: 300mm<br \/>\u0160irina: 145mm<br \/>Vi\u0161ina: 100mm<br \/>Te\u017ea: 604g vklju\u010dno z baterijo<br \/>Glavni material: plastika<br \/>Motor: 2435 brezkrta\u010dni 3900KV<br \/>Servo: 17g visokohitrostni servo, 5-pinski<br \/>ESC: -Channel 25A brezkrta\u010dna enota vse v enem<br \/>Baterija: Li-Ion 18650 7.4V 1200mAh, BEC konektor, 69x37x19mm, 85 g<br \/> Daljinski upravljalnik: 4 kanali, 2.4 GHz, 11 razpolo\u017eljivih frekven\u010dnih kanalov<br \/>Maksimalna hitrost: 40-45km\/h<br \/>\u010cas vo\u017enje: pribli\u017eno 10-13min<br \/>Domet: pribli\u017eno 60-80m<br \/>Polnilec: USB z 1.5 Polnilni tok <br \/>\u010cas polnjenja: pribli\u017eno 40 &#8211; 60 min.<\/p>\n<p>Obseg dobave:<br \/>Model, popolnoma sestavljen<br \/>Daljinski upravljalnik<br \/>Baterija<br \/>USB polnilec<br \/>Dodatne cestne pnevmatike<br \/>Razli\u010dna orodja<br \/>Navodila za uporabo DE\/EN<\/p>\n<p>Potrebna dodatna oprema:<br \/>4x 1,5V Mignon AA baterije za daljinski upravljalnik nadzor<br \/><br \/ ><\/p>\n","protected":false},"excerpt":{"rendered":"<p>Z brezkrta\u010dnim pogonom in \u017eiroskopsko stabilizacijo<\/p>\n","protected":false},"featured_media":10138,"template":"","meta":[],"product_cat":[374,361],"product_tag":[],"acf":[],"yoast_head":"<!-- This site is optimized with the Yoast SEO plugin v21.7 - https:\/\/yoast.com\/wordpress\/plugins\/seo\/ -->\n<title>Drift Sports Car Breaker Pro 1:16 2,4 GHz RTR - TECHNIC-TOYS.com<\/title>\n<meta name=\"robots\" content=\"index, follow, max-snippet:-1, max-image-preview:large, max-video-preview:-1\" \/>\n<link rel=\"canonical\" href=\"https:\/\/www.technic-toys.com\/izdelek\/drift-sports-car-breaker-pro-116-24-ghz-rtr\/\" \/>\n<meta property=\"og:locale\" content=\"en_US\" \/>\n<meta property=\"og:type\" content=\"article\" \/>\n<meta property=\"og:title\" content=\"Drift Sports Car Breaker Pro 1:16 2,4 GHz RTR - TECHNIC-TOYS.com\" \/>\n<meta property=\"og:description\" content=\"Z brezkrta\u010dnim pogonom in \u017eiroskopsko stabilizacijo\" \/>\n<meta property=\"og:url\" content=\"https:\/\/www.technic-toys.com\/izdelek\/drift-sports-car-breaker-pro-116-24-ghz-rtr\/\" \/>\n<meta property=\"og:site_name\" content=\"TECHNIC-TOYS.com\" \/>\n<meta property=\"article:modified_time\" content=\"2024-12-04T18:04:48+00:00\" \/>\n<meta property=\"og:image\" content=\"https:\/\/www.technic-toys.com\/wp-content\/uploads\/2022\/01\/21090.jpg\" \/>\n\t<meta property=\"og:image:width\" content=\"2560\" \/>\n\t<meta property=\"og:image:height\" content=\"1468\" \/>\n\t<meta property=\"og:image:type\" content=\"image\/jpeg\" \/>\n<meta name=\"twitter:card\" content=\"summary_large_image\" \/>\n<meta name=\"twitter:label1\" content=\"Est. reading time\" \/>\n\t<meta name=\"twitter:data1\" content=\"2 minutes\" \/>\n<script type=\"application\/ld+json\" class=\"yoast-schema-graph\">{\"@context\":\"https:\/\/schema.org\",\"@graph\":[{\"@type\":\"WebPage\",\"@id\":\"https:\/\/www.technic-toys.com\/izdelek\/drift-sports-car-breaker-pro-116-24-ghz-rtr\/\",\"url\":\"https:\/\/www.technic-toys.com\/izdelek\/drift-sports-car-breaker-pro-116-24-ghz-rtr\/\",\"name\":\"Drift Sports Car Breaker Pro 1:16 2,4 GHz RTR - TECHNIC-TOYS.com\",\"isPartOf\":{\"@id\":\"https:\/\/www.technic-toys.com\/en\/#website\"},\"datePublished\":\"2022-04-08T13:29:00+00:00\",\"dateModified\":\"2024-12-04T18:04:48+00:00\",\"breadcrumb\":{\"@id\":\"https:\/\/www.technic-toys.com\/izdelek\/drift-sports-car-breaker-pro-116-24-ghz-rtr\/#breadcrumb\"},\"inLanguage\":\"en-US\",\"potentialAction\":[{\"@type\":\"ReadAction\",\"target\":[\"https:\/\/www.technic-toys.com\/izdelek\/drift-sports-car-breaker-pro-116-24-ghz-rtr\/\"]}]},{\"@type\":\"BreadcrumbList\",\"@id\":\"https:\/\/www.technic-toys.com\/izdelek\/drift-sports-car-breaker-pro-116-24-ghz-rtr\/#breadcrumb\",\"itemListElement\":[{\"@type\":\"ListItem\",\"position\":1,\"name\":\"Domov\",\"item\":\"https:\/\/www.technic-toys.com\/en\/\"},{\"@type\":\"ListItem\",\"position\":2,\"name\":\"Shop\",\"item\":\"https:\/\/www.technic-toys.com\/en\/shop-2\/\"},{\"@type\":\"ListItem\",\"position\":3,\"name\":\"Drift Sports Car Breaker Pro 1:16 2,4 GHz RTR\"}]},{\"@type\":\"WebSite\",\"@id\":\"https:\/\/www.technic-toys.com\/en\/#website\",\"url\":\"https:\/\/www.technic-toys.com\/en\/\",\"name\":\"TECHNIC-TOYS.com\",\"description\":\"\",\"potentialAction\":[{\"@type\":\"SearchAction\",\"target\":{\"@type\":\"EntryPoint\",\"urlTemplate\":\"https:\/\/www.technic-toys.com\/en\/?s={search_term_string}\"},\"query-input\":\"required name=search_term_string\"}],\"inLanguage\":\"en-US\"}]}<\/script>\n<!-- \/ Yoast SEO plugin. -->","yoast_head_json":{"title":"Drift Sports Car Breaker Pro 1:16 2,4 GHz RTR - TECHNIC-TOYS.com","robots":{"index":"index","follow":"follow","max-snippet":"max-snippet:-1","max-image-preview":"max-image-preview:large","max-video-preview":"max-video-preview:-1"},"canonical":"https:\/\/www.technic-toys.com\/izdelek\/drift-sports-car-breaker-pro-116-24-ghz-rtr\/","og_locale":"en_US","og_type":"article","og_title":"Drift Sports Car Breaker Pro 1:16 2,4 GHz RTR - TECHNIC-TOYS.com","og_description":"Z brezkrta\u010dnim pogonom in \u017eiroskopsko stabilizacijo","og_url":"https:\/\/www.technic-toys.com\/izdelek\/drift-sports-car-breaker-pro-116-24-ghz-rtr\/","og_site_name":"TECHNIC-TOYS.com","article_modified_time":"2024-12-04T18:04:48+00:00","og_image":[{"width":2560,"height":1468,"url":"https:\/\/www.technic-toys.com\/wp-content\/uploads\/2022\/01\/21090.jpg","type":"image\/jpeg"}],"twitter_card":"summary_large_image","twitter_misc":{"Est. reading time":"2 minutes"},"schema":{"@context":"https:\/\/schema.org","@graph":[{"@type":"WebPage","@id":"https:\/\/www.technic-toys.com\/izdelek\/drift-sports-car-breaker-pro-116-24-ghz-rtr\/","url":"https:\/\/www.technic-toys.com\/izdelek\/drift-sports-car-breaker-pro-116-24-ghz-rtr\/","name":"Drift Sports Car Breaker Pro 1:16 2,4 GHz RTR - TECHNIC-TOYS.com","isPartOf":{"@id":"https:\/\/www.technic-toys.com\/en\/#website"},"datePublished":"2022-04-08T13:29:00+00:00","dateModified":"2024-12-04T18:04:48+00:00","breadcrumb":{"@id":"https:\/\/www.technic-toys.com\/izdelek\/drift-sports-car-breaker-pro-116-24-ghz-rtr\/#breadcrumb"},"inLanguage":"en-US","potentialAction":[{"@type":"ReadAction","target":["https:\/\/www.technic-toys.com\/izdelek\/drift-sports-car-breaker-pro-116-24-ghz-rtr\/"]}]},{"@type":"BreadcrumbList","@id":"https:\/\/www.technic-toys.com\/izdelek\/drift-sports-car-breaker-pro-116-24-ghz-rtr\/#breadcrumb","itemListElement":[{"@type":"ListItem","position":1,"name":"Domov","item":"https:\/\/www.technic-toys.com\/en\/"},{"@type":"ListItem","position":2,"name":"Shop","item":"https:\/\/www.technic-toys.com\/en\/shop-2\/"},{"@type":"ListItem","position":3,"name":"Drift Sports Car Breaker Pro 1:16 2,4 GHz RTR"}]},{"@type":"WebSite","@id":"https:\/\/www.technic-toys.com\/en\/#website","url":"https:\/\/www.technic-toys.com\/en\/","name":"TECHNIC-TOYS.com","description":"","potentialAction":[{"@type":"SearchAction","target":{"@type":"EntryPoint","urlTemplate":"https:\/\/www.technic-toys.com\/en\/?s={search_term_string}"},"query-input":"required name=search_term_string"}],"inLanguage":"en-US"}]}},"_links":{"self":[{"href":"https:\/\/www.technic-toys.com\/en\/wp-json\/wp\/v2\/product\/10955"}],"collection":[{"href":"https:\/\/www.technic-toys.com\/en\/wp-json\/wp\/v2\/product"}],"about":[{"href":"https:\/\/www.technic-toys.com\/en\/wp-json\/wp\/v2\/types\/product"}],"wp:featuredmedia":[{"embeddable":true,"href":"https:\/\/www.technic-toys.com\/en\/wp-json\/wp\/v2\/media\/10138"}],"wp:attachment":[{"href":"https:\/\/www.technic-toys.com\/en\/wp-json\/wp\/v2\/media?parent=10955"}],"wp:term":[{"taxonomy":"product_cat","embeddable":true,"href":"https:\/\/www.technic-toys.com\/en\/wp-json\/wp\/v2\/product_cat?post=10955"},{"taxonomy":"product_tag","embeddable":true,"href":"https:\/\/www.technic-toys.com\/en\/wp-json\/wp\/v2\/product_tag?post=10955"}],"curies":[{"name":"wp","href":"https:\/\/api.w.org\/{rel}","templated":true}]}}