{"id":10956,"date":"2022-04-08T15:29:00","date_gmt":"2022-04-08T13:29:00","guid":{"rendered":"https:\/\/www.technic-toys.com\/izdelek\/amx-racing-hc7-street-racer-17-4wd-rtr-2\/"},"modified":"2024-12-04T19:04:49","modified_gmt":"2024-12-04T18:04:49","slug":"amx-racing-hc7-street-racer-17-4wd-rtr-2","status":"publish","type":"product","link":"https:\/\/www.technic-toys.com\/en\/izdelek\/amx-racing-hc7-street-racer-17-4wd-rtr-2\/","title":{"rendered":"AMX Racing HC7 Street Racer 1:7 4WD RTR"},"content":{"rendered":"<p>Super replika zelo znanega drift avtomobila v merilu 1:7 z najbolj\u0161o opremo in najvi\u0161jo hitrostjo nad 100km\/h. Ta vrhunski model zdru\u017euje zelo kakovostne komponente s konceptom ekstremnega pogona (6S LiPo) in vrhunsko opremo, kot so 2x 3S LiPo baterije, visokokakovosten in natan\u010den 2,4GHz daljinski upravljalnik, LiPo polnilnik in \u0161tevilni CNC rezkani aluminijasti deli. <br \/>Za maksimalno obna\u0161anje pri zana\u0161anju je HC7 opremljen z ro\u010dno zavoro, ki jo je mogo\u010de krmiliti z oddajnika. Tako je vozilo mogo\u010de spraviti v ovinke kot v resni\u010dnem \u017eivljenju.<br \/>Neustavljiva mo\u010d brezkrta\u010dnega motorja 4282 s specifi\u010dno hitrostjo 2000KV se ob\u010dutljivo krmili preko 150A krmilnika ter preko kardanskih in CVD pogonskih gredi na 4 kolesa. (4WD) porazdeljeno. Zmogljiv krmilni servo s kovinskimi zobniki in 15 kg sile vedno zagotavlja maksimalno zmogljivost in zelo neposreden odziv krmiljenja. Amortizerski stolpi, nosilci in nosilci \u0161asije so rezkani iz visokokakovostnega aluminija. Plo\u0161\u010da \u0161asije je prav tako izdelana iz masivnega aluminija. <br \/>Glavna prestava in diferenciali so rezkani iz visokokakovostnega jekla in zagotavljajo dolgo \u017eivljenjsko dobo. Za prepre\u010ditev pregrevanja sta tako motor kot brezkrta\u010dni krmilnik 150A opremljena z ventilatorji, ki prepre\u010dujejo razvoj toplote, ki nastane med vo\u017enjo. <br \/>Poleg popolnoma uravnote\u017eenega podvozja in posebej razvitih pnevmatik, masivni bla\u017eilniki tlaka olja Big Bore zagotavljajo, da se HC7 zelo dobro obnese.<br \/>\u010cudovita karoserija drift avtomobila je vizualno popoln vrhunec , kar daje modelu zelo lep in \u0161porten videz. HC7 je opremljen tudi s sistemom LED osvetlitve, ki ga je mogo\u010de ne le vklopiti in izklopiti prek oddajnika, temve\u010d omogo\u010da tudi razli\u010dne na\u010dine osvetlitve. (Razli\u010dni na\u010dini sprednje osvetlitve z angelskimi o\u010dmi v razli\u010dnih barvah)<\/p>\n<p>HC7 postavlja nove standarde v vseh vidikih avtomobilov RTR RC, bodisi kot hitri dirka\u010d ali drift avto!<\/p>\n<p>Lastnosti:<br \/>Trdno, 4 mm aluminijasto ohi\u0161je, odporno proti torziji &#8211; za stabilno upravljanje<br \/>Bla\u017eni\u0161ki stolpi spredaj in zadaj iz CNC rezkanega aluminija<br \/>Dvojni nosilci \u0161asije iz aluminija<br \/ >Kakovostne in utrjene pogonske gredi CVD jeklo<br \/>Vsi deli menjalnika so CNC rezkani iz visokokakovostnega jekla<br \/>Klju\u010dna os in krmilna roka iz bru\u0161enega aluminija<br \/>Vozilo v celoti krogli\u010dno le\u017eaj<br \/>Sprednje in zadnje vzmetenje je mogo\u010de enostavno in natan\u010dno prilagoditi razli\u010dnim povr\u0161inam in optimizirati.<br \/>Vodno za\u0161\u010ditena sprejemna \u0161katla<br \/>Pnevmatike s popolno gumijasto zmesjo za dirke in drift<br \/>Dr\u017ealo pre\u010dke iz bru\u0161enega aluminij za najve\u010djo vzdr\u017eljivost<br \/>Brezkrta\u010dni visokozmogljiv motor z 2000KV in dvojnim zrakom fter<br \/>Visoko zmogljiv krmilnik s priklju\u010dkom 150A in XT90<br \/>2x 3S LiPo baterija s 5000mAh in XT90 priklju\u010dkom<br \/>Kovinski servomotorji za krmiljenje in ro\u010dno zavoro<br \/>Kakovostni 4-kanalni 2,4GHz daljinski upravljalnik z najve\u010djim dosegom in bolj ob\u010dutljivim upravljanjem<\/p>\n<p>Tehni\u010dni podatki:<br \/>Merilo: 1:7<br \/>Dol\u017eina: 765 mm<br \/>\u0160irina: 345 mm <br \/>Vi\u0161ina: 190 mm <br \/>Te\u017ea: pribli\u017eno 5,5 kg<br \/>Mosna razdalja: 413 mm<br \/>\u0160irina sprednjega koloteka: 280 mm<br \/>\u0160irina zadnjega koloteka: 300 mm<br \/>Odmik od tal: 25 mm<br \/>Sprednja kolesa: Zunanji premer\/\u0161irina 109 \/ 50 mm<br \/>Zadnja kolesa: Zunanji premer\/\u0161irina 109\/50mm<br \/>Premer plati\u0161\u010da: 84mm<br \/>Zobnik: Jeklo<br \/>Razmerje zmanj\u0161anja: 8,5:1<br \/> Sprednji bla\u017eilnik: 92 mm<br \/>Zadnji bla\u017eilnik: 92 mm<br \/> Zavora: elektronsko krmiljena preko motorja in zavornega diska preko 9 kg kovinskega servo menjalnika<br \/>Krmilnik: 150A ESC s priklju\u010dkom XT90<br \/>Motor: 4282 brezkrta\u010dni motor z 2000KV<br \/>Pogonski sistem: kardanska gred iz kovine<br \/>Servo krmiljenja: Standardni servo s kovinskim zobnikom Ebe in 15 kg sila<br \/>Glavni material: aluminij<br \/>Dimenzije predala za baterije: 140x45x50mm<br \/>Baterija: 2x LiPo, 3S, 11.1V, 5000mAh 35C, mehko ohi\u0161je XT90 mehak konektor: 140x45x50 mm. \/> \u010cas vo\u017enje: pribli\u017eno 10 &#8211; 15 minut : BX3 polnilnik za uravnote\u017eenje 220 V<br \/>\u010cas polnjenja: pribli\u017eno 3 &#8211; 4 ure na baterijo<\/p>\n<p>Obseg dobave:<br \/>Model<br \/>Oddajnik<br \/>2x baterija 3S LiPo<br \/ >LiPo polnilec<br \/>Nalepka<br \/>Navodila DE\/EN<\/p>\n<p>Potrebna dodatna oprema:<br \/>4x 1,5V mignon Baterije AA za oddajnik<\/p>\n","protected":false},"excerpt":{"rendered":"<p>Super replika zelo znanega drift avtomobila v merilu 1:7 z najbolj\u0161o opremo in najvi\u0161jo hitrostjo nad 100km\/h. Ta vrhunski model zdru\u017euje zelo kakovostne komponente s konceptom ekstremnega pogona (6S LiPo) in vrhunsko opremo, kot so 2x 3S LiPo baterije, visokokakovosten in natan\u010den 2,4GHz daljinski upravljalnik, LiPo polnilnik in \u0161tevilni CNC rezkani aluminijasti deli. Za maksimalno [&hellip;]<\/p>\n","protected":false},"featured_media":10148,"template":"","meta":[],"product_cat":[374,361],"product_tag":[],"acf":[],"yoast_head":"<!-- This site is optimized with the Yoast SEO plugin v21.7 - https:\/\/yoast.com\/wordpress\/plugins\/seo\/ -->\n<title>AMX Racing HC7 Street Racer 1:7 4WD RTR - TECHNIC-TOYS.com<\/title>\n<meta name=\"robots\" content=\"index, follow, max-snippet:-1, max-image-preview:large, max-video-preview:-1\" \/>\n<link rel=\"canonical\" href=\"https:\/\/www.technic-toys.com\/izdelek\/amx-racing-hc7-street-racer-17-4wd-rtr-2\/\" \/>\n<meta property=\"og:locale\" content=\"en_US\" \/>\n<meta property=\"og:type\" content=\"article\" \/>\n<meta property=\"og:title\" content=\"AMX Racing HC7 Street Racer 1:7 4WD RTR - TECHNIC-TOYS.com\" \/>\n<meta property=\"og:description\" content=\"Super replika zelo znanega drift avtomobila v merilu 1:7 z najbolj\u0161o opremo in najvi\u0161jo hitrostjo nad 100km\/h. Ta vrhunski model zdru\u017euje zelo kakovostne komponente s konceptom ekstremnega pogona (6S LiPo) in vrhunsko opremo, kot so 2x 3S LiPo baterije, visokokakovosten in natan\u010den 2,4GHz daljinski upravljalnik, LiPo polnilnik in \u0161tevilni CNC rezkani aluminijasti deli. Za maksimalno [&hellip;]\" \/>\n<meta property=\"og:url\" content=\"https:\/\/www.technic-toys.com\/izdelek\/amx-racing-hc7-street-racer-17-4wd-rtr-2\/\" \/>\n<meta property=\"og:site_name\" content=\"TECHNIC-TOYS.com\" \/>\n<meta property=\"article:modified_time\" content=\"2024-12-04T18:04:49+00:00\" \/>\n<meta property=\"og:image\" content=\"https:\/\/www.technic-toys.com\/wp-content\/uploads\/2022\/01\/21091.jpg\" \/>\n\t<meta property=\"og:image:width\" content=\"2560\" \/>\n\t<meta property=\"og:image:height\" content=\"1468\" \/>\n\t<meta property=\"og:image:type\" content=\"image\/jpeg\" \/>\n<meta name=\"twitter:card\" content=\"summary_large_image\" \/>\n<meta name=\"twitter:label1\" content=\"Est. reading time\" \/>\n\t<meta name=\"twitter:data1\" content=\"3 minutes\" \/>\n<script type=\"application\/ld+json\" class=\"yoast-schema-graph\">{\"@context\":\"https:\/\/schema.org\",\"@graph\":[{\"@type\":\"WebPage\",\"@id\":\"https:\/\/www.technic-toys.com\/izdelek\/amx-racing-hc7-street-racer-17-4wd-rtr-2\/\",\"url\":\"https:\/\/www.technic-toys.com\/izdelek\/amx-racing-hc7-street-racer-17-4wd-rtr-2\/\",\"name\":\"AMX Racing HC7 Street Racer 1:7 4WD RTR - TECHNIC-TOYS.com\",\"isPartOf\":{\"@id\":\"https:\/\/www.technic-toys.com\/en\/#website\"},\"datePublished\":\"2022-04-08T13:29:00+00:00\",\"dateModified\":\"2024-12-04T18:04:49+00:00\",\"breadcrumb\":{\"@id\":\"https:\/\/www.technic-toys.com\/izdelek\/amx-racing-hc7-street-racer-17-4wd-rtr-2\/#breadcrumb\"},\"inLanguage\":\"en-US\",\"potentialAction\":[{\"@type\":\"ReadAction\",\"target\":[\"https:\/\/www.technic-toys.com\/izdelek\/amx-racing-hc7-street-racer-17-4wd-rtr-2\/\"]}]},{\"@type\":\"BreadcrumbList\",\"@id\":\"https:\/\/www.technic-toys.com\/izdelek\/amx-racing-hc7-street-racer-17-4wd-rtr-2\/#breadcrumb\",\"itemListElement\":[{\"@type\":\"ListItem\",\"position\":1,\"name\":\"Domov\",\"item\":\"https:\/\/www.technic-toys.com\/en\/\"},{\"@type\":\"ListItem\",\"position\":2,\"name\":\"Shop\",\"item\":\"https:\/\/www.technic-toys.com\/en\/shop-2\/\"},{\"@type\":\"ListItem\",\"position\":3,\"name\":\"AMX Racing HC7 Street Racer 1:7 4WD RTR\"}]},{\"@type\":\"WebSite\",\"@id\":\"https:\/\/www.technic-toys.com\/en\/#website\",\"url\":\"https:\/\/www.technic-toys.com\/en\/\",\"name\":\"TECHNIC-TOYS.com\",\"description\":\"\",\"potentialAction\":[{\"@type\":\"SearchAction\",\"target\":{\"@type\":\"EntryPoint\",\"urlTemplate\":\"https:\/\/www.technic-toys.com\/en\/?s={search_term_string}\"},\"query-input\":\"required name=search_term_string\"}],\"inLanguage\":\"en-US\"}]}<\/script>\n<!-- \/ Yoast SEO plugin. -->","yoast_head_json":{"title":"AMX Racing HC7 Street Racer 1:7 4WD RTR - TECHNIC-TOYS.com","robots":{"index":"index","follow":"follow","max-snippet":"max-snippet:-1","max-image-preview":"max-image-preview:large","max-video-preview":"max-video-preview:-1"},"canonical":"https:\/\/www.technic-toys.com\/izdelek\/amx-racing-hc7-street-racer-17-4wd-rtr-2\/","og_locale":"en_US","og_type":"article","og_title":"AMX Racing HC7 Street Racer 1:7 4WD RTR - TECHNIC-TOYS.com","og_description":"Super replika zelo znanega drift avtomobila v merilu 1:7 z najbolj\u0161o opremo in najvi\u0161jo hitrostjo nad 100km\/h. Ta vrhunski model zdru\u017euje zelo kakovostne komponente s konceptom ekstremnega pogona (6S LiPo) in vrhunsko opremo, kot so 2x 3S LiPo baterije, visokokakovosten in natan\u010den 2,4GHz daljinski upravljalnik, LiPo polnilnik in \u0161tevilni CNC rezkani aluminijasti deli. Za maksimalno [&hellip;]","og_url":"https:\/\/www.technic-toys.com\/izdelek\/amx-racing-hc7-street-racer-17-4wd-rtr-2\/","og_site_name":"TECHNIC-TOYS.com","article_modified_time":"2024-12-04T18:04:49+00:00","og_image":[{"width":2560,"height":1468,"url":"https:\/\/www.technic-toys.com\/wp-content\/uploads\/2022\/01\/21091.jpg","type":"image\/jpeg"}],"twitter_card":"summary_large_image","twitter_misc":{"Est. reading time":"3 minutes"},"schema":{"@context":"https:\/\/schema.org","@graph":[{"@type":"WebPage","@id":"https:\/\/www.technic-toys.com\/izdelek\/amx-racing-hc7-street-racer-17-4wd-rtr-2\/","url":"https:\/\/www.technic-toys.com\/izdelek\/amx-racing-hc7-street-racer-17-4wd-rtr-2\/","name":"AMX Racing HC7 Street Racer 1:7 4WD RTR - TECHNIC-TOYS.com","isPartOf":{"@id":"https:\/\/www.technic-toys.com\/en\/#website"},"datePublished":"2022-04-08T13:29:00+00:00","dateModified":"2024-12-04T18:04:49+00:00","breadcrumb":{"@id":"https:\/\/www.technic-toys.com\/izdelek\/amx-racing-hc7-street-racer-17-4wd-rtr-2\/#breadcrumb"},"inLanguage":"en-US","potentialAction":[{"@type":"ReadAction","target":["https:\/\/www.technic-toys.com\/izdelek\/amx-racing-hc7-street-racer-17-4wd-rtr-2\/"]}]},{"@type":"BreadcrumbList","@id":"https:\/\/www.technic-toys.com\/izdelek\/amx-racing-hc7-street-racer-17-4wd-rtr-2\/#breadcrumb","itemListElement":[{"@type":"ListItem","position":1,"name":"Domov","item":"https:\/\/www.technic-toys.com\/en\/"},{"@type":"ListItem","position":2,"name":"Shop","item":"https:\/\/www.technic-toys.com\/en\/shop-2\/"},{"@type":"ListItem","position":3,"name":"AMX Racing HC7 Street Racer 1:7 4WD RTR"}]},{"@type":"WebSite","@id":"https:\/\/www.technic-toys.com\/en\/#website","url":"https:\/\/www.technic-toys.com\/en\/","name":"TECHNIC-TOYS.com","description":"","potentialAction":[{"@type":"SearchAction","target":{"@type":"EntryPoint","urlTemplate":"https:\/\/www.technic-toys.com\/en\/?s={search_term_string}"},"query-input":"required name=search_term_string"}],"inLanguage":"en-US"}]}},"_links":{"self":[{"href":"https:\/\/www.technic-toys.com\/en\/wp-json\/wp\/v2\/product\/10956"}],"collection":[{"href":"https:\/\/www.technic-toys.com\/en\/wp-json\/wp\/v2\/product"}],"about":[{"href":"https:\/\/www.technic-toys.com\/en\/wp-json\/wp\/v2\/types\/product"}],"wp:featuredmedia":[{"embeddable":true,"href":"https:\/\/www.technic-toys.com\/en\/wp-json\/wp\/v2\/media\/10148"}],"wp:attachment":[{"href":"https:\/\/www.technic-toys.com\/en\/wp-json\/wp\/v2\/media?parent=10956"}],"wp:term":[{"taxonomy":"product_cat","embeddable":true,"href":"https:\/\/www.technic-toys.com\/en\/wp-json\/wp\/v2\/product_cat?post=10956"},{"taxonomy":"product_tag","embeddable":true,"href":"https:\/\/www.technic-toys.com\/en\/wp-json\/wp\/v2\/product_tag?post=10956"}],"curies":[{"name":"wp","href":"https:\/\/api.w.org\/{rel}","templated":true}]}}