{"id":10979,"date":"2022-04-08T15:30:26","date_gmt":"2022-04-08T13:30:26","guid":{"rendered":"https:\/\/www.technic-toys.com\/izdelek\/booster-pro-buggy-brezkrtacni-4wd-110-rtr\/"},"modified":"2024-12-04T19:04:46","modified_gmt":"2024-12-04T18:04:46","slug":"booster-pro-buggy-brezkrtacni-4wd-110-rtr","status":"publish","type":"product","link":"https:\/\/www.technic-toys.com\/en\/izdelek\/booster-pro-buggy-brezkrtacni-4wd-110-rtr\/","title":{"rendered":"Booster Pro Buggy brezkrta\u010dni 4WD, 1:10, RTR"},"content":{"rendered":"<p>Zmogljiv, hiter 4WD vozi\u010dek v merilu 1:10. Booster Pro je \u017ee vrsto let priljubljen za za\u010detnike brez \u0161\u010detk. Model se je skozi leta nenehno izbolj\u0161eval. Zmogljiv brezkrta\u010dni motor 3300KV prina\u0161a Booster Pro skupaj z brezkrta\u010dnim krmilnikom Hobbywing WP-10BL60 do pribli\u017eno 60 km\/h. Litij-polimerna baterija 3500 mAh z ustreznim polnilnikom je vklju\u010dena v obseg dobave za napajanje. <\/p>\n<p>Lastnosti:<br \/>Ready to Run (RTR), pripravljen za vo\u017enjo<br \/>Hiter brezkrta\u010dni motor 3300KV<br \/>Maksimalna hitrost: pribli\u017eno 60km\/h<br \/>2,4 GHz RC -Daljinski upravljalnik<br \/>Plin in krmiljenje so proporcionalno krmiljeni<br \/>Kovinski zobniki<br \/>Kovinski diferenciali spredaj in zadaj<br \/>Pogon s polnim krogli\u010dnim le\u017eajem<br \/>Aluminijasti amortizerji tlaka olja<br \/ >Aluminijasti bla\u017eilni mostovi<br \/ >Gumijaste pnevmatike na kromiranih plati\u0161\u010dih<br \/>Koserija Lexan<\/p>\n<p>Tehni\u010dni podatki:<br \/>Merilo: 1:10<br \/>Dol\u017eina: 400 mm<br \/>\u0160irina: 250 mm<br \/> Vi\u0161ina: 160 mm<br \/>Motor: brezkrta\u010dni 3300KV<br \/>Krmilnik: 60A Hobbywing<br \/>Baterija: 7,4V 3,500mAh LiPo<br \/>Prestavno razmerje: 1<br \/>Prestavno razmerje: 1<br \/> br \/>Medosna razdalja: pribli\u017eno 275 mm< br \/>Te\u017ea: pribli\u017eno 1410 g<br \/>Daljinski upravljalnik: &#8211; desno\/levo proporcionalno |- Naprej \/ nazaj nastavljiv nadzor hitrosti<br \/>Premer kolesa: 86 mm<br \/>Kolo gonilnik: 12 mm \u0161esterokotnik<br \/>< br \/>Obseg dobave:<br \/>Booster Pro pripravljen za vo\u017enjo<br \/>daljinski upravljalnik s pi\u0161tolo 2,4 GHz<br \/> LiPo baterija 2S 7,4V 3,500mAh baterijski paket<br \/>polnilec<br \/>Podrobna navodila s slikami<\/p>\n<p>Potrebna dodatna oprema:<br \/>8x 1,5V AA Mignon baterije za oddajnik<br \/ < br \/><\/p>\n","protected":false},"excerpt":{"rendered":"<p>Zmogljiv, hiter 4WD vozi\u010dek v merilu 1:10. Booster Pro je \u017ee vrsto let priljubljen za za\u010detnike brez \u0161\u010detk. Model se je skozi leta nenehno izbolj\u0161eval. Zmogljiv brezkrta\u010dni motor 3300KV prina\u0161a Booster Pro skupaj z brezkrta\u010dnim krmilnikom Hobbywing WP-10BL60 do pribli\u017eno 60 km\/h. Litij-polimerna baterija 3500 mAh z ustreznim polnilnikom je vklju\u010dena v obseg dobave za [&hellip;]<\/p>\n","protected":false},"featured_media":10980,"template":"","meta":[],"product_cat":[374,361],"product_tag":[],"acf":[],"yoast_head":"<!-- This site is optimized with the Yoast SEO plugin v21.7 - https:\/\/yoast.com\/wordpress\/plugins\/seo\/ -->\n<title>Booster Pro Buggy brezkrta\u010dni 4WD, 1:10, RTR - TECHNIC-TOYS.com<\/title>\n<meta name=\"robots\" content=\"index, follow, max-snippet:-1, max-image-preview:large, max-video-preview:-1\" \/>\n<link rel=\"canonical\" href=\"https:\/\/www.technic-toys.com\/izdelek\/booster-pro-buggy-brezkrtacni-4wd-110-rtr\/\" \/>\n<meta property=\"og:locale\" content=\"en_US\" \/>\n<meta property=\"og:type\" content=\"article\" \/>\n<meta property=\"og:title\" content=\"Booster Pro Buggy brezkrta\u010dni 4WD, 1:10, RTR - TECHNIC-TOYS.com\" \/>\n<meta property=\"og:description\" content=\"Zmogljiv, hiter 4WD vozi\u010dek v merilu 1:10. Booster Pro je \u017ee vrsto let priljubljen za za\u010detnike brez \u0161\u010detk. Model se je skozi leta nenehno izbolj\u0161eval. Zmogljiv brezkrta\u010dni motor 3300KV prina\u0161a Booster Pro skupaj z brezkrta\u010dnim krmilnikom Hobbywing WP-10BL60 do pribli\u017eno 60 km\/h. Litij-polimerna baterija 3500 mAh z ustreznim polnilnikom je vklju\u010dena v obseg dobave za [&hellip;]\" \/>\n<meta property=\"og:url\" content=\"https:\/\/www.technic-toys.com\/izdelek\/booster-pro-buggy-brezkrtacni-4wd-110-rtr\/\" \/>\n<meta property=\"og:site_name\" content=\"TECHNIC-TOYS.com\" \/>\n<meta property=\"article:modified_time\" content=\"2024-12-04T18:04:46+00:00\" \/>\n<meta property=\"og:image\" content=\"https:\/\/www.technic-toys.com\/wp-content\/uploads\/2022\/04\/22033wtNxael1Ps4ZH.jpg\" \/>\n\t<meta property=\"og:image:width\" content=\"2560\" \/>\n\t<meta property=\"og:image:height\" content=\"1468\" \/>\n\t<meta property=\"og:image:type\" content=\"image\/jpeg\" \/>\n<meta name=\"twitter:card\" content=\"summary_large_image\" \/>\n<meta name=\"twitter:label1\" content=\"Est. reading time\" \/>\n\t<meta name=\"twitter:data1\" content=\"1 minute\" \/>\n<script type=\"application\/ld+json\" class=\"yoast-schema-graph\">{\"@context\":\"https:\/\/schema.org\",\"@graph\":[{\"@type\":\"WebPage\",\"@id\":\"https:\/\/www.technic-toys.com\/izdelek\/booster-pro-buggy-brezkrtacni-4wd-110-rtr\/\",\"url\":\"https:\/\/www.technic-toys.com\/izdelek\/booster-pro-buggy-brezkrtacni-4wd-110-rtr\/\",\"name\":\"Booster Pro Buggy brezkrta\u010dni 4WD, 1:10, RTR - TECHNIC-TOYS.com\",\"isPartOf\":{\"@id\":\"https:\/\/www.technic-toys.com\/en\/#website\"},\"datePublished\":\"2022-04-08T13:30:26+00:00\",\"dateModified\":\"2024-12-04T18:04:46+00:00\",\"breadcrumb\":{\"@id\":\"https:\/\/www.technic-toys.com\/izdelek\/booster-pro-buggy-brezkrtacni-4wd-110-rtr\/#breadcrumb\"},\"inLanguage\":\"en-US\",\"potentialAction\":[{\"@type\":\"ReadAction\",\"target\":[\"https:\/\/www.technic-toys.com\/izdelek\/booster-pro-buggy-brezkrtacni-4wd-110-rtr\/\"]}]},{\"@type\":\"BreadcrumbList\",\"@id\":\"https:\/\/www.technic-toys.com\/izdelek\/booster-pro-buggy-brezkrtacni-4wd-110-rtr\/#breadcrumb\",\"itemListElement\":[{\"@type\":\"ListItem\",\"position\":1,\"name\":\"Domov\",\"item\":\"https:\/\/www.technic-toys.com\/en\/\"},{\"@type\":\"ListItem\",\"position\":2,\"name\":\"Shop\",\"item\":\"https:\/\/www.technic-toys.com\/en\/shop-2\/\"},{\"@type\":\"ListItem\",\"position\":3,\"name\":\"Booster Pro Buggy brezkrta\u010dni 4WD, 1:10, RTR\"}]},{\"@type\":\"WebSite\",\"@id\":\"https:\/\/www.technic-toys.com\/en\/#website\",\"url\":\"https:\/\/www.technic-toys.com\/en\/\",\"name\":\"TECHNIC-TOYS.com\",\"description\":\"\",\"potentialAction\":[{\"@type\":\"SearchAction\",\"target\":{\"@type\":\"EntryPoint\",\"urlTemplate\":\"https:\/\/www.technic-toys.com\/en\/?s={search_term_string}\"},\"query-input\":\"required name=search_term_string\"}],\"inLanguage\":\"en-US\"}]}<\/script>\n<!-- \/ Yoast SEO plugin. -->","yoast_head_json":{"title":"Booster Pro Buggy brezkrta\u010dni 4WD, 1:10, RTR - TECHNIC-TOYS.com","robots":{"index":"index","follow":"follow","max-snippet":"max-snippet:-1","max-image-preview":"max-image-preview:large","max-video-preview":"max-video-preview:-1"},"canonical":"https:\/\/www.technic-toys.com\/izdelek\/booster-pro-buggy-brezkrtacni-4wd-110-rtr\/","og_locale":"en_US","og_type":"article","og_title":"Booster Pro Buggy brezkrta\u010dni 4WD, 1:10, RTR - TECHNIC-TOYS.com","og_description":"Zmogljiv, hiter 4WD vozi\u010dek v merilu 1:10. Booster Pro je \u017ee vrsto let priljubljen za za\u010detnike brez \u0161\u010detk. Model se je skozi leta nenehno izbolj\u0161eval. Zmogljiv brezkrta\u010dni motor 3300KV prina\u0161a Booster Pro skupaj z brezkrta\u010dnim krmilnikom Hobbywing WP-10BL60 do pribli\u017eno 60 km\/h. Litij-polimerna baterija 3500 mAh z ustreznim polnilnikom je vklju\u010dena v obseg dobave za [&hellip;]","og_url":"https:\/\/www.technic-toys.com\/izdelek\/booster-pro-buggy-brezkrtacni-4wd-110-rtr\/","og_site_name":"TECHNIC-TOYS.com","article_modified_time":"2024-12-04T18:04:46+00:00","og_image":[{"width":2560,"height":1468,"url":"https:\/\/www.technic-toys.com\/wp-content\/uploads\/2022\/04\/22033wtNxael1Ps4ZH.jpg","type":"image\/jpeg"}],"twitter_card":"summary_large_image","twitter_misc":{"Est. reading time":"1 minute"},"schema":{"@context":"https:\/\/schema.org","@graph":[{"@type":"WebPage","@id":"https:\/\/www.technic-toys.com\/izdelek\/booster-pro-buggy-brezkrtacni-4wd-110-rtr\/","url":"https:\/\/www.technic-toys.com\/izdelek\/booster-pro-buggy-brezkrtacni-4wd-110-rtr\/","name":"Booster Pro Buggy brezkrta\u010dni 4WD, 1:10, RTR - TECHNIC-TOYS.com","isPartOf":{"@id":"https:\/\/www.technic-toys.com\/en\/#website"},"datePublished":"2022-04-08T13:30:26+00:00","dateModified":"2024-12-04T18:04:46+00:00","breadcrumb":{"@id":"https:\/\/www.technic-toys.com\/izdelek\/booster-pro-buggy-brezkrtacni-4wd-110-rtr\/#breadcrumb"},"inLanguage":"en-US","potentialAction":[{"@type":"ReadAction","target":["https:\/\/www.technic-toys.com\/izdelek\/booster-pro-buggy-brezkrtacni-4wd-110-rtr\/"]}]},{"@type":"BreadcrumbList","@id":"https:\/\/www.technic-toys.com\/izdelek\/booster-pro-buggy-brezkrtacni-4wd-110-rtr\/#breadcrumb","itemListElement":[{"@type":"ListItem","position":1,"name":"Domov","item":"https:\/\/www.technic-toys.com\/en\/"},{"@type":"ListItem","position":2,"name":"Shop","item":"https:\/\/www.technic-toys.com\/en\/shop-2\/"},{"@type":"ListItem","position":3,"name":"Booster Pro Buggy brezkrta\u010dni 4WD, 1:10, RTR"}]},{"@type":"WebSite","@id":"https:\/\/www.technic-toys.com\/en\/#website","url":"https:\/\/www.technic-toys.com\/en\/","name":"TECHNIC-TOYS.com","description":"","potentialAction":[{"@type":"SearchAction","target":{"@type":"EntryPoint","urlTemplate":"https:\/\/www.technic-toys.com\/en\/?s={search_term_string}"},"query-input":"required name=search_term_string"}],"inLanguage":"en-US"}]}},"_links":{"self":[{"href":"https:\/\/www.technic-toys.com\/en\/wp-json\/wp\/v2\/product\/10979"}],"collection":[{"href":"https:\/\/www.technic-toys.com\/en\/wp-json\/wp\/v2\/product"}],"about":[{"href":"https:\/\/www.technic-toys.com\/en\/wp-json\/wp\/v2\/types\/product"}],"wp:featuredmedia":[{"embeddable":true,"href":"https:\/\/www.technic-toys.com\/en\/wp-json\/wp\/v2\/media\/10980"}],"wp:attachment":[{"href":"https:\/\/www.technic-toys.com\/en\/wp-json\/wp\/v2\/media?parent=10979"}],"wp:term":[{"taxonomy":"product_cat","embeddable":true,"href":"https:\/\/www.technic-toys.com\/en\/wp-json\/wp\/v2\/product_cat?post=10979"},{"taxonomy":"product_tag","embeddable":true,"href":"https:\/\/www.technic-toys.com\/en\/wp-json\/wp\/v2\/product_tag?post=10979"}],"curies":[{"name":"wp","href":"https:\/\/api.w.org\/{rel}","templated":true}]}}