{"id":11177,"date":"2022-04-08T15:38:32","date_gmt":"2022-04-08T13:38:32","guid":{"rendered":"https:\/\/www.technic-toys.com\/izdelek\/buggy-hammerhead-v2-brezkrtacni-16-24-ghz-2wd-rtr\/"},"modified":"2024-12-04T19:04:34","modified_gmt":"2024-12-04T18:04:34","slug":"buggy-hammerhead-v2-brezkrtacni-16-24-ghz-2wd-rtr","status":"publish","type":"product","link":"https:\/\/www.technic-toys.com\/en\/izdelek\/buggy-hammerhead-v2-brezkrtacni-16-24-ghz-2wd-rtr\/","title":{"rendered":"Buggy Hammerhead V2 Brezkrta\u010dni 1:6, 2,4 GHz, 2WD, RTR"},"content":{"rendered":"<p>Hammerhead Dune-Buggy 1:6 2WD brezkrta\u010dne terenske dirke v svoji najbolj\u0161i izvedbi. Zelo dobro dimenzioniran pogon z brezkrta\u010dnim motorjem 2350 kv z visokim navorom in krmilnikom 160 amperov zagotavljata \u010dist u\u017eitek v vo\u017enji v kombinaciji z impresivnimi pospe\u0161ki in visoko najvi\u0161jo hitrostjo. V bistvu je Hammerhead o\u010ditno bolj\u0161i od vseh 28 ccm plinskih vozi\u010dkov. Zahvaljujo\u010d tovarni\u0161ko vgrajenemu \u017eiroskopskemu stabilizacijskemu sistemu je Hammerhead mogo\u010de voziti kot avtomobil s \u0161tirikolesnim pogonom. Popolnoma aluminijasti bla\u017eilniki tlaka olja, 15 kg krmilni servo, aluminijasta podporna plo\u0161\u010da, CNC rezkani diferencialni zobniki in pnevmatike z visokim oprijemom so druge vrhunske zna\u010dilnosti vozi\u010dka 1:6. Glavna prestava je izdelana iz jekla in zato lahko zdr\u017ei tudi najte\u017eje zahteve. Zaradi izrednega, kul in nagrajenega dizajna je Hammerhead privla\u010den za o\u010di na vsakem dirkali\u0161\u010du. Sodobni radijski daljinski upravljalnik 2,4 GHz je ob\u010dutljiv in enostaven za dr\u017eanje. Priporo\u010damo uporabo 2 x 7,4V Hardcase LiPo baterij s 5000-7500mAh, 45-65C. (lahko se poganja tudi 6 celic, vendar je tukaj potrebna modifikacija) Tehni\u010dni podatki: Pogon: 2WD ElektroESC: 160A WP-6BL160-RTR Hobbywing potrebne baterije: od 2x 7,4V 3700 mAh LiPo Motor: Brezkrta\u010dni 2350KV Dol\u017eina: 2 mm \u0160t He: 68 : 260 mm Medosna razdalja: 476 mm Prestavno razmerje: 1:12,8 Te\u017ea: pribli\u017eno 12,5 kg Premer kolesa (v\/h): 153\/148 mm \u0160irina kolesa (v\/h): 53\/705 mm Odmik od tal 70 mm. Servo krmila: 1NC5 kg\/cm bru\u0161en razl. Zobniki Aluminijasta talna podporna plo\u0161\u010da Individualno vzmetenje koles z nastavitvijo gosenice in naklona 2,4 GHz radijski sistem Obseg dobave: 2WD Buggy Hammerhead brezkrta\u010dni 2,4 GHz radijski sistem 160 A Hobbywing ESC 2350 KV brezkrta\u010dni motor Poslikano telo Podrobna navodila za uporabo, ilustrirana v nem\u0161kem in angle\u0161kem jeziku : Za delovanje sta potrebni 2 x 7,4 V iz 3700 mAh LiPo baterij. (ni prilo\u017eena) ali 2 x 3S LiPo s spremembo sede\u017ene \u0161koljke in priklju\u010dnega vti\u010da na 4 mm zlati kontakt ali vti\u010d XT90. Za daljinski upravljalnik so potrebne 3 x Mignon 1,5 V AA baterije.<\/p>\n","protected":false},"excerpt":{"rendered":"<p>Hammerhead Dune-Buggy 1:6 2WD brezkrta\u010dne terenske dirke v svoji najbolj\u0161i izvedbi. Zelo dobro dimenzioniran pogon z brezkrta\u010dnim motorjem 2350 kv z visokim navorom in krmilnikom 160 amperov zagotavljata \u010dist u\u017eitek v vo\u017enji v kombinaciji z impresivnimi pospe\u0161ki in visoko najvi\u0161jo hitrostjo. V bistvu je Hammerhead o\u010ditno bolj\u0161i od vseh 28 ccm plinskih vozi\u010dkov. Zahvaljujo\u010d tovarni\u0161ko [&hellip;]<\/p>\n","protected":false},"featured_media":11178,"template":"","meta":[],"product_cat":[374,361],"product_tag":[],"acf":[],"yoast_head":"<!-- This site is optimized with the Yoast SEO plugin v21.7 - https:\/\/yoast.com\/wordpress\/plugins\/seo\/ -->\n<title>Buggy Hammerhead V2 Brezkrta\u010dni 1:6, 2,4 GHz, 2WD, RTR - TECHNIC-TOYS.com<\/title>\n<meta name=\"robots\" content=\"index, follow, max-snippet:-1, max-image-preview:large, max-video-preview:-1\" \/>\n<link rel=\"canonical\" href=\"https:\/\/www.technic-toys.com\/izdelek\/buggy-hammerhead-v2-brezkrtacni-16-24-ghz-2wd-rtr\/\" \/>\n<meta property=\"og:locale\" content=\"en_US\" \/>\n<meta property=\"og:type\" content=\"article\" \/>\n<meta property=\"og:title\" content=\"Buggy Hammerhead V2 Brezkrta\u010dni 1:6, 2,4 GHz, 2WD, RTR - TECHNIC-TOYS.com\" \/>\n<meta property=\"og:description\" content=\"Hammerhead Dune-Buggy 1:6 2WD brezkrta\u010dne terenske dirke v svoji najbolj\u0161i izvedbi. Zelo dobro dimenzioniran pogon z brezkrta\u010dnim motorjem 2350 kv z visokim navorom in krmilnikom 160 amperov zagotavljata \u010dist u\u017eitek v vo\u017enji v kombinaciji z impresivnimi pospe\u0161ki in visoko najvi\u0161jo hitrostjo. V bistvu je Hammerhead o\u010ditno bolj\u0161i od vseh 28 ccm plinskih vozi\u010dkov. Zahvaljujo\u010d tovarni\u0161ko [&hellip;]\" \/>\n<meta property=\"og:url\" content=\"https:\/\/www.technic-toys.com\/izdelek\/buggy-hammerhead-v2-brezkrtacni-16-24-ghz-2wd-rtr\/\" \/>\n<meta property=\"og:site_name\" content=\"TECHNIC-TOYS.com\" \/>\n<meta property=\"article:modified_time\" content=\"2024-12-04T18:04:34+00:00\" \/>\n<meta property=\"og:image\" content=\"https:\/\/www.technic-toys.com\/wp-content\/uploads\/2022\/04\/22183.jpg\" \/>\n\t<meta property=\"og:image:width\" content=\"2560\" \/>\n\t<meta property=\"og:image:height\" content=\"1468\" \/>\n\t<meta property=\"og:image:type\" content=\"image\/jpeg\" \/>\n<meta name=\"twitter:card\" content=\"summary_large_image\" \/>\n<meta name=\"twitter:label1\" content=\"Est. reading time\" \/>\n\t<meta name=\"twitter:data1\" content=\"2 minutes\" \/>\n<script type=\"application\/ld+json\" class=\"yoast-schema-graph\">{\"@context\":\"https:\/\/schema.org\",\"@graph\":[{\"@type\":\"WebPage\",\"@id\":\"https:\/\/www.technic-toys.com\/izdelek\/buggy-hammerhead-v2-brezkrtacni-16-24-ghz-2wd-rtr\/\",\"url\":\"https:\/\/www.technic-toys.com\/izdelek\/buggy-hammerhead-v2-brezkrtacni-16-24-ghz-2wd-rtr\/\",\"name\":\"Buggy Hammerhead V2 Brezkrta\u010dni 1:6, 2,4 GHz, 2WD, RTR - TECHNIC-TOYS.com\",\"isPartOf\":{\"@id\":\"https:\/\/www.technic-toys.com\/en\/#website\"},\"datePublished\":\"2022-04-08T13:38:32+00:00\",\"dateModified\":\"2024-12-04T18:04:34+00:00\",\"breadcrumb\":{\"@id\":\"https:\/\/www.technic-toys.com\/izdelek\/buggy-hammerhead-v2-brezkrtacni-16-24-ghz-2wd-rtr\/#breadcrumb\"},\"inLanguage\":\"en-US\",\"potentialAction\":[{\"@type\":\"ReadAction\",\"target\":[\"https:\/\/www.technic-toys.com\/izdelek\/buggy-hammerhead-v2-brezkrtacni-16-24-ghz-2wd-rtr\/\"]}]},{\"@type\":\"BreadcrumbList\",\"@id\":\"https:\/\/www.technic-toys.com\/izdelek\/buggy-hammerhead-v2-brezkrtacni-16-24-ghz-2wd-rtr\/#breadcrumb\",\"itemListElement\":[{\"@type\":\"ListItem\",\"position\":1,\"name\":\"Domov\",\"item\":\"https:\/\/www.technic-toys.com\/en\/\"},{\"@type\":\"ListItem\",\"position\":2,\"name\":\"Shop\",\"item\":\"https:\/\/www.technic-toys.com\/en\/shop-2\/\"},{\"@type\":\"ListItem\",\"position\":3,\"name\":\"Buggy Hammerhead V2 Brezkrta\u010dni 1:6, 2,4 GHz, 2WD, RTR\"}]},{\"@type\":\"WebSite\",\"@id\":\"https:\/\/www.technic-toys.com\/en\/#website\",\"url\":\"https:\/\/www.technic-toys.com\/en\/\",\"name\":\"TECHNIC-TOYS.com\",\"description\":\"\",\"potentialAction\":[{\"@type\":\"SearchAction\",\"target\":{\"@type\":\"EntryPoint\",\"urlTemplate\":\"https:\/\/www.technic-toys.com\/en\/?s={search_term_string}\"},\"query-input\":\"required name=search_term_string\"}],\"inLanguage\":\"en-US\"}]}<\/script>\n<!-- \/ Yoast SEO plugin. -->","yoast_head_json":{"title":"Buggy Hammerhead V2 Brezkrta\u010dni 1:6, 2,4 GHz, 2WD, RTR - TECHNIC-TOYS.com","robots":{"index":"index","follow":"follow","max-snippet":"max-snippet:-1","max-image-preview":"max-image-preview:large","max-video-preview":"max-video-preview:-1"},"canonical":"https:\/\/www.technic-toys.com\/izdelek\/buggy-hammerhead-v2-brezkrtacni-16-24-ghz-2wd-rtr\/","og_locale":"en_US","og_type":"article","og_title":"Buggy Hammerhead V2 Brezkrta\u010dni 1:6, 2,4 GHz, 2WD, RTR - TECHNIC-TOYS.com","og_description":"Hammerhead Dune-Buggy 1:6 2WD brezkrta\u010dne terenske dirke v svoji najbolj\u0161i izvedbi. Zelo dobro dimenzioniran pogon z brezkrta\u010dnim motorjem 2350 kv z visokim navorom in krmilnikom 160 amperov zagotavljata \u010dist u\u017eitek v vo\u017enji v kombinaciji z impresivnimi pospe\u0161ki in visoko najvi\u0161jo hitrostjo. V bistvu je Hammerhead o\u010ditno bolj\u0161i od vseh 28 ccm plinskih vozi\u010dkov. Zahvaljujo\u010d tovarni\u0161ko [&hellip;]","og_url":"https:\/\/www.technic-toys.com\/izdelek\/buggy-hammerhead-v2-brezkrtacni-16-24-ghz-2wd-rtr\/","og_site_name":"TECHNIC-TOYS.com","article_modified_time":"2024-12-04T18:04:34+00:00","og_image":[{"width":2560,"height":1468,"url":"https:\/\/www.technic-toys.com\/wp-content\/uploads\/2022\/04\/22183.jpg","type":"image\/jpeg"}],"twitter_card":"summary_large_image","twitter_misc":{"Est. reading time":"2 minutes"},"schema":{"@context":"https:\/\/schema.org","@graph":[{"@type":"WebPage","@id":"https:\/\/www.technic-toys.com\/izdelek\/buggy-hammerhead-v2-brezkrtacni-16-24-ghz-2wd-rtr\/","url":"https:\/\/www.technic-toys.com\/izdelek\/buggy-hammerhead-v2-brezkrtacni-16-24-ghz-2wd-rtr\/","name":"Buggy Hammerhead V2 Brezkrta\u010dni 1:6, 2,4 GHz, 2WD, RTR - TECHNIC-TOYS.com","isPartOf":{"@id":"https:\/\/www.technic-toys.com\/en\/#website"},"datePublished":"2022-04-08T13:38:32+00:00","dateModified":"2024-12-04T18:04:34+00:00","breadcrumb":{"@id":"https:\/\/www.technic-toys.com\/izdelek\/buggy-hammerhead-v2-brezkrtacni-16-24-ghz-2wd-rtr\/#breadcrumb"},"inLanguage":"en-US","potentialAction":[{"@type":"ReadAction","target":["https:\/\/www.technic-toys.com\/izdelek\/buggy-hammerhead-v2-brezkrtacni-16-24-ghz-2wd-rtr\/"]}]},{"@type":"BreadcrumbList","@id":"https:\/\/www.technic-toys.com\/izdelek\/buggy-hammerhead-v2-brezkrtacni-16-24-ghz-2wd-rtr\/#breadcrumb","itemListElement":[{"@type":"ListItem","position":1,"name":"Domov","item":"https:\/\/www.technic-toys.com\/en\/"},{"@type":"ListItem","position":2,"name":"Shop","item":"https:\/\/www.technic-toys.com\/en\/shop-2\/"},{"@type":"ListItem","position":3,"name":"Buggy Hammerhead V2 Brezkrta\u010dni 1:6, 2,4 GHz, 2WD, RTR"}]},{"@type":"WebSite","@id":"https:\/\/www.technic-toys.com\/en\/#website","url":"https:\/\/www.technic-toys.com\/en\/","name":"TECHNIC-TOYS.com","description":"","potentialAction":[{"@type":"SearchAction","target":{"@type":"EntryPoint","urlTemplate":"https:\/\/www.technic-toys.com\/en\/?s={search_term_string}"},"query-input":"required name=search_term_string"}],"inLanguage":"en-US"}]}},"_links":{"self":[{"href":"https:\/\/www.technic-toys.com\/en\/wp-json\/wp\/v2\/product\/11177"}],"collection":[{"href":"https:\/\/www.technic-toys.com\/en\/wp-json\/wp\/v2\/product"}],"about":[{"href":"https:\/\/www.technic-toys.com\/en\/wp-json\/wp\/v2\/types\/product"}],"wp:featuredmedia":[{"embeddable":true,"href":"https:\/\/www.technic-toys.com\/en\/wp-json\/wp\/v2\/media\/11178"}],"wp:attachment":[{"href":"https:\/\/www.technic-toys.com\/en\/wp-json\/wp\/v2\/media?parent=11177"}],"wp:term":[{"taxonomy":"product_cat","embeddable":true,"href":"https:\/\/www.technic-toys.com\/en\/wp-json\/wp\/v2\/product_cat?post=11177"},{"taxonomy":"product_tag","embeddable":true,"href":"https:\/\/www.technic-toys.com\/en\/wp-json\/wp\/v2\/product_tag?post=11177"}],"curies":[{"name":"wp","href":"https:\/\/api.w.org\/{rel}","templated":true}]}}