{"id":11203,"date":"2022-04-08T15:38:32","date_gmt":"2022-04-08T13:38:32","guid":{"rendered":"https:\/\/www.technic-toys.com\/izdelek\/eagle-3-4wd-112-dune-buggy\/"},"modified":"2024-12-04T19:04:35","modified_gmt":"2024-12-04T18:04:35","slug":"eagle-3-4wd-112-dune-buggy","status":"publish","type":"product","link":"https:\/\/www.technic-toys.com\/en\/izdelek\/eagle-3-4wd-112-dune-buggy\/","title":{"rendered":"Eagle-3 4WD 1:12 Dune Buggy"},"content":{"rendered":"<p>Desert Eagle-2, 4WD Dune Buggy v merilu 1:12. Popolnoma opremljen, RTR &#8211; pripravljen za vo\u017enjo. Z Li-ion baterijo 1500 mAh, drsno sklopko in togo zadnjo osjo. Sestavni deli iz visoko kakovostnega materiala. Te\u017eka \u0161asija iz vlaknenih plo\u0161\u010d. Aluminijasti amortizerji. Gumijaste pnevmatike, ki so oprijemljive in odporne na obrabo. Ob\u010dutljiv in visokokakovosten 2,4 GHz radijski daljinski upravljalnik. Preklop z desni\u010darja na levi\u010darja v trenutku. Zmogljiv 380 elektri\u010dni motor. Stalni 4-kolesni pogon za najbolj\u0161o zmogljivost. Ne glede na to, ali gre za zabavni park, steze ali visoke skoke &#8211; Desert Eagle-2 je pripravljen na radikalne akcije. Avto je tudi zelo dobro uravnote\u017een, tako da ga je mogo\u010de voziti po katerem koli terenu.<br \/>Tehni\u010dni podatki: Dol\u017eina: 389 mm \u0160irina: 225 mm Vi\u0161ina: 170 mm Medosna razdalja: 246 mm \u0160irina osi: 190 mm Baterija: 1500 mAh 7.4V Ground Clear Li-Ion : 50 mm Gume: 23 x 20 x 55 R96 Te\u017ea: 1226 g Motor: 380 elektri\u010dni ESC: 40A Najve\u010dja hitrost: 35-40km\/h \u010cas vo\u017enje: pribli\u017eno 15 minut \u010cas polnjenja: pribli\u017eno 2,5 ure Obseg dobave: 4 GHz radio2 daljinski upravljalnik 220V polnilni vti\u010d Klju\u010d za sestavo Rezervni zobnik Navodila DE\/EN Zahtevani dodatki: 4x 1,5AA baterije<\/p>\n","protected":false},"excerpt":{"rendered":"<p>Desert Eagle-2, 4WD Dune Buggy v merilu 1:12. Popolnoma opremljen, RTR &#8211; pripravljen za vo\u017enjo. Z Li-ion baterijo 1500 mAh, drsno sklopko in togo zadnjo osjo. Sestavni deli iz visoko kakovostnega materiala. Te\u017eka \u0161asija iz vlaknenih plo\u0161\u010d. Aluminijasti amortizerji. Gumijaste pnevmatike, ki so oprijemljive in odporne na obrabo. Ob\u010dutljiv in visokokakovosten 2,4 GHz radijski daljinski [&hellip;]<\/p>\n","protected":false},"featured_media":11204,"template":"","meta":[],"product_cat":[374,361],"product_tag":[],"acf":[],"yoast_head":"<!-- This site is optimized with the Yoast SEO plugin v21.7 - https:\/\/yoast.com\/wordpress\/plugins\/seo\/ -->\n<title>Eagle-3 4WD 1:12 Dune Buggy - TECHNIC-TOYS.com<\/title>\n<meta name=\"robots\" content=\"index, follow, max-snippet:-1, max-image-preview:large, max-video-preview:-1\" \/>\n<link rel=\"canonical\" href=\"https:\/\/www.technic-toys.com\/izdelek\/eagle-3-4wd-112-dune-buggy\/\" \/>\n<meta property=\"og:locale\" content=\"en_US\" \/>\n<meta property=\"og:type\" content=\"article\" \/>\n<meta property=\"og:title\" content=\"Eagle-3 4WD 1:12 Dune Buggy - TECHNIC-TOYS.com\" \/>\n<meta property=\"og:description\" content=\"Desert Eagle-2, 4WD Dune Buggy v merilu 1:12. Popolnoma opremljen, RTR &#8211; pripravljen za vo\u017enjo. Z Li-ion baterijo 1500 mAh, drsno sklopko in togo zadnjo osjo. Sestavni deli iz visoko kakovostnega materiala. Te\u017eka \u0161asija iz vlaknenih plo\u0161\u010d. Aluminijasti amortizerji. Gumijaste pnevmatike, ki so oprijemljive in odporne na obrabo. Ob\u010dutljiv in visokokakovosten 2,4 GHz radijski daljinski [&hellip;]\" \/>\n<meta property=\"og:url\" content=\"https:\/\/www.technic-toys.com\/izdelek\/eagle-3-4wd-112-dune-buggy\/\" \/>\n<meta property=\"og:site_name\" content=\"TECHNIC-TOYS.com\" \/>\n<meta property=\"article:modified_time\" content=\"2024-12-04T18:04:35+00:00\" \/>\n<meta property=\"og:image\" content=\"https:\/\/www.technic-toys.com\/wp-content\/uploads\/2022\/04\/22186.jpg\" \/>\n\t<meta property=\"og:image:width\" content=\"2560\" \/>\n\t<meta property=\"og:image:height\" content=\"1468\" \/>\n\t<meta property=\"og:image:type\" content=\"image\/jpeg\" \/>\n<meta name=\"twitter:card\" content=\"summary_large_image\" \/>\n<meta name=\"twitter:label1\" content=\"Est. reading time\" \/>\n\t<meta name=\"twitter:data1\" content=\"1 minute\" \/>\n<script type=\"application\/ld+json\" class=\"yoast-schema-graph\">{\"@context\":\"https:\/\/schema.org\",\"@graph\":[{\"@type\":\"WebPage\",\"@id\":\"https:\/\/www.technic-toys.com\/izdelek\/eagle-3-4wd-112-dune-buggy\/\",\"url\":\"https:\/\/www.technic-toys.com\/izdelek\/eagle-3-4wd-112-dune-buggy\/\",\"name\":\"Eagle-3 4WD 1:12 Dune Buggy - TECHNIC-TOYS.com\",\"isPartOf\":{\"@id\":\"https:\/\/www.technic-toys.com\/en\/#website\"},\"datePublished\":\"2022-04-08T13:38:32+00:00\",\"dateModified\":\"2024-12-04T18:04:35+00:00\",\"breadcrumb\":{\"@id\":\"https:\/\/www.technic-toys.com\/izdelek\/eagle-3-4wd-112-dune-buggy\/#breadcrumb\"},\"inLanguage\":\"en-US\",\"potentialAction\":[{\"@type\":\"ReadAction\",\"target\":[\"https:\/\/www.technic-toys.com\/izdelek\/eagle-3-4wd-112-dune-buggy\/\"]}]},{\"@type\":\"BreadcrumbList\",\"@id\":\"https:\/\/www.technic-toys.com\/izdelek\/eagle-3-4wd-112-dune-buggy\/#breadcrumb\",\"itemListElement\":[{\"@type\":\"ListItem\",\"position\":1,\"name\":\"Domov\",\"item\":\"https:\/\/www.technic-toys.com\/en\/\"},{\"@type\":\"ListItem\",\"position\":2,\"name\":\"Shop\",\"item\":\"https:\/\/www.technic-toys.com\/en\/shop-2\/\"},{\"@type\":\"ListItem\",\"position\":3,\"name\":\"Eagle-3 4WD 1:12 Dune Buggy\"}]},{\"@type\":\"WebSite\",\"@id\":\"https:\/\/www.technic-toys.com\/en\/#website\",\"url\":\"https:\/\/www.technic-toys.com\/en\/\",\"name\":\"TECHNIC-TOYS.com\",\"description\":\"\",\"potentialAction\":[{\"@type\":\"SearchAction\",\"target\":{\"@type\":\"EntryPoint\",\"urlTemplate\":\"https:\/\/www.technic-toys.com\/en\/?s={search_term_string}\"},\"query-input\":\"required name=search_term_string\"}],\"inLanguage\":\"en-US\"}]}<\/script>\n<!-- \/ Yoast SEO plugin. -->","yoast_head_json":{"title":"Eagle-3 4WD 1:12 Dune Buggy - TECHNIC-TOYS.com","robots":{"index":"index","follow":"follow","max-snippet":"max-snippet:-1","max-image-preview":"max-image-preview:large","max-video-preview":"max-video-preview:-1"},"canonical":"https:\/\/www.technic-toys.com\/izdelek\/eagle-3-4wd-112-dune-buggy\/","og_locale":"en_US","og_type":"article","og_title":"Eagle-3 4WD 1:12 Dune Buggy - TECHNIC-TOYS.com","og_description":"Desert Eagle-2, 4WD Dune Buggy v merilu 1:12. Popolnoma opremljen, RTR &#8211; pripravljen za vo\u017enjo. Z Li-ion baterijo 1500 mAh, drsno sklopko in togo zadnjo osjo. Sestavni deli iz visoko kakovostnega materiala. Te\u017eka \u0161asija iz vlaknenih plo\u0161\u010d. Aluminijasti amortizerji. Gumijaste pnevmatike, ki so oprijemljive in odporne na obrabo. Ob\u010dutljiv in visokokakovosten 2,4 GHz radijski daljinski [&hellip;]","og_url":"https:\/\/www.technic-toys.com\/izdelek\/eagle-3-4wd-112-dune-buggy\/","og_site_name":"TECHNIC-TOYS.com","article_modified_time":"2024-12-04T18:04:35+00:00","og_image":[{"width":2560,"height":1468,"url":"https:\/\/www.technic-toys.com\/wp-content\/uploads\/2022\/04\/22186.jpg","type":"image\/jpeg"}],"twitter_card":"summary_large_image","twitter_misc":{"Est. reading time":"1 minute"},"schema":{"@context":"https:\/\/schema.org","@graph":[{"@type":"WebPage","@id":"https:\/\/www.technic-toys.com\/izdelek\/eagle-3-4wd-112-dune-buggy\/","url":"https:\/\/www.technic-toys.com\/izdelek\/eagle-3-4wd-112-dune-buggy\/","name":"Eagle-3 4WD 1:12 Dune Buggy - TECHNIC-TOYS.com","isPartOf":{"@id":"https:\/\/www.technic-toys.com\/en\/#website"},"datePublished":"2022-04-08T13:38:32+00:00","dateModified":"2024-12-04T18:04:35+00:00","breadcrumb":{"@id":"https:\/\/www.technic-toys.com\/izdelek\/eagle-3-4wd-112-dune-buggy\/#breadcrumb"},"inLanguage":"en-US","potentialAction":[{"@type":"ReadAction","target":["https:\/\/www.technic-toys.com\/izdelek\/eagle-3-4wd-112-dune-buggy\/"]}]},{"@type":"BreadcrumbList","@id":"https:\/\/www.technic-toys.com\/izdelek\/eagle-3-4wd-112-dune-buggy\/#breadcrumb","itemListElement":[{"@type":"ListItem","position":1,"name":"Domov","item":"https:\/\/www.technic-toys.com\/en\/"},{"@type":"ListItem","position":2,"name":"Shop","item":"https:\/\/www.technic-toys.com\/en\/shop-2\/"},{"@type":"ListItem","position":3,"name":"Eagle-3 4WD 1:12 Dune Buggy"}]},{"@type":"WebSite","@id":"https:\/\/www.technic-toys.com\/en\/#website","url":"https:\/\/www.technic-toys.com\/en\/","name":"TECHNIC-TOYS.com","description":"","potentialAction":[{"@type":"SearchAction","target":{"@type":"EntryPoint","urlTemplate":"https:\/\/www.technic-toys.com\/en\/?s={search_term_string}"},"query-input":"required name=search_term_string"}],"inLanguage":"en-US"}]}},"_links":{"self":[{"href":"https:\/\/www.technic-toys.com\/en\/wp-json\/wp\/v2\/product\/11203"}],"collection":[{"href":"https:\/\/www.technic-toys.com\/en\/wp-json\/wp\/v2\/product"}],"about":[{"href":"https:\/\/www.technic-toys.com\/en\/wp-json\/wp\/v2\/types\/product"}],"wp:featuredmedia":[{"embeddable":true,"href":"https:\/\/www.technic-toys.com\/en\/wp-json\/wp\/v2\/media\/11204"}],"wp:attachment":[{"href":"https:\/\/www.technic-toys.com\/en\/wp-json\/wp\/v2\/media?parent=11203"}],"wp:term":[{"taxonomy":"product_cat","embeddable":true,"href":"https:\/\/www.technic-toys.com\/en\/wp-json\/wp\/v2\/product_cat?post=11203"},{"taxonomy":"product_tag","embeddable":true,"href":"https:\/\/www.technic-toys.com\/en\/wp-json\/wp\/v2\/product_tag?post=11203"}],"curies":[{"name":"wp","href":"https:\/\/api.w.org\/{rel}","templated":true}]}}