{"id":11218,"date":"2022-04-08T15:38:32","date_gmt":"2022-04-08T13:38:32","guid":{"rendered":"https:\/\/www.technic-toys.com\/izdelek\/am10sc-v2-brezkrtacni-tovornjak-za-kratke-proge-110-4wd-rtr-rdeca-crna\/"},"modified":"2024-12-04T19:04:36","modified_gmt":"2024-12-04T18:04:36","slug":"am10sc-v2-brezkrtacni-tovornjak-za-kratke-proge-110-4wd-rtr-rdeca-crna","status":"publish","type":"product","link":"https:\/\/www.technic-toys.com\/en\/izdelek\/am10sc-v2-brezkrtacni-tovornjak-za-kratke-proge-110-4wd-rtr-rdeca-crna\/","title":{"rendered":"AM10SC V2 Brezkrta\u010dni tovornjak za kratke proge 1:10, 4WD, RTR rde\u010da\/\u010drna"},"content":{"rendered":"<p>Zahvaljujo\u010d visokokakovostnim komponentam in dobri izdelavi je to vozilo eden na\u0161ih najbolj\u0161ih prodajalcev med avtomobili za kratke vo\u017enje. Je popolnoma opremljen model RTR (Ready-to-Run) v merilu 1:10 &#8211; tovornjak za kratke proge je 100 % zasnoval AMEWI in razvit za zelo produktivno RC izku\u0161njo.<br \/>Ne samo o AM10SC v razli\u010dici V2 ima zanesljiv \u0161tirikolesni pogon 4&#215;4, opremljen pa je tudi z neodvisnim vzmetenjem koles, neodvisnimi kolesnimi vzmeti, visokokakovostnimi krogli\u010dnimi le\u017eaji in enostavno drsnimi tekmovalnimi bla\u017eilniki. Zmogljiv brezkrta\u010dni motor s 3300KV (vrtljaji na volt) v povezavi s 7,4V 3000mAh LiPo baterijo zagotavlja izjemno pospe\u0161evanje in dober oprijem na terenu. Elektronika, odporna na \u0161kropljenje, stabilne CVD pogonske gredi, stabilizatorji na sprednji in zadnji premi, glavni diferencial, odporen proti prahu in brizganju, na le\u017eajih name\u0161\u010deni in utrjeni gonilniki ter kardanska gred skoraj brez igranja omogo\u010dajo poseben u\u017eitek v vo\u017enji na kateri koli povr\u0161ini. Mehka in fleksibilna plastika, pokrov iz trpe\u017enega polikarbonata in dodatna protipra\u0161na za\u0161\u010dita za elektroniko in motor zagotavljajo dolgo \u017eivljenjsko dobo vseh komponent. Zmogljiv baterijski paket s 7,4 V 3000 mAh Lipo 25C je \u017ee vklju\u010den v obseg dobave in se polni s prilo\u017eenim 220 V LiPo Balance Charger (1A polnilni tok). Amortizerski stolpi, oja\u010ditve prenosa in volanski \u010dlenki so izdelani iz visokokakovostnega modro eloksiranega aluminija. Komplet vsebuje visokokakovosten 4-kanalni 2,4GHz daljinski upravljalnik za pi\u0161tolo, ki zagotavlja ob\u010dutljiv in natan\u010den ob\u010dutek upravljanja z dosegom do 150m. Za izbirno osvetlitev ali podobno ponuja oddajnik dva dodatna preklopna kanala, intenzivnost plina\/krmila se lahko prilagaja preko oddajnika (hitrost in kot krmiljenja). Oddajnik ima tudi dva potenciometra za prirezovanje za plin in krmiljenje.<br \/>Poudarki: sestavljeno ohi\u0161je \u2013 za \u0161e ve\u010djo stabilnost Elektronika, odporna na pr\u0161enje \u2013 za vo\u017enjo skozi lu\u017ee in blato Modularna zasnova \u2013 posamezne module je mogo\u010de odstraniti za vzdr\u017eevanje in popravila brez dokon\u010dano Za razstavljanje vozila<br \/>Druge lastnosti: Visokokakovostni aluminijasti deli, kot so mostovi bla\u017eilnikov in CVD pogonske gredi dr\u017eala menjalnika iz visokokakovostne plastike 3300KV brezkrta\u010dni motor 45A brezkrta\u010dni krmilnik, odporen na \u0161kropljenje Za\u0161\u010dita pred prahom za elektroniko 7.4 V 3000mAh 25C LiPo baterija 220V polnilnik 4-kanalni 2,4GHz oddajnik < br \/>Tehni\u010dni podatki: dol\u017eina: 540 mm \u0161irina: 29 mm vi\u0161ina: 185 mm te\u017ea: 2295 g vklju\u010dno z baterijo medosna razdalja: 325 mm sprednja \u0161irina koloteka: 250 mm \u0161irina talnega koloteka: 25 mm : 50 mm sprednja kolesa: zunanji premer\/\u0161irina 105 mm\/42 mm zadnja kolesa: zunanji premer\/\u0161irina 105 mm\/ 42 mm premer plati\u0161\u010da: 62 mm gonilnik koles: 12 mm menjalnik: POM CNC zavora: elektronski krmilnik: br ushless 45A motor: 52x35mm 3300KV pogonski sistem: kardanski krmilni servo: 9kg MG glavni material: plastika maksimalna hitrost: cca 55km\/h \u010das vo\u017enje: 10-15min dimenzije predala za baterije: 135-165x50mm baterija: Li-Po, 4V , 3000mAh, 25C, Trdi kov\u010dek, vti\u010d: Deans \/ T-Plug, Dx\u0160xV: 140x45x22mm, te\u017ea: 184g daljinski upravljalnik: 4-kanalni, razpon 2,4GHz: pribl. br \/>Obseg dobave: AM10SC V2 4&#215;4 4-kanalni daljinski upravljalnik LiPo baterija 220V balansirni polnilnik Pokrov za za\u0161\u010dito pred prahom Podrobna navodila s slikami DE\/EN navodila za krmilnik Razli\u010dna orodja<br \/>Potrebna dodatna oprema: 4x AA baterije za daljinski upravljalnik < br \/><\/p>\n","protected":false},"excerpt":{"rendered":"<p>Zahvaljujo\u010d visokokakovostnim komponentam in dobri izdelavi je to vozilo eden na\u0161ih najbolj\u0161ih prodajalcev med avtomobili za kratke vo\u017enje. Je popolnoma opremljen model RTR (Ready-to-Run) v merilu 1:10 &#8211; tovornjak za kratke proge je 100 % zasnoval AMEWI in razvit za zelo produktivno RC izku\u0161njo.Ne samo o AM10SC v razli\u010dici V2 ima zanesljiv \u0161tirikolesni pogon 4&#215;4, [&hellip;]<\/p>\n","protected":false},"featured_media":11219,"template":"","meta":[],"product_cat":[374,361],"product_tag":[],"acf":[],"yoast_head":"<!-- This site is optimized with the Yoast SEO plugin v21.7 - https:\/\/yoast.com\/wordpress\/plugins\/seo\/ -->\n<title>AM10SC V2 Brezkrta\u010dni tovornjak za kratke proge 1:10, 4WD, RTR rde\u010da\/\u010drna - TECHNIC-TOYS.com<\/title>\n<meta name=\"robots\" content=\"index, follow, max-snippet:-1, max-image-preview:large, max-video-preview:-1\" \/>\n<link rel=\"canonical\" href=\"https:\/\/www.technic-toys.com\/izdelek\/am10sc-v2-brezkrtacni-tovornjak-za-kratke-proge-110-4wd-rtr-rdeca-crna\/\" \/>\n<meta property=\"og:locale\" content=\"en_US\" \/>\n<meta property=\"og:type\" content=\"article\" \/>\n<meta property=\"og:title\" content=\"AM10SC V2 Brezkrta\u010dni tovornjak za kratke proge 1:10, 4WD, RTR rde\u010da\/\u010drna - TECHNIC-TOYS.com\" \/>\n<meta property=\"og:description\" content=\"Zahvaljujo\u010d visokokakovostnim komponentam in dobri izdelavi je to vozilo eden na\u0161ih najbolj\u0161ih prodajalcev med avtomobili za kratke vo\u017enje. Je popolnoma opremljen model RTR (Ready-to-Run) v merilu 1:10 &#8211; tovornjak za kratke proge je 100 % zasnoval AMEWI in razvit za zelo produktivno RC izku\u0161njo.Ne samo o AM10SC v razli\u010dici V2 ima zanesljiv \u0161tirikolesni pogon 4&#215;4, [&hellip;]\" \/>\n<meta property=\"og:url\" content=\"https:\/\/www.technic-toys.com\/izdelek\/am10sc-v2-brezkrtacni-tovornjak-za-kratke-proge-110-4wd-rtr-rdeca-crna\/\" \/>\n<meta property=\"og:site_name\" content=\"TECHNIC-TOYS.com\" \/>\n<meta property=\"article:modified_time\" content=\"2024-12-04T18:04:36+00:00\" \/>\n<meta property=\"og:image\" content=\"https:\/\/www.technic-toys.com\/wp-content\/uploads\/2022\/04\/22192.jpg\" \/>\n\t<meta property=\"og:image:width\" content=\"2560\" \/>\n\t<meta property=\"og:image:height\" content=\"1468\" \/>\n\t<meta property=\"og:image:type\" content=\"image\/jpeg\" \/>\n<meta name=\"twitter:card\" content=\"summary_large_image\" \/>\n<meta name=\"twitter:label1\" content=\"Est. reading time\" \/>\n\t<meta name=\"twitter:data1\" content=\"3 minutes\" \/>\n<script type=\"application\/ld+json\" class=\"yoast-schema-graph\">{\"@context\":\"https:\/\/schema.org\",\"@graph\":[{\"@type\":\"WebPage\",\"@id\":\"https:\/\/www.technic-toys.com\/izdelek\/am10sc-v2-brezkrtacni-tovornjak-za-kratke-proge-110-4wd-rtr-rdeca-crna\/\",\"url\":\"https:\/\/www.technic-toys.com\/izdelek\/am10sc-v2-brezkrtacni-tovornjak-za-kratke-proge-110-4wd-rtr-rdeca-crna\/\",\"name\":\"AM10SC V2 Brezkrta\u010dni tovornjak za kratke proge 1:10, 4WD, RTR rde\u010da\/\u010drna - TECHNIC-TOYS.com\",\"isPartOf\":{\"@id\":\"https:\/\/www.technic-toys.com\/en\/#website\"},\"datePublished\":\"2022-04-08T13:38:32+00:00\",\"dateModified\":\"2024-12-04T18:04:36+00:00\",\"breadcrumb\":{\"@id\":\"https:\/\/www.technic-toys.com\/izdelek\/am10sc-v2-brezkrtacni-tovornjak-za-kratke-proge-110-4wd-rtr-rdeca-crna\/#breadcrumb\"},\"inLanguage\":\"en-US\",\"potentialAction\":[{\"@type\":\"ReadAction\",\"target\":[\"https:\/\/www.technic-toys.com\/izdelek\/am10sc-v2-brezkrtacni-tovornjak-za-kratke-proge-110-4wd-rtr-rdeca-crna\/\"]}]},{\"@type\":\"BreadcrumbList\",\"@id\":\"https:\/\/www.technic-toys.com\/izdelek\/am10sc-v2-brezkrtacni-tovornjak-za-kratke-proge-110-4wd-rtr-rdeca-crna\/#breadcrumb\",\"itemListElement\":[{\"@type\":\"ListItem\",\"position\":1,\"name\":\"Domov\",\"item\":\"https:\/\/www.technic-toys.com\/en\/\"},{\"@type\":\"ListItem\",\"position\":2,\"name\":\"Shop\",\"item\":\"https:\/\/www.technic-toys.com\/en\/shop-2\/\"},{\"@type\":\"ListItem\",\"position\":3,\"name\":\"AM10SC V2 Brezkrta\u010dni tovornjak za kratke proge 1:10, 4WD, RTR rde\u010da\/\u010drna\"}]},{\"@type\":\"WebSite\",\"@id\":\"https:\/\/www.technic-toys.com\/en\/#website\",\"url\":\"https:\/\/www.technic-toys.com\/en\/\",\"name\":\"TECHNIC-TOYS.com\",\"description\":\"\",\"potentialAction\":[{\"@type\":\"SearchAction\",\"target\":{\"@type\":\"EntryPoint\",\"urlTemplate\":\"https:\/\/www.technic-toys.com\/en\/?s={search_term_string}\"},\"query-input\":\"required name=search_term_string\"}],\"inLanguage\":\"en-US\"}]}<\/script>\n<!-- \/ Yoast SEO plugin. -->","yoast_head_json":{"title":"AM10SC V2 Brezkrta\u010dni tovornjak za kratke proge 1:10, 4WD, RTR rde\u010da\/\u010drna - TECHNIC-TOYS.com","robots":{"index":"index","follow":"follow","max-snippet":"max-snippet:-1","max-image-preview":"max-image-preview:large","max-video-preview":"max-video-preview:-1"},"canonical":"https:\/\/www.technic-toys.com\/izdelek\/am10sc-v2-brezkrtacni-tovornjak-za-kratke-proge-110-4wd-rtr-rdeca-crna\/","og_locale":"en_US","og_type":"article","og_title":"AM10SC V2 Brezkrta\u010dni tovornjak za kratke proge 1:10, 4WD, RTR rde\u010da\/\u010drna - TECHNIC-TOYS.com","og_description":"Zahvaljujo\u010d visokokakovostnim komponentam in dobri izdelavi je to vozilo eden na\u0161ih najbolj\u0161ih prodajalcev med avtomobili za kratke vo\u017enje. Je popolnoma opremljen model RTR (Ready-to-Run) v merilu 1:10 &#8211; tovornjak za kratke proge je 100 % zasnoval AMEWI in razvit za zelo produktivno RC izku\u0161njo.Ne samo o AM10SC v razli\u010dici V2 ima zanesljiv \u0161tirikolesni pogon 4&#215;4, [&hellip;]","og_url":"https:\/\/www.technic-toys.com\/izdelek\/am10sc-v2-brezkrtacni-tovornjak-za-kratke-proge-110-4wd-rtr-rdeca-crna\/","og_site_name":"TECHNIC-TOYS.com","article_modified_time":"2024-12-04T18:04:36+00:00","og_image":[{"width":2560,"height":1468,"url":"https:\/\/www.technic-toys.com\/wp-content\/uploads\/2022\/04\/22192.jpg","type":"image\/jpeg"}],"twitter_card":"summary_large_image","twitter_misc":{"Est. reading time":"3 minutes"},"schema":{"@context":"https:\/\/schema.org","@graph":[{"@type":"WebPage","@id":"https:\/\/www.technic-toys.com\/izdelek\/am10sc-v2-brezkrtacni-tovornjak-za-kratke-proge-110-4wd-rtr-rdeca-crna\/","url":"https:\/\/www.technic-toys.com\/izdelek\/am10sc-v2-brezkrtacni-tovornjak-za-kratke-proge-110-4wd-rtr-rdeca-crna\/","name":"AM10SC V2 Brezkrta\u010dni tovornjak za kratke proge 1:10, 4WD, RTR rde\u010da\/\u010drna - TECHNIC-TOYS.com","isPartOf":{"@id":"https:\/\/www.technic-toys.com\/en\/#website"},"datePublished":"2022-04-08T13:38:32+00:00","dateModified":"2024-12-04T18:04:36+00:00","breadcrumb":{"@id":"https:\/\/www.technic-toys.com\/izdelek\/am10sc-v2-brezkrtacni-tovornjak-za-kratke-proge-110-4wd-rtr-rdeca-crna\/#breadcrumb"},"inLanguage":"en-US","potentialAction":[{"@type":"ReadAction","target":["https:\/\/www.technic-toys.com\/izdelek\/am10sc-v2-brezkrtacni-tovornjak-za-kratke-proge-110-4wd-rtr-rdeca-crna\/"]}]},{"@type":"BreadcrumbList","@id":"https:\/\/www.technic-toys.com\/izdelek\/am10sc-v2-brezkrtacni-tovornjak-za-kratke-proge-110-4wd-rtr-rdeca-crna\/#breadcrumb","itemListElement":[{"@type":"ListItem","position":1,"name":"Domov","item":"https:\/\/www.technic-toys.com\/en\/"},{"@type":"ListItem","position":2,"name":"Shop","item":"https:\/\/www.technic-toys.com\/en\/shop-2\/"},{"@type":"ListItem","position":3,"name":"AM10SC V2 Brezkrta\u010dni tovornjak za kratke proge 1:10, 4WD, RTR rde\u010da\/\u010drna"}]},{"@type":"WebSite","@id":"https:\/\/www.technic-toys.com\/en\/#website","url":"https:\/\/www.technic-toys.com\/en\/","name":"TECHNIC-TOYS.com","description":"","potentialAction":[{"@type":"SearchAction","target":{"@type":"EntryPoint","urlTemplate":"https:\/\/www.technic-toys.com\/en\/?s={search_term_string}"},"query-input":"required name=search_term_string"}],"inLanguage":"en-US"}]}},"_links":{"self":[{"href":"https:\/\/www.technic-toys.com\/en\/wp-json\/wp\/v2\/product\/11218"}],"collection":[{"href":"https:\/\/www.technic-toys.com\/en\/wp-json\/wp\/v2\/product"}],"about":[{"href":"https:\/\/www.technic-toys.com\/en\/wp-json\/wp\/v2\/types\/product"}],"wp:featuredmedia":[{"embeddable":true,"href":"https:\/\/www.technic-toys.com\/en\/wp-json\/wp\/v2\/media\/11219"}],"wp:attachment":[{"href":"https:\/\/www.technic-toys.com\/en\/wp-json\/wp\/v2\/media?parent=11218"}],"wp:term":[{"taxonomy":"product_cat","embeddable":true,"href":"https:\/\/www.technic-toys.com\/en\/wp-json\/wp\/v2\/product_cat?post=11218"},{"taxonomy":"product_tag","embeddable":true,"href":"https:\/\/www.technic-toys.com\/en\/wp-json\/wp\/v2\/product_tag?post=11218"}],"curies":[{"name":"wp","href":"https:\/\/api.w.org\/{rel}","templated":true}]}}