{"id":11461,"date":"2022-04-08T15:46:28","date_gmt":"2022-04-08T13:46:28","guid":{"rendered":"https:\/\/www.technic-toys.com\/izdelek\/x-king-pro-4wd-brezkrtacni-tovornjak-112-rtr-24-ghz\/"},"modified":"2024-12-04T19:04:32","modified_gmt":"2024-12-04T18:04:32","slug":"x-king-pro-4wd-brezkrtacni-tovornjak-112-rtr-24-ghz","status":"publish","type":"product","link":"https:\/\/www.technic-toys.com\/en\/izdelek\/x-king-pro-4wd-brezkrtacni-tovornjak-112-rtr-24-ghz\/","title":{"rendered":"X-King PRO 4WD brezkrta\u010dni tovornjak 1:12, RTR, 2,4 GHz"},"content":{"rendered":"<p>X-King PRO, 4WD RTR monster tovornjak v merilu 1\/12. Popolnoma opremljen, RTR &#8211; pripravljen za vo\u017enjo. Z 1500mAh25C LI-PO baterijo, drsno sklopko in togo zadnjo osjo. Sestavni deli iz visokokakovostnih materialov, ohi\u0161je iz robustnih vlaknenih plo\u0161\u010d. Aluminijasti bla\u017eilniki Ne glede na to, ali gre za zabavi\u0161\u010dni park, steze ali visoke skoke &#8211; X-King je pripravljen na radikalne akcije. Toga os zadaj, ultra vzmetenje zagotavlja maksimalno mobilnost na terenu. 1500 mAh LI-PO baterija zagotavlja dolgo vo\u017enjo \u010das, najve\u010dja mo\u010d in zanesljivost delovanja Nedrse\u010de in proti obrabi gumijaste pnevmatike. Ob\u010dutljiv in kakovosten radijski daljinski upravljalnik 2,4 GHz. Tehni\u010dni podatki: Dimenzije (Dx\u0160xV): 406 x 225 x 185 mm2,4 GHz radijski daljinski upravljalnik, preklop desno\/levo Medosna razdalja: 246 mm \u0160irina osi: 190 mm Baterija: 1500 mAh 25 C PO odmik od tal: 50 mm Pnevmatike: 48 x 18 x 63 R50 &#8211; visoka hitrost Te\u017ea: 1400 g vklju\u010dno z baterijo Motor: 2838 4500kv brezkrta\u010dni motorESC: 35A brezkrta\u010dni, odporen proti \u0161kropljenju Obseg dobave: X-King RC car 2,4 GHz daljinski upravljalnik 2,4 GHz, polnilni klju\u010d za polnjenje navodila za uporabo (nem\u0161\u010dina\/angle\u0161\u010dina) 1500 mAh Li-Po baterija Opomba: Za daljinski upravljalnik so potrebne 4 x 1,5 V AA Mignon baterije. Razli\u010dne barve, odvisno od razpolo\u017eljivosti. modra\/\u010drna \/\/ zelena\/\u010drna \/\/ rde\u010da\/\u010drna<\/p>\n","protected":false},"excerpt":{"rendered":"<p>X-King PRO, 4WD RTR monster tovornjak v merilu 1\/12. Popolnoma opremljen, RTR &#8211; pripravljen za vo\u017enjo. Z 1500mAh25C LI-PO baterijo, drsno sklopko in togo zadnjo osjo. Sestavni deli iz visokokakovostnih materialov, ohi\u0161je iz robustnih vlaknenih plo\u0161\u010d. Aluminijasti bla\u017eilniki Ne glede na to, ali gre za zabavi\u0161\u010dni park, steze ali visoke skoke &#8211; X-King je pripravljen [&hellip;]<\/p>\n","protected":false},"featured_media":11462,"template":"","meta":[],"product_cat":[374,361],"product_tag":[],"acf":[],"yoast_head":"<!-- This site is optimized with the Yoast SEO plugin v21.7 - https:\/\/yoast.com\/wordpress\/plugins\/seo\/ -->\n<title>X-King PRO 4WD brezkrta\u010dni tovornjak 1:12, RTR, 2,4 GHz - TECHNIC-TOYS.com<\/title>\n<meta name=\"robots\" content=\"index, follow, max-snippet:-1, max-image-preview:large, max-video-preview:-1\" \/>\n<link rel=\"canonical\" href=\"https:\/\/www.technic-toys.com\/izdelek\/x-king-pro-4wd-brezkrtacni-tovornjak-112-rtr-24-ghz\/\" \/>\n<meta property=\"og:locale\" content=\"en_US\" \/>\n<meta property=\"og:type\" content=\"article\" \/>\n<meta property=\"og:title\" content=\"X-King PRO 4WD brezkrta\u010dni tovornjak 1:12, RTR, 2,4 GHz - TECHNIC-TOYS.com\" \/>\n<meta property=\"og:description\" content=\"X-King PRO, 4WD RTR monster tovornjak v merilu 1\/12. Popolnoma opremljen, RTR &#8211; pripravljen za vo\u017enjo. Z 1500mAh25C LI-PO baterijo, drsno sklopko in togo zadnjo osjo. Sestavni deli iz visokokakovostnih materialov, ohi\u0161je iz robustnih vlaknenih plo\u0161\u010d. Aluminijasti bla\u017eilniki Ne glede na to, ali gre za zabavi\u0161\u010dni park, steze ali visoke skoke &#8211; X-King je pripravljen [&hellip;]\" \/>\n<meta property=\"og:url\" content=\"https:\/\/www.technic-toys.com\/izdelek\/x-king-pro-4wd-brezkrtacni-tovornjak-112-rtr-24-ghz\/\" \/>\n<meta property=\"og:site_name\" content=\"TECHNIC-TOYS.com\" \/>\n<meta property=\"article:modified_time\" content=\"2024-12-04T18:04:32+00:00\" \/>\n<meta property=\"og:image\" content=\"https:\/\/www.technic-toys.com\/wp-content\/uploads\/2022\/04\/22242.jpg\" \/>\n\t<meta property=\"og:image:width\" content=\"2560\" \/>\n\t<meta property=\"og:image:height\" content=\"1468\" \/>\n\t<meta property=\"og:image:type\" content=\"image\/jpeg\" \/>\n<meta name=\"twitter:card\" content=\"summary_large_image\" \/>\n<meta name=\"twitter:label1\" content=\"Est. reading time\" \/>\n\t<meta name=\"twitter:data1\" content=\"1 minute\" \/>\n<script type=\"application\/ld+json\" class=\"yoast-schema-graph\">{\"@context\":\"https:\/\/schema.org\",\"@graph\":[{\"@type\":\"WebPage\",\"@id\":\"https:\/\/www.technic-toys.com\/izdelek\/x-king-pro-4wd-brezkrtacni-tovornjak-112-rtr-24-ghz\/\",\"url\":\"https:\/\/www.technic-toys.com\/izdelek\/x-king-pro-4wd-brezkrtacni-tovornjak-112-rtr-24-ghz\/\",\"name\":\"X-King PRO 4WD brezkrta\u010dni tovornjak 1:12, RTR, 2,4 GHz - TECHNIC-TOYS.com\",\"isPartOf\":{\"@id\":\"https:\/\/www.technic-toys.com\/en\/#website\"},\"datePublished\":\"2022-04-08T13:46:28+00:00\",\"dateModified\":\"2024-12-04T18:04:32+00:00\",\"breadcrumb\":{\"@id\":\"https:\/\/www.technic-toys.com\/izdelek\/x-king-pro-4wd-brezkrtacni-tovornjak-112-rtr-24-ghz\/#breadcrumb\"},\"inLanguage\":\"en-US\",\"potentialAction\":[{\"@type\":\"ReadAction\",\"target\":[\"https:\/\/www.technic-toys.com\/izdelek\/x-king-pro-4wd-brezkrtacni-tovornjak-112-rtr-24-ghz\/\"]}]},{\"@type\":\"BreadcrumbList\",\"@id\":\"https:\/\/www.technic-toys.com\/izdelek\/x-king-pro-4wd-brezkrtacni-tovornjak-112-rtr-24-ghz\/#breadcrumb\",\"itemListElement\":[{\"@type\":\"ListItem\",\"position\":1,\"name\":\"Domov\",\"item\":\"https:\/\/www.technic-toys.com\/en\/\"},{\"@type\":\"ListItem\",\"position\":2,\"name\":\"Shop\",\"item\":\"https:\/\/www.technic-toys.com\/en\/shop-2\/\"},{\"@type\":\"ListItem\",\"position\":3,\"name\":\"X-King PRO 4WD brezkrta\u010dni tovornjak 1:12, RTR, 2,4 GHz\"}]},{\"@type\":\"WebSite\",\"@id\":\"https:\/\/www.technic-toys.com\/en\/#website\",\"url\":\"https:\/\/www.technic-toys.com\/en\/\",\"name\":\"TECHNIC-TOYS.com\",\"description\":\"\",\"potentialAction\":[{\"@type\":\"SearchAction\",\"target\":{\"@type\":\"EntryPoint\",\"urlTemplate\":\"https:\/\/www.technic-toys.com\/en\/?s={search_term_string}\"},\"query-input\":\"required name=search_term_string\"}],\"inLanguage\":\"en-US\"}]}<\/script>\n<!-- \/ Yoast SEO plugin. -->","yoast_head_json":{"title":"X-King PRO 4WD brezkrta\u010dni tovornjak 1:12, RTR, 2,4 GHz - TECHNIC-TOYS.com","robots":{"index":"index","follow":"follow","max-snippet":"max-snippet:-1","max-image-preview":"max-image-preview:large","max-video-preview":"max-video-preview:-1"},"canonical":"https:\/\/www.technic-toys.com\/izdelek\/x-king-pro-4wd-brezkrtacni-tovornjak-112-rtr-24-ghz\/","og_locale":"en_US","og_type":"article","og_title":"X-King PRO 4WD brezkrta\u010dni tovornjak 1:12, RTR, 2,4 GHz - TECHNIC-TOYS.com","og_description":"X-King PRO, 4WD RTR monster tovornjak v merilu 1\/12. Popolnoma opremljen, RTR &#8211; pripravljen za vo\u017enjo. Z 1500mAh25C LI-PO baterijo, drsno sklopko in togo zadnjo osjo. Sestavni deli iz visokokakovostnih materialov, ohi\u0161je iz robustnih vlaknenih plo\u0161\u010d. Aluminijasti bla\u017eilniki Ne glede na to, ali gre za zabavi\u0161\u010dni park, steze ali visoke skoke &#8211; X-King je pripravljen [&hellip;]","og_url":"https:\/\/www.technic-toys.com\/izdelek\/x-king-pro-4wd-brezkrtacni-tovornjak-112-rtr-24-ghz\/","og_site_name":"TECHNIC-TOYS.com","article_modified_time":"2024-12-04T18:04:32+00:00","og_image":[{"width":2560,"height":1468,"url":"https:\/\/www.technic-toys.com\/wp-content\/uploads\/2022\/04\/22242.jpg","type":"image\/jpeg"}],"twitter_card":"summary_large_image","twitter_misc":{"Est. reading time":"1 minute"},"schema":{"@context":"https:\/\/schema.org","@graph":[{"@type":"WebPage","@id":"https:\/\/www.technic-toys.com\/izdelek\/x-king-pro-4wd-brezkrtacni-tovornjak-112-rtr-24-ghz\/","url":"https:\/\/www.technic-toys.com\/izdelek\/x-king-pro-4wd-brezkrtacni-tovornjak-112-rtr-24-ghz\/","name":"X-King PRO 4WD brezkrta\u010dni tovornjak 1:12, RTR, 2,4 GHz - TECHNIC-TOYS.com","isPartOf":{"@id":"https:\/\/www.technic-toys.com\/en\/#website"},"datePublished":"2022-04-08T13:46:28+00:00","dateModified":"2024-12-04T18:04:32+00:00","breadcrumb":{"@id":"https:\/\/www.technic-toys.com\/izdelek\/x-king-pro-4wd-brezkrtacni-tovornjak-112-rtr-24-ghz\/#breadcrumb"},"inLanguage":"en-US","potentialAction":[{"@type":"ReadAction","target":["https:\/\/www.technic-toys.com\/izdelek\/x-king-pro-4wd-brezkrtacni-tovornjak-112-rtr-24-ghz\/"]}]},{"@type":"BreadcrumbList","@id":"https:\/\/www.technic-toys.com\/izdelek\/x-king-pro-4wd-brezkrtacni-tovornjak-112-rtr-24-ghz\/#breadcrumb","itemListElement":[{"@type":"ListItem","position":1,"name":"Domov","item":"https:\/\/www.technic-toys.com\/en\/"},{"@type":"ListItem","position":2,"name":"Shop","item":"https:\/\/www.technic-toys.com\/en\/shop-2\/"},{"@type":"ListItem","position":3,"name":"X-King PRO 4WD brezkrta\u010dni tovornjak 1:12, RTR, 2,4 GHz"}]},{"@type":"WebSite","@id":"https:\/\/www.technic-toys.com\/en\/#website","url":"https:\/\/www.technic-toys.com\/en\/","name":"TECHNIC-TOYS.com","description":"","potentialAction":[{"@type":"SearchAction","target":{"@type":"EntryPoint","urlTemplate":"https:\/\/www.technic-toys.com\/en\/?s={search_term_string}"},"query-input":"required name=search_term_string"}],"inLanguage":"en-US"}]}},"_links":{"self":[{"href":"https:\/\/www.technic-toys.com\/en\/wp-json\/wp\/v2\/product\/11461"}],"collection":[{"href":"https:\/\/www.technic-toys.com\/en\/wp-json\/wp\/v2\/product"}],"about":[{"href":"https:\/\/www.technic-toys.com\/en\/wp-json\/wp\/v2\/types\/product"}],"wp:featuredmedia":[{"embeddable":true,"href":"https:\/\/www.technic-toys.com\/en\/wp-json\/wp\/v2\/media\/11462"}],"wp:attachment":[{"href":"https:\/\/www.technic-toys.com\/en\/wp-json\/wp\/v2\/media?parent=11461"}],"wp:term":[{"taxonomy":"product_cat","embeddable":true,"href":"https:\/\/www.technic-toys.com\/en\/wp-json\/wp\/v2\/product_cat?post=11461"},{"taxonomy":"product_tag","embeddable":true,"href":"https:\/\/www.technic-toys.com\/en\/wp-json\/wp\/v2\/product_tag?post=11461"}],"curies":[{"name":"wp","href":"https:\/\/api.w.org\/{rel}","templated":true}]}}