{"id":11499,"date":"2022-04-08T15:53:46","date_gmt":"2022-04-08T13:53:46","guid":{"rendered":"https:\/\/www.technic-toys.com\/izdelek\/evo-x-6000-buggy-brezkrtacni-110-4wd-rtr-modra\/"},"modified":"2024-12-04T19:04:29","modified_gmt":"2024-12-04T18:04:29","slug":"evo-x-6000-buggy-brezkrtacni-110-4wd-rtr-modra","status":"publish","type":"product","link":"https:\/\/www.technic-toys.com\/en\/izdelek\/evo-x-6000-buggy-brezkrtacni-110-4wd-rtr-modra\/","title":{"rendered":"EVO-X 6000 Buggy brezkrta\u010dni 1:10 4WD RTR modra"},"content":{"rendered":"<p>EVO X 6000 BL Buggy &#8211; modra Stabilna &#8211; hitra &#8211; in edinstven koncept. Nova evolucija v sektorju vozi\u010dkov! Sredinska razporeditev podvozja motorja z brezkrta\u010dnim pogonom 6000KV 60A zagotavlja surovi pogon s popolno ravnote\u017eje skoka na stezi. Aluminijasta osnovna plo\u0161\u010da, masivni diferenciali in sredinski diferencial iz CNC rezkanega in toplotno odpornega CNC POM poudarjajo vrhunsko raven tega vozila. EVO X je opremljen s popolnoma programabilnim ra\u010dunalni\u0161kim daljinskim upravljalnikom, ki ima vse potrebne nastavitve programiranja. Kot baterija se uporablja 2-celi\u010dni Lipo paket s 4000 mAh, tako da je \u010das vo\u017enje ve\u010d kot zadosten. Prilo\u017een samodejni polnilnik 1 A v kratkem \u010dasu ponovno popolnoma napolni baterijo. Pakete palic do 7500 mAh lahko brez te\u017eav uporabljate v vozilu. Evo X raste z vami: \u010de nimate dovolj mo\u010di, lahko EVO X nadgradite v vozilo, primerno za tekmovanja. Tukaj lahko uporabite tudi pakete za kratke hla\u010de itd. Ta koncept je zaenkrat edinstven!<br \/>Tehni\u010dni podatki: Dol\u017eina: 375 mm \u0160irina: 246 mm Vi\u0161ina: 151 mm Te\u017ea: 1.940 g (pripravljen za vo\u017enjo, vklju\u010dno z baterijo) Medosna razdalja: 290 mm Velikost pnevmatik: 42 x 85 mm Prenos: Sredinski diferencial Prestavno razmerje: 1:7,85 Zavora: elektronski krmilnik: 60A motor: 540 6000KV pogonski sistem: kardan glavni material: plasti\u010dna baterija: LiPo 2S 7,4V 4000mAh 25C trdi ohi\u0161je, T-plug daljinski upravljalnik: 2-kanalni 2,4GHz polnilec: LiPo 1A<br >Obseg dobave: buggy LiPo polnilec baterij Daljinski upravljalnik 2,4GHz Klju\u010d za namestitev<br \/>Potrebna dodatna oprema: 4x AA mignon baterije za daljinski upravljalnik<\/p>\n","protected":false},"excerpt":{"rendered":"<p>6000KV 60A combo<\/p>\n","protected":false},"featured_media":11500,"template":"","meta":[],"product_cat":[374,361],"product_tag":[],"acf":[],"yoast_head":"<!-- This site is optimized with the Yoast SEO plugin v21.7 - https:\/\/yoast.com\/wordpress\/plugins\/seo\/ -->\n<title>EVO-X 6000 Buggy brezkrta\u010dni 1:10 4WD RTR modra - TECHNIC-TOYS.com<\/title>\n<meta name=\"robots\" content=\"index, follow, max-snippet:-1, max-image-preview:large, max-video-preview:-1\" \/>\n<link rel=\"canonical\" href=\"https:\/\/www.technic-toys.com\/izdelek\/evo-x-6000-buggy-brezkrtacni-110-4wd-rtr-modra\/\" \/>\n<meta property=\"og:locale\" content=\"en_US\" \/>\n<meta property=\"og:type\" content=\"article\" \/>\n<meta property=\"og:title\" content=\"EVO-X 6000 Buggy brezkrta\u010dni 1:10 4WD RTR modra - TECHNIC-TOYS.com\" \/>\n<meta property=\"og:description\" content=\"6000KV 60A combo\" \/>\n<meta property=\"og:url\" content=\"https:\/\/www.technic-toys.com\/izdelek\/evo-x-6000-buggy-brezkrtacni-110-4wd-rtr-modra\/\" \/>\n<meta property=\"og:site_name\" content=\"TECHNIC-TOYS.com\" \/>\n<meta property=\"article:modified_time\" content=\"2024-12-04T18:04:29+00:00\" \/>\n<meta property=\"og:image\" content=\"https:\/\/www.technic-toys.com\/wp-content\/uploads\/2022\/04\/22254.jpg\" \/>\n\t<meta property=\"og:image:width\" content=\"2560\" \/>\n\t<meta property=\"og:image:height\" content=\"1468\" \/>\n\t<meta property=\"og:image:type\" content=\"image\/jpeg\" \/>\n<meta name=\"twitter:card\" content=\"summary_large_image\" \/>\n<meta name=\"twitter:label1\" content=\"Est. reading time\" \/>\n\t<meta name=\"twitter:data1\" content=\"1 minute\" \/>\n<script type=\"application\/ld+json\" class=\"yoast-schema-graph\">{\"@context\":\"https:\/\/schema.org\",\"@graph\":[{\"@type\":\"WebPage\",\"@id\":\"https:\/\/www.technic-toys.com\/izdelek\/evo-x-6000-buggy-brezkrtacni-110-4wd-rtr-modra\/\",\"url\":\"https:\/\/www.technic-toys.com\/izdelek\/evo-x-6000-buggy-brezkrtacni-110-4wd-rtr-modra\/\",\"name\":\"EVO-X 6000 Buggy brezkrta\u010dni 1:10 4WD RTR modra - TECHNIC-TOYS.com\",\"isPartOf\":{\"@id\":\"https:\/\/www.technic-toys.com\/en\/#website\"},\"datePublished\":\"2022-04-08T13:53:46+00:00\",\"dateModified\":\"2024-12-04T18:04:29+00:00\",\"breadcrumb\":{\"@id\":\"https:\/\/www.technic-toys.com\/izdelek\/evo-x-6000-buggy-brezkrtacni-110-4wd-rtr-modra\/#breadcrumb\"},\"inLanguage\":\"en-US\",\"potentialAction\":[{\"@type\":\"ReadAction\",\"target\":[\"https:\/\/www.technic-toys.com\/izdelek\/evo-x-6000-buggy-brezkrtacni-110-4wd-rtr-modra\/\"]}]},{\"@type\":\"BreadcrumbList\",\"@id\":\"https:\/\/www.technic-toys.com\/izdelek\/evo-x-6000-buggy-brezkrtacni-110-4wd-rtr-modra\/#breadcrumb\",\"itemListElement\":[{\"@type\":\"ListItem\",\"position\":1,\"name\":\"Domov\",\"item\":\"https:\/\/www.technic-toys.com\/en\/\"},{\"@type\":\"ListItem\",\"position\":2,\"name\":\"Shop\",\"item\":\"https:\/\/www.technic-toys.com\/en\/shop-2\/\"},{\"@type\":\"ListItem\",\"position\":3,\"name\":\"EVO-X 6000 Buggy brezkrta\u010dni 1:10 4WD RTR modra\"}]},{\"@type\":\"WebSite\",\"@id\":\"https:\/\/www.technic-toys.com\/en\/#website\",\"url\":\"https:\/\/www.technic-toys.com\/en\/\",\"name\":\"TECHNIC-TOYS.com\",\"description\":\"\",\"potentialAction\":[{\"@type\":\"SearchAction\",\"target\":{\"@type\":\"EntryPoint\",\"urlTemplate\":\"https:\/\/www.technic-toys.com\/en\/?s={search_term_string}\"},\"query-input\":\"required name=search_term_string\"}],\"inLanguage\":\"en-US\"}]}<\/script>\n<!-- \/ Yoast SEO plugin. -->","yoast_head_json":{"title":"EVO-X 6000 Buggy brezkrta\u010dni 1:10 4WD RTR modra - TECHNIC-TOYS.com","robots":{"index":"index","follow":"follow","max-snippet":"max-snippet:-1","max-image-preview":"max-image-preview:large","max-video-preview":"max-video-preview:-1"},"canonical":"https:\/\/www.technic-toys.com\/izdelek\/evo-x-6000-buggy-brezkrtacni-110-4wd-rtr-modra\/","og_locale":"en_US","og_type":"article","og_title":"EVO-X 6000 Buggy brezkrta\u010dni 1:10 4WD RTR modra - TECHNIC-TOYS.com","og_description":"6000KV 60A combo","og_url":"https:\/\/www.technic-toys.com\/izdelek\/evo-x-6000-buggy-brezkrtacni-110-4wd-rtr-modra\/","og_site_name":"TECHNIC-TOYS.com","article_modified_time":"2024-12-04T18:04:29+00:00","og_image":[{"width":2560,"height":1468,"url":"https:\/\/www.technic-toys.com\/wp-content\/uploads\/2022\/04\/22254.jpg","type":"image\/jpeg"}],"twitter_card":"summary_large_image","twitter_misc":{"Est. reading time":"1 minute"},"schema":{"@context":"https:\/\/schema.org","@graph":[{"@type":"WebPage","@id":"https:\/\/www.technic-toys.com\/izdelek\/evo-x-6000-buggy-brezkrtacni-110-4wd-rtr-modra\/","url":"https:\/\/www.technic-toys.com\/izdelek\/evo-x-6000-buggy-brezkrtacni-110-4wd-rtr-modra\/","name":"EVO-X 6000 Buggy brezkrta\u010dni 1:10 4WD RTR modra - TECHNIC-TOYS.com","isPartOf":{"@id":"https:\/\/www.technic-toys.com\/en\/#website"},"datePublished":"2022-04-08T13:53:46+00:00","dateModified":"2024-12-04T18:04:29+00:00","breadcrumb":{"@id":"https:\/\/www.technic-toys.com\/izdelek\/evo-x-6000-buggy-brezkrtacni-110-4wd-rtr-modra\/#breadcrumb"},"inLanguage":"en-US","potentialAction":[{"@type":"ReadAction","target":["https:\/\/www.technic-toys.com\/izdelek\/evo-x-6000-buggy-brezkrtacni-110-4wd-rtr-modra\/"]}]},{"@type":"BreadcrumbList","@id":"https:\/\/www.technic-toys.com\/izdelek\/evo-x-6000-buggy-brezkrtacni-110-4wd-rtr-modra\/#breadcrumb","itemListElement":[{"@type":"ListItem","position":1,"name":"Domov","item":"https:\/\/www.technic-toys.com\/en\/"},{"@type":"ListItem","position":2,"name":"Shop","item":"https:\/\/www.technic-toys.com\/en\/shop-2\/"},{"@type":"ListItem","position":3,"name":"EVO-X 6000 Buggy brezkrta\u010dni 1:10 4WD RTR modra"}]},{"@type":"WebSite","@id":"https:\/\/www.technic-toys.com\/en\/#website","url":"https:\/\/www.technic-toys.com\/en\/","name":"TECHNIC-TOYS.com","description":"","potentialAction":[{"@type":"SearchAction","target":{"@type":"EntryPoint","urlTemplate":"https:\/\/www.technic-toys.com\/en\/?s={search_term_string}"},"query-input":"required name=search_term_string"}],"inLanguage":"en-US"}]}},"_links":{"self":[{"href":"https:\/\/www.technic-toys.com\/en\/wp-json\/wp\/v2\/product\/11499"}],"collection":[{"href":"https:\/\/www.technic-toys.com\/en\/wp-json\/wp\/v2\/product"}],"about":[{"href":"https:\/\/www.technic-toys.com\/en\/wp-json\/wp\/v2\/types\/product"}],"wp:featuredmedia":[{"embeddable":true,"href":"https:\/\/www.technic-toys.com\/en\/wp-json\/wp\/v2\/media\/11500"}],"wp:attachment":[{"href":"https:\/\/www.technic-toys.com\/en\/wp-json\/wp\/v2\/media?parent=11499"}],"wp:term":[{"taxonomy":"product_cat","embeddable":true,"href":"https:\/\/www.technic-toys.com\/en\/wp-json\/wp\/v2\/product_cat?post=11499"},{"taxonomy":"product_tag","embeddable":true,"href":"https:\/\/www.technic-toys.com\/en\/wp-json\/wp\/v2\/product_tag?post=11499"}],"curies":[{"name":"wp","href":"https:\/\/api.w.org\/{rel}","templated":true}]}}