{"id":11510,"date":"2022-04-08T15:53:46","date_gmt":"2022-04-08T13:53:46","guid":{"rendered":"https:\/\/www.technic-toys.com\/izdelek\/am6-thunderstorm-monster-truck-1-6-rtr-amx-racing\/"},"modified":"2024-12-04T19:04:30","modified_gmt":"2024-12-04T18:04:30","slug":"am6-thunderstorm-monster-truck-1-6-rtr-amx-racing","status":"publish","type":"product","link":"https:\/\/www.technic-toys.com\/en\/izdelek\/am6-thunderstorm-monster-truck-1-6-rtr-amx-racing\/","title":{"rendered":"AM6 Thunderstorm Monster Truck 1\/6 RTR AMX Racing"},"content":{"rendered":"<p>Po\u0161astni tovornjak Thunderstorm 1:6 postavlja nove standarde v svojem razredu glede cene\/zmogljivosti in prepri\u010da z visokokakovostno izdelavo v kombinaciji z nebrzdano mo\u010djo.Ta model \u017ee s 4S \/ 14,8V dosega izjemne hitrosti. Zahvaljujo\u010d visokokakovostni in natan\u010dni opremi je vedno popolnoma nadzorovan, tako na grobem terenu kot na ulici! Pnevmatike za vse terene vedno zagotavljajo zadosten oprijem in zagotavljajo odli\u010dno vozno izku\u0161njo! Zahvaljujo\u010d pogonu 4WD se ta po\u0161ast po\u010duti udobno na kateri koli povr\u0161ini, zaradi vodo za\u0161\u010ditene zasnove pa blato, \u0161kropiva in umazanija niso problem. Ohi\u0161je in udarni stolpi so izdelani iz kovine. Thunderstorm je dobavljen kot paket RTR, ki vklju\u010duje 2x 2S 7.4V 3900mAh LiPo baterije z vti\u010di XT90 in polnilnikom 6A\/50W Lastnosti: Aluminijasta plo\u0161\u010da \u0161asije Aluminijasta udarna gred C sprednji in ponovni pogon spredaj Metal gear servo z 20,32 kg\/cm sila aluminijasta servo roka nastavljiva bla\u017eilnik tlaka olja nastavljiva \u0161asija 2,4 GHz GT2 oddajnik 2 x 2S 7,4 V 3900 mAh LiPo baterije polnilec 6 A \/ 50 W tehni\u010dni podatki: motor: 142074 brush baterija: 2 x 7,4 V 3900 mAh 50 C XT90 krmilnik: Hobbywing WP Max8 150 A polnilec: J2,6 A \/ kg XT90 50WServo1 \/ kg \/ 6VLxWxH: 620x480x320mmTe\u017ea:4Groundlessness:4Groundscope 5.6mmW. dobave: Monstertruck ThunderstormSender GT2 2.4GHzLiPo polnilnik 220V 6A\/50W2 x LiPo baterija 3900mAh 7.4V 50CNavodila nem\u0161ko \/ angle\u0161ko<\/p>\n","protected":false},"excerpt":{"rendered":"<p>Po\u0161astni tovornjak Thunderstorm 1:6 postavlja nove standarde v svojem razredu glede cene\/zmogljivosti in prepri\u010da z visokokakovostno izdelavo v kombinaciji z nebrzdano mo\u010djo.Ta model \u017ee s 4S \/ 14,8V dosega izjemne hitrosti. Zahvaljujo\u010d visokokakovostni in natan\u010dni opremi je vedno popolnoma nadzorovan, tako na grobem terenu kot na ulici! Pnevmatike za vse terene vedno zagotavljajo zadosten oprijem [&hellip;]<\/p>\n","protected":false},"featured_media":11511,"template":"","meta":[],"product_cat":[374,361],"product_tag":[],"acf":[],"yoast_head":"<!-- This site is optimized with the Yoast SEO plugin v21.7 - https:\/\/yoast.com\/wordpress\/plugins\/seo\/ -->\n<title>AM6 Thunderstorm Monster Truck 1\/6 RTR AMX Racing - TECHNIC-TOYS.com<\/title>\n<meta name=\"robots\" content=\"index, follow, max-snippet:-1, max-image-preview:large, max-video-preview:-1\" \/>\n<link rel=\"canonical\" href=\"https:\/\/www.technic-toys.com\/izdelek\/am6-thunderstorm-monster-truck-1-6-rtr-amx-racing\/\" \/>\n<meta property=\"og:locale\" content=\"en_US\" \/>\n<meta property=\"og:type\" content=\"article\" \/>\n<meta property=\"og:title\" content=\"AM6 Thunderstorm Monster Truck 1\/6 RTR AMX Racing - TECHNIC-TOYS.com\" \/>\n<meta property=\"og:description\" content=\"Po\u0161astni tovornjak Thunderstorm 1:6 postavlja nove standarde v svojem razredu glede cene\/zmogljivosti in prepri\u010da z visokokakovostno izdelavo v kombinaciji z nebrzdano mo\u010djo.Ta model \u017ee s 4S \/ 14,8V dosega izjemne hitrosti. Zahvaljujo\u010d visokokakovostni in natan\u010dni opremi je vedno popolnoma nadzorovan, tako na grobem terenu kot na ulici! Pnevmatike za vse terene vedno zagotavljajo zadosten oprijem [&hellip;]\" \/>\n<meta property=\"og:url\" content=\"https:\/\/www.technic-toys.com\/izdelek\/am6-thunderstorm-monster-truck-1-6-rtr-amx-racing\/\" \/>\n<meta property=\"og:site_name\" content=\"TECHNIC-TOYS.com\" \/>\n<meta property=\"article:modified_time\" content=\"2024-12-04T18:04:30+00:00\" \/>\n<meta property=\"og:image\" content=\"https:\/\/www.technic-toys.com\/wp-content\/uploads\/2022\/04\/22259.jpg\" \/>\n\t<meta property=\"og:image:width\" content=\"2560\" \/>\n\t<meta property=\"og:image:height\" content=\"1468\" \/>\n\t<meta property=\"og:image:type\" content=\"image\/jpeg\" \/>\n<meta name=\"twitter:card\" content=\"summary_large_image\" \/>\n<meta name=\"twitter:label1\" content=\"Est. reading time\" \/>\n\t<meta name=\"twitter:data1\" content=\"1 minute\" \/>\n<script type=\"application\/ld+json\" class=\"yoast-schema-graph\">{\"@context\":\"https:\/\/schema.org\",\"@graph\":[{\"@type\":\"WebPage\",\"@id\":\"https:\/\/www.technic-toys.com\/izdelek\/am6-thunderstorm-monster-truck-1-6-rtr-amx-racing\/\",\"url\":\"https:\/\/www.technic-toys.com\/izdelek\/am6-thunderstorm-monster-truck-1-6-rtr-amx-racing\/\",\"name\":\"AM6 Thunderstorm Monster Truck 1\/6 RTR AMX Racing - TECHNIC-TOYS.com\",\"isPartOf\":{\"@id\":\"https:\/\/www.technic-toys.com\/en\/#website\"},\"datePublished\":\"2022-04-08T13:53:46+00:00\",\"dateModified\":\"2024-12-04T18:04:30+00:00\",\"breadcrumb\":{\"@id\":\"https:\/\/www.technic-toys.com\/izdelek\/am6-thunderstorm-monster-truck-1-6-rtr-amx-racing\/#breadcrumb\"},\"inLanguage\":\"en-US\",\"potentialAction\":[{\"@type\":\"ReadAction\",\"target\":[\"https:\/\/www.technic-toys.com\/izdelek\/am6-thunderstorm-monster-truck-1-6-rtr-amx-racing\/\"]}]},{\"@type\":\"BreadcrumbList\",\"@id\":\"https:\/\/www.technic-toys.com\/izdelek\/am6-thunderstorm-monster-truck-1-6-rtr-amx-racing\/#breadcrumb\",\"itemListElement\":[{\"@type\":\"ListItem\",\"position\":1,\"name\":\"Domov\",\"item\":\"https:\/\/www.technic-toys.com\/en\/\"},{\"@type\":\"ListItem\",\"position\":2,\"name\":\"Shop\",\"item\":\"https:\/\/www.technic-toys.com\/en\/shop-2\/\"},{\"@type\":\"ListItem\",\"position\":3,\"name\":\"AM6 Thunderstorm Monster Truck 1\/6 RTR AMX Racing\"}]},{\"@type\":\"WebSite\",\"@id\":\"https:\/\/www.technic-toys.com\/en\/#website\",\"url\":\"https:\/\/www.technic-toys.com\/en\/\",\"name\":\"TECHNIC-TOYS.com\",\"description\":\"\",\"potentialAction\":[{\"@type\":\"SearchAction\",\"target\":{\"@type\":\"EntryPoint\",\"urlTemplate\":\"https:\/\/www.technic-toys.com\/en\/?s={search_term_string}\"},\"query-input\":\"required name=search_term_string\"}],\"inLanguage\":\"en-US\"}]}<\/script>\n<!-- \/ Yoast SEO plugin. -->","yoast_head_json":{"title":"AM6 Thunderstorm Monster Truck 1\/6 RTR AMX Racing - TECHNIC-TOYS.com","robots":{"index":"index","follow":"follow","max-snippet":"max-snippet:-1","max-image-preview":"max-image-preview:large","max-video-preview":"max-video-preview:-1"},"canonical":"https:\/\/www.technic-toys.com\/izdelek\/am6-thunderstorm-monster-truck-1-6-rtr-amx-racing\/","og_locale":"en_US","og_type":"article","og_title":"AM6 Thunderstorm Monster Truck 1\/6 RTR AMX Racing - TECHNIC-TOYS.com","og_description":"Po\u0161astni tovornjak Thunderstorm 1:6 postavlja nove standarde v svojem razredu glede cene\/zmogljivosti in prepri\u010da z visokokakovostno izdelavo v kombinaciji z nebrzdano mo\u010djo.Ta model \u017ee s 4S \/ 14,8V dosega izjemne hitrosti. Zahvaljujo\u010d visokokakovostni in natan\u010dni opremi je vedno popolnoma nadzorovan, tako na grobem terenu kot na ulici! Pnevmatike za vse terene vedno zagotavljajo zadosten oprijem [&hellip;]","og_url":"https:\/\/www.technic-toys.com\/izdelek\/am6-thunderstorm-monster-truck-1-6-rtr-amx-racing\/","og_site_name":"TECHNIC-TOYS.com","article_modified_time":"2024-12-04T18:04:30+00:00","og_image":[{"width":2560,"height":1468,"url":"https:\/\/www.technic-toys.com\/wp-content\/uploads\/2022\/04\/22259.jpg","type":"image\/jpeg"}],"twitter_card":"summary_large_image","twitter_misc":{"Est. reading time":"1 minute"},"schema":{"@context":"https:\/\/schema.org","@graph":[{"@type":"WebPage","@id":"https:\/\/www.technic-toys.com\/izdelek\/am6-thunderstorm-monster-truck-1-6-rtr-amx-racing\/","url":"https:\/\/www.technic-toys.com\/izdelek\/am6-thunderstorm-monster-truck-1-6-rtr-amx-racing\/","name":"AM6 Thunderstorm Monster Truck 1\/6 RTR AMX Racing - TECHNIC-TOYS.com","isPartOf":{"@id":"https:\/\/www.technic-toys.com\/en\/#website"},"datePublished":"2022-04-08T13:53:46+00:00","dateModified":"2024-12-04T18:04:30+00:00","breadcrumb":{"@id":"https:\/\/www.technic-toys.com\/izdelek\/am6-thunderstorm-monster-truck-1-6-rtr-amx-racing\/#breadcrumb"},"inLanguage":"en-US","potentialAction":[{"@type":"ReadAction","target":["https:\/\/www.technic-toys.com\/izdelek\/am6-thunderstorm-monster-truck-1-6-rtr-amx-racing\/"]}]},{"@type":"BreadcrumbList","@id":"https:\/\/www.technic-toys.com\/izdelek\/am6-thunderstorm-monster-truck-1-6-rtr-amx-racing\/#breadcrumb","itemListElement":[{"@type":"ListItem","position":1,"name":"Domov","item":"https:\/\/www.technic-toys.com\/en\/"},{"@type":"ListItem","position":2,"name":"Shop","item":"https:\/\/www.technic-toys.com\/en\/shop-2\/"},{"@type":"ListItem","position":3,"name":"AM6 Thunderstorm Monster Truck 1\/6 RTR AMX Racing"}]},{"@type":"WebSite","@id":"https:\/\/www.technic-toys.com\/en\/#website","url":"https:\/\/www.technic-toys.com\/en\/","name":"TECHNIC-TOYS.com","description":"","potentialAction":[{"@type":"SearchAction","target":{"@type":"EntryPoint","urlTemplate":"https:\/\/www.technic-toys.com\/en\/?s={search_term_string}"},"query-input":"required name=search_term_string"}],"inLanguage":"en-US"}]}},"_links":{"self":[{"href":"https:\/\/www.technic-toys.com\/en\/wp-json\/wp\/v2\/product\/11510"}],"collection":[{"href":"https:\/\/www.technic-toys.com\/en\/wp-json\/wp\/v2\/product"}],"about":[{"href":"https:\/\/www.technic-toys.com\/en\/wp-json\/wp\/v2\/types\/product"}],"wp:featuredmedia":[{"embeddable":true,"href":"https:\/\/www.technic-toys.com\/en\/wp-json\/wp\/v2\/media\/11511"}],"wp:attachment":[{"href":"https:\/\/www.technic-toys.com\/en\/wp-json\/wp\/v2\/media?parent=11510"}],"wp:term":[{"taxonomy":"product_cat","embeddable":true,"href":"https:\/\/www.technic-toys.com\/en\/wp-json\/wp\/v2\/product_cat?post=11510"},{"taxonomy":"product_tag","embeddable":true,"href":"https:\/\/www.technic-toys.com\/en\/wp-json\/wp\/v2\/product_tag?post=11510"}],"curies":[{"name":"wp","href":"https:\/\/api.w.org\/{rel}","templated":true}]}}