{"id":11521,"date":"2022-04-08T15:53:46","date_gmt":"2022-04-08T13:53:46","guid":{"rendered":"https:\/\/www.technic-toys.com\/izdelek\/amxracing-am10sc-v3-tovornjak-za-kratke-proge-rtr-rdece-crna\/"},"modified":"2024-12-04T19:04:25","modified_gmt":"2024-12-04T18:04:25","slug":"amxracing-am10sc-v3-tovornjak-za-kratke-proge-rtr-rdece-crna","status":"publish","type":"product","link":"https:\/\/www.technic-toys.com\/en\/izdelek\/amxracing-am10sc-v3-tovornjak-za-kratke-proge-rtr-rdece-crna\/","title":{"rendered":"AMXRacing AM10SC V3 tovornjak za kratke proge RTR rde\u010de\/\u010drna"},"content":{"rendered":"<p>100 % zasnovan s strani AMEWI in razvit za zahtevno RC izku\u0161njo, je ta tovornjak s kratkimi te\u010daji eden na\u0161ih najbolj\u0161ih prodajalcev v kategoriji zahvaljujo\u010d visokokakovostnim komponentam in dobri izdelavi. Gre za popolnoma opremljen model RTR (Ready-to-Run) v merilu 1:10.<br \/>AM10SC ima zanesljiv \u0161tirikolesni pogon 4&#215;4 in je opremljen tudi z neodvisnim vzmetenjem koles, neodvisnimi kolesnimi vzmeti, visoko &#8211; vgrajeni so kakovostni krogli\u010dni le\u017eaji in enostavno drsni tekmovalni amortizerji. Mo\u010dan brezkrta\u010dni motor s 5200KV (vrtljaji na volt) v povezavi s 7,4V 4000mAh 25C LiPo zagotavlja v razli\u010dici V3 res ekstremne pospe\u0161ke in dober oprijem na terenu. Elektronika, odporna na \u0161kropljenje, stabilne kovinske CVD pogonske gredi, stabilizatorji na sprednji in zadnji preme, glavni diferencial, odporen proti prahu in brizganju, le\u017eaji in utrjeni gonilniki ter kardanska gred skoraj brez igranja omogo\u010dajo poseben u\u017eitek v vo\u017enji na kateri koli povr\u0161ini. Mehka in fleksibilna plastika, pokrov iz trpe\u017enega polikarbonata in dodaten pokrov za prah za elektroniko in motorno podro\u010dje zagotavljajo dolgo \u017eivljenjsko dobo vseh komponent.<br \/>Zmogljiv baterijski paket s 7,4V 4000mAh LiPo 25C je \u017ee vklju\u010den v obseg dobave in je napolnjen z 220V LiPo Balance Charger (1A polnilni tok). Amortizerski stolpi, oja\u010ditve prenosa in volanski \u010dlenki so izdelani iz visokokakovostnega modro eloksiranega aluminija. Komplet ima visokokakovosten, programabilen 4-kanalni 2,4GHz ra\u010dunalni\u0161ki daljinski upravljalnik, ki zagotavlja ob\u010dutljiv in natan\u010den ob\u010dutek upravljanja z dosegom do 150m. Za izbirno osvetlitev ali podobno ponuja oddajnik dva dodatna preklopna kanala, intenzivnost plina in krmiljenje se lahko prilagaja preko oddajnika (hitrost in kot krmiljenja). Oddajnik se lahko uporablja tudi, na primer, za programiranje dvojnih stopenj, razstav in pogojev vo\u017enje. Oddajnik ima tudi dva potenciometra za prirezovanje plina in krmiljenja.<br \/>Poudarki: sestavljeno podvozje, bla\u017eilni mostovi, nosilec menjalnika in volanski \u010dlen iz aluminija &#8211; za \u0161e ve\u010djo stabilnost modela Elektronika, ki je odporna na \u0161kropljenje &#8211; za vo\u017enjo skozi lu\u017ee in blato Modularna zasnova &#8211; posamezne module je mogo\u010de odstraniti za vzdr\u017eevanje in popravila, ne da bi morali razstaviti celotno vozilo<br \/>Dodatne lastnosti: visokokakovostni aluminijasti deli, kot so bla\u017eilni mostovi, volanski \u010dlenki in CVD pogonske gredi za pritrditev na menjalnik iz visoke -kakovostna kovina 5200KV brezkrta\u010dni motor kovinski diferencial 55A proti brizganju brezkrta\u010dni krmilnik za\u0161\u010dita pred prahom za elektroniko 7, 4V 4000mAh 25C LiPo baterija 220V polnilnik 4-kanalni 2,4GHz ra\u010dunalni\u0161ki oddajnik<br \/>Tehni\u010dni podatki: Dol\u017eina: 2mm Wid: Hemm 185 mm Te\u017ea: 2295 g z baterijo Medosna razdalja: 325 mm \u0160irina sprednjega koloteka: 250 mm \u0160irina zadnjega koloteka: 250 mm Oddaljenost od tal: 50 mm Sprednja kolesa: zunanji premer\/\u0161irina 105 mm\/42 mm zadnja kolesa: zunanji premer on\/\u0161irina 105mm\/42mm premer plati\u0161\u010da: 62mm pogon koles: 12mm menjalnik: POM CNC zavora: elektronski krmilnik: brezkrta\u010dni 55A motor: 52x35mm 5200KV pogonski sistem: kardanski krmilni servo: 9kg MG glavni material: plastika 6 maks. hitrost: pribl. \u010das vo\u017enje: 10-15min predal za baterije Dimenzije: 135-165x50mm Baterija: Li-Po, 2S, 7.4V, 4000mAh, 25C, trdo ohi\u0161je, vti\u010d: Deans \/ T-Plug, Dx\u0160xV: 140x45x22mm: te\u017ea: Remo -kanalni, 2,4GHz ra\u010dunalni\u0161ki oddajnik z 10 model pomnilnika Domet: pribli\u017eno 150m Polnilnik: 220V 1A polnilnik za uravnote\u017eenje \u010cas polnjenja: pribli\u017eno 240min<br \/>Obseg dobave: AM10SC V3 4&#215;4 4-kanalni ra\u010dunalni\u0161ki daljinski upravljalnik LiPo baterija Dust polnilnik 220V za\u0161\u010ditni pokrov Podrobna navodila s slikami DE\/EN navodila za krmilnik Razli\u010dna orodja< br \/>Potrebna dodatna oprema: 4x AA baterije za daljinski upravljalnik<\/p>\n","protected":false},"excerpt":{"rendered":"<p>100 % zasnovan s strani AMEWI in razvit za zahtevno RC izku\u0161njo, je ta tovornjak s kratkimi te\u010daji eden na\u0161ih najbolj\u0161ih prodajalcev v kategoriji zahvaljujo\u010d visokokakovostnim komponentam in dobri izdelavi. Gre za popolnoma opremljen model RTR (Ready-to-Run) v merilu 1:10.AM10SC ima zanesljiv \u0161tirikolesni pogon 4&#215;4 in je opremljen tudi z neodvisnim vzmetenjem koles, neodvisnimi kolesnimi [&hellip;]<\/p>\n","protected":false},"featured_media":11522,"template":"","meta":[],"product_cat":[374,361],"product_tag":[],"acf":[],"yoast_head":"<!-- This site is optimized with the Yoast SEO plugin v21.7 - https:\/\/yoast.com\/wordpress\/plugins\/seo\/ -->\n<title>AMXRacing AM10SC V3 tovornjak za kratke proge RTR rde\u010de\/\u010drna - TECHNIC-TOYS.com<\/title>\n<meta name=\"robots\" content=\"index, follow, max-snippet:-1, max-image-preview:large, max-video-preview:-1\" \/>\n<link rel=\"canonical\" href=\"https:\/\/www.technic-toys.com\/izdelek\/amxracing-am10sc-v3-tovornjak-za-kratke-proge-rtr-rdece-crna\/\" \/>\n<meta property=\"og:locale\" content=\"en_US\" \/>\n<meta property=\"og:type\" content=\"article\" \/>\n<meta property=\"og:title\" content=\"AMXRacing AM10SC V3 tovornjak za kratke proge RTR rde\u010de\/\u010drna - TECHNIC-TOYS.com\" \/>\n<meta property=\"og:description\" content=\"100 % zasnovan s strani AMEWI in razvit za zahtevno RC izku\u0161njo, je ta tovornjak s kratkimi te\u010daji eden na\u0161ih najbolj\u0161ih prodajalcev v kategoriji zahvaljujo\u010d visokokakovostnim komponentam in dobri izdelavi. Gre za popolnoma opremljen model RTR (Ready-to-Run) v merilu 1:10.AM10SC ima zanesljiv \u0161tirikolesni pogon 4&#215;4 in je opremljen tudi z neodvisnim vzmetenjem koles, neodvisnimi kolesnimi [&hellip;]\" \/>\n<meta property=\"og:url\" content=\"https:\/\/www.technic-toys.com\/izdelek\/amxracing-am10sc-v3-tovornjak-za-kratke-proge-rtr-rdece-crna\/\" \/>\n<meta property=\"og:site_name\" content=\"TECHNIC-TOYS.com\" \/>\n<meta property=\"article:modified_time\" content=\"2024-12-04T18:04:25+00:00\" \/>\n<meta property=\"og:image\" content=\"https:\/\/www.technic-toys.com\/wp-content\/uploads\/2022\/04\/22260.jpg\" \/>\n\t<meta property=\"og:image:width\" content=\"2560\" \/>\n\t<meta property=\"og:image:height\" content=\"1468\" \/>\n\t<meta property=\"og:image:type\" content=\"image\/jpeg\" \/>\n<meta name=\"twitter:card\" content=\"summary_large_image\" \/>\n<meta name=\"twitter:label1\" content=\"Est. reading time\" \/>\n\t<meta name=\"twitter:data1\" content=\"3 minutes\" \/>\n<script type=\"application\/ld+json\" class=\"yoast-schema-graph\">{\"@context\":\"https:\/\/schema.org\",\"@graph\":[{\"@type\":\"WebPage\",\"@id\":\"https:\/\/www.technic-toys.com\/izdelek\/amxracing-am10sc-v3-tovornjak-za-kratke-proge-rtr-rdece-crna\/\",\"url\":\"https:\/\/www.technic-toys.com\/izdelek\/amxracing-am10sc-v3-tovornjak-za-kratke-proge-rtr-rdece-crna\/\",\"name\":\"AMXRacing AM10SC V3 tovornjak za kratke proge RTR rde\u010de\/\u010drna - TECHNIC-TOYS.com\",\"isPartOf\":{\"@id\":\"https:\/\/www.technic-toys.com\/en\/#website\"},\"datePublished\":\"2022-04-08T13:53:46+00:00\",\"dateModified\":\"2024-12-04T18:04:25+00:00\",\"breadcrumb\":{\"@id\":\"https:\/\/www.technic-toys.com\/izdelek\/amxracing-am10sc-v3-tovornjak-za-kratke-proge-rtr-rdece-crna\/#breadcrumb\"},\"inLanguage\":\"en-US\",\"potentialAction\":[{\"@type\":\"ReadAction\",\"target\":[\"https:\/\/www.technic-toys.com\/izdelek\/amxracing-am10sc-v3-tovornjak-za-kratke-proge-rtr-rdece-crna\/\"]}]},{\"@type\":\"BreadcrumbList\",\"@id\":\"https:\/\/www.technic-toys.com\/izdelek\/amxracing-am10sc-v3-tovornjak-za-kratke-proge-rtr-rdece-crna\/#breadcrumb\",\"itemListElement\":[{\"@type\":\"ListItem\",\"position\":1,\"name\":\"Domov\",\"item\":\"https:\/\/www.technic-toys.com\/en\/\"},{\"@type\":\"ListItem\",\"position\":2,\"name\":\"Shop\",\"item\":\"https:\/\/www.technic-toys.com\/en\/shop-2\/\"},{\"@type\":\"ListItem\",\"position\":3,\"name\":\"AMXRacing AM10SC V3 tovornjak za kratke proge RTR rde\u010de\/\u010drna\"}]},{\"@type\":\"WebSite\",\"@id\":\"https:\/\/www.technic-toys.com\/en\/#website\",\"url\":\"https:\/\/www.technic-toys.com\/en\/\",\"name\":\"TECHNIC-TOYS.com\",\"description\":\"\",\"potentialAction\":[{\"@type\":\"SearchAction\",\"target\":{\"@type\":\"EntryPoint\",\"urlTemplate\":\"https:\/\/www.technic-toys.com\/en\/?s={search_term_string}\"},\"query-input\":\"required name=search_term_string\"}],\"inLanguage\":\"en-US\"}]}<\/script>\n<!-- \/ Yoast SEO plugin. -->","yoast_head_json":{"title":"AMXRacing AM10SC V3 tovornjak za kratke proge RTR rde\u010de\/\u010drna - TECHNIC-TOYS.com","robots":{"index":"index","follow":"follow","max-snippet":"max-snippet:-1","max-image-preview":"max-image-preview:large","max-video-preview":"max-video-preview:-1"},"canonical":"https:\/\/www.technic-toys.com\/izdelek\/amxracing-am10sc-v3-tovornjak-za-kratke-proge-rtr-rdece-crna\/","og_locale":"en_US","og_type":"article","og_title":"AMXRacing AM10SC V3 tovornjak za kratke proge RTR rde\u010de\/\u010drna - TECHNIC-TOYS.com","og_description":"100 % zasnovan s strani AMEWI in razvit za zahtevno RC izku\u0161njo, je ta tovornjak s kratkimi te\u010daji eden na\u0161ih najbolj\u0161ih prodajalcev v kategoriji zahvaljujo\u010d visokokakovostnim komponentam in dobri izdelavi. Gre za popolnoma opremljen model RTR (Ready-to-Run) v merilu 1:10.AM10SC ima zanesljiv \u0161tirikolesni pogon 4&#215;4 in je opremljen tudi z neodvisnim vzmetenjem koles, neodvisnimi kolesnimi [&hellip;]","og_url":"https:\/\/www.technic-toys.com\/izdelek\/amxracing-am10sc-v3-tovornjak-za-kratke-proge-rtr-rdece-crna\/","og_site_name":"TECHNIC-TOYS.com","article_modified_time":"2024-12-04T18:04:25+00:00","og_image":[{"width":2560,"height":1468,"url":"https:\/\/www.technic-toys.com\/wp-content\/uploads\/2022\/04\/22260.jpg","type":"image\/jpeg"}],"twitter_card":"summary_large_image","twitter_misc":{"Est. reading time":"3 minutes"},"schema":{"@context":"https:\/\/schema.org","@graph":[{"@type":"WebPage","@id":"https:\/\/www.technic-toys.com\/izdelek\/amxracing-am10sc-v3-tovornjak-za-kratke-proge-rtr-rdece-crna\/","url":"https:\/\/www.technic-toys.com\/izdelek\/amxracing-am10sc-v3-tovornjak-za-kratke-proge-rtr-rdece-crna\/","name":"AMXRacing AM10SC V3 tovornjak za kratke proge RTR rde\u010de\/\u010drna - TECHNIC-TOYS.com","isPartOf":{"@id":"https:\/\/www.technic-toys.com\/en\/#website"},"datePublished":"2022-04-08T13:53:46+00:00","dateModified":"2024-12-04T18:04:25+00:00","breadcrumb":{"@id":"https:\/\/www.technic-toys.com\/izdelek\/amxracing-am10sc-v3-tovornjak-za-kratke-proge-rtr-rdece-crna\/#breadcrumb"},"inLanguage":"en-US","potentialAction":[{"@type":"ReadAction","target":["https:\/\/www.technic-toys.com\/izdelek\/amxracing-am10sc-v3-tovornjak-za-kratke-proge-rtr-rdece-crna\/"]}]},{"@type":"BreadcrumbList","@id":"https:\/\/www.technic-toys.com\/izdelek\/amxracing-am10sc-v3-tovornjak-za-kratke-proge-rtr-rdece-crna\/#breadcrumb","itemListElement":[{"@type":"ListItem","position":1,"name":"Domov","item":"https:\/\/www.technic-toys.com\/en\/"},{"@type":"ListItem","position":2,"name":"Shop","item":"https:\/\/www.technic-toys.com\/en\/shop-2\/"},{"@type":"ListItem","position":3,"name":"AMXRacing AM10SC V3 tovornjak za kratke proge RTR rde\u010de\/\u010drna"}]},{"@type":"WebSite","@id":"https:\/\/www.technic-toys.com\/en\/#website","url":"https:\/\/www.technic-toys.com\/en\/","name":"TECHNIC-TOYS.com","description":"","potentialAction":[{"@type":"SearchAction","target":{"@type":"EntryPoint","urlTemplate":"https:\/\/www.technic-toys.com\/en\/?s={search_term_string}"},"query-input":"required name=search_term_string"}],"inLanguage":"en-US"}]}},"_links":{"self":[{"href":"https:\/\/www.technic-toys.com\/en\/wp-json\/wp\/v2\/product\/11521"}],"collection":[{"href":"https:\/\/www.technic-toys.com\/en\/wp-json\/wp\/v2\/product"}],"about":[{"href":"https:\/\/www.technic-toys.com\/en\/wp-json\/wp\/v2\/types\/product"}],"wp:featuredmedia":[{"embeddable":true,"href":"https:\/\/www.technic-toys.com\/en\/wp-json\/wp\/v2\/media\/11522"}],"wp:attachment":[{"href":"https:\/\/www.technic-toys.com\/en\/wp-json\/wp\/v2\/media?parent=11521"}],"wp:term":[{"taxonomy":"product_cat","embeddable":true,"href":"https:\/\/www.technic-toys.com\/en\/wp-json\/wp\/v2\/product_cat?post=11521"},{"taxonomy":"product_tag","embeddable":true,"href":"https:\/\/www.technic-toys.com\/en\/wp-json\/wp\/v2\/product_tag?post=11521"}],"curies":[{"name":"wp","href":"https:\/\/api.w.org\/{rel}","templated":true}]}}