{"id":11624,"date":"2022-04-08T15:53:46","date_gmt":"2022-04-08T13:53:46","guid":{"rendered":"https:\/\/www.technic-toys.com\/izdelek\/zerjav-gosenicar-24-ghz-merilo-114\/"},"modified":"2024-12-04T19:04:26","modified_gmt":"2024-12-04T18:04:26","slug":"zerjav-gosenicar-24-ghz-merilo-114","status":"publish","type":"product","link":"https:\/\/www.technic-toys.com\/en\/izdelek\/zerjav-gosenicar-24-ghz-merilo-114\/","title":{"rendered":"\u017derjav goseni\u010dar, 2,4 GHz merilo 1:14"},"content":{"rendered":"<p>\u017derjav goseni\u010dar s kovinskim kavljem, M 1:14, 15 kanalov Kakovosten in \u010disto obdelan \u017eerjavni bager s pravim kovinskim kavljem in 15 funkcijami v merilu 1:14. Prave gumijaste verige zagotavljajo stabilen oprijem. Stolp je mogo\u010de zasukati za 360\u00b0, prijemalno roko lahko dvignete ali spustite. Vklju\u010dno s svetlobo in zvokom. Preko intuitivnega krmilnika 2,4 GHz je mogo\u010de upravljati skupno 15 razli\u010dnih funkcij. Tehni\u010dni podatki: Mere: Dol\u017eina brez prijemalne roke 29 cm Dol\u017eina prijemalne roke: 53 cm \u0160irina 17 cm, vi\u0161ina 28,5 cm Te\u017ea pripravljenosti za vo\u017enjo: 1960 g Obseg: 1 min. pribl. Baterija: 7,2V 400mAh radijski daljinski upravljalnik Mi-MH2,4 GHz Te\u017ea pripravljen za vo\u017enjo: 1960g15 Funkcije: naprej\/nazaj, zavijte desno\/levo Roka: desno\/levo\/gor\/dol Hook: gor\/dol, lu\u010d, SoundTurm: zavijte desno\/levo , demo na\u010din Obseg dobave: 1x \u017eerjav goseni\u010dar 1x radijski daljinski upravljalnik 1x polnilna baterija 7,2V 400mAh Mi-MH 1x USB polnilni kabel 1x imitacija lesenega prtlja\u017enika 1x navodila za uporabo<\/p>\n","protected":false},"excerpt":{"rendered":"<p>\u017derjav goseni\u010dar s kovinskim kavljem, M 1:14, 15 kanalov Kakovosten in \u010disto obdelan \u017eerjavni bager s pravim kovinskim kavljem in 15 funkcijami v merilu 1:14. Prave gumijaste verige zagotavljajo stabilen oprijem. Stolp je mogo\u010de zasukati za 360\u00b0, prijemalno roko lahko dvignete ali spustite. Vklju\u010dno s svetlobo in zvokom. Preko intuitivnega krmilnika 2,4 GHz je mogo\u010de [&hellip;]<\/p>\n","protected":false},"featured_media":11625,"template":"","meta":[],"product_cat":[374,359],"product_tag":[],"acf":[],"yoast_head":"<!-- This site is optimized with the Yoast SEO plugin v21.7 - https:\/\/yoast.com\/wordpress\/plugins\/seo\/ -->\n<title>\u017derjav goseni\u010dar, 2,4 GHz merilo 1:14 - TECHNIC-TOYS.com<\/title>\n<meta name=\"robots\" content=\"index, follow, max-snippet:-1, max-image-preview:large, max-video-preview:-1\" \/>\n<link rel=\"canonical\" href=\"https:\/\/www.technic-toys.com\/izdelek\/zerjav-gosenicar-24-ghz-merilo-114\/\" \/>\n<meta property=\"og:locale\" content=\"en_US\" \/>\n<meta property=\"og:type\" content=\"article\" \/>\n<meta property=\"og:title\" content=\"\u017derjav goseni\u010dar, 2,4 GHz merilo 1:14 - TECHNIC-TOYS.com\" \/>\n<meta property=\"og:description\" content=\"\u017derjav goseni\u010dar s kovinskim kavljem, M 1:14, 15 kanalov Kakovosten in \u010disto obdelan \u017eerjavni bager s pravim kovinskim kavljem in 15 funkcijami v merilu 1:14. Prave gumijaste verige zagotavljajo stabilen oprijem. Stolp je mogo\u010de zasukati za 360\u00b0, prijemalno roko lahko dvignete ali spustite. Vklju\u010dno s svetlobo in zvokom. Preko intuitivnega krmilnika 2,4 GHz je mogo\u010de [&hellip;]\" \/>\n<meta property=\"og:url\" content=\"https:\/\/www.technic-toys.com\/izdelek\/zerjav-gosenicar-24-ghz-merilo-114\/\" \/>\n<meta property=\"og:site_name\" content=\"TECHNIC-TOYS.com\" \/>\n<meta property=\"article:modified_time\" content=\"2024-12-04T18:04:26+00:00\" \/>\n<meta property=\"og:image\" content=\"https:\/\/www.technic-toys.com\/wp-content\/uploads\/2022\/04\/22310.jpg\" \/>\n\t<meta property=\"og:image:width\" content=\"2560\" \/>\n\t<meta property=\"og:image:height\" content=\"1468\" \/>\n\t<meta property=\"og:image:type\" content=\"image\/jpeg\" \/>\n<meta name=\"twitter:card\" content=\"summary_large_image\" \/>\n<meta name=\"twitter:label1\" content=\"Est. reading time\" \/>\n\t<meta name=\"twitter:data1\" content=\"1 minute\" \/>\n<script type=\"application\/ld+json\" class=\"yoast-schema-graph\">{\"@context\":\"https:\/\/schema.org\",\"@graph\":[{\"@type\":\"WebPage\",\"@id\":\"https:\/\/www.technic-toys.com\/izdelek\/zerjav-gosenicar-24-ghz-merilo-114\/\",\"url\":\"https:\/\/www.technic-toys.com\/izdelek\/zerjav-gosenicar-24-ghz-merilo-114\/\",\"name\":\"\u017derjav goseni\u010dar, 2,4 GHz merilo 1:14 - TECHNIC-TOYS.com\",\"isPartOf\":{\"@id\":\"https:\/\/www.technic-toys.com\/en\/#website\"},\"datePublished\":\"2022-04-08T13:53:46+00:00\",\"dateModified\":\"2024-12-04T18:04:26+00:00\",\"breadcrumb\":{\"@id\":\"https:\/\/www.technic-toys.com\/izdelek\/zerjav-gosenicar-24-ghz-merilo-114\/#breadcrumb\"},\"inLanguage\":\"en-US\",\"potentialAction\":[{\"@type\":\"ReadAction\",\"target\":[\"https:\/\/www.technic-toys.com\/izdelek\/zerjav-gosenicar-24-ghz-merilo-114\/\"]}]},{\"@type\":\"BreadcrumbList\",\"@id\":\"https:\/\/www.technic-toys.com\/izdelek\/zerjav-gosenicar-24-ghz-merilo-114\/#breadcrumb\",\"itemListElement\":[{\"@type\":\"ListItem\",\"position\":1,\"name\":\"Domov\",\"item\":\"https:\/\/www.technic-toys.com\/en\/\"},{\"@type\":\"ListItem\",\"position\":2,\"name\":\"Shop\",\"item\":\"https:\/\/www.technic-toys.com\/en\/shop-2\/\"},{\"@type\":\"ListItem\",\"position\":3,\"name\":\"\u017derjav goseni\u010dar, 2,4 GHz merilo 1:14\"}]},{\"@type\":\"WebSite\",\"@id\":\"https:\/\/www.technic-toys.com\/en\/#website\",\"url\":\"https:\/\/www.technic-toys.com\/en\/\",\"name\":\"TECHNIC-TOYS.com\",\"description\":\"\",\"potentialAction\":[{\"@type\":\"SearchAction\",\"target\":{\"@type\":\"EntryPoint\",\"urlTemplate\":\"https:\/\/www.technic-toys.com\/en\/?s={search_term_string}\"},\"query-input\":\"required name=search_term_string\"}],\"inLanguage\":\"en-US\"}]}<\/script>\n<!-- \/ Yoast SEO plugin. -->","yoast_head_json":{"title":"\u017derjav goseni\u010dar, 2,4 GHz merilo 1:14 - TECHNIC-TOYS.com","robots":{"index":"index","follow":"follow","max-snippet":"max-snippet:-1","max-image-preview":"max-image-preview:large","max-video-preview":"max-video-preview:-1"},"canonical":"https:\/\/www.technic-toys.com\/izdelek\/zerjav-gosenicar-24-ghz-merilo-114\/","og_locale":"en_US","og_type":"article","og_title":"\u017derjav goseni\u010dar, 2,4 GHz merilo 1:14 - TECHNIC-TOYS.com","og_description":"\u017derjav goseni\u010dar s kovinskim kavljem, M 1:14, 15 kanalov Kakovosten in \u010disto obdelan \u017eerjavni bager s pravim kovinskim kavljem in 15 funkcijami v merilu 1:14. Prave gumijaste verige zagotavljajo stabilen oprijem. Stolp je mogo\u010de zasukati za 360\u00b0, prijemalno roko lahko dvignete ali spustite. Vklju\u010dno s svetlobo in zvokom. Preko intuitivnega krmilnika 2,4 GHz je mogo\u010de [&hellip;]","og_url":"https:\/\/www.technic-toys.com\/izdelek\/zerjav-gosenicar-24-ghz-merilo-114\/","og_site_name":"TECHNIC-TOYS.com","article_modified_time":"2024-12-04T18:04:26+00:00","og_image":[{"width":2560,"height":1468,"url":"https:\/\/www.technic-toys.com\/wp-content\/uploads\/2022\/04\/22310.jpg","type":"image\/jpeg"}],"twitter_card":"summary_large_image","twitter_misc":{"Est. reading time":"1 minute"},"schema":{"@context":"https:\/\/schema.org","@graph":[{"@type":"WebPage","@id":"https:\/\/www.technic-toys.com\/izdelek\/zerjav-gosenicar-24-ghz-merilo-114\/","url":"https:\/\/www.technic-toys.com\/izdelek\/zerjav-gosenicar-24-ghz-merilo-114\/","name":"\u017derjav goseni\u010dar, 2,4 GHz merilo 1:14 - TECHNIC-TOYS.com","isPartOf":{"@id":"https:\/\/www.technic-toys.com\/en\/#website"},"datePublished":"2022-04-08T13:53:46+00:00","dateModified":"2024-12-04T18:04:26+00:00","breadcrumb":{"@id":"https:\/\/www.technic-toys.com\/izdelek\/zerjav-gosenicar-24-ghz-merilo-114\/#breadcrumb"},"inLanguage":"en-US","potentialAction":[{"@type":"ReadAction","target":["https:\/\/www.technic-toys.com\/izdelek\/zerjav-gosenicar-24-ghz-merilo-114\/"]}]},{"@type":"BreadcrumbList","@id":"https:\/\/www.technic-toys.com\/izdelek\/zerjav-gosenicar-24-ghz-merilo-114\/#breadcrumb","itemListElement":[{"@type":"ListItem","position":1,"name":"Domov","item":"https:\/\/www.technic-toys.com\/en\/"},{"@type":"ListItem","position":2,"name":"Shop","item":"https:\/\/www.technic-toys.com\/en\/shop-2\/"},{"@type":"ListItem","position":3,"name":"\u017derjav goseni\u010dar, 2,4 GHz merilo 1:14"}]},{"@type":"WebSite","@id":"https:\/\/www.technic-toys.com\/en\/#website","url":"https:\/\/www.technic-toys.com\/en\/","name":"TECHNIC-TOYS.com","description":"","potentialAction":[{"@type":"SearchAction","target":{"@type":"EntryPoint","urlTemplate":"https:\/\/www.technic-toys.com\/en\/?s={search_term_string}"},"query-input":"required name=search_term_string"}],"inLanguage":"en-US"}]}},"_links":{"self":[{"href":"https:\/\/www.technic-toys.com\/en\/wp-json\/wp\/v2\/product\/11624"}],"collection":[{"href":"https:\/\/www.technic-toys.com\/en\/wp-json\/wp\/v2\/product"}],"about":[{"href":"https:\/\/www.technic-toys.com\/en\/wp-json\/wp\/v2\/types\/product"}],"wp:featuredmedia":[{"embeddable":true,"href":"https:\/\/www.technic-toys.com\/en\/wp-json\/wp\/v2\/media\/11625"}],"wp:attachment":[{"href":"https:\/\/www.technic-toys.com\/en\/wp-json\/wp\/v2\/media?parent=11624"}],"wp:term":[{"taxonomy":"product_cat","embeddable":true,"href":"https:\/\/www.technic-toys.com\/en\/wp-json\/wp\/v2\/product_cat?post=11624"},{"taxonomy":"product_tag","embeddable":true,"href":"https:\/\/www.technic-toys.com\/en\/wp-json\/wp\/v2\/product_tag?post=11624"}],"curies":[{"name":"wp","href":"https:\/\/api.w.org\/{rel}","templated":true}]}}