{"id":11634,"date":"2022-04-08T15:53:46","date_gmt":"2022-04-08T13:53:46","guid":{"rendered":"https:\/\/www.technic-toys.com\/izdelek\/vilicar-110-kovinski-vilicar-24-ghz-zvok\/"},"modified":"2024-12-04T19:04:27","modified_gmt":"2024-12-04T18:04:27","slug":"vilicar-110-robusten-mocan-kovinski-vilicar-rc-24-ghz-zvok","status":"publish","type":"product","link":"https:\/\/www.technic-toys.com\/en\/izdelek\/vilicar-110-robusten-mocan-kovinski-vilicar-rc-24-ghz-zvok\/","title":{"rendered":"Vili\u010dar, 1:10, robusten, mo\u010dan, kovinski vili\u010dar, RC 2,4 GHz, zvok"},"content":{"rendered":"<p>Vili\u010dar, kovinski, M 1:10, 2.4GHz, Zelo kvaliteten, stabilen in bogato opremljen vili\u010dar v merilu 1:10. Okvir voznikove kabine, vilice in izbirna roka z nakladalnim kavljem so izdelani iz trdne kovine. Osem razli\u010dnih funkcij, kot so: vilice gor\/dol, naprej\/nazaj, levo\/desno, zvok (lahko izklopite), lu\u010d in demo na\u010din. 2,4 GHz radijski daljinski upravljalnik. Visoka dvi\u017ena zmogljivost zahvaljujo\u010d mo\u010dnemu motorju. Domet do 50m. \u010cas igranja do 20 minut.Pnevmatike so narejene iz prave gume, na udarce odporna ABS plastika je okolju prijazna in nestrupena.Tehni\u010dni podatki:Dimenzije:D x \u0160 x V: 51 x 18 x 30 cm 400mAh 7.2V NiMH \u010cas predvajanja: do 20 min. Razpon: 30 &#8211; 50 mFunkcije: naprej\/nazaj, vilice gor\/dol, svetloba\/zvok, desno\/levo, demo na\u010din Obseg dobave: 1 x vili\u010dar1 x 2,4GHz 8-kanalni radijski daljinski upravljalnik1 x polnilna roka iz kovine 2 x palete 1 x USB polnilni kabel 1 x baterija: 400mAh 7.2V NiMH 1 x priro\u010dnik za uporabo od 14. leta starosti<\/p>\n","protected":false},"excerpt":{"rendered":"<p>Vili\u010dar, kovinski, M 1:10, 2.4GHz, Zelo kvaliteten, stabilen in bogato opremljen vili\u010dar v merilu 1:10. Okvir voznikove kabine, vilice in izbirna roka z nakladalnim kavljem so izdelani iz trdne kovine. Osem razli\u010dnih funkcij, kot so: vilice gor\/dol, naprej\/nazaj, levo\/desno, zvok (lahko izklopite), lu\u010d in demo na\u010din. 2,4 GHz radijski daljinski upravljalnik. Visoka dvi\u017ena zmogljivost zahvaljujo\u010d [&hellip;]<\/p>\n","protected":false},"featured_media":11635,"template":"","meta":[],"product_cat":[374,359],"product_tag":[],"acf":[],"yoast_head":"<!-- This site is optimized with the Yoast SEO plugin v21.7 - https:\/\/yoast.com\/wordpress\/plugins\/seo\/ -->\n<title>Vili\u010dar, 1:10, robusten, mo\u010dan, kovinski vili\u010dar, RC 2,4 GHz, zvok - TECHNIC-TOYS.com<\/title>\n<meta name=\"robots\" content=\"index, follow, max-snippet:-1, max-image-preview:large, max-video-preview:-1\" \/>\n<link rel=\"canonical\" href=\"https:\/\/www.technic-toys.com\/izdelek\/vilicar-110-robusten-mocan-kovinski-vilicar-rc-24-ghz-zvok\/\" \/>\n<meta property=\"og:locale\" content=\"en_US\" \/>\n<meta property=\"og:type\" content=\"article\" \/>\n<meta property=\"og:title\" content=\"Vili\u010dar, 1:10, robusten, mo\u010dan, kovinski vili\u010dar, RC 2,4 GHz, zvok - TECHNIC-TOYS.com\" \/>\n<meta property=\"og:description\" content=\"Vili\u010dar, kovinski, M 1:10, 2.4GHz, Zelo kvaliteten, stabilen in bogato opremljen vili\u010dar v merilu 1:10. Okvir voznikove kabine, vilice in izbirna roka z nakladalnim kavljem so izdelani iz trdne kovine. Osem razli\u010dnih funkcij, kot so: vilice gor\/dol, naprej\/nazaj, levo\/desno, zvok (lahko izklopite), lu\u010d in demo na\u010din. 2,4 GHz radijski daljinski upravljalnik. Visoka dvi\u017ena zmogljivost zahvaljujo\u010d [&hellip;]\" \/>\n<meta property=\"og:url\" content=\"https:\/\/www.technic-toys.com\/izdelek\/vilicar-110-robusten-mocan-kovinski-vilicar-rc-24-ghz-zvok\/\" \/>\n<meta property=\"og:site_name\" content=\"TECHNIC-TOYS.com\" \/>\n<meta property=\"article:modified_time\" content=\"2024-12-04T18:04:27+00:00\" \/>\n<meta property=\"og:image\" content=\"https:\/\/www.technic-toys.com\/wp-content\/uploads\/2022\/04\/22313jxEe6JP7ZZdHL.jpg\" \/>\n\t<meta property=\"og:image:width\" content=\"2560\" \/>\n\t<meta property=\"og:image:height\" content=\"1468\" \/>\n\t<meta property=\"og:image:type\" content=\"image\/jpeg\" \/>\n<meta name=\"twitter:card\" content=\"summary_large_image\" \/>\n<meta name=\"twitter:label1\" content=\"Est. reading time\" \/>\n\t<meta name=\"twitter:data1\" content=\"1 minute\" \/>\n<script type=\"application\/ld+json\" class=\"yoast-schema-graph\">{\"@context\":\"https:\/\/schema.org\",\"@graph\":[{\"@type\":\"WebPage\",\"@id\":\"https:\/\/www.technic-toys.com\/izdelek\/vilicar-110-robusten-mocan-kovinski-vilicar-rc-24-ghz-zvok\/\",\"url\":\"https:\/\/www.technic-toys.com\/izdelek\/vilicar-110-robusten-mocan-kovinski-vilicar-rc-24-ghz-zvok\/\",\"name\":\"Vili\u010dar, 1:10, robusten, mo\u010dan, kovinski vili\u010dar, RC 2,4 GHz, zvok - TECHNIC-TOYS.com\",\"isPartOf\":{\"@id\":\"https:\/\/www.technic-toys.com\/en\/#website\"},\"datePublished\":\"2022-04-08T13:53:46+00:00\",\"dateModified\":\"2024-12-04T18:04:27+00:00\",\"breadcrumb\":{\"@id\":\"https:\/\/www.technic-toys.com\/izdelek\/vilicar-110-robusten-mocan-kovinski-vilicar-rc-24-ghz-zvok\/#breadcrumb\"},\"inLanguage\":\"en-US\",\"potentialAction\":[{\"@type\":\"ReadAction\",\"target\":[\"https:\/\/www.technic-toys.com\/izdelek\/vilicar-110-robusten-mocan-kovinski-vilicar-rc-24-ghz-zvok\/\"]}]},{\"@type\":\"BreadcrumbList\",\"@id\":\"https:\/\/www.technic-toys.com\/izdelek\/vilicar-110-robusten-mocan-kovinski-vilicar-rc-24-ghz-zvok\/#breadcrumb\",\"itemListElement\":[{\"@type\":\"ListItem\",\"position\":1,\"name\":\"Domov\",\"item\":\"https:\/\/www.technic-toys.com\/en\/\"},{\"@type\":\"ListItem\",\"position\":2,\"name\":\"Shop\",\"item\":\"https:\/\/www.technic-toys.com\/en\/shop-2\/\"},{\"@type\":\"ListItem\",\"position\":3,\"name\":\"Vili\u010dar, 1:10, robusten, mo\u010dan, kovinski vili\u010dar, RC 2,4 GHz, zvok\"}]},{\"@type\":\"WebSite\",\"@id\":\"https:\/\/www.technic-toys.com\/en\/#website\",\"url\":\"https:\/\/www.technic-toys.com\/en\/\",\"name\":\"TECHNIC-TOYS.com\",\"description\":\"\",\"potentialAction\":[{\"@type\":\"SearchAction\",\"target\":{\"@type\":\"EntryPoint\",\"urlTemplate\":\"https:\/\/www.technic-toys.com\/en\/?s={search_term_string}\"},\"query-input\":\"required name=search_term_string\"}],\"inLanguage\":\"en-US\"}]}<\/script>\n<!-- \/ Yoast SEO plugin. -->","yoast_head_json":{"title":"Vili\u010dar, 1:10, robusten, mo\u010dan, kovinski vili\u010dar, RC 2,4 GHz, zvok - TECHNIC-TOYS.com","robots":{"index":"index","follow":"follow","max-snippet":"max-snippet:-1","max-image-preview":"max-image-preview:large","max-video-preview":"max-video-preview:-1"},"canonical":"https:\/\/www.technic-toys.com\/izdelek\/vilicar-110-robusten-mocan-kovinski-vilicar-rc-24-ghz-zvok\/","og_locale":"en_US","og_type":"article","og_title":"Vili\u010dar, 1:10, robusten, mo\u010dan, kovinski vili\u010dar, RC 2,4 GHz, zvok - TECHNIC-TOYS.com","og_description":"Vili\u010dar, kovinski, M 1:10, 2.4GHz, Zelo kvaliteten, stabilen in bogato opremljen vili\u010dar v merilu 1:10. Okvir voznikove kabine, vilice in izbirna roka z nakladalnim kavljem so izdelani iz trdne kovine. Osem razli\u010dnih funkcij, kot so: vilice gor\/dol, naprej\/nazaj, levo\/desno, zvok (lahko izklopite), lu\u010d in demo na\u010din. 2,4 GHz radijski daljinski upravljalnik. Visoka dvi\u017ena zmogljivost zahvaljujo\u010d [&hellip;]","og_url":"https:\/\/www.technic-toys.com\/izdelek\/vilicar-110-robusten-mocan-kovinski-vilicar-rc-24-ghz-zvok\/","og_site_name":"TECHNIC-TOYS.com","article_modified_time":"2024-12-04T18:04:27+00:00","og_image":[{"width":2560,"height":1468,"url":"https:\/\/www.technic-toys.com\/wp-content\/uploads\/2022\/04\/22313jxEe6JP7ZZdHL.jpg","type":"image\/jpeg"}],"twitter_card":"summary_large_image","twitter_misc":{"Est. reading time":"1 minute"},"schema":{"@context":"https:\/\/schema.org","@graph":[{"@type":"WebPage","@id":"https:\/\/www.technic-toys.com\/izdelek\/vilicar-110-robusten-mocan-kovinski-vilicar-rc-24-ghz-zvok\/","url":"https:\/\/www.technic-toys.com\/izdelek\/vilicar-110-robusten-mocan-kovinski-vilicar-rc-24-ghz-zvok\/","name":"Vili\u010dar, 1:10, robusten, mo\u010dan, kovinski vili\u010dar, RC 2,4 GHz, zvok - TECHNIC-TOYS.com","isPartOf":{"@id":"https:\/\/www.technic-toys.com\/en\/#website"},"datePublished":"2022-04-08T13:53:46+00:00","dateModified":"2024-12-04T18:04:27+00:00","breadcrumb":{"@id":"https:\/\/www.technic-toys.com\/izdelek\/vilicar-110-robusten-mocan-kovinski-vilicar-rc-24-ghz-zvok\/#breadcrumb"},"inLanguage":"en-US","potentialAction":[{"@type":"ReadAction","target":["https:\/\/www.technic-toys.com\/izdelek\/vilicar-110-robusten-mocan-kovinski-vilicar-rc-24-ghz-zvok\/"]}]},{"@type":"BreadcrumbList","@id":"https:\/\/www.technic-toys.com\/izdelek\/vilicar-110-robusten-mocan-kovinski-vilicar-rc-24-ghz-zvok\/#breadcrumb","itemListElement":[{"@type":"ListItem","position":1,"name":"Domov","item":"https:\/\/www.technic-toys.com\/en\/"},{"@type":"ListItem","position":2,"name":"Shop","item":"https:\/\/www.technic-toys.com\/en\/shop-2\/"},{"@type":"ListItem","position":3,"name":"Vili\u010dar, 1:10, robusten, mo\u010dan, kovinski vili\u010dar, RC 2,4 GHz, zvok"}]},{"@type":"WebSite","@id":"https:\/\/www.technic-toys.com\/en\/#website","url":"https:\/\/www.technic-toys.com\/en\/","name":"TECHNIC-TOYS.com","description":"","potentialAction":[{"@type":"SearchAction","target":{"@type":"EntryPoint","urlTemplate":"https:\/\/www.technic-toys.com\/en\/?s={search_term_string}"},"query-input":"required name=search_term_string"}],"inLanguage":"en-US"}]}},"_links":{"self":[{"href":"https:\/\/www.technic-toys.com\/en\/wp-json\/wp\/v2\/product\/11634"}],"collection":[{"href":"https:\/\/www.technic-toys.com\/en\/wp-json\/wp\/v2\/product"}],"about":[{"href":"https:\/\/www.technic-toys.com\/en\/wp-json\/wp\/v2\/types\/product"}],"wp:featuredmedia":[{"embeddable":true,"href":"https:\/\/www.technic-toys.com\/en\/wp-json\/wp\/v2\/media\/11635"}],"wp:attachment":[{"href":"https:\/\/www.technic-toys.com\/en\/wp-json\/wp\/v2\/media?parent=11634"}],"wp:term":[{"taxonomy":"product_cat","embeddable":true,"href":"https:\/\/www.technic-toys.com\/en\/wp-json\/wp\/v2\/product_cat?post=11634"},{"taxonomy":"product_tag","embeddable":true,"href":"https:\/\/www.technic-toys.com\/en\/wp-json\/wp\/v2\/product_tag?post=11634"}],"curies":[{"name":"wp","href":"https:\/\/api.w.org\/{rel}","templated":true}]}}