{"id":11681,"date":"2022-04-08T16:01:04","date_gmt":"2022-04-08T14:01:04","guid":{"rendered":"https:\/\/www.technic-toys.com\/izdelek\/terminator-monster-truck-brusen-4wd-110-rtr\/"},"modified":"2024-12-04T19:04:22","modified_gmt":"2024-12-04T18:04:22","slug":"terminator-monster-truck-brusen-4wd-110-rtr","status":"publish","type":"product","link":"https:\/\/www.technic-toys.com\/en\/izdelek\/terminator-monster-truck-brusen-4wd-110-rtr\/","title":{"rendered":"Terminator Monster Truck bru\u0161en 4WD 1:10, RTR"},"content":{"rendered":"<p>Terminator, kon\u010dni nadaljnji razvoj preizku\u0161ene in priljubljene Torche! V primerjavi s Torchejem se je vzdr\u017eljivost ponovno pove\u010dala z zamenjavo podvozja z visokokakovostnim aluminijastim ohi\u0161jem! Terminator ima popolnoma nastavljivo \u0161asijo, sprednji in zadnji bla\u017eilniki tlaka olja so opremljeni z aluminijastim pokrovom in so nastavljivi s prilo\u017eenimi sponkami. Zahvaljujo\u010d \u0161tirikolesnemu pogonu 4WD v povezavi z ogromnimi kolesi tovornjaka monster se Terminator prebija skozi skoraj vsak teren in zahvaljujo\u010d vodoodporni elektroniki ga nobena lu\u017ea ne more ustaviti.<br \/>Lastnosti: Visokokakovostno aluminijasto podvozje Aluminijasti zgornji palubi 8x bla\u017eilniki tlaka olja z aluminijastimi pokrovi Bru\u0161en motor 540 23T Hobbywing 40A krmilnik hitrosti vodoodporen Jekleni diferenciali spredaj in zadaj Z 2-kanalnim 2,4GHz daljinskim upravljalnikom<br \/>Tehni\u010dni podatki: Dol\u017eina: 430 mm \u0160irina: 3020 mm Hemm Te\u017ea: 2,0 kg (brez baterije) Medosna razdalja: 275 mm premer kolesa: 125 mm \u0161irina kolesa: 68 mm Prestavno razmerje: 10,3:1 Baterija: 7,2 V 2000 mAh NiMh palica Najve\u010dja hitrost: pribli\u017eno 35 km\/h \u010cas polnjenja: pribl. ure<br \/>Tehni\u010dni podatki ESC: neprekinjena obremenitev: 40A kratkotrajna obremenitev: 180A naprej \/ 90A nazaj Funkcije: naprej \/ nazaj \/ zavora BEC izhod: 5V \/ 2A Delovna napetost: 7.2V &#8211; 7.4V Omejitev motorja: 12T 540 oz. 550 @ 2S LiPo baterijski priklju\u010dek: Tamiya Dimenzije: pribli\u017eno 46,5x34x28,5mm Te\u017ea: 65g W vodotesno: da br \/>Tehni\u010dni podatki servo: Sila pozicioniranja: 6,0 kg @ 6V \u010cas pozicioniranja: 0,18 sekunde \/ @ 6V Prenos: Plasti\u010dno obro\u010d zobnika: 25 zob Sistem priklju\u010dkov: JR Mere: 40,1&#215;20,4&#215;38,6V Napetost < br \/>Daljinski upravljalnik s tehni\u010dnimi podatki: kanali: 2 povratna funkcija: da trim plin\/zavora: da trim krmiljenje: da dvostopenjsko krmiljenje: da dvostopenjski plin\/zavora: ni potrebnih baterij: 8x sprejemnik AA Mignon: 3 kanalni (vodoodporen )<br \/>Obseg dobave: RC monster truck Terminator 2,4GHz pi\u0161tola daljinski upravljalnik NiMH baterijski paket polnilnik bla\u017eilne sponke Podrobna navodila s slikami<\/p>\n","protected":false},"excerpt":{"rendered":"<p>Terminator, kon\u010dni nadaljnji razvoj preizku\u0161ene in priljubljene Torche! V primerjavi s Torchejem se je vzdr\u017eljivost ponovno pove\u010dala z zamenjavo podvozja z visokokakovostnim aluminijastim ohi\u0161jem! Terminator ima popolnoma nastavljivo \u0161asijo, sprednji in zadnji bla\u017eilniki tlaka olja so opremljeni z aluminijastim pokrovom in so nastavljivi s prilo\u017eenimi sponkami. Zahvaljujo\u010d \u0161tirikolesnemu pogonu 4WD v povezavi z ogromnimi kolesi [&hellip;]<\/p>\n","protected":false},"featured_media":11682,"template":"","meta":[],"product_cat":[374,361],"product_tag":[],"acf":[],"yoast_head":"<!-- This site is optimized with the Yoast SEO plugin v21.7 - https:\/\/yoast.com\/wordpress\/plugins\/seo\/ -->\n<title>Terminator Monster Truck bru\u0161en 4WD 1:10, RTR - TECHNIC-TOYS.com<\/title>\n<meta name=\"robots\" content=\"index, follow, max-snippet:-1, max-image-preview:large, max-video-preview:-1\" \/>\n<link rel=\"canonical\" href=\"https:\/\/www.technic-toys.com\/izdelek\/terminator-monster-truck-brusen-4wd-110-rtr\/\" \/>\n<meta property=\"og:locale\" content=\"en_US\" \/>\n<meta property=\"og:type\" content=\"article\" \/>\n<meta property=\"og:title\" content=\"Terminator Monster Truck bru\u0161en 4WD 1:10, RTR - TECHNIC-TOYS.com\" \/>\n<meta property=\"og:description\" content=\"Terminator, kon\u010dni nadaljnji razvoj preizku\u0161ene in priljubljene Torche! V primerjavi s Torchejem se je vzdr\u017eljivost ponovno pove\u010dala z zamenjavo podvozja z visokokakovostnim aluminijastim ohi\u0161jem! Terminator ima popolnoma nastavljivo \u0161asijo, sprednji in zadnji bla\u017eilniki tlaka olja so opremljeni z aluminijastim pokrovom in so nastavljivi s prilo\u017eenimi sponkami. Zahvaljujo\u010d \u0161tirikolesnemu pogonu 4WD v povezavi z ogromnimi kolesi [&hellip;]\" \/>\n<meta property=\"og:url\" content=\"https:\/\/www.technic-toys.com\/izdelek\/terminator-monster-truck-brusen-4wd-110-rtr\/\" \/>\n<meta property=\"og:site_name\" content=\"TECHNIC-TOYS.com\" \/>\n<meta property=\"article:modified_time\" content=\"2024-12-04T18:04:22+00:00\" \/>\n<meta property=\"og:image\" content=\"https:\/\/www.technic-toys.com\/wp-content\/uploads\/2022\/04\/22318.jpg\" \/>\n\t<meta property=\"og:image:width\" content=\"1280\" \/>\n\t<meta property=\"og:image:height\" content=\"734\" \/>\n\t<meta property=\"og:image:type\" content=\"image\/jpeg\" \/>\n<meta name=\"twitter:card\" content=\"summary_large_image\" \/>\n<meta name=\"twitter:label1\" content=\"Est. reading time\" \/>\n\t<meta name=\"twitter:data1\" content=\"1 minute\" \/>\n<script type=\"application\/ld+json\" class=\"yoast-schema-graph\">{\"@context\":\"https:\/\/schema.org\",\"@graph\":[{\"@type\":\"WebPage\",\"@id\":\"https:\/\/www.technic-toys.com\/izdelek\/terminator-monster-truck-brusen-4wd-110-rtr\/\",\"url\":\"https:\/\/www.technic-toys.com\/izdelek\/terminator-monster-truck-brusen-4wd-110-rtr\/\",\"name\":\"Terminator Monster Truck bru\u0161en 4WD 1:10, RTR - TECHNIC-TOYS.com\",\"isPartOf\":{\"@id\":\"https:\/\/www.technic-toys.com\/en\/#website\"},\"datePublished\":\"2022-04-08T14:01:04+00:00\",\"dateModified\":\"2024-12-04T18:04:22+00:00\",\"breadcrumb\":{\"@id\":\"https:\/\/www.technic-toys.com\/izdelek\/terminator-monster-truck-brusen-4wd-110-rtr\/#breadcrumb\"},\"inLanguage\":\"en-US\",\"potentialAction\":[{\"@type\":\"ReadAction\",\"target\":[\"https:\/\/www.technic-toys.com\/izdelek\/terminator-monster-truck-brusen-4wd-110-rtr\/\"]}]},{\"@type\":\"BreadcrumbList\",\"@id\":\"https:\/\/www.technic-toys.com\/izdelek\/terminator-monster-truck-brusen-4wd-110-rtr\/#breadcrumb\",\"itemListElement\":[{\"@type\":\"ListItem\",\"position\":1,\"name\":\"Domov\",\"item\":\"https:\/\/www.technic-toys.com\/en\/\"},{\"@type\":\"ListItem\",\"position\":2,\"name\":\"Shop\",\"item\":\"https:\/\/www.technic-toys.com\/en\/shop-2\/\"},{\"@type\":\"ListItem\",\"position\":3,\"name\":\"Terminator Monster Truck bru\u0161en 4WD 1:10, RTR\"}]},{\"@type\":\"WebSite\",\"@id\":\"https:\/\/www.technic-toys.com\/en\/#website\",\"url\":\"https:\/\/www.technic-toys.com\/en\/\",\"name\":\"TECHNIC-TOYS.com\",\"description\":\"\",\"potentialAction\":[{\"@type\":\"SearchAction\",\"target\":{\"@type\":\"EntryPoint\",\"urlTemplate\":\"https:\/\/www.technic-toys.com\/en\/?s={search_term_string}\"},\"query-input\":\"required name=search_term_string\"}],\"inLanguage\":\"en-US\"}]}<\/script>\n<!-- \/ Yoast SEO plugin. -->","yoast_head_json":{"title":"Terminator Monster Truck bru\u0161en 4WD 1:10, RTR - TECHNIC-TOYS.com","robots":{"index":"index","follow":"follow","max-snippet":"max-snippet:-1","max-image-preview":"max-image-preview:large","max-video-preview":"max-video-preview:-1"},"canonical":"https:\/\/www.technic-toys.com\/izdelek\/terminator-monster-truck-brusen-4wd-110-rtr\/","og_locale":"en_US","og_type":"article","og_title":"Terminator Monster Truck bru\u0161en 4WD 1:10, RTR - TECHNIC-TOYS.com","og_description":"Terminator, kon\u010dni nadaljnji razvoj preizku\u0161ene in priljubljene Torche! V primerjavi s Torchejem se je vzdr\u017eljivost ponovno pove\u010dala z zamenjavo podvozja z visokokakovostnim aluminijastim ohi\u0161jem! Terminator ima popolnoma nastavljivo \u0161asijo, sprednji in zadnji bla\u017eilniki tlaka olja so opremljeni z aluminijastim pokrovom in so nastavljivi s prilo\u017eenimi sponkami. Zahvaljujo\u010d \u0161tirikolesnemu pogonu 4WD v povezavi z ogromnimi kolesi [&hellip;]","og_url":"https:\/\/www.technic-toys.com\/izdelek\/terminator-monster-truck-brusen-4wd-110-rtr\/","og_site_name":"TECHNIC-TOYS.com","article_modified_time":"2024-12-04T18:04:22+00:00","og_image":[{"width":1280,"height":734,"url":"https:\/\/www.technic-toys.com\/wp-content\/uploads\/2022\/04\/22318.jpg","type":"image\/jpeg"}],"twitter_card":"summary_large_image","twitter_misc":{"Est. reading time":"1 minute"},"schema":{"@context":"https:\/\/schema.org","@graph":[{"@type":"WebPage","@id":"https:\/\/www.technic-toys.com\/izdelek\/terminator-monster-truck-brusen-4wd-110-rtr\/","url":"https:\/\/www.technic-toys.com\/izdelek\/terminator-monster-truck-brusen-4wd-110-rtr\/","name":"Terminator Monster Truck bru\u0161en 4WD 1:10, RTR - TECHNIC-TOYS.com","isPartOf":{"@id":"https:\/\/www.technic-toys.com\/en\/#website"},"datePublished":"2022-04-08T14:01:04+00:00","dateModified":"2024-12-04T18:04:22+00:00","breadcrumb":{"@id":"https:\/\/www.technic-toys.com\/izdelek\/terminator-monster-truck-brusen-4wd-110-rtr\/#breadcrumb"},"inLanguage":"en-US","potentialAction":[{"@type":"ReadAction","target":["https:\/\/www.technic-toys.com\/izdelek\/terminator-monster-truck-brusen-4wd-110-rtr\/"]}]},{"@type":"BreadcrumbList","@id":"https:\/\/www.technic-toys.com\/izdelek\/terminator-monster-truck-brusen-4wd-110-rtr\/#breadcrumb","itemListElement":[{"@type":"ListItem","position":1,"name":"Domov","item":"https:\/\/www.technic-toys.com\/en\/"},{"@type":"ListItem","position":2,"name":"Shop","item":"https:\/\/www.technic-toys.com\/en\/shop-2\/"},{"@type":"ListItem","position":3,"name":"Terminator Monster Truck bru\u0161en 4WD 1:10, RTR"}]},{"@type":"WebSite","@id":"https:\/\/www.technic-toys.com\/en\/#website","url":"https:\/\/www.technic-toys.com\/en\/","name":"TECHNIC-TOYS.com","description":"","potentialAction":[{"@type":"SearchAction","target":{"@type":"EntryPoint","urlTemplate":"https:\/\/www.technic-toys.com\/en\/?s={search_term_string}"},"query-input":"required name=search_term_string"}],"inLanguage":"en-US"}]}},"_links":{"self":[{"href":"https:\/\/www.technic-toys.com\/en\/wp-json\/wp\/v2\/product\/11681"}],"collection":[{"href":"https:\/\/www.technic-toys.com\/en\/wp-json\/wp\/v2\/product"}],"about":[{"href":"https:\/\/www.technic-toys.com\/en\/wp-json\/wp\/v2\/types\/product"}],"wp:featuredmedia":[{"embeddable":true,"href":"https:\/\/www.technic-toys.com\/en\/wp-json\/wp\/v2\/media\/11682"}],"wp:attachment":[{"href":"https:\/\/www.technic-toys.com\/en\/wp-json\/wp\/v2\/media?parent=11681"}],"wp:term":[{"taxonomy":"product_cat","embeddable":true,"href":"https:\/\/www.technic-toys.com\/en\/wp-json\/wp\/v2\/product_cat?post=11681"},{"taxonomy":"product_tag","embeddable":true,"href":"https:\/\/www.technic-toys.com\/en\/wp-json\/wp\/v2\/product_tag?post=11681"}],"curies":[{"name":"wp","href":"https:\/\/api.w.org\/{rel}","templated":true}]}}