{"id":11691,"date":"2022-04-08T16:01:04","date_gmt":"2022-04-08T14:01:04","guid":{"rendered":"https:\/\/www.technic-toys.com\/izdelek\/dune-breaker-sand-buggy-brusen-4wd-110\/"},"modified":"2024-12-04T19:04:23","modified_gmt":"2024-12-04T18:04:23","slug":"dune-breaker-sand-buggy-brusen-4wd-110","status":"publish","type":"product","link":"https:\/\/www.technic-toys.com\/en\/izdelek\/dune-breaker-sand-buggy-brusen-4wd-110\/","title":{"rendered":"Dune Breaker Sand Buggy bru\u0161en, 4WD 1:10"},"content":{"rendered":"<p>Dune Breaker, ultimativni nadaljnji razvoj preizku\u0161enega Breakerja! V primerjavi z Breakerjem se je vzdr\u017eljivost \u0161e pove\u010dala z zamenjavo \u0161asije z visokokakovostnim aluminijastim ohi\u0161jem! Dune Breaker ima popolnoma nastavljivo podvozje, sprednji in zadnji bla\u017eilniki tlaka olja so nastavljivi z aluminijastim vzmetenjem in zahvaljujo\u010d prilo\u017eenim sponkam. Zahvaljujo\u010d \u0161tirikolesnemu pogonu 4WD se Dune Breaker prebija skozi skoraj vsak teren in zahvaljujo\u010d vodoodporni elektroniki ga nobena lu\u017ea ne more ustaviti. Lastnosti: Visokokakovostno aluminijasto podvozje Aluminijasta zgornja paluba Oljni tla\u010dni amortizerji z aluminijastim vzmetenjem Bru\u0161en motor 540 240THobbywing krmilnik hitrosti vodoodporen Jekleni diferenciali spredaj in zadaj Z 2-kanalnim daljinskim upravljalnikom 2,4 GHz Tehni\u010dni podatki: Mere (Dx\u0160xV): 440x255x162mm Te\u017ea: 1,9 kg (brez baterije) Medosna razdalja: 265 mm Odmik od tal: 26 mm Bah. Neprekinjena obremenitev: 40AS Kratkotrajna obremenitev: 180A naprej \/ 90A nazaj Funkcije: naprej \/ vzvratno \/ zavora. Izhod BEC: 5V \/ 2AO Delovna napetost: 7,2 V &#8211; 7,4 V Omejitev motorja: 12T 540 ali 550 @ 2S LiPo priklju\u010dek baterije: 4x25x priklju\u010dek baterije: 4x25x. 5mmTe\u017ea: 65gVodoodpornost: daTehni\u010dni podatki motor: Navitja: 23Tok: 15AVNapetost: 7,2V &#8211; 7,4VSVelikost: 540Valov: 9,6mm \/ \u00d8 3,17mmDimenzije: Dol\u017eina: 54mm \/ 0mm Tehni\u010dni podatki 36. Servo SP6001: Pro\u017eilna sila: 6,0 kg pri 6 V. \u010cas vklopa: 0,18 sekunde \/ @ 6V Prestava: Plasti\u010dno obro\u010d zobnika: 25 zob Sistem \u010depov: JRD Mere: 40,1&#215;20,4x38mm Napetost: 4,8V Technical data transverzalna funkcija &#8211; GT2T. : daTrim plin\/zavora: da Krmiljenje z dvojno hitrostjo: da Dvostopenjski plin\/zavora: ne Zahtevane baterije: 8x AA Mignon Sprejemnik: 3 kanalni (vodoodporen) Obseg dobave: RC Sand Buggy Dune Breaker2,4GHz pi\u0161tola za pi\u0161tolo z daljinskim upravljalnikomCharMH navodila slike<\/p>\n","protected":false},"excerpt":{"rendered":"<p>Dune Breaker, ultimativni nadaljnji razvoj preizku\u0161enega Breakerja! V primerjavi z Breakerjem se je vzdr\u017eljivost \u0161e pove\u010dala z zamenjavo \u0161asije z visokokakovostnim aluminijastim ohi\u0161jem! Dune Breaker ima popolnoma nastavljivo podvozje, sprednji in zadnji bla\u017eilniki tlaka olja so nastavljivi z aluminijastim vzmetenjem in zahvaljujo\u010d prilo\u017eenim sponkam. Zahvaljujo\u010d \u0161tirikolesnemu pogonu 4WD se Dune Breaker prebija skozi skoraj vsak [&hellip;]<\/p>\n","protected":false},"featured_media":11692,"template":"","meta":[],"product_cat":[374,361],"product_tag":[],"acf":[],"yoast_head":"<!-- This site is optimized with the Yoast SEO plugin v21.7 - https:\/\/yoast.com\/wordpress\/plugins\/seo\/ -->\n<title>Dune Breaker Sand Buggy bru\u0161en, 4WD 1:10 - TECHNIC-TOYS.com<\/title>\n<meta name=\"robots\" content=\"index, follow, max-snippet:-1, max-image-preview:large, max-video-preview:-1\" \/>\n<link rel=\"canonical\" href=\"https:\/\/www.technic-toys.com\/izdelek\/dune-breaker-sand-buggy-brusen-4wd-110\/\" \/>\n<meta property=\"og:locale\" content=\"en_US\" \/>\n<meta property=\"og:type\" content=\"article\" \/>\n<meta property=\"og:title\" content=\"Dune Breaker Sand Buggy bru\u0161en, 4WD 1:10 - TECHNIC-TOYS.com\" \/>\n<meta property=\"og:description\" content=\"Dune Breaker, ultimativni nadaljnji razvoj preizku\u0161enega Breakerja! V primerjavi z Breakerjem se je vzdr\u017eljivost \u0161e pove\u010dala z zamenjavo \u0161asije z visokokakovostnim aluminijastim ohi\u0161jem! Dune Breaker ima popolnoma nastavljivo podvozje, sprednji in zadnji bla\u017eilniki tlaka olja so nastavljivi z aluminijastim vzmetenjem in zahvaljujo\u010d prilo\u017eenim sponkam. Zahvaljujo\u010d \u0161tirikolesnemu pogonu 4WD se Dune Breaker prebija skozi skoraj vsak [&hellip;]\" \/>\n<meta property=\"og:url\" content=\"https:\/\/www.technic-toys.com\/izdelek\/dune-breaker-sand-buggy-brusen-4wd-110\/\" \/>\n<meta property=\"og:site_name\" content=\"TECHNIC-TOYS.com\" \/>\n<meta property=\"article:modified_time\" content=\"2024-12-04T18:04:23+00:00\" \/>\n<meta property=\"og:image\" content=\"https:\/\/www.technic-toys.com\/wp-content\/uploads\/2022\/04\/22319.jpg\" \/>\n\t<meta property=\"og:image:width\" content=\"2560\" \/>\n\t<meta property=\"og:image:height\" content=\"1468\" \/>\n\t<meta property=\"og:image:type\" content=\"image\/jpeg\" \/>\n<meta name=\"twitter:card\" content=\"summary_large_image\" \/>\n<meta name=\"twitter:label1\" content=\"Est. reading time\" \/>\n\t<meta name=\"twitter:data1\" content=\"1 minute\" \/>\n<script type=\"application\/ld+json\" class=\"yoast-schema-graph\">{\"@context\":\"https:\/\/schema.org\",\"@graph\":[{\"@type\":\"WebPage\",\"@id\":\"https:\/\/www.technic-toys.com\/izdelek\/dune-breaker-sand-buggy-brusen-4wd-110\/\",\"url\":\"https:\/\/www.technic-toys.com\/izdelek\/dune-breaker-sand-buggy-brusen-4wd-110\/\",\"name\":\"Dune Breaker Sand Buggy bru\u0161en, 4WD 1:10 - TECHNIC-TOYS.com\",\"isPartOf\":{\"@id\":\"https:\/\/www.technic-toys.com\/en\/#website\"},\"datePublished\":\"2022-04-08T14:01:04+00:00\",\"dateModified\":\"2024-12-04T18:04:23+00:00\",\"breadcrumb\":{\"@id\":\"https:\/\/www.technic-toys.com\/izdelek\/dune-breaker-sand-buggy-brusen-4wd-110\/#breadcrumb\"},\"inLanguage\":\"en-US\",\"potentialAction\":[{\"@type\":\"ReadAction\",\"target\":[\"https:\/\/www.technic-toys.com\/izdelek\/dune-breaker-sand-buggy-brusen-4wd-110\/\"]}]},{\"@type\":\"BreadcrumbList\",\"@id\":\"https:\/\/www.technic-toys.com\/izdelek\/dune-breaker-sand-buggy-brusen-4wd-110\/#breadcrumb\",\"itemListElement\":[{\"@type\":\"ListItem\",\"position\":1,\"name\":\"Domov\",\"item\":\"https:\/\/www.technic-toys.com\/en\/\"},{\"@type\":\"ListItem\",\"position\":2,\"name\":\"Shop\",\"item\":\"https:\/\/www.technic-toys.com\/en\/shop-2\/\"},{\"@type\":\"ListItem\",\"position\":3,\"name\":\"Dune Breaker Sand Buggy bru\u0161en, 4WD 1:10\"}]},{\"@type\":\"WebSite\",\"@id\":\"https:\/\/www.technic-toys.com\/en\/#website\",\"url\":\"https:\/\/www.technic-toys.com\/en\/\",\"name\":\"TECHNIC-TOYS.com\",\"description\":\"\",\"potentialAction\":[{\"@type\":\"SearchAction\",\"target\":{\"@type\":\"EntryPoint\",\"urlTemplate\":\"https:\/\/www.technic-toys.com\/en\/?s={search_term_string}\"},\"query-input\":\"required name=search_term_string\"}],\"inLanguage\":\"en-US\"}]}<\/script>\n<!-- \/ Yoast SEO plugin. -->","yoast_head_json":{"title":"Dune Breaker Sand Buggy bru\u0161en, 4WD 1:10 - TECHNIC-TOYS.com","robots":{"index":"index","follow":"follow","max-snippet":"max-snippet:-1","max-image-preview":"max-image-preview:large","max-video-preview":"max-video-preview:-1"},"canonical":"https:\/\/www.technic-toys.com\/izdelek\/dune-breaker-sand-buggy-brusen-4wd-110\/","og_locale":"en_US","og_type":"article","og_title":"Dune Breaker Sand Buggy bru\u0161en, 4WD 1:10 - TECHNIC-TOYS.com","og_description":"Dune Breaker, ultimativni nadaljnji razvoj preizku\u0161enega Breakerja! V primerjavi z Breakerjem se je vzdr\u017eljivost \u0161e pove\u010dala z zamenjavo \u0161asije z visokokakovostnim aluminijastim ohi\u0161jem! Dune Breaker ima popolnoma nastavljivo podvozje, sprednji in zadnji bla\u017eilniki tlaka olja so nastavljivi z aluminijastim vzmetenjem in zahvaljujo\u010d prilo\u017eenim sponkam. Zahvaljujo\u010d \u0161tirikolesnemu pogonu 4WD se Dune Breaker prebija skozi skoraj vsak [&hellip;]","og_url":"https:\/\/www.technic-toys.com\/izdelek\/dune-breaker-sand-buggy-brusen-4wd-110\/","og_site_name":"TECHNIC-TOYS.com","article_modified_time":"2024-12-04T18:04:23+00:00","og_image":[{"width":2560,"height":1468,"url":"https:\/\/www.technic-toys.com\/wp-content\/uploads\/2022\/04\/22319.jpg","type":"image\/jpeg"}],"twitter_card":"summary_large_image","twitter_misc":{"Est. reading time":"1 minute"},"schema":{"@context":"https:\/\/schema.org","@graph":[{"@type":"WebPage","@id":"https:\/\/www.technic-toys.com\/izdelek\/dune-breaker-sand-buggy-brusen-4wd-110\/","url":"https:\/\/www.technic-toys.com\/izdelek\/dune-breaker-sand-buggy-brusen-4wd-110\/","name":"Dune Breaker Sand Buggy bru\u0161en, 4WD 1:10 - TECHNIC-TOYS.com","isPartOf":{"@id":"https:\/\/www.technic-toys.com\/en\/#website"},"datePublished":"2022-04-08T14:01:04+00:00","dateModified":"2024-12-04T18:04:23+00:00","breadcrumb":{"@id":"https:\/\/www.technic-toys.com\/izdelek\/dune-breaker-sand-buggy-brusen-4wd-110\/#breadcrumb"},"inLanguage":"en-US","potentialAction":[{"@type":"ReadAction","target":["https:\/\/www.technic-toys.com\/izdelek\/dune-breaker-sand-buggy-brusen-4wd-110\/"]}]},{"@type":"BreadcrumbList","@id":"https:\/\/www.technic-toys.com\/izdelek\/dune-breaker-sand-buggy-brusen-4wd-110\/#breadcrumb","itemListElement":[{"@type":"ListItem","position":1,"name":"Domov","item":"https:\/\/www.technic-toys.com\/en\/"},{"@type":"ListItem","position":2,"name":"Shop","item":"https:\/\/www.technic-toys.com\/en\/shop-2\/"},{"@type":"ListItem","position":3,"name":"Dune Breaker Sand Buggy bru\u0161en, 4WD 1:10"}]},{"@type":"WebSite","@id":"https:\/\/www.technic-toys.com\/en\/#website","url":"https:\/\/www.technic-toys.com\/en\/","name":"TECHNIC-TOYS.com","description":"","potentialAction":[{"@type":"SearchAction","target":{"@type":"EntryPoint","urlTemplate":"https:\/\/www.technic-toys.com\/en\/?s={search_term_string}"},"query-input":"required name=search_term_string"}],"inLanguage":"en-US"}]}},"_links":{"self":[{"href":"https:\/\/www.technic-toys.com\/en\/wp-json\/wp\/v2\/product\/11691"}],"collection":[{"href":"https:\/\/www.technic-toys.com\/en\/wp-json\/wp\/v2\/product"}],"about":[{"href":"https:\/\/www.technic-toys.com\/en\/wp-json\/wp\/v2\/types\/product"}],"wp:featuredmedia":[{"embeddable":true,"href":"https:\/\/www.technic-toys.com\/en\/wp-json\/wp\/v2\/media\/11692"}],"wp:attachment":[{"href":"https:\/\/www.technic-toys.com\/en\/wp-json\/wp\/v2\/media?parent=11691"}],"wp:term":[{"taxonomy":"product_cat","embeddable":true,"href":"https:\/\/www.technic-toys.com\/en\/wp-json\/wp\/v2\/product_cat?post=11691"},{"taxonomy":"product_tag","embeddable":true,"href":"https:\/\/www.technic-toys.com\/en\/wp-json\/wp\/v2\/product_tag?post=11691"}],"curies":[{"name":"wp","href":"https:\/\/api.w.org\/{rel}","templated":true}]}}