{"id":11820,"date":"2022-04-08T16:01:04","date_gmt":"2022-04-08T14:01:04","guid":{"rendered":"https:\/\/www.technic-toys.com\/izdelek\/amxrock-cruiser-srebrno-siva-110-rtr\/"},"modified":"2024-12-04T19:04:19","modified_gmt":"2024-12-04T18:04:19","slug":"amxrock-cruiser-srebrno-siva-110-rtr","status":"publish","type":"product","link":"https:\/\/www.technic-toys.com\/en\/izdelek\/amxrock-cruiser-srebrno-siva-110-rtr\/","title":{"rendered":"AMXRock Cruiser srebrno siva 1:10, RTR"},"content":{"rendered":"<p>Ta nova serija gosenic RTR podjetja Amewi vklju\u010duje vse, kar potrebujete za plazenje! Visokokakovostna oprema v kombinaciji z vrhunsko tehnologijo, kot so vodotesen krmilnik Hobbywing WP-1625, za\u0161\u010diten 3 kg krmilni servo, 1500 mAh 7,2 V baterija, fino nastavljiv 2,4 GHz sprejemnik in kovinsko ohi\u0161je dopolnjujejo ta odli\u010den paket. Krmilnik ima prelom v gorah, ki prepre\u010duje, da bi se zapeljal po cesti. V povezavi z mehkimi pnevmatikami z visokim oprijemom in visokim odmikom od tal je to rezultat super vstopnega paketa v zanimiv svet goseni\u010darjev in skalerjev. Vozilo ima izjemne plezalne lastnosti, mo\u017eni naklon pa naredi model vrhunski terenski izdelek, ki ne pu\u0161\u010da ni\u010d \u017eelenega. Vozilo je tovarni\u0161ko opremljeno tudi s sistemom LED osvetlitve V\/H. Celotna struktura modela je omejena na bistveno in je zato idealna tudi za absolutne za\u010detnike! Videz modela temelji na dobro znanem Defenderju. Vse nalepke so \u017ee prilo\u017eene. Samo baterijo je treba napolniti in oddajnik opremiti z baterijami, potem lahko za\u010dnete! Tehni\u010dni podatki: Dol\u017eina: 440 mm \u0160irina: 200 mm Vi\u0161ina: 245 mm Medosna razdalja: 260 mm Odmik od tal: 65 mm Zni\u017eanje prestav: 1:77 Baterija: 7.2VhTraight of Weight: 7.2Vh2Scope. : Vozilo pripravljeno za vo\u017enjo Oddajnik 2,4 GHz Baterija NiMH polnilnik Navodila za uporabo (nem\u0161\u010dina\/angle\u0161\u010dina) Potrebna dodatna oprema 4x AA baterije za oddajnik<\/p>\n","protected":false},"excerpt":{"rendered":"<p>Ta nova serija gosenic RTR podjetja Amewi vklju\u010duje vse, kar potrebujete za plazenje! Visokokakovostna oprema v kombinaciji z vrhunsko tehnologijo, kot so vodotesen krmilnik Hobbywing WP-1625, za\u0161\u010diten 3 kg krmilni servo, 1500 mAh 7,2 V baterija, fino nastavljiv 2,4 GHz sprejemnik in kovinsko ohi\u0161je dopolnjujejo ta odli\u010den paket. Krmilnik ima prelom v gorah, ki prepre\u010duje, [&hellip;]<\/p>\n","protected":false},"featured_media":11821,"template":"","meta":[],"product_cat":[374,361],"product_tag":[],"acf":[],"yoast_head":"<!-- This site is optimized with the Yoast SEO plugin v21.7 - https:\/\/yoast.com\/wordpress\/plugins\/seo\/ -->\n<title>AMXRock Cruiser srebrno siva 1:10, RTR - TECHNIC-TOYS.com<\/title>\n<meta name=\"robots\" content=\"index, follow, max-snippet:-1, max-image-preview:large, max-video-preview:-1\" \/>\n<link rel=\"canonical\" href=\"https:\/\/www.technic-toys.com\/izdelek\/amxrock-cruiser-srebrno-siva-110-rtr\/\" \/>\n<meta property=\"og:locale\" content=\"en_US\" \/>\n<meta property=\"og:type\" content=\"article\" \/>\n<meta property=\"og:title\" content=\"AMXRock Cruiser srebrno siva 1:10, RTR - TECHNIC-TOYS.com\" \/>\n<meta property=\"og:description\" content=\"Ta nova serija gosenic RTR podjetja Amewi vklju\u010duje vse, kar potrebujete za plazenje! Visokokakovostna oprema v kombinaciji z vrhunsko tehnologijo, kot so vodotesen krmilnik Hobbywing WP-1625, za\u0161\u010diten 3 kg krmilni servo, 1500 mAh 7,2 V baterija, fino nastavljiv 2,4 GHz sprejemnik in kovinsko ohi\u0161je dopolnjujejo ta odli\u010den paket. Krmilnik ima prelom v gorah, ki prepre\u010duje, [&hellip;]\" \/>\n<meta property=\"og:url\" content=\"https:\/\/www.technic-toys.com\/izdelek\/amxrock-cruiser-srebrno-siva-110-rtr\/\" \/>\n<meta property=\"og:site_name\" content=\"TECHNIC-TOYS.com\" \/>\n<meta property=\"article:modified_time\" content=\"2024-12-04T18:04:19+00:00\" \/>\n<meta property=\"og:image\" content=\"https:\/\/www.technic-toys.com\/wp-content\/uploads\/2022\/04\/22335.jpg\" \/>\n\t<meta property=\"og:image:width\" content=\"1280\" \/>\n\t<meta property=\"og:image:height\" content=\"734\" \/>\n\t<meta property=\"og:image:type\" content=\"image\/jpeg\" \/>\n<meta name=\"twitter:card\" content=\"summary_large_image\" \/>\n<meta name=\"twitter:label1\" content=\"Est. reading time\" \/>\n\t<meta name=\"twitter:data1\" content=\"1 minute\" \/>\n<script type=\"application\/ld+json\" class=\"yoast-schema-graph\">{\"@context\":\"https:\/\/schema.org\",\"@graph\":[{\"@type\":\"WebPage\",\"@id\":\"https:\/\/www.technic-toys.com\/izdelek\/amxrock-cruiser-srebrno-siva-110-rtr\/\",\"url\":\"https:\/\/www.technic-toys.com\/izdelek\/amxrock-cruiser-srebrno-siva-110-rtr\/\",\"name\":\"AMXRock Cruiser srebrno siva 1:10, RTR - TECHNIC-TOYS.com\",\"isPartOf\":{\"@id\":\"https:\/\/www.technic-toys.com\/en\/#website\"},\"datePublished\":\"2022-04-08T14:01:04+00:00\",\"dateModified\":\"2024-12-04T18:04:19+00:00\",\"breadcrumb\":{\"@id\":\"https:\/\/www.technic-toys.com\/izdelek\/amxrock-cruiser-srebrno-siva-110-rtr\/#breadcrumb\"},\"inLanguage\":\"en-US\",\"potentialAction\":[{\"@type\":\"ReadAction\",\"target\":[\"https:\/\/www.technic-toys.com\/izdelek\/amxrock-cruiser-srebrno-siva-110-rtr\/\"]}]},{\"@type\":\"BreadcrumbList\",\"@id\":\"https:\/\/www.technic-toys.com\/izdelek\/amxrock-cruiser-srebrno-siva-110-rtr\/#breadcrumb\",\"itemListElement\":[{\"@type\":\"ListItem\",\"position\":1,\"name\":\"Domov\",\"item\":\"https:\/\/www.technic-toys.com\/en\/\"},{\"@type\":\"ListItem\",\"position\":2,\"name\":\"Shop\",\"item\":\"https:\/\/www.technic-toys.com\/en\/shop-2\/\"},{\"@type\":\"ListItem\",\"position\":3,\"name\":\"AMXRock Cruiser srebrno siva 1:10, RTR\"}]},{\"@type\":\"WebSite\",\"@id\":\"https:\/\/www.technic-toys.com\/en\/#website\",\"url\":\"https:\/\/www.technic-toys.com\/en\/\",\"name\":\"TECHNIC-TOYS.com\",\"description\":\"\",\"potentialAction\":[{\"@type\":\"SearchAction\",\"target\":{\"@type\":\"EntryPoint\",\"urlTemplate\":\"https:\/\/www.technic-toys.com\/en\/?s={search_term_string}\"},\"query-input\":\"required name=search_term_string\"}],\"inLanguage\":\"en-US\"}]}<\/script>\n<!-- \/ Yoast SEO plugin. -->","yoast_head_json":{"title":"AMXRock Cruiser srebrno siva 1:10, RTR - TECHNIC-TOYS.com","robots":{"index":"index","follow":"follow","max-snippet":"max-snippet:-1","max-image-preview":"max-image-preview:large","max-video-preview":"max-video-preview:-1"},"canonical":"https:\/\/www.technic-toys.com\/izdelek\/amxrock-cruiser-srebrno-siva-110-rtr\/","og_locale":"en_US","og_type":"article","og_title":"AMXRock Cruiser srebrno siva 1:10, RTR - TECHNIC-TOYS.com","og_description":"Ta nova serija gosenic RTR podjetja Amewi vklju\u010duje vse, kar potrebujete za plazenje! Visokokakovostna oprema v kombinaciji z vrhunsko tehnologijo, kot so vodotesen krmilnik Hobbywing WP-1625, za\u0161\u010diten 3 kg krmilni servo, 1500 mAh 7,2 V baterija, fino nastavljiv 2,4 GHz sprejemnik in kovinsko ohi\u0161je dopolnjujejo ta odli\u010den paket. Krmilnik ima prelom v gorah, ki prepre\u010duje, [&hellip;]","og_url":"https:\/\/www.technic-toys.com\/izdelek\/amxrock-cruiser-srebrno-siva-110-rtr\/","og_site_name":"TECHNIC-TOYS.com","article_modified_time":"2024-12-04T18:04:19+00:00","og_image":[{"width":1280,"height":734,"url":"https:\/\/www.technic-toys.com\/wp-content\/uploads\/2022\/04\/22335.jpg","type":"image\/jpeg"}],"twitter_card":"summary_large_image","twitter_misc":{"Est. reading time":"1 minute"},"schema":{"@context":"https:\/\/schema.org","@graph":[{"@type":"WebPage","@id":"https:\/\/www.technic-toys.com\/izdelek\/amxrock-cruiser-srebrno-siva-110-rtr\/","url":"https:\/\/www.technic-toys.com\/izdelek\/amxrock-cruiser-srebrno-siva-110-rtr\/","name":"AMXRock Cruiser srebrno siva 1:10, RTR - TECHNIC-TOYS.com","isPartOf":{"@id":"https:\/\/www.technic-toys.com\/en\/#website"},"datePublished":"2022-04-08T14:01:04+00:00","dateModified":"2024-12-04T18:04:19+00:00","breadcrumb":{"@id":"https:\/\/www.technic-toys.com\/izdelek\/amxrock-cruiser-srebrno-siva-110-rtr\/#breadcrumb"},"inLanguage":"en-US","potentialAction":[{"@type":"ReadAction","target":["https:\/\/www.technic-toys.com\/izdelek\/amxrock-cruiser-srebrno-siva-110-rtr\/"]}]},{"@type":"BreadcrumbList","@id":"https:\/\/www.technic-toys.com\/izdelek\/amxrock-cruiser-srebrno-siva-110-rtr\/#breadcrumb","itemListElement":[{"@type":"ListItem","position":1,"name":"Domov","item":"https:\/\/www.technic-toys.com\/en\/"},{"@type":"ListItem","position":2,"name":"Shop","item":"https:\/\/www.technic-toys.com\/en\/shop-2\/"},{"@type":"ListItem","position":3,"name":"AMXRock Cruiser srebrno siva 1:10, RTR"}]},{"@type":"WebSite","@id":"https:\/\/www.technic-toys.com\/en\/#website","url":"https:\/\/www.technic-toys.com\/en\/","name":"TECHNIC-TOYS.com","description":"","potentialAction":[{"@type":"SearchAction","target":{"@type":"EntryPoint","urlTemplate":"https:\/\/www.technic-toys.com\/en\/?s={search_term_string}"},"query-input":"required name=search_term_string"}],"inLanguage":"en-US"}]}},"_links":{"self":[{"href":"https:\/\/www.technic-toys.com\/en\/wp-json\/wp\/v2\/product\/11820"}],"collection":[{"href":"https:\/\/www.technic-toys.com\/en\/wp-json\/wp\/v2\/product"}],"about":[{"href":"https:\/\/www.technic-toys.com\/en\/wp-json\/wp\/v2\/types\/product"}],"wp:featuredmedia":[{"embeddable":true,"href":"https:\/\/www.technic-toys.com\/en\/wp-json\/wp\/v2\/media\/11821"}],"wp:attachment":[{"href":"https:\/\/www.technic-toys.com\/en\/wp-json\/wp\/v2\/media?parent=11820"}],"wp:term":[{"taxonomy":"product_cat","embeddable":true,"href":"https:\/\/www.technic-toys.com\/en\/wp-json\/wp\/v2\/product_cat?post=11820"},{"taxonomy":"product_tag","embeddable":true,"href":"https:\/\/www.technic-toys.com\/en\/wp-json\/wp\/v2\/product_tag?post=11820"}],"curies":[{"name":"wp","href":"https:\/\/api.w.org\/{rel}","templated":true}]}}