{"id":11830,"date":"2022-04-08T16:01:04","date_gmt":"2022-04-08T14:01:04","guid":{"rendered":"https:\/\/www.technic-toys.com\/izdelek\/amxrock-wy1044-4x4-gosenica-110-rtr\/"},"modified":"2024-12-04T19:04:20","modified_gmt":"2024-12-04T18:04:20","slug":"amxrock-wy1044-4x4-gosenica-110-rtr","status":"publish","type":"product","link":"https:\/\/www.technic-toys.com\/en\/izdelek\/amxrock-wy1044-4x4-gosenica-110-rtr\/","title":{"rendered":"AMXRock WY1044 4&#215;4 gosenica 1:10, RTR"},"content":{"rendered":"<p>Ta odli\u010dna replika znanega terenskega vozila iz druge svetovne vojne navdu\u0161uje s svojo prefinjeno tehnologijo in \u010dudovitim dizajnom! Krmilnik in mo\u010dan krmilni servo sta WP (odporna na \u0161kropljenje), ohi\u0161je pa je kovinsko. \u010crno pobarvana plati\u0161\u010da so opremljena s super mehkimi pnevmatikami za gosenice in nudijo izjemen oprijem na kateri koli povr\u0161ini.Prilo\u017eeni oddajnik 2,4 GHz je opremljen s 3 kanali in ponuja tudi 3-fazno stikalo. Poleg tega lahko funkcije, kot sta plin in krmiljenje, prilagodite s funkcijo dvojne stopnje v kon\u010dnem izhodu! Zmogljiv motor v kombinaciji s Hobbywing WP-1625 ESC zagotavlja zelo ob\u010dutljivo rokovanje. Gorska zavora krmilnika prav tako prepre\u010duje kotaljenje modela po strmem terenu. Tehni\u010dni podatki: Dol\u017eina: 480 mm \u0160irina: 220 mm Vi\u0161ina: 240 mm Medosna razdalja: 297 mm Odmik od tal: 65 mm Zni\u017eanje prestav: 1:56 Baterija: 7,2 V 150 mm Dostava: Dostava: 7.2 V 150 mm do 150 mm. , 4GHz oddajnik Baterija NiMH polnilnik Navodila za uporabo (nem\u0161\u010dina\/angle\u0161\u010dina) Potrebna dodatna oprema 4x AA baterije za oddajnik<\/p>\n","protected":false},"excerpt":{"rendered":"<p>Ta odli\u010dna replika znanega terenskega vozila iz druge svetovne vojne navdu\u0161uje s svojo prefinjeno tehnologijo in \u010dudovitim dizajnom! Krmilnik in mo\u010dan krmilni servo sta WP (odporna na \u0161kropljenje), ohi\u0161je pa je kovinsko. \u010crno pobarvana plati\u0161\u010da so opremljena s super mehkimi pnevmatikami za gosenice in nudijo izjemen oprijem na kateri koli povr\u0161ini.Prilo\u017eeni oddajnik 2,4 GHz je [&hellip;]<\/p>\n","protected":false},"featured_media":11831,"template":"","meta":[],"product_cat":[374,361],"product_tag":[],"acf":[],"yoast_head":"<!-- This site is optimized with the Yoast SEO plugin v21.7 - https:\/\/yoast.com\/wordpress\/plugins\/seo\/ -->\n<title>AMXRock WY1044 4x4 gosenica 1:10, RTR - TECHNIC-TOYS.com<\/title>\n<meta name=\"robots\" content=\"index, follow, max-snippet:-1, max-image-preview:large, max-video-preview:-1\" \/>\n<link rel=\"canonical\" href=\"https:\/\/www.technic-toys.com\/izdelek\/amxrock-wy1044-4x4-gosenica-110-rtr\/\" \/>\n<meta property=\"og:locale\" content=\"en_US\" \/>\n<meta property=\"og:type\" content=\"article\" \/>\n<meta property=\"og:title\" content=\"AMXRock WY1044 4x4 gosenica 1:10, RTR - TECHNIC-TOYS.com\" \/>\n<meta property=\"og:description\" content=\"Ta odli\u010dna replika znanega terenskega vozila iz druge svetovne vojne navdu\u0161uje s svojo prefinjeno tehnologijo in \u010dudovitim dizajnom! Krmilnik in mo\u010dan krmilni servo sta WP (odporna na \u0161kropljenje), ohi\u0161je pa je kovinsko. \u010crno pobarvana plati\u0161\u010da so opremljena s super mehkimi pnevmatikami za gosenice in nudijo izjemen oprijem na kateri koli povr\u0161ini.Prilo\u017eeni oddajnik 2,4 GHz je [&hellip;]\" \/>\n<meta property=\"og:url\" content=\"https:\/\/www.technic-toys.com\/izdelek\/amxrock-wy1044-4x4-gosenica-110-rtr\/\" \/>\n<meta property=\"og:site_name\" content=\"TECHNIC-TOYS.com\" \/>\n<meta property=\"article:modified_time\" content=\"2024-12-04T18:04:20+00:00\" \/>\n<meta property=\"og:image\" content=\"https:\/\/www.technic-toys.com\/wp-content\/uploads\/2022\/04\/22336.jpg\" \/>\n\t<meta property=\"og:image:width\" content=\"1280\" \/>\n\t<meta property=\"og:image:height\" content=\"734\" \/>\n\t<meta property=\"og:image:type\" content=\"image\/jpeg\" \/>\n<meta name=\"twitter:card\" content=\"summary_large_image\" \/>\n<meta name=\"twitter:label1\" content=\"Est. reading time\" \/>\n\t<meta name=\"twitter:data1\" content=\"1 minute\" \/>\n<script type=\"application\/ld+json\" class=\"yoast-schema-graph\">{\"@context\":\"https:\/\/schema.org\",\"@graph\":[{\"@type\":\"WebPage\",\"@id\":\"https:\/\/www.technic-toys.com\/izdelek\/amxrock-wy1044-4x4-gosenica-110-rtr\/\",\"url\":\"https:\/\/www.technic-toys.com\/izdelek\/amxrock-wy1044-4x4-gosenica-110-rtr\/\",\"name\":\"AMXRock WY1044 4x4 gosenica 1:10, RTR - TECHNIC-TOYS.com\",\"isPartOf\":{\"@id\":\"https:\/\/www.technic-toys.com\/en\/#website\"},\"datePublished\":\"2022-04-08T14:01:04+00:00\",\"dateModified\":\"2024-12-04T18:04:20+00:00\",\"breadcrumb\":{\"@id\":\"https:\/\/www.technic-toys.com\/izdelek\/amxrock-wy1044-4x4-gosenica-110-rtr\/#breadcrumb\"},\"inLanguage\":\"en-US\",\"potentialAction\":[{\"@type\":\"ReadAction\",\"target\":[\"https:\/\/www.technic-toys.com\/izdelek\/amxrock-wy1044-4x4-gosenica-110-rtr\/\"]}]},{\"@type\":\"BreadcrumbList\",\"@id\":\"https:\/\/www.technic-toys.com\/izdelek\/amxrock-wy1044-4x4-gosenica-110-rtr\/#breadcrumb\",\"itemListElement\":[{\"@type\":\"ListItem\",\"position\":1,\"name\":\"Domov\",\"item\":\"https:\/\/www.technic-toys.com\/en\/\"},{\"@type\":\"ListItem\",\"position\":2,\"name\":\"Shop\",\"item\":\"https:\/\/www.technic-toys.com\/en\/shop-2\/\"},{\"@type\":\"ListItem\",\"position\":3,\"name\":\"AMXRock WY1044 4&#215;4 gosenica 1:10, RTR\"}]},{\"@type\":\"WebSite\",\"@id\":\"https:\/\/www.technic-toys.com\/en\/#website\",\"url\":\"https:\/\/www.technic-toys.com\/en\/\",\"name\":\"TECHNIC-TOYS.com\",\"description\":\"\",\"potentialAction\":[{\"@type\":\"SearchAction\",\"target\":{\"@type\":\"EntryPoint\",\"urlTemplate\":\"https:\/\/www.technic-toys.com\/en\/?s={search_term_string}\"},\"query-input\":\"required name=search_term_string\"}],\"inLanguage\":\"en-US\"}]}<\/script>\n<!-- \/ Yoast SEO plugin. -->","yoast_head_json":{"title":"AMXRock WY1044 4x4 gosenica 1:10, RTR - TECHNIC-TOYS.com","robots":{"index":"index","follow":"follow","max-snippet":"max-snippet:-1","max-image-preview":"max-image-preview:large","max-video-preview":"max-video-preview:-1"},"canonical":"https:\/\/www.technic-toys.com\/izdelek\/amxrock-wy1044-4x4-gosenica-110-rtr\/","og_locale":"en_US","og_type":"article","og_title":"AMXRock WY1044 4x4 gosenica 1:10, RTR - TECHNIC-TOYS.com","og_description":"Ta odli\u010dna replika znanega terenskega vozila iz druge svetovne vojne navdu\u0161uje s svojo prefinjeno tehnologijo in \u010dudovitim dizajnom! Krmilnik in mo\u010dan krmilni servo sta WP (odporna na \u0161kropljenje), ohi\u0161je pa je kovinsko. \u010crno pobarvana plati\u0161\u010da so opremljena s super mehkimi pnevmatikami za gosenice in nudijo izjemen oprijem na kateri koli povr\u0161ini.Prilo\u017eeni oddajnik 2,4 GHz je [&hellip;]","og_url":"https:\/\/www.technic-toys.com\/izdelek\/amxrock-wy1044-4x4-gosenica-110-rtr\/","og_site_name":"TECHNIC-TOYS.com","article_modified_time":"2024-12-04T18:04:20+00:00","og_image":[{"width":1280,"height":734,"url":"https:\/\/www.technic-toys.com\/wp-content\/uploads\/2022\/04\/22336.jpg","type":"image\/jpeg"}],"twitter_card":"summary_large_image","twitter_misc":{"Est. reading time":"1 minute"},"schema":{"@context":"https:\/\/schema.org","@graph":[{"@type":"WebPage","@id":"https:\/\/www.technic-toys.com\/izdelek\/amxrock-wy1044-4x4-gosenica-110-rtr\/","url":"https:\/\/www.technic-toys.com\/izdelek\/amxrock-wy1044-4x4-gosenica-110-rtr\/","name":"AMXRock WY1044 4x4 gosenica 1:10, RTR - TECHNIC-TOYS.com","isPartOf":{"@id":"https:\/\/www.technic-toys.com\/en\/#website"},"datePublished":"2022-04-08T14:01:04+00:00","dateModified":"2024-12-04T18:04:20+00:00","breadcrumb":{"@id":"https:\/\/www.technic-toys.com\/izdelek\/amxrock-wy1044-4x4-gosenica-110-rtr\/#breadcrumb"},"inLanguage":"en-US","potentialAction":[{"@type":"ReadAction","target":["https:\/\/www.technic-toys.com\/izdelek\/amxrock-wy1044-4x4-gosenica-110-rtr\/"]}]},{"@type":"BreadcrumbList","@id":"https:\/\/www.technic-toys.com\/izdelek\/amxrock-wy1044-4x4-gosenica-110-rtr\/#breadcrumb","itemListElement":[{"@type":"ListItem","position":1,"name":"Domov","item":"https:\/\/www.technic-toys.com\/en\/"},{"@type":"ListItem","position":2,"name":"Shop","item":"https:\/\/www.technic-toys.com\/en\/shop-2\/"},{"@type":"ListItem","position":3,"name":"AMXRock WY1044 4&#215;4 gosenica 1:10, RTR"}]},{"@type":"WebSite","@id":"https:\/\/www.technic-toys.com\/en\/#website","url":"https:\/\/www.technic-toys.com\/en\/","name":"TECHNIC-TOYS.com","description":"","potentialAction":[{"@type":"SearchAction","target":{"@type":"EntryPoint","urlTemplate":"https:\/\/www.technic-toys.com\/en\/?s={search_term_string}"},"query-input":"required name=search_term_string"}],"inLanguage":"en-US"}]}},"_links":{"self":[{"href":"https:\/\/www.technic-toys.com\/en\/wp-json\/wp\/v2\/product\/11830"}],"collection":[{"href":"https:\/\/www.technic-toys.com\/en\/wp-json\/wp\/v2\/product"}],"about":[{"href":"https:\/\/www.technic-toys.com\/en\/wp-json\/wp\/v2\/types\/product"}],"wp:featuredmedia":[{"embeddable":true,"href":"https:\/\/www.technic-toys.com\/en\/wp-json\/wp\/v2\/media\/11831"}],"wp:attachment":[{"href":"https:\/\/www.technic-toys.com\/en\/wp-json\/wp\/v2\/media?parent=11830"}],"wp:term":[{"taxonomy":"product_cat","embeddable":true,"href":"https:\/\/www.technic-toys.com\/en\/wp-json\/wp\/v2\/product_cat?post=11830"},{"taxonomy":"product_tag","embeddable":true,"href":"https:\/\/www.technic-toys.com\/en\/wp-json\/wp\/v2\/product_tag?post=11830"}],"curies":[{"name":"wp","href":"https:\/\/api.w.org\/{rel}","templated":true}]}}