{"id":11862,"date":"2022-04-08T16:01:04","date_gmt":"2022-04-08T14:01:04","guid":{"rendered":"https:\/\/www.technic-toys.com\/izdelek\/amxrock-rockhammer-crawler-110-rtr-modra\/"},"modified":"2024-12-04T19:04:21","modified_gmt":"2024-12-04T18:04:21","slug":"amxrock-rockhammer-crawler-110-rtr-modra","status":"publish","type":"product","link":"https:\/\/www.technic-toys.com\/en\/izdelek\/amxrock-rockhammer-crawler-110-rtr-modra\/","title":{"rendered":"AMXRock RockHammer Crawler 1:10, RTR, modra"},"content":{"rendered":"<p>AMXRock Rock Hammer Crawler 1:10, RTR Rock Hammer v merilu 1:10 lahko premaga skoraj vsako oviro zahvaljujo\u010d svojim ogromnim terenskim kolesom (140 mm) in 80 mm oddaljenosti od tal. Podvozje z ve\u010dvodilnim vzmetenjem omogo\u010da maksimalno zvijanje, zaradi \u010desar je gosenica zelo okretna. Rock Hammer je pripravljen za vo\u017enjo. Samo napolnite pogonsko baterijo, baterije v daljinskem upravljalniku (niso prilo\u017eene) in lahko se podate na pot. Lastnosti: podvozje iz aluminijastega okvirja Multi-link vzmetenje 4-kolesni pogon na vsa kolesa s teleskopskimi gredi Plasti\u010dna kletka za za\u0161\u010dito Kolesa s premerom 140 mm Nizka te\u017enost zasnova glavne prestave 80mm Oddaljenost od tal Kokpit z vozniki540 bru\u0161en motor 9kg krmilni servoTa videoposnetek je vdelan z Youtube.<\/p>\n","protected":false},"excerpt":{"rendered":"<p>AMXRock Rock Hammer Crawler 1:10, RTR Rock Hammer v merilu 1:10 lahko premaga skoraj vsako oviro zahvaljujo\u010d svojim ogromnim terenskim kolesom (140 mm) in 80 mm oddaljenosti od tal. Podvozje z ve\u010dvodilnim vzmetenjem omogo\u010da maksimalno zvijanje, zaradi \u010desar je gosenica zelo okretna. Rock Hammer je pripravljen za vo\u017enjo. Samo napolnite pogonsko baterijo, baterije v daljinskem [&hellip;]<\/p>\n","protected":false},"featured_media":11863,"template":"","meta":[],"product_cat":[374,361],"product_tag":[],"acf":[],"yoast_head":"<!-- This site is optimized with the Yoast SEO plugin v21.7 - https:\/\/yoast.com\/wordpress\/plugins\/seo\/ -->\n<title>AMXRock RockHammer Crawler 1:10, RTR, modra - TECHNIC-TOYS.com<\/title>\n<meta name=\"robots\" content=\"index, follow, max-snippet:-1, max-image-preview:large, max-video-preview:-1\" \/>\n<link rel=\"canonical\" href=\"https:\/\/www.technic-toys.com\/izdelek\/amxrock-rockhammer-crawler-110-rtr-modra\/\" \/>\n<meta property=\"og:locale\" content=\"en_US\" \/>\n<meta property=\"og:type\" content=\"article\" \/>\n<meta property=\"og:title\" content=\"AMXRock RockHammer Crawler 1:10, RTR, modra - TECHNIC-TOYS.com\" \/>\n<meta property=\"og:description\" content=\"AMXRock Rock Hammer Crawler 1:10, RTR Rock Hammer v merilu 1:10 lahko premaga skoraj vsako oviro zahvaljujo\u010d svojim ogromnim terenskim kolesom (140 mm) in 80 mm oddaljenosti od tal. Podvozje z ve\u010dvodilnim vzmetenjem omogo\u010da maksimalno zvijanje, zaradi \u010desar je gosenica zelo okretna. Rock Hammer je pripravljen za vo\u017enjo. Samo napolnite pogonsko baterijo, baterije v daljinskem [&hellip;]\" \/>\n<meta property=\"og:url\" content=\"https:\/\/www.technic-toys.com\/izdelek\/amxrock-rockhammer-crawler-110-rtr-modra\/\" \/>\n<meta property=\"og:site_name\" content=\"TECHNIC-TOYS.com\" \/>\n<meta property=\"article:modified_time\" content=\"2024-12-04T18:04:21+00:00\" \/>\n<meta property=\"og:image\" content=\"https:\/\/www.technic-toys.com\/wp-content\/uploads\/2022\/04\/22342.jpg\" \/>\n\t<meta property=\"og:image:width\" content=\"1280\" \/>\n\t<meta property=\"og:image:height\" content=\"734\" \/>\n\t<meta property=\"og:image:type\" content=\"image\/jpeg\" \/>\n<meta name=\"twitter:card\" content=\"summary_large_image\" \/>\n<meta name=\"twitter:label1\" content=\"Est. reading time\" \/>\n\t<meta name=\"twitter:data1\" content=\"1 minute\" \/>\n<script type=\"application\/ld+json\" class=\"yoast-schema-graph\">{\"@context\":\"https:\/\/schema.org\",\"@graph\":[{\"@type\":\"WebPage\",\"@id\":\"https:\/\/www.technic-toys.com\/izdelek\/amxrock-rockhammer-crawler-110-rtr-modra\/\",\"url\":\"https:\/\/www.technic-toys.com\/izdelek\/amxrock-rockhammer-crawler-110-rtr-modra\/\",\"name\":\"AMXRock RockHammer Crawler 1:10, RTR, modra - TECHNIC-TOYS.com\",\"isPartOf\":{\"@id\":\"https:\/\/www.technic-toys.com\/en\/#website\"},\"datePublished\":\"2022-04-08T14:01:04+00:00\",\"dateModified\":\"2024-12-04T18:04:21+00:00\",\"breadcrumb\":{\"@id\":\"https:\/\/www.technic-toys.com\/izdelek\/amxrock-rockhammer-crawler-110-rtr-modra\/#breadcrumb\"},\"inLanguage\":\"en-US\",\"potentialAction\":[{\"@type\":\"ReadAction\",\"target\":[\"https:\/\/www.technic-toys.com\/izdelek\/amxrock-rockhammer-crawler-110-rtr-modra\/\"]}]},{\"@type\":\"BreadcrumbList\",\"@id\":\"https:\/\/www.technic-toys.com\/izdelek\/amxrock-rockhammer-crawler-110-rtr-modra\/#breadcrumb\",\"itemListElement\":[{\"@type\":\"ListItem\",\"position\":1,\"name\":\"Domov\",\"item\":\"https:\/\/www.technic-toys.com\/en\/\"},{\"@type\":\"ListItem\",\"position\":2,\"name\":\"Shop\",\"item\":\"https:\/\/www.technic-toys.com\/en\/shop-2\/\"},{\"@type\":\"ListItem\",\"position\":3,\"name\":\"AMXRock RockHammer Crawler 1:10, RTR, modra\"}]},{\"@type\":\"WebSite\",\"@id\":\"https:\/\/www.technic-toys.com\/en\/#website\",\"url\":\"https:\/\/www.technic-toys.com\/en\/\",\"name\":\"TECHNIC-TOYS.com\",\"description\":\"\",\"potentialAction\":[{\"@type\":\"SearchAction\",\"target\":{\"@type\":\"EntryPoint\",\"urlTemplate\":\"https:\/\/www.technic-toys.com\/en\/?s={search_term_string}\"},\"query-input\":\"required name=search_term_string\"}],\"inLanguage\":\"en-US\"}]}<\/script>\n<!-- \/ Yoast SEO plugin. -->","yoast_head_json":{"title":"AMXRock RockHammer Crawler 1:10, RTR, modra - TECHNIC-TOYS.com","robots":{"index":"index","follow":"follow","max-snippet":"max-snippet:-1","max-image-preview":"max-image-preview:large","max-video-preview":"max-video-preview:-1"},"canonical":"https:\/\/www.technic-toys.com\/izdelek\/amxrock-rockhammer-crawler-110-rtr-modra\/","og_locale":"en_US","og_type":"article","og_title":"AMXRock RockHammer Crawler 1:10, RTR, modra - TECHNIC-TOYS.com","og_description":"AMXRock Rock Hammer Crawler 1:10, RTR Rock Hammer v merilu 1:10 lahko premaga skoraj vsako oviro zahvaljujo\u010d svojim ogromnim terenskim kolesom (140 mm) in 80 mm oddaljenosti od tal. Podvozje z ve\u010dvodilnim vzmetenjem omogo\u010da maksimalno zvijanje, zaradi \u010desar je gosenica zelo okretna. Rock Hammer je pripravljen za vo\u017enjo. Samo napolnite pogonsko baterijo, baterije v daljinskem [&hellip;]","og_url":"https:\/\/www.technic-toys.com\/izdelek\/amxrock-rockhammer-crawler-110-rtr-modra\/","og_site_name":"TECHNIC-TOYS.com","article_modified_time":"2024-12-04T18:04:21+00:00","og_image":[{"width":1280,"height":734,"url":"https:\/\/www.technic-toys.com\/wp-content\/uploads\/2022\/04\/22342.jpg","type":"image\/jpeg"}],"twitter_card":"summary_large_image","twitter_misc":{"Est. reading time":"1 minute"},"schema":{"@context":"https:\/\/schema.org","@graph":[{"@type":"WebPage","@id":"https:\/\/www.technic-toys.com\/izdelek\/amxrock-rockhammer-crawler-110-rtr-modra\/","url":"https:\/\/www.technic-toys.com\/izdelek\/amxrock-rockhammer-crawler-110-rtr-modra\/","name":"AMXRock RockHammer Crawler 1:10, RTR, modra - TECHNIC-TOYS.com","isPartOf":{"@id":"https:\/\/www.technic-toys.com\/en\/#website"},"datePublished":"2022-04-08T14:01:04+00:00","dateModified":"2024-12-04T18:04:21+00:00","breadcrumb":{"@id":"https:\/\/www.technic-toys.com\/izdelek\/amxrock-rockhammer-crawler-110-rtr-modra\/#breadcrumb"},"inLanguage":"en-US","potentialAction":[{"@type":"ReadAction","target":["https:\/\/www.technic-toys.com\/izdelek\/amxrock-rockhammer-crawler-110-rtr-modra\/"]}]},{"@type":"BreadcrumbList","@id":"https:\/\/www.technic-toys.com\/izdelek\/amxrock-rockhammer-crawler-110-rtr-modra\/#breadcrumb","itemListElement":[{"@type":"ListItem","position":1,"name":"Domov","item":"https:\/\/www.technic-toys.com\/en\/"},{"@type":"ListItem","position":2,"name":"Shop","item":"https:\/\/www.technic-toys.com\/en\/shop-2\/"},{"@type":"ListItem","position":3,"name":"AMXRock RockHammer Crawler 1:10, RTR, modra"}]},{"@type":"WebSite","@id":"https:\/\/www.technic-toys.com\/en\/#website","url":"https:\/\/www.technic-toys.com\/en\/","name":"TECHNIC-TOYS.com","description":"","potentialAction":[{"@type":"SearchAction","target":{"@type":"EntryPoint","urlTemplate":"https:\/\/www.technic-toys.com\/en\/?s={search_term_string}"},"query-input":"required name=search_term_string"}],"inLanguage":"en-US"}]}},"_links":{"self":[{"href":"https:\/\/www.technic-toys.com\/en\/wp-json\/wp\/v2\/product\/11862"}],"collection":[{"href":"https:\/\/www.technic-toys.com\/en\/wp-json\/wp\/v2\/product"}],"about":[{"href":"https:\/\/www.technic-toys.com\/en\/wp-json\/wp\/v2\/types\/product"}],"wp:featuredmedia":[{"embeddable":true,"href":"https:\/\/www.technic-toys.com\/en\/wp-json\/wp\/v2\/media\/11863"}],"wp:attachment":[{"href":"https:\/\/www.technic-toys.com\/en\/wp-json\/wp\/v2\/media?parent=11862"}],"wp:term":[{"taxonomy":"product_cat","embeddable":true,"href":"https:\/\/www.technic-toys.com\/en\/wp-json\/wp\/v2\/product_cat?post=11862"},{"taxonomy":"product_tag","embeddable":true,"href":"https:\/\/www.technic-toys.com\/en\/wp-json\/wp\/v2\/product_tag?post=11862"}],"curies":[{"name":"wp","href":"https:\/\/api.w.org\/{rel}","templated":true}]}}