{"id":11872,"date":"2022-04-08T16:06:09","date_gmt":"2022-04-08T14:06:09","guid":{"rendered":"https:\/\/www.technic-toys.com\/izdelek\/nakladalec-na-kolesih-g484e-114-rtr-10-kanalni-zvok-svetloba-delno-kovinski\/"},"modified":"2024-12-04T19:04:16","modified_gmt":"2024-12-04T18:04:16","slug":"nakladalec-na-kolesih-g484e-114-rtr-10-kanalni-zvok-svetloba-delno-kovinski","status":"publish","type":"product","link":"https:\/\/www.technic-toys.com\/en\/izdelek\/nakladalec-na-kolesih-g484e-114-rtr-10-kanalni-zvok-svetloba-delno-kovinski\/","title":{"rendered":"Nakladalec na kolesih G484E 1:14, RTR 10-kanalni zvok, svetloba, delno kovinski"},"content":{"rendered":"<p>Kolesni nakladalnik 1:14, RTR, 10-kanalni &#8211; najbolj\u0161i v razli\u010dici V4<\/p>\n<p>Spremembe v primerjavi z V3:<br \/>\nPopolnoma proporcionalen krmilnik za plin\/krmiljenje<br \/>\nPopolnoma proporcionalen nadzor rezila<br \/>\nBistveno hitrej\u0161i zgibni zglob (krmiljenje)<br \/>\nLu\u010d spredaj bela, zadaj rde\u010da<br \/>\nKovinska oddajna palica<br \/>\nNova elektronika V4 (izbolj\u0161ana)<\/p>\n<p>Kolesni nakladalnik v merilu 1: 14 \/ del kovinskega merila Ta visokokakovosten nakladalnik na kolesih zapolnjuje vrzel med RC igra\u010dami in profesionalnim modeliranjem. Roka, 190 mm \u0161iroka lopata in deli nadgradnje so iz prave kovine. Pri\u017enica je bila izdelana iz plastike, odporne na udarce. Vizualne in tehni\u010dne zna\u010dilnosti tega modela 1:14 ne bodo navdu\u0161ile le izku\u0161enih izdelovalcev modelov. Zglobni spoj kolesnega nakladalnika je popolnoma sorazmeren in omogo\u010da ob\u010dutljiv nadzor. Hitrost krmiljenja bi se lahko ponovno ob\u010dutno pove\u010dala v primerjavi z razli\u010dico 2 in 3! Funkcije gor\/dol, odpiranje\/zapiranje lopate so tudi sorazmerne. V trenutni razli\u010dici V4 je mogo\u010de plin nadzorovati tudi popolnoma sorazmerno. Natan\u010dno delo s tem visokokakovostnim modelom torej ni problem. Ogromna mo\u010d pogona dveh vretenskih pogonov omogo\u010da tudi dvigovanje te\u017ekih bremen. Celotna zmogljivost modela se je v razli\u010dici V4 ponovno znatno pove\u010dala. Vse funkcije ustrezajo &#8220;originalnemu&#8221;.<\/p>\n<p>Lastnosti:<br \/>\nProporcionalni nadzor (dusilna loputa, krmiljenje, priklju\u010dek)<br \/>\nHitro krmiljenje<br \/>\nZvok je mogo\u010de vklopiti\/izklopiti&lt; br \/&gt; 10 nastavljivih kanalov<br \/>\n2,4GHz nadzor 10 kanalov<br \/>\nDolg potovalni \u010das<br \/>\nRazli\u010dica RTR vklju\u010dno z baterijo\/polnilnikom<br \/>\nGumijaste pnevmatike<br \/>\nZmogljivi pogoni<br \/>\n&lt; br \/&gt;Tehni\u010dni podatki: Dol\u017eina: 540 mm \u0160irina: 200 mm Vi\u0161ina: 210 mm Te\u017ea: pribli\u017eno 4,8 kg Lopata: 190 mm Krta\u010dni motor \/ pogon \/&gt;Pogoni vretena \/ lopata + roka<br \/>\nBaterija 2000 mAh Li-Ion, 7,4V XT30<\/p>\n<p>Obseg dobave:<br \/>\nKolesni nakladalnik 1:14 del kovine<br \/>\nBaterija 2000mAh Li-Ion 7,4V, 93g, 69x37x18mm, XT30 vti\u010d (vti\u010d)<br \/>\nPolnilec<br \/>\nOddajnik 10 kanalov 2,4GHz<br \/>\nNavodila DE \/ Eng<br \/>\nOd 14 let<\/p>\n","protected":false},"excerpt":{"rendered":"<p>Kolesni nakladalnik 1:14, RTR, 10-kanalni &#8211; najbolj\u0161i v razli\u010dici V4 Spremembe v primerjavi z V3: Popolnoma proporcionalen krmilnik za plin\/krmiljenje Popolnoma proporcionalen nadzor rezila Bistveno hitrej\u0161i zgibni zglob (krmiljenje) Lu\u010d spredaj bela, zadaj rde\u010da Kovinska oddajna palica Nova elektronika V4 (izbolj\u0161ana) Kolesni nakladalnik v merilu 1: 14 \/ del kovinskega merila Ta visokokakovosten nakladalnik na [&hellip;]<\/p>\n","protected":false},"featured_media":11873,"template":"","meta":[],"product_cat":[374,359],"product_tag":[],"acf":[],"yoast_head":"<!-- This site is optimized with the Yoast SEO plugin v21.7 - https:\/\/yoast.com\/wordpress\/plugins\/seo\/ -->\n<title>Nakladalec na kolesih G484E 1:14, RTR 10-kanalni zvok, svetloba, delno kovinski - TECHNIC-TOYS.com<\/title>\n<meta name=\"robots\" content=\"index, follow, max-snippet:-1, max-image-preview:large, max-video-preview:-1\" \/>\n<link rel=\"canonical\" href=\"https:\/\/www.technic-toys.com\/izdelek\/nakladalec-na-kolesih-g484e-114-rtr-10-kanalni-zvok-svetloba-delno-kovinski\/\" \/>\n<meta property=\"og:locale\" content=\"en_US\" \/>\n<meta property=\"og:type\" content=\"article\" \/>\n<meta property=\"og:title\" content=\"Nakladalec na kolesih G484E 1:14, RTR 10-kanalni zvok, svetloba, delno kovinski - TECHNIC-TOYS.com\" \/>\n<meta property=\"og:description\" content=\"Kolesni nakladalnik 1:14, RTR, 10-kanalni &#8211; najbolj\u0161i v razli\u010dici V4 Spremembe v primerjavi z V3: Popolnoma proporcionalen krmilnik za plin\/krmiljenje Popolnoma proporcionalen nadzor rezila Bistveno hitrej\u0161i zgibni zglob (krmiljenje) Lu\u010d spredaj bela, zadaj rde\u010da Kovinska oddajna palica Nova elektronika V4 (izbolj\u0161ana) Kolesni nakladalnik v merilu 1: 14 \/ del kovinskega merila Ta visokokakovosten nakladalnik na [&hellip;]\" \/>\n<meta property=\"og:url\" content=\"https:\/\/www.technic-toys.com\/izdelek\/nakladalec-na-kolesih-g484e-114-rtr-10-kanalni-zvok-svetloba-delno-kovinski\/\" \/>\n<meta property=\"og:site_name\" content=\"TECHNIC-TOYS.com\" \/>\n<meta property=\"article:modified_time\" content=\"2024-12-04T18:04:16+00:00\" \/>\n<meta property=\"og:image\" content=\"https:\/\/www.technic-toys.com\/wp-content\/uploads\/2022\/04\/22343.jpg\" \/>\n\t<meta property=\"og:image:width\" content=\"1280\" \/>\n\t<meta property=\"og:image:height\" content=\"734\" \/>\n\t<meta property=\"og:image:type\" content=\"image\/jpeg\" \/>\n<meta name=\"twitter:card\" content=\"summary_large_image\" \/>\n<meta name=\"twitter:label1\" content=\"Est. reading time\" \/>\n\t<meta name=\"twitter:data1\" content=\"1 minute\" \/>\n<script type=\"application\/ld+json\" class=\"yoast-schema-graph\">{\"@context\":\"https:\/\/schema.org\",\"@graph\":[{\"@type\":\"WebPage\",\"@id\":\"https:\/\/www.technic-toys.com\/izdelek\/nakladalec-na-kolesih-g484e-114-rtr-10-kanalni-zvok-svetloba-delno-kovinski\/\",\"url\":\"https:\/\/www.technic-toys.com\/izdelek\/nakladalec-na-kolesih-g484e-114-rtr-10-kanalni-zvok-svetloba-delno-kovinski\/\",\"name\":\"Nakladalec na kolesih G484E 1:14, RTR 10-kanalni zvok, svetloba, delno kovinski - TECHNIC-TOYS.com\",\"isPartOf\":{\"@id\":\"https:\/\/www.technic-toys.com\/en\/#website\"},\"datePublished\":\"2022-04-08T14:06:09+00:00\",\"dateModified\":\"2024-12-04T18:04:16+00:00\",\"breadcrumb\":{\"@id\":\"https:\/\/www.technic-toys.com\/izdelek\/nakladalec-na-kolesih-g484e-114-rtr-10-kanalni-zvok-svetloba-delno-kovinski\/#breadcrumb\"},\"inLanguage\":\"en-US\",\"potentialAction\":[{\"@type\":\"ReadAction\",\"target\":[\"https:\/\/www.technic-toys.com\/izdelek\/nakladalec-na-kolesih-g484e-114-rtr-10-kanalni-zvok-svetloba-delno-kovinski\/\"]}]},{\"@type\":\"BreadcrumbList\",\"@id\":\"https:\/\/www.technic-toys.com\/izdelek\/nakladalec-na-kolesih-g484e-114-rtr-10-kanalni-zvok-svetloba-delno-kovinski\/#breadcrumb\",\"itemListElement\":[{\"@type\":\"ListItem\",\"position\":1,\"name\":\"Domov\",\"item\":\"https:\/\/www.technic-toys.com\/en\/\"},{\"@type\":\"ListItem\",\"position\":2,\"name\":\"Shop\",\"item\":\"https:\/\/www.technic-toys.com\/en\/shop-2\/\"},{\"@type\":\"ListItem\",\"position\":3,\"name\":\"Nakladalec na kolesih G484E 1:14, RTR 10-kanalni zvok, svetloba, delno kovinski\"}]},{\"@type\":\"WebSite\",\"@id\":\"https:\/\/www.technic-toys.com\/en\/#website\",\"url\":\"https:\/\/www.technic-toys.com\/en\/\",\"name\":\"TECHNIC-TOYS.com\",\"description\":\"\",\"potentialAction\":[{\"@type\":\"SearchAction\",\"target\":{\"@type\":\"EntryPoint\",\"urlTemplate\":\"https:\/\/www.technic-toys.com\/en\/?s={search_term_string}\"},\"query-input\":\"required name=search_term_string\"}],\"inLanguage\":\"en-US\"}]}<\/script>\n<!-- \/ Yoast SEO plugin. -->","yoast_head_json":{"title":"Nakladalec na kolesih G484E 1:14, RTR 10-kanalni zvok, svetloba, delno kovinski - TECHNIC-TOYS.com","robots":{"index":"index","follow":"follow","max-snippet":"max-snippet:-1","max-image-preview":"max-image-preview:large","max-video-preview":"max-video-preview:-1"},"canonical":"https:\/\/www.technic-toys.com\/izdelek\/nakladalec-na-kolesih-g484e-114-rtr-10-kanalni-zvok-svetloba-delno-kovinski\/","og_locale":"en_US","og_type":"article","og_title":"Nakladalec na kolesih G484E 1:14, RTR 10-kanalni zvok, svetloba, delno kovinski - TECHNIC-TOYS.com","og_description":"Kolesni nakladalnik 1:14, RTR, 10-kanalni &#8211; najbolj\u0161i v razli\u010dici V4 Spremembe v primerjavi z V3: Popolnoma proporcionalen krmilnik za plin\/krmiljenje Popolnoma proporcionalen nadzor rezila Bistveno hitrej\u0161i zgibni zglob (krmiljenje) Lu\u010d spredaj bela, zadaj rde\u010da Kovinska oddajna palica Nova elektronika V4 (izbolj\u0161ana) Kolesni nakladalnik v merilu 1: 14 \/ del kovinskega merila Ta visokokakovosten nakladalnik na [&hellip;]","og_url":"https:\/\/www.technic-toys.com\/izdelek\/nakladalec-na-kolesih-g484e-114-rtr-10-kanalni-zvok-svetloba-delno-kovinski\/","og_site_name":"TECHNIC-TOYS.com","article_modified_time":"2024-12-04T18:04:16+00:00","og_image":[{"width":1280,"height":734,"url":"https:\/\/www.technic-toys.com\/wp-content\/uploads\/2022\/04\/22343.jpg","type":"image\/jpeg"}],"twitter_card":"summary_large_image","twitter_misc":{"Est. reading time":"1 minute"},"schema":{"@context":"https:\/\/schema.org","@graph":[{"@type":"WebPage","@id":"https:\/\/www.technic-toys.com\/izdelek\/nakladalec-na-kolesih-g484e-114-rtr-10-kanalni-zvok-svetloba-delno-kovinski\/","url":"https:\/\/www.technic-toys.com\/izdelek\/nakladalec-na-kolesih-g484e-114-rtr-10-kanalni-zvok-svetloba-delno-kovinski\/","name":"Nakladalec na kolesih G484E 1:14, RTR 10-kanalni zvok, svetloba, delno kovinski - TECHNIC-TOYS.com","isPartOf":{"@id":"https:\/\/www.technic-toys.com\/en\/#website"},"datePublished":"2022-04-08T14:06:09+00:00","dateModified":"2024-12-04T18:04:16+00:00","breadcrumb":{"@id":"https:\/\/www.technic-toys.com\/izdelek\/nakladalec-na-kolesih-g484e-114-rtr-10-kanalni-zvok-svetloba-delno-kovinski\/#breadcrumb"},"inLanguage":"en-US","potentialAction":[{"@type":"ReadAction","target":["https:\/\/www.technic-toys.com\/izdelek\/nakladalec-na-kolesih-g484e-114-rtr-10-kanalni-zvok-svetloba-delno-kovinski\/"]}]},{"@type":"BreadcrumbList","@id":"https:\/\/www.technic-toys.com\/izdelek\/nakladalec-na-kolesih-g484e-114-rtr-10-kanalni-zvok-svetloba-delno-kovinski\/#breadcrumb","itemListElement":[{"@type":"ListItem","position":1,"name":"Domov","item":"https:\/\/www.technic-toys.com\/en\/"},{"@type":"ListItem","position":2,"name":"Shop","item":"https:\/\/www.technic-toys.com\/en\/shop-2\/"},{"@type":"ListItem","position":3,"name":"Nakladalec na kolesih G484E 1:14, RTR 10-kanalni zvok, svetloba, delno kovinski"}]},{"@type":"WebSite","@id":"https:\/\/www.technic-toys.com\/en\/#website","url":"https:\/\/www.technic-toys.com\/en\/","name":"TECHNIC-TOYS.com","description":"","potentialAction":[{"@type":"SearchAction","target":{"@type":"EntryPoint","urlTemplate":"https:\/\/www.technic-toys.com\/en\/?s={search_term_string}"},"query-input":"required name=search_term_string"}],"inLanguage":"en-US"}]}},"_links":{"self":[{"href":"https:\/\/www.technic-toys.com\/en\/wp-json\/wp\/v2\/product\/11872"}],"collection":[{"href":"https:\/\/www.technic-toys.com\/en\/wp-json\/wp\/v2\/product"}],"about":[{"href":"https:\/\/www.technic-toys.com\/en\/wp-json\/wp\/v2\/types\/product"}],"wp:featuredmedia":[{"embeddable":true,"href":"https:\/\/www.technic-toys.com\/en\/wp-json\/wp\/v2\/media\/11873"}],"wp:attachment":[{"href":"https:\/\/www.technic-toys.com\/en\/wp-json\/wp\/v2\/media?parent=11872"}],"wp:term":[{"taxonomy":"product_cat","embeddable":true,"href":"https:\/\/www.technic-toys.com\/en\/wp-json\/wp\/v2\/product_cat?post=11872"},{"taxonomy":"product_tag","embeddable":true,"href":"https:\/\/www.technic-toys.com\/en\/wp-json\/wp\/v2\/product_tag?post=11872"}],"curies":[{"name":"wp","href":"https:\/\/api.w.org\/{rel}","templated":true}]}}