{"id":11891,"date":"2022-04-08T16:06:09","date_gmt":"2022-04-08T14:06:09","guid":{"rendered":"https:\/\/www.technic-toys.com\/izdelek\/bager-polno-kovinski-v-usnjenem-ohisju-114-rtr-v4\/"},"modified":"2024-12-04T19:04:17","modified_gmt":"2024-12-04T18:04:17","slug":"bager-polno-kovinski-v-usnjenem-ohisju-114-rtr-v4","status":"publish","type":"product","link":"https:\/\/www.technic-toys.com\/en\/izdelek\/bager-polno-kovinski-v-usnjenem-ohisju-114-rtr-v4\/","title":{"rendered":"Bager polno kovinski v usnjenem ohi\u0161ju, 1:14, RTR V4"},"content":{"rendered":"<p>Na\u0161 najbolj\u0161i prodajalec v visokokakovostnem kov\u010dku! Ta kovinski bager v merilu 1:14 ne pu\u0161\u010da skoraj ni\u010d \u017eelenega. Roko, lopato, celotno strukturo in vsako verigo je mogo\u010de upravljati lo\u010deno. Model ima tudi generator zvoka in dima. Stolp se lahko neskon\u010dno vrti za 360\u00b0! Ta visokokakovosten model bagra goseni\u010darja v pravem merilu zapolnjuje vrzel med igra\u010dami in izjemno dragimi funkcionalnimi modeli. Na popolnoma kovinskem bagru je mogo\u010de krmiliti skupno 23 kanalov. Tako model nikakor ni slab\u0161i od izvirnika. Terenske zmogljivosti v povezavi z elektroniko, ki je odporna na \u0161kropljenje, zagotavljajo nemoteno zabavo in dolgo \u017eivljenjsko dobo posameznih komponent.<br \/>\nBager je opremljen tudi z lesenim grabljem in kovinskim vrtljivim kladivom. Tako je model mogo\u010de obnoviti v nekaj preprostih korakih! Vsi deli menjalnika so kovinski, model pa ima tudi zmogljive servomotorje, ki brez te\u017eav prena\u0161ajo tudi velike obremenitve! Kakovost in podrobnosti tega modela so zaenkrat edinstvene kot model RTR.<\/p>\n<p>Tehni\u010dni podatki:<br \/>\nKonstrukcija: polna kovina<br \/>\nPogon: kovinske verige, individualno nadzorovane<br \/>\nScalo : 1:14&lt; br \/&gt;Dimenzije: 700 x 480 x 180 mm<br \/>\nTe\u017ea: pribli\u017eno 7 kg<br \/>\n\u0160tevilo kanalov: 23 kanalov<br \/>\nFrekvenca: 2,4GHz<br \/>\nBaterija: LI -ION 7.4V 2000MAH&lt; br \/&gt;Funkcija: naprej, nazaj, levo, desno,<br \/>\nnastavljeno na levo, nastavljeno na desno, velika roka<br \/>\ngor \/ dol, majhna roka gor \/ dol ,<br \/>\nlopata gor\/dol, svetloba, zvok, demo na\u010din,<br \/>\nvklop\/izklop generatorja dima, vsaka veriga posamezno<br \/>\nnadzorljiva, vklopi se na mestu,<br \/>\nobrni med vo\u017enjo, zvok vklop \/ izklop<\/p>\n<p>obseg dobave:<br \/>\n1 x transportni kov\u010dek z videzom usnja<br \/>\n1 x bager 1:14 kovinski RTR<br \/>\n1 x baterija 7,4V Li-Ion 2000mAh<br \/>\n1 x oddajnik 2,4GHz<br \/>\n1 x USB polnilec<br \/>\n1 x navodila<br \/>\n1 x kovinski udarni vrtalnik<br \/>\n1 x kovinski leseni prijemal<br \/>\n1 x dimno olje<br \/>\n1 x izvija\u010d<\/p>\n<p>Potreben bo kmalu:<br \/>\noddajna palica Teri: 3 x 1,5 V AA Mignon<\/p>\n","protected":false},"excerpt":{"rendered":"<p>Na\u0161 najbolj\u0161i prodajalec v visokokakovostnem kov\u010dku! Ta kovinski bager v merilu 1:14 ne pu\u0161\u010da skoraj ni\u010d \u017eelenega. Roko, lopato, celotno strukturo in vsako verigo je mogo\u010de upravljati lo\u010deno. Model ima tudi generator zvoka in dima. Stolp se lahko neskon\u010dno vrti za 360\u00b0! Ta visokokakovosten model bagra goseni\u010darja v pravem merilu zapolnjuje vrzel med igra\u010dami in [&hellip;]<\/p>\n","protected":false},"featured_media":11892,"template":"","meta":[],"product_cat":[374,359],"product_tag":[],"acf":[],"yoast_head":"<!-- This site is optimized with the Yoast SEO plugin v21.7 - https:\/\/yoast.com\/wordpress\/plugins\/seo\/ -->\n<title>Bager polno kovinski v usnjenem ohi\u0161ju, 1:14, RTR V4 - TECHNIC-TOYS.com<\/title>\n<meta name=\"robots\" content=\"index, follow, max-snippet:-1, max-image-preview:large, max-video-preview:-1\" \/>\n<link rel=\"canonical\" href=\"https:\/\/www.technic-toys.com\/izdelek\/bager-polno-kovinski-v-usnjenem-ohisju-114-rtr-v4\/\" \/>\n<meta property=\"og:locale\" content=\"en_US\" \/>\n<meta property=\"og:type\" content=\"article\" \/>\n<meta property=\"og:title\" content=\"Bager polno kovinski v usnjenem ohi\u0161ju, 1:14, RTR V4 - TECHNIC-TOYS.com\" \/>\n<meta property=\"og:description\" content=\"Na\u0161 najbolj\u0161i prodajalec v visokokakovostnem kov\u010dku! Ta kovinski bager v merilu 1:14 ne pu\u0161\u010da skoraj ni\u010d \u017eelenega. Roko, lopato, celotno strukturo in vsako verigo je mogo\u010de upravljati lo\u010deno. Model ima tudi generator zvoka in dima. Stolp se lahko neskon\u010dno vrti za 360\u00b0! Ta visokokakovosten model bagra goseni\u010darja v pravem merilu zapolnjuje vrzel med igra\u010dami in [&hellip;]\" \/>\n<meta property=\"og:url\" content=\"https:\/\/www.technic-toys.com\/izdelek\/bager-polno-kovinski-v-usnjenem-ohisju-114-rtr-v4\/\" \/>\n<meta property=\"og:site_name\" content=\"TECHNIC-TOYS.com\" \/>\n<meta property=\"article:modified_time\" content=\"2024-12-04T18:04:17+00:00\" \/>\n<meta property=\"og:image\" content=\"https:\/\/www.technic-toys.com\/wp-content\/uploads\/2022\/04\/22344tYlDSXI62iyEq.jpg\" \/>\n\t<meta property=\"og:image:width\" content=\"2560\" \/>\n\t<meta property=\"og:image:height\" content=\"1468\" \/>\n\t<meta property=\"og:image:type\" content=\"image\/jpeg\" \/>\n<meta name=\"twitter:card\" content=\"summary_large_image\" \/>\n<meta name=\"twitter:label1\" content=\"Est. reading time\" \/>\n\t<meta name=\"twitter:data1\" content=\"1 minute\" \/>\n<script type=\"application\/ld+json\" class=\"yoast-schema-graph\">{\"@context\":\"https:\/\/schema.org\",\"@graph\":[{\"@type\":\"WebPage\",\"@id\":\"https:\/\/www.technic-toys.com\/izdelek\/bager-polno-kovinski-v-usnjenem-ohisju-114-rtr-v4\/\",\"url\":\"https:\/\/www.technic-toys.com\/izdelek\/bager-polno-kovinski-v-usnjenem-ohisju-114-rtr-v4\/\",\"name\":\"Bager polno kovinski v usnjenem ohi\u0161ju, 1:14, RTR V4 - TECHNIC-TOYS.com\",\"isPartOf\":{\"@id\":\"https:\/\/www.technic-toys.com\/en\/#website\"},\"datePublished\":\"2022-04-08T14:06:09+00:00\",\"dateModified\":\"2024-12-04T18:04:17+00:00\",\"breadcrumb\":{\"@id\":\"https:\/\/www.technic-toys.com\/izdelek\/bager-polno-kovinski-v-usnjenem-ohisju-114-rtr-v4\/#breadcrumb\"},\"inLanguage\":\"en-US\",\"potentialAction\":[{\"@type\":\"ReadAction\",\"target\":[\"https:\/\/www.technic-toys.com\/izdelek\/bager-polno-kovinski-v-usnjenem-ohisju-114-rtr-v4\/\"]}]},{\"@type\":\"BreadcrumbList\",\"@id\":\"https:\/\/www.technic-toys.com\/izdelek\/bager-polno-kovinski-v-usnjenem-ohisju-114-rtr-v4\/#breadcrumb\",\"itemListElement\":[{\"@type\":\"ListItem\",\"position\":1,\"name\":\"Domov\",\"item\":\"https:\/\/www.technic-toys.com\/en\/\"},{\"@type\":\"ListItem\",\"position\":2,\"name\":\"Shop\",\"item\":\"https:\/\/www.technic-toys.com\/en\/shop-2\/\"},{\"@type\":\"ListItem\",\"position\":3,\"name\":\"Bager polno kovinski v usnjenem ohi\u0161ju, 1:14, RTR V4\"}]},{\"@type\":\"WebSite\",\"@id\":\"https:\/\/www.technic-toys.com\/en\/#website\",\"url\":\"https:\/\/www.technic-toys.com\/en\/\",\"name\":\"TECHNIC-TOYS.com\",\"description\":\"\",\"potentialAction\":[{\"@type\":\"SearchAction\",\"target\":{\"@type\":\"EntryPoint\",\"urlTemplate\":\"https:\/\/www.technic-toys.com\/en\/?s={search_term_string}\"},\"query-input\":\"required name=search_term_string\"}],\"inLanguage\":\"en-US\"}]}<\/script>\n<!-- \/ Yoast SEO plugin. -->","yoast_head_json":{"title":"Bager polno kovinski v usnjenem ohi\u0161ju, 1:14, RTR V4 - TECHNIC-TOYS.com","robots":{"index":"index","follow":"follow","max-snippet":"max-snippet:-1","max-image-preview":"max-image-preview:large","max-video-preview":"max-video-preview:-1"},"canonical":"https:\/\/www.technic-toys.com\/izdelek\/bager-polno-kovinski-v-usnjenem-ohisju-114-rtr-v4\/","og_locale":"en_US","og_type":"article","og_title":"Bager polno kovinski v usnjenem ohi\u0161ju, 1:14, RTR V4 - TECHNIC-TOYS.com","og_description":"Na\u0161 najbolj\u0161i prodajalec v visokokakovostnem kov\u010dku! Ta kovinski bager v merilu 1:14 ne pu\u0161\u010da skoraj ni\u010d \u017eelenega. Roko, lopato, celotno strukturo in vsako verigo je mogo\u010de upravljati lo\u010deno. Model ima tudi generator zvoka in dima. Stolp se lahko neskon\u010dno vrti za 360\u00b0! Ta visokokakovosten model bagra goseni\u010darja v pravem merilu zapolnjuje vrzel med igra\u010dami in [&hellip;]","og_url":"https:\/\/www.technic-toys.com\/izdelek\/bager-polno-kovinski-v-usnjenem-ohisju-114-rtr-v4\/","og_site_name":"TECHNIC-TOYS.com","article_modified_time":"2024-12-04T18:04:17+00:00","og_image":[{"width":2560,"height":1468,"url":"https:\/\/www.technic-toys.com\/wp-content\/uploads\/2022\/04\/22344tYlDSXI62iyEq.jpg","type":"image\/jpeg"}],"twitter_card":"summary_large_image","twitter_misc":{"Est. reading time":"1 minute"},"schema":{"@context":"https:\/\/schema.org","@graph":[{"@type":"WebPage","@id":"https:\/\/www.technic-toys.com\/izdelek\/bager-polno-kovinski-v-usnjenem-ohisju-114-rtr-v4\/","url":"https:\/\/www.technic-toys.com\/izdelek\/bager-polno-kovinski-v-usnjenem-ohisju-114-rtr-v4\/","name":"Bager polno kovinski v usnjenem ohi\u0161ju, 1:14, RTR V4 - TECHNIC-TOYS.com","isPartOf":{"@id":"https:\/\/www.technic-toys.com\/en\/#website"},"datePublished":"2022-04-08T14:06:09+00:00","dateModified":"2024-12-04T18:04:17+00:00","breadcrumb":{"@id":"https:\/\/www.technic-toys.com\/izdelek\/bager-polno-kovinski-v-usnjenem-ohisju-114-rtr-v4\/#breadcrumb"},"inLanguage":"en-US","potentialAction":[{"@type":"ReadAction","target":["https:\/\/www.technic-toys.com\/izdelek\/bager-polno-kovinski-v-usnjenem-ohisju-114-rtr-v4\/"]}]},{"@type":"BreadcrumbList","@id":"https:\/\/www.technic-toys.com\/izdelek\/bager-polno-kovinski-v-usnjenem-ohisju-114-rtr-v4\/#breadcrumb","itemListElement":[{"@type":"ListItem","position":1,"name":"Domov","item":"https:\/\/www.technic-toys.com\/en\/"},{"@type":"ListItem","position":2,"name":"Shop","item":"https:\/\/www.technic-toys.com\/en\/shop-2\/"},{"@type":"ListItem","position":3,"name":"Bager polno kovinski v usnjenem ohi\u0161ju, 1:14, RTR V4"}]},{"@type":"WebSite","@id":"https:\/\/www.technic-toys.com\/en\/#website","url":"https:\/\/www.technic-toys.com\/en\/","name":"TECHNIC-TOYS.com","description":"","potentialAction":[{"@type":"SearchAction","target":{"@type":"EntryPoint","urlTemplate":"https:\/\/www.technic-toys.com\/en\/?s={search_term_string}"},"query-input":"required name=search_term_string"}],"inLanguage":"en-US"}]}},"_links":{"self":[{"href":"https:\/\/www.technic-toys.com\/en\/wp-json\/wp\/v2\/product\/11891"}],"collection":[{"href":"https:\/\/www.technic-toys.com\/en\/wp-json\/wp\/v2\/product"}],"about":[{"href":"https:\/\/www.technic-toys.com\/en\/wp-json\/wp\/v2\/types\/product"}],"wp:featuredmedia":[{"embeddable":true,"href":"https:\/\/www.technic-toys.com\/en\/wp-json\/wp\/v2\/media\/11892"}],"wp:attachment":[{"href":"https:\/\/www.technic-toys.com\/en\/wp-json\/wp\/v2\/media?parent=11891"}],"wp:term":[{"taxonomy":"product_cat","embeddable":true,"href":"https:\/\/www.technic-toys.com\/en\/wp-json\/wp\/v2\/product_cat?post=11891"},{"taxonomy":"product_tag","embeddable":true,"href":"https:\/\/www.technic-toys.com\/en\/wp-json\/wp\/v2\/product_tag?post=11891"}],"curies":[{"name":"wp","href":"https:\/\/api.w.org\/{rel}","templated":true}]}}