{"id":12161,"date":"2022-04-08T16:06:09","date_gmt":"2022-04-08T14:06:09","guid":{"rendered":"https:\/\/www.technic-toys.com\/izdelek\/cro55racer-desert-buggy-4wd-112-rtr\/"},"modified":"2024-12-04T19:04:18","modified_gmt":"2024-12-04T18:04:18","slug":"cro55racer-desert-buggy-4wd-112-rtr","status":"publish","type":"product","link":"https:\/\/www.technic-toys.com\/en\/izdelek\/cro55racer-desert-buggy-4wd-112-rtr\/","title":{"rendered":"CRO55RACER Desert Buggy 4WD 1:12 RTR"},"content":{"rendered":"<p>CRO55RACER Desert Buggy, 4WD, RTR Pri tem dirkalniku je upo\u0161tevano vse, kar je zna\u010dilno za dober vozi\u010dek Dune Buggy: Hiter je (Vmax 50 km\/h), zelo robusten, krmilnik in servomotorji so vodoodporni, dizajn je lep, Buggy ima zmogljivo Li-Ion baterijo, terenske pnevmatike imajo zelo dober oprijem in zahvaljujo\u010d LED osvetlitvi je vedno lahko viden tudi v temi. Pogon poteka preko vseh 4 koles (4WD) s pomo\u010djo gladko teko\u010dih CVD gredi spredaj (izdelane iz kovine). Model ima krogli\u010dne le\u017eaje, kardanske gredi pa imajo tudi kovinske priklju\u010dke. Nosilci vodil in podvozje so oja\u010dani z aluminijem in zaokro\u017eujejo odli\u010den splo\u0161ni vtis tega rock dirkalnika. Celotna konstrukcija je zelo robustna in zagotavlja dolgotrajno vo\u017enjo na kateri koli povr\u0161ini. Vozi\u010dek Dune Buggy je dostavljen RTR (pripravljen za vo\u017enjo). Razpakirajte &#8211; napolnite &#8211; odpeljite<br \/>Lastnosti: Sto\u017e\u010dasti diferenciali spredaj in zadaj Kovinski zobniki in kovinski diferenciali Vodoodporni motor in krmilnik Domet daljinskega upravljanja: 100 m Najve\u010dja hitrost: 50 km\/h Pogon na vsa kolesa (4WD), terenski pnevmatike Amortizerji tlaka olja vklju\u010dno z vzmetmi za nastavitev Ready to run (RTR)<br \/>Tehni\u010dni podatki: Dol\u017eina: 400 mm \u0160irina: 230 mm Vi\u0161ina: 180 mm Oddaljenost od tal: pribli\u017eno 50 mm Baterija: 7,4 V 1500 mAh Li-Ion Maks hitrost: 50 h vozni\u0161ka te\u017ea. pribli\u017eno 1500 g \u010cas polnjenja: pribli\u017eno 3 ure \u010cas vo\u017enje: pribli\u017eno 10 minut Obseg dobave: CRO55RACER Desert Buggy 2,4 GHz radijski daljinski upravljalnik Baterija: 7,4 V 1500 mAh Li-Ion polnilnik za uravnote\u017eenje z 220 V DE\/EN FR Navodila za uporabo \/IT orodja (izvija\u010d, kri\u017eni klju\u010d)<\/p>\n","protected":false},"excerpt":{"rendered":"<p>CRO55RACER Desert Buggy, 4WD, RTR Pri tem dirkalniku je upo\u0161tevano vse, kar je zna\u010dilno za dober vozi\u010dek Dune Buggy: Hiter je (Vmax 50 km\/h), zelo robusten, krmilnik in servomotorji so vodoodporni, dizajn je lep, Buggy ima zmogljivo Li-Ion baterijo, terenske pnevmatike imajo zelo dober oprijem in zahvaljujo\u010d LED osvetlitvi je vedno lahko viden tudi v [&hellip;]<\/p>\n","protected":false},"featured_media":0,"template":"","meta":[],"product_cat":[374,361],"product_tag":[],"acf":[],"yoast_head":"<!-- This site is optimized with the Yoast SEO plugin v21.7 - https:\/\/yoast.com\/wordpress\/plugins\/seo\/ -->\n<title>CRO55RACER Desert Buggy 4WD 1:12 RTR - TECHNIC-TOYS.com<\/title>\n<meta name=\"robots\" content=\"index, follow, max-snippet:-1, max-image-preview:large, max-video-preview:-1\" \/>\n<link rel=\"canonical\" href=\"https:\/\/www.technic-toys.com\/izdelek\/cro55racer-desert-buggy-4wd-112-rtr\/\" \/>\n<meta property=\"og:locale\" content=\"en_US\" \/>\n<meta property=\"og:type\" content=\"article\" \/>\n<meta property=\"og:title\" content=\"CRO55RACER Desert Buggy 4WD 1:12 RTR - TECHNIC-TOYS.com\" \/>\n<meta property=\"og:description\" content=\"CRO55RACER Desert Buggy, 4WD, RTR Pri tem dirkalniku je upo\u0161tevano vse, kar je zna\u010dilno za dober vozi\u010dek Dune Buggy: Hiter je (Vmax 50 km\/h), zelo robusten, krmilnik in servomotorji so vodoodporni, dizajn je lep, Buggy ima zmogljivo Li-Ion baterijo, terenske pnevmatike imajo zelo dober oprijem in zahvaljujo\u010d LED osvetlitvi je vedno lahko viden tudi v [&hellip;]\" \/>\n<meta property=\"og:url\" content=\"https:\/\/www.technic-toys.com\/izdelek\/cro55racer-desert-buggy-4wd-112-rtr\/\" \/>\n<meta property=\"og:site_name\" content=\"TECHNIC-TOYS.com\" \/>\n<meta property=\"article:modified_time\" content=\"2024-12-04T18:04:18+00:00\" \/>\n<meta name=\"twitter:card\" content=\"summary_large_image\" \/>\n<meta name=\"twitter:label1\" content=\"Est. reading time\" \/>\n\t<meta name=\"twitter:data1\" content=\"1 minute\" \/>\n<script type=\"application\/ld+json\" class=\"yoast-schema-graph\">{\"@context\":\"https:\/\/schema.org\",\"@graph\":[{\"@type\":\"WebPage\",\"@id\":\"https:\/\/www.technic-toys.com\/izdelek\/cro55racer-desert-buggy-4wd-112-rtr\/\",\"url\":\"https:\/\/www.technic-toys.com\/izdelek\/cro55racer-desert-buggy-4wd-112-rtr\/\",\"name\":\"CRO55RACER Desert Buggy 4WD 1:12 RTR - TECHNIC-TOYS.com\",\"isPartOf\":{\"@id\":\"https:\/\/www.technic-toys.com\/en\/#website\"},\"datePublished\":\"2022-04-08T14:06:09+00:00\",\"dateModified\":\"2024-12-04T18:04:18+00:00\",\"breadcrumb\":{\"@id\":\"https:\/\/www.technic-toys.com\/izdelek\/cro55racer-desert-buggy-4wd-112-rtr\/#breadcrumb\"},\"inLanguage\":\"en-US\",\"potentialAction\":[{\"@type\":\"ReadAction\",\"target\":[\"https:\/\/www.technic-toys.com\/izdelek\/cro55racer-desert-buggy-4wd-112-rtr\/\"]}]},{\"@type\":\"BreadcrumbList\",\"@id\":\"https:\/\/www.technic-toys.com\/izdelek\/cro55racer-desert-buggy-4wd-112-rtr\/#breadcrumb\",\"itemListElement\":[{\"@type\":\"ListItem\",\"position\":1,\"name\":\"Domov\",\"item\":\"https:\/\/www.technic-toys.com\/en\/\"},{\"@type\":\"ListItem\",\"position\":2,\"name\":\"Shop\",\"item\":\"https:\/\/www.technic-toys.com\/en\/shop-2\/\"},{\"@type\":\"ListItem\",\"position\":3,\"name\":\"CRO55RACER Desert Buggy 4WD 1:12 RTR\"}]},{\"@type\":\"WebSite\",\"@id\":\"https:\/\/www.technic-toys.com\/en\/#website\",\"url\":\"https:\/\/www.technic-toys.com\/en\/\",\"name\":\"TECHNIC-TOYS.com\",\"description\":\"\",\"potentialAction\":[{\"@type\":\"SearchAction\",\"target\":{\"@type\":\"EntryPoint\",\"urlTemplate\":\"https:\/\/www.technic-toys.com\/en\/?s={search_term_string}\"},\"query-input\":\"required name=search_term_string\"}],\"inLanguage\":\"en-US\"}]}<\/script>\n<!-- \/ Yoast SEO plugin. -->","yoast_head_json":{"title":"CRO55RACER Desert Buggy 4WD 1:12 RTR - TECHNIC-TOYS.com","robots":{"index":"index","follow":"follow","max-snippet":"max-snippet:-1","max-image-preview":"max-image-preview:large","max-video-preview":"max-video-preview:-1"},"canonical":"https:\/\/www.technic-toys.com\/izdelek\/cro55racer-desert-buggy-4wd-112-rtr\/","og_locale":"en_US","og_type":"article","og_title":"CRO55RACER Desert Buggy 4WD 1:12 RTR - TECHNIC-TOYS.com","og_description":"CRO55RACER Desert Buggy, 4WD, RTR Pri tem dirkalniku je upo\u0161tevano vse, kar je zna\u010dilno za dober vozi\u010dek Dune Buggy: Hiter je (Vmax 50 km\/h), zelo robusten, krmilnik in servomotorji so vodoodporni, dizajn je lep, Buggy ima zmogljivo Li-Ion baterijo, terenske pnevmatike imajo zelo dober oprijem in zahvaljujo\u010d LED osvetlitvi je vedno lahko viden tudi v [&hellip;]","og_url":"https:\/\/www.technic-toys.com\/izdelek\/cro55racer-desert-buggy-4wd-112-rtr\/","og_site_name":"TECHNIC-TOYS.com","article_modified_time":"2024-12-04T18:04:18+00:00","twitter_card":"summary_large_image","twitter_misc":{"Est. reading time":"1 minute"},"schema":{"@context":"https:\/\/schema.org","@graph":[{"@type":"WebPage","@id":"https:\/\/www.technic-toys.com\/izdelek\/cro55racer-desert-buggy-4wd-112-rtr\/","url":"https:\/\/www.technic-toys.com\/izdelek\/cro55racer-desert-buggy-4wd-112-rtr\/","name":"CRO55RACER Desert Buggy 4WD 1:12 RTR - TECHNIC-TOYS.com","isPartOf":{"@id":"https:\/\/www.technic-toys.com\/en\/#website"},"datePublished":"2022-04-08T14:06:09+00:00","dateModified":"2024-12-04T18:04:18+00:00","breadcrumb":{"@id":"https:\/\/www.technic-toys.com\/izdelek\/cro55racer-desert-buggy-4wd-112-rtr\/#breadcrumb"},"inLanguage":"en-US","potentialAction":[{"@type":"ReadAction","target":["https:\/\/www.technic-toys.com\/izdelek\/cro55racer-desert-buggy-4wd-112-rtr\/"]}]},{"@type":"BreadcrumbList","@id":"https:\/\/www.technic-toys.com\/izdelek\/cro55racer-desert-buggy-4wd-112-rtr\/#breadcrumb","itemListElement":[{"@type":"ListItem","position":1,"name":"Domov","item":"https:\/\/www.technic-toys.com\/en\/"},{"@type":"ListItem","position":2,"name":"Shop","item":"https:\/\/www.technic-toys.com\/en\/shop-2\/"},{"@type":"ListItem","position":3,"name":"CRO55RACER Desert Buggy 4WD 1:12 RTR"}]},{"@type":"WebSite","@id":"https:\/\/www.technic-toys.com\/en\/#website","url":"https:\/\/www.technic-toys.com\/en\/","name":"TECHNIC-TOYS.com","description":"","potentialAction":[{"@type":"SearchAction","target":{"@type":"EntryPoint","urlTemplate":"https:\/\/www.technic-toys.com\/en\/?s={search_term_string}"},"query-input":"required name=search_term_string"}],"inLanguage":"en-US"}]}},"_links":{"self":[{"href":"https:\/\/www.technic-toys.com\/en\/wp-json\/wp\/v2\/product\/12161"}],"collection":[{"href":"https:\/\/www.technic-toys.com\/en\/wp-json\/wp\/v2\/product"}],"about":[{"href":"https:\/\/www.technic-toys.com\/en\/wp-json\/wp\/v2\/types\/product"}],"wp:attachment":[{"href":"https:\/\/www.technic-toys.com\/en\/wp-json\/wp\/v2\/media?parent=12161"}],"wp:term":[{"taxonomy":"product_cat","embeddable":true,"href":"https:\/\/www.technic-toys.com\/en\/wp-json\/wp\/v2\/product_cat?post=12161"},{"taxonomy":"product_tag","embeddable":true,"href":"https:\/\/www.technic-toys.com\/en\/wp-json\/wp\/v2\/product_tag?post=12161"}],"curies":[{"name":"wp","href":"https:\/\/api.w.org\/{rel}","templated":true}]}}