{"id":12264,"date":"2022-04-08T16:06:09","date_gmt":"2022-04-08T14:06:09","guid":{"rendered":"https:\/\/www.technic-toys.com\/izdelek\/vojaski-tovornjak-ural-b36-6wd-rtr-116-zelen\/"},"modified":"2024-12-04T19:04:18","modified_gmt":"2024-12-04T18:04:18","slug":"vojaski-tovornjak-ural-b36-6wd-rtr-116-zelen","status":"publish","type":"product","link":"https:\/\/www.technic-toys.com\/en\/izdelek\/vojaski-tovornjak-ural-b36-6wd-rtr-116-zelen\/","title":{"rendered":"Voja\u0161ki tovornjak Ural B36 6WD RTR 1:16, zelen"},"content":{"rendered":"<p>Replika znanega in zelo priljubljenega voja\u0161kega tovornjaka &#8220;URAL B36&#8221; v merilu 1:16. Vozilo je popolnoma proporcionalno in opremljeno z zmogljivim 6WD pogonom. Poleg tega je model odporen na \u0161kropljenje in zato popolnoma primeren za uporabo na terenu. Vse podrobnosti lestvice so popolnoma funkcionalne. Vsa vrata se lahko odprejo in tudi pokrov motorja se lahko odpre in slu\u017ei kot predal za baterije. Zadnja \u0161katla je \u017ee opremljena z vsemi deli, ki jih ima original. Ta odli\u010den model poskrbi za hitrej\u0161e utripanje srca vseh ljubiteljev tehtnic in gosenic, razmerje med ceno in zmogljivostjo pa je nepremagljivo.<\/p>\n<p>Lastnosti:<br \/>6WD pogon<br \/>Nadzor 2,4 GHz<br \/ > Za\u0161\u010ditena pred brizganjem vode<br \/>Popolnoma proporcionalna regulacija<br \/>Super optika<br \/>Dolg \u010das vo\u017enje (pribl. 20 min.)<br \/>Kratek \u010das polnjenja (pribl. 120 min.)<br \/>Domet pribli\u017eno 50 &#8211; 100 m<br \/>Naklon do 30\u00b0<br \/>Li-Ion baterija 7,4V 500mAh vklj.<br \/>USB polnilni kabel<\/p>\n<p>Tehni\u010dni podatki:<br \/>Dol\u017eina : 420 mm< br \/>\u0160irina: 145 mm<br \/>Vi\u0161ina: 210 mm<br \/>Te\u017ea: pribli\u017eno 1600 g<br \/>Merilo: 1:16<br \/>Baterija: 7,4V Li-Ion 500mAh<br \/> Polnilnik: USB<br \/>Nadzor: 2,4GHz<\/p>\n<p>Obseg dobave:<br \/>1x sovjetski voja\u0161ki tovornjak URAL<br \/>1x USB polnilec<br \/>1x baterija 7,4V Li-Ion 500mAh< br \/>1x oddajnik 2,4GHz<br \/>Navodila DE\/EN\/FR\/IT<\/p>\n<p>Potrebna dodatna oprema:<br \/>2x 1,5V Mignon AA baterije za oddajnik<\/p>\n","protected":false},"excerpt":{"rendered":"<p>Replika znanega in zelo priljubljenega voja\u0161kega tovornjaka &#8220;URAL B36&#8221; v merilu 1:16. Vozilo je popolnoma proporcionalno in opremljeno z zmogljivim 6WD pogonom. Poleg tega je model odporen na \u0161kropljenje in zato popolnoma primeren za uporabo na terenu. Vse podrobnosti lestvice so popolnoma funkcionalne. Vsa vrata se lahko odprejo in tudi pokrov motorja se lahko odpre [&hellip;]<\/p>\n","protected":false},"featured_media":12265,"template":"","meta":[],"product_cat":[374,365,360],"product_tag":[],"acf":[],"yoast_head":"<!-- This site is optimized with the Yoast SEO plugin v21.7 - https:\/\/yoast.com\/wordpress\/plugins\/seo\/ -->\n<title>Voja\u0161ki tovornjak Ural B36 6WD RTR 1:16, zelen - TECHNIC-TOYS.com<\/title>\n<meta name=\"robots\" content=\"index, follow, max-snippet:-1, max-image-preview:large, max-video-preview:-1\" \/>\n<link rel=\"canonical\" href=\"https:\/\/www.technic-toys.com\/izdelek\/vojaski-tovornjak-ural-b36-6wd-rtr-116-zelen\/\" \/>\n<meta property=\"og:locale\" content=\"en_US\" \/>\n<meta property=\"og:type\" content=\"article\" \/>\n<meta property=\"og:title\" content=\"Voja\u0161ki tovornjak Ural B36 6WD RTR 1:16, zelen - TECHNIC-TOYS.com\" \/>\n<meta property=\"og:description\" content=\"Replika znanega in zelo priljubljenega voja\u0161kega tovornjaka &#8220;URAL B36&#8221; v merilu 1:16. Vozilo je popolnoma proporcionalno in opremljeno z zmogljivim 6WD pogonom. Poleg tega je model odporen na \u0161kropljenje in zato popolnoma primeren za uporabo na terenu. Vse podrobnosti lestvice so popolnoma funkcionalne. Vsa vrata se lahko odprejo in tudi pokrov motorja se lahko odpre [&hellip;]\" \/>\n<meta property=\"og:url\" content=\"https:\/\/www.technic-toys.com\/izdelek\/vojaski-tovornjak-ural-b36-6wd-rtr-116-zelen\/\" \/>\n<meta property=\"og:site_name\" content=\"TECHNIC-TOYS.com\" \/>\n<meta property=\"article:modified_time\" content=\"2024-12-04T18:04:18+00:00\" \/>\n<meta property=\"og:image\" content=\"https:\/\/www.technic-toys.com\/wp-content\/uploads\/2022\/04\/22371.jpg\" \/>\n\t<meta property=\"og:image:width\" content=\"1280\" \/>\n\t<meta property=\"og:image:height\" content=\"734\" \/>\n\t<meta property=\"og:image:type\" content=\"image\/jpeg\" \/>\n<meta name=\"twitter:card\" content=\"summary_large_image\" \/>\n<meta name=\"twitter:label1\" content=\"Est. reading time\" \/>\n\t<meta name=\"twitter:data1\" content=\"1 minute\" \/>\n<script type=\"application\/ld+json\" class=\"yoast-schema-graph\">{\"@context\":\"https:\/\/schema.org\",\"@graph\":[{\"@type\":\"WebPage\",\"@id\":\"https:\/\/www.technic-toys.com\/izdelek\/vojaski-tovornjak-ural-b36-6wd-rtr-116-zelen\/\",\"url\":\"https:\/\/www.technic-toys.com\/izdelek\/vojaski-tovornjak-ural-b36-6wd-rtr-116-zelen\/\",\"name\":\"Voja\u0161ki tovornjak Ural B36 6WD RTR 1:16, zelen - TECHNIC-TOYS.com\",\"isPartOf\":{\"@id\":\"https:\/\/www.technic-toys.com\/en\/#website\"},\"datePublished\":\"2022-04-08T14:06:09+00:00\",\"dateModified\":\"2024-12-04T18:04:18+00:00\",\"breadcrumb\":{\"@id\":\"https:\/\/www.technic-toys.com\/izdelek\/vojaski-tovornjak-ural-b36-6wd-rtr-116-zelen\/#breadcrumb\"},\"inLanguage\":\"en-US\",\"potentialAction\":[{\"@type\":\"ReadAction\",\"target\":[\"https:\/\/www.technic-toys.com\/izdelek\/vojaski-tovornjak-ural-b36-6wd-rtr-116-zelen\/\"]}]},{\"@type\":\"BreadcrumbList\",\"@id\":\"https:\/\/www.technic-toys.com\/izdelek\/vojaski-tovornjak-ural-b36-6wd-rtr-116-zelen\/#breadcrumb\",\"itemListElement\":[{\"@type\":\"ListItem\",\"position\":1,\"name\":\"Domov\",\"item\":\"https:\/\/www.technic-toys.com\/en\/\"},{\"@type\":\"ListItem\",\"position\":2,\"name\":\"Shop\",\"item\":\"https:\/\/www.technic-toys.com\/en\/shop-2\/\"},{\"@type\":\"ListItem\",\"position\":3,\"name\":\"Voja\u0161ki tovornjak Ural B36 6WD RTR 1:16, zelen\"}]},{\"@type\":\"WebSite\",\"@id\":\"https:\/\/www.technic-toys.com\/en\/#website\",\"url\":\"https:\/\/www.technic-toys.com\/en\/\",\"name\":\"TECHNIC-TOYS.com\",\"description\":\"\",\"potentialAction\":[{\"@type\":\"SearchAction\",\"target\":{\"@type\":\"EntryPoint\",\"urlTemplate\":\"https:\/\/www.technic-toys.com\/en\/?s={search_term_string}\"},\"query-input\":\"required name=search_term_string\"}],\"inLanguage\":\"en-US\"}]}<\/script>\n<!-- \/ Yoast SEO plugin. -->","yoast_head_json":{"title":"Voja\u0161ki tovornjak Ural B36 6WD RTR 1:16, zelen - TECHNIC-TOYS.com","robots":{"index":"index","follow":"follow","max-snippet":"max-snippet:-1","max-image-preview":"max-image-preview:large","max-video-preview":"max-video-preview:-1"},"canonical":"https:\/\/www.technic-toys.com\/izdelek\/vojaski-tovornjak-ural-b36-6wd-rtr-116-zelen\/","og_locale":"en_US","og_type":"article","og_title":"Voja\u0161ki tovornjak Ural B36 6WD RTR 1:16, zelen - TECHNIC-TOYS.com","og_description":"Replika znanega in zelo priljubljenega voja\u0161kega tovornjaka &#8220;URAL B36&#8221; v merilu 1:16. Vozilo je popolnoma proporcionalno in opremljeno z zmogljivim 6WD pogonom. Poleg tega je model odporen na \u0161kropljenje in zato popolnoma primeren za uporabo na terenu. Vse podrobnosti lestvice so popolnoma funkcionalne. Vsa vrata se lahko odprejo in tudi pokrov motorja se lahko odpre [&hellip;]","og_url":"https:\/\/www.technic-toys.com\/izdelek\/vojaski-tovornjak-ural-b36-6wd-rtr-116-zelen\/","og_site_name":"TECHNIC-TOYS.com","article_modified_time":"2024-12-04T18:04:18+00:00","og_image":[{"width":1280,"height":734,"url":"https:\/\/www.technic-toys.com\/wp-content\/uploads\/2022\/04\/22371.jpg","type":"image\/jpeg"}],"twitter_card":"summary_large_image","twitter_misc":{"Est. reading time":"1 minute"},"schema":{"@context":"https:\/\/schema.org","@graph":[{"@type":"WebPage","@id":"https:\/\/www.technic-toys.com\/izdelek\/vojaski-tovornjak-ural-b36-6wd-rtr-116-zelen\/","url":"https:\/\/www.technic-toys.com\/izdelek\/vojaski-tovornjak-ural-b36-6wd-rtr-116-zelen\/","name":"Voja\u0161ki tovornjak Ural B36 6WD RTR 1:16, zelen - TECHNIC-TOYS.com","isPartOf":{"@id":"https:\/\/www.technic-toys.com\/en\/#website"},"datePublished":"2022-04-08T14:06:09+00:00","dateModified":"2024-12-04T18:04:18+00:00","breadcrumb":{"@id":"https:\/\/www.technic-toys.com\/izdelek\/vojaski-tovornjak-ural-b36-6wd-rtr-116-zelen\/#breadcrumb"},"inLanguage":"en-US","potentialAction":[{"@type":"ReadAction","target":["https:\/\/www.technic-toys.com\/izdelek\/vojaski-tovornjak-ural-b36-6wd-rtr-116-zelen\/"]}]},{"@type":"BreadcrumbList","@id":"https:\/\/www.technic-toys.com\/izdelek\/vojaski-tovornjak-ural-b36-6wd-rtr-116-zelen\/#breadcrumb","itemListElement":[{"@type":"ListItem","position":1,"name":"Domov","item":"https:\/\/www.technic-toys.com\/en\/"},{"@type":"ListItem","position":2,"name":"Shop","item":"https:\/\/www.technic-toys.com\/en\/shop-2\/"},{"@type":"ListItem","position":3,"name":"Voja\u0161ki tovornjak Ural B36 6WD RTR 1:16, zelen"}]},{"@type":"WebSite","@id":"https:\/\/www.technic-toys.com\/en\/#website","url":"https:\/\/www.technic-toys.com\/en\/","name":"TECHNIC-TOYS.com","description":"","potentialAction":[{"@type":"SearchAction","target":{"@type":"EntryPoint","urlTemplate":"https:\/\/www.technic-toys.com\/en\/?s={search_term_string}"},"query-input":"required name=search_term_string"}],"inLanguage":"en-US"}]}},"_links":{"self":[{"href":"https:\/\/www.technic-toys.com\/en\/wp-json\/wp\/v2\/product\/12264"}],"collection":[{"href":"https:\/\/www.technic-toys.com\/en\/wp-json\/wp\/v2\/product"}],"about":[{"href":"https:\/\/www.technic-toys.com\/en\/wp-json\/wp\/v2\/types\/product"}],"wp:featuredmedia":[{"embeddable":true,"href":"https:\/\/www.technic-toys.com\/en\/wp-json\/wp\/v2\/media\/12265"}],"wp:attachment":[{"href":"https:\/\/www.technic-toys.com\/en\/wp-json\/wp\/v2\/media?parent=12264"}],"wp:term":[{"taxonomy":"product_cat","embeddable":true,"href":"https:\/\/www.technic-toys.com\/en\/wp-json\/wp\/v2\/product_cat?post=12264"},{"taxonomy":"product_tag","embeddable":true,"href":"https:\/\/www.technic-toys.com\/en\/wp-json\/wp\/v2\/product_tag?post=12264"}],"curies":[{"name":"wp","href":"https:\/\/api.w.org\/{rel}","templated":true}]}}