{"id":12295,"date":"2022-04-08T16:06:09","date_gmt":"2022-04-08T14:06:09","guid":{"rendered":"https:\/\/www.technic-toys.com\/izdelek\/amxrock-crawler-am24-4wd-124-rtr-modra\/"},"modified":"2024-12-04T19:04:15","modified_gmt":"2024-12-04T18:04:15","slug":"amxrock-crawler-am24-4wd-124-rtr-modra","status":"publish","type":"product","link":"https:\/\/www.technic-toys.com\/en\/izdelek\/amxrock-crawler-am24-4wd-124-rtr-modra\/","title":{"rendered":"AMXRock Crawler AM24 4WD 1:24 RTR modra"},"content":{"rendered":"<p>AMX Rock Crawler 1:24 4WDA odli\u010den polmernik, ki zlahka upravlja ravnote\u017eje med goseni\u010darjem in kri\u017earko zahvaljujo\u010d svojim funkcijam \u0160tevilni realisti\u010dni in ljube\u010de oblikovani detajli, kot so ohi\u0161je, cevasta kovinska kletka in rezervno kolo na nakladalnem prostoru. Izjemno mehke pnevmatike M\/T \u010dakajo na divjo vo\u017enjo \u010dez hrib in dolino ter te\u017eke prehode po blatu.Elektronika je za\u0161\u010ditena z vodo. Lastnosti: prenos super visokega navora (FDL 104:1) ve\u010dvodilni diferencial vzmetenja, popolnoma blokiran, spredaj in zadnja os 3-stopenjski motor z reduktorjem, te\u017ei\u0161\u010de Teleskopska pogonska gred UJ, maksimalna vzdr\u017eljivost Krmilni servo name\u0161\u010den na \u0161asiji \u0160asija s kovinskim okvirjem 4 WD (\u0161tirikolesni pogon) polni amortizerji Gorska zavora &#8211; brez kotaljenja po cesti Zelo ob\u010dutljiva krmiljenje 2,4 GHz radijska tehnologija, zadnja generacija LED osvetlitev spredaj in zadaj 123 mm Te\u017ea: 260 g Servo: preizku\u0161eno z vodo, 1 kg spro\u017eilna sila Baterija: 3,7 V 1S Li-po 600MAh Obseg dobave: 1x vozilo AM241x 2,4GHz baterija oddajnik USB 11S LiPo 11S kabel Navodila za uporabo<\/p>\n","protected":false},"excerpt":{"rendered":"<p>AMX Rock Crawler 1:24 4WDA odli\u010den polmernik, ki zlahka upravlja ravnote\u017eje med goseni\u010darjem in kri\u017earko zahvaljujo\u010d svojim funkcijam \u0160tevilni realisti\u010dni in ljube\u010de oblikovani detajli, kot so ohi\u0161je, cevasta kovinska kletka in rezervno kolo na nakladalnem prostoru. Izjemno mehke pnevmatike M\/T \u010dakajo na divjo vo\u017enjo \u010dez hrib in dolino ter te\u017eke prehode po blatu.Elektronika je za\u0161\u010ditena [&hellip;]<\/p>\n","protected":false},"featured_media":12296,"template":"","meta":[],"product_cat":[374,361],"product_tag":[],"acf":[],"yoast_head":"<!-- This site is optimized with the Yoast SEO plugin v21.7 - https:\/\/yoast.com\/wordpress\/plugins\/seo\/ -->\n<title>AMXRock Crawler AM24 4WD 1:24 RTR modra - TECHNIC-TOYS.com<\/title>\n<meta name=\"robots\" content=\"index, follow, max-snippet:-1, max-image-preview:large, max-video-preview:-1\" \/>\n<link rel=\"canonical\" href=\"https:\/\/www.technic-toys.com\/izdelek\/amxrock-crawler-am24-4wd-124-rtr-modra\/\" \/>\n<meta property=\"og:locale\" content=\"en_US\" \/>\n<meta property=\"og:type\" content=\"article\" \/>\n<meta property=\"og:title\" content=\"AMXRock Crawler AM24 4WD 1:24 RTR modra - TECHNIC-TOYS.com\" \/>\n<meta property=\"og:description\" content=\"AMX Rock Crawler 1:24 4WDA odli\u010den polmernik, ki zlahka upravlja ravnote\u017eje med goseni\u010darjem in kri\u017earko zahvaljujo\u010d svojim funkcijam \u0160tevilni realisti\u010dni in ljube\u010de oblikovani detajli, kot so ohi\u0161je, cevasta kovinska kletka in rezervno kolo na nakladalnem prostoru. Izjemno mehke pnevmatike M\/T \u010dakajo na divjo vo\u017enjo \u010dez hrib in dolino ter te\u017eke prehode po blatu.Elektronika je za\u0161\u010ditena [&hellip;]\" \/>\n<meta property=\"og:url\" content=\"https:\/\/www.technic-toys.com\/izdelek\/amxrock-crawler-am24-4wd-124-rtr-modra\/\" \/>\n<meta property=\"og:site_name\" content=\"TECHNIC-TOYS.com\" \/>\n<meta property=\"article:modified_time\" content=\"2024-12-04T18:04:15+00:00\" \/>\n<meta property=\"og:image\" content=\"https:\/\/www.technic-toys.com\/wp-content\/uploads\/2022\/04\/22372.jpg\" \/>\n\t<meta property=\"og:image:width\" content=\"1280\" \/>\n\t<meta property=\"og:image:height\" content=\"734\" \/>\n\t<meta property=\"og:image:type\" content=\"image\/jpeg\" \/>\n<meta name=\"twitter:card\" content=\"summary_large_image\" \/>\n<meta name=\"twitter:label1\" content=\"Est. reading time\" \/>\n\t<meta name=\"twitter:data1\" content=\"1 minute\" \/>\n<script type=\"application\/ld+json\" class=\"yoast-schema-graph\">{\"@context\":\"https:\/\/schema.org\",\"@graph\":[{\"@type\":\"WebPage\",\"@id\":\"https:\/\/www.technic-toys.com\/izdelek\/amxrock-crawler-am24-4wd-124-rtr-modra\/\",\"url\":\"https:\/\/www.technic-toys.com\/izdelek\/amxrock-crawler-am24-4wd-124-rtr-modra\/\",\"name\":\"AMXRock Crawler AM24 4WD 1:24 RTR modra - TECHNIC-TOYS.com\",\"isPartOf\":{\"@id\":\"https:\/\/www.technic-toys.com\/en\/#website\"},\"datePublished\":\"2022-04-08T14:06:09+00:00\",\"dateModified\":\"2024-12-04T18:04:15+00:00\",\"breadcrumb\":{\"@id\":\"https:\/\/www.technic-toys.com\/izdelek\/amxrock-crawler-am24-4wd-124-rtr-modra\/#breadcrumb\"},\"inLanguage\":\"en-US\",\"potentialAction\":[{\"@type\":\"ReadAction\",\"target\":[\"https:\/\/www.technic-toys.com\/izdelek\/amxrock-crawler-am24-4wd-124-rtr-modra\/\"]}]},{\"@type\":\"BreadcrumbList\",\"@id\":\"https:\/\/www.technic-toys.com\/izdelek\/amxrock-crawler-am24-4wd-124-rtr-modra\/#breadcrumb\",\"itemListElement\":[{\"@type\":\"ListItem\",\"position\":1,\"name\":\"Domov\",\"item\":\"https:\/\/www.technic-toys.com\/en\/\"},{\"@type\":\"ListItem\",\"position\":2,\"name\":\"Shop\",\"item\":\"https:\/\/www.technic-toys.com\/en\/shop-2\/\"},{\"@type\":\"ListItem\",\"position\":3,\"name\":\"AMXRock Crawler AM24 4WD 1:24 RTR modra\"}]},{\"@type\":\"WebSite\",\"@id\":\"https:\/\/www.technic-toys.com\/en\/#website\",\"url\":\"https:\/\/www.technic-toys.com\/en\/\",\"name\":\"TECHNIC-TOYS.com\",\"description\":\"\",\"potentialAction\":[{\"@type\":\"SearchAction\",\"target\":{\"@type\":\"EntryPoint\",\"urlTemplate\":\"https:\/\/www.technic-toys.com\/en\/?s={search_term_string}\"},\"query-input\":\"required name=search_term_string\"}],\"inLanguage\":\"en-US\"}]}<\/script>\n<!-- \/ Yoast SEO plugin. -->","yoast_head_json":{"title":"AMXRock Crawler AM24 4WD 1:24 RTR modra - TECHNIC-TOYS.com","robots":{"index":"index","follow":"follow","max-snippet":"max-snippet:-1","max-image-preview":"max-image-preview:large","max-video-preview":"max-video-preview:-1"},"canonical":"https:\/\/www.technic-toys.com\/izdelek\/amxrock-crawler-am24-4wd-124-rtr-modra\/","og_locale":"en_US","og_type":"article","og_title":"AMXRock Crawler AM24 4WD 1:24 RTR modra - TECHNIC-TOYS.com","og_description":"AMX Rock Crawler 1:24 4WDA odli\u010den polmernik, ki zlahka upravlja ravnote\u017eje med goseni\u010darjem in kri\u017earko zahvaljujo\u010d svojim funkcijam \u0160tevilni realisti\u010dni in ljube\u010de oblikovani detajli, kot so ohi\u0161je, cevasta kovinska kletka in rezervno kolo na nakladalnem prostoru. Izjemno mehke pnevmatike M\/T \u010dakajo na divjo vo\u017enjo \u010dez hrib in dolino ter te\u017eke prehode po blatu.Elektronika je za\u0161\u010ditena [&hellip;]","og_url":"https:\/\/www.technic-toys.com\/izdelek\/amxrock-crawler-am24-4wd-124-rtr-modra\/","og_site_name":"TECHNIC-TOYS.com","article_modified_time":"2024-12-04T18:04:15+00:00","og_image":[{"width":1280,"height":734,"url":"https:\/\/www.technic-toys.com\/wp-content\/uploads\/2022\/04\/22372.jpg","type":"image\/jpeg"}],"twitter_card":"summary_large_image","twitter_misc":{"Est. reading time":"1 minute"},"schema":{"@context":"https:\/\/schema.org","@graph":[{"@type":"WebPage","@id":"https:\/\/www.technic-toys.com\/izdelek\/amxrock-crawler-am24-4wd-124-rtr-modra\/","url":"https:\/\/www.technic-toys.com\/izdelek\/amxrock-crawler-am24-4wd-124-rtr-modra\/","name":"AMXRock Crawler AM24 4WD 1:24 RTR modra - TECHNIC-TOYS.com","isPartOf":{"@id":"https:\/\/www.technic-toys.com\/en\/#website"},"datePublished":"2022-04-08T14:06:09+00:00","dateModified":"2024-12-04T18:04:15+00:00","breadcrumb":{"@id":"https:\/\/www.technic-toys.com\/izdelek\/amxrock-crawler-am24-4wd-124-rtr-modra\/#breadcrumb"},"inLanguage":"en-US","potentialAction":[{"@type":"ReadAction","target":["https:\/\/www.technic-toys.com\/izdelek\/amxrock-crawler-am24-4wd-124-rtr-modra\/"]}]},{"@type":"BreadcrumbList","@id":"https:\/\/www.technic-toys.com\/izdelek\/amxrock-crawler-am24-4wd-124-rtr-modra\/#breadcrumb","itemListElement":[{"@type":"ListItem","position":1,"name":"Domov","item":"https:\/\/www.technic-toys.com\/en\/"},{"@type":"ListItem","position":2,"name":"Shop","item":"https:\/\/www.technic-toys.com\/en\/shop-2\/"},{"@type":"ListItem","position":3,"name":"AMXRock Crawler AM24 4WD 1:24 RTR modra"}]},{"@type":"WebSite","@id":"https:\/\/www.technic-toys.com\/en\/#website","url":"https:\/\/www.technic-toys.com\/en\/","name":"TECHNIC-TOYS.com","description":"","potentialAction":[{"@type":"SearchAction","target":{"@type":"EntryPoint","urlTemplate":"https:\/\/www.technic-toys.com\/en\/?s={search_term_string}"},"query-input":"required name=search_term_string"}],"inLanguage":"en-US"}]}},"_links":{"self":[{"href":"https:\/\/www.technic-toys.com\/en\/wp-json\/wp\/v2\/product\/12295"}],"collection":[{"href":"https:\/\/www.technic-toys.com\/en\/wp-json\/wp\/v2\/product"}],"about":[{"href":"https:\/\/www.technic-toys.com\/en\/wp-json\/wp\/v2\/types\/product"}],"wp:featuredmedia":[{"embeddable":true,"href":"https:\/\/www.technic-toys.com\/en\/wp-json\/wp\/v2\/media\/12296"}],"wp:attachment":[{"href":"https:\/\/www.technic-toys.com\/en\/wp-json\/wp\/v2\/media?parent=12295"}],"wp:term":[{"taxonomy":"product_cat","embeddable":true,"href":"https:\/\/www.technic-toys.com\/en\/wp-json\/wp\/v2\/product_cat?post=12295"},{"taxonomy":"product_tag","embeddable":true,"href":"https:\/\/www.technic-toys.com\/en\/wp-json\/wp\/v2\/product_tag?post=12295"}],"curies":[{"name":"wp","href":"https:\/\/api.w.org\/{rel}","templated":true}]}}