{"id":12599,"date":"2022-04-08T16:10:22","date_gmt":"2022-04-08T14:10:22","guid":{"rendered":"https:\/\/www.technic-toys.com\/izdelek\/amerisko-vojasko-terensko-vozilo-114-4wd-rtr-vojasko-zeleno\/"},"modified":"2024-12-04T19:04:13","modified_gmt":"2024-12-04T18:04:13","slug":"amerisko-vojasko-terensko-vozilo-114-4wd-rtr-vojasko-zeleno","status":"publish","type":"product","link":"https:\/\/www.technic-toys.com\/en\/izdelek\/amerisko-vojasko-terensko-vozilo-114-4wd-rtr-vojasko-zeleno\/","title":{"rendered":"Ameri\u0161ko voja\u0161ko terensko vozilo 1:14 4WD RTR, voja\u0161ko zeleno"},"content":{"rendered":"<p>Pomanj\u0161ana maketa ameri\u0161kega modela iz druge svetovne vojne. Videz in oprema tega terenca ne pu\u0161\u010data ni\u010d \u017eelenega. Popolnoma proporcionalne krmilne funkcije za plin in krmiljenje, pogon 4WD, LED osvetlitev, 3 diferenciali in nekateri dodatki za lestvico, kot so orodje, rezervoar za olje, itd. postavljajo nove standarde v razredu RTR za vozila te vrste. Model je popolnoma izklopljen. zmogljiv na cesti in elektronika je odporna na \u0161kropljenje. To pomeni, da je terenec varen na katerem koli terenu in dolg \u010das vo\u017enje do 20 minut zaokro\u017euje ta paket! Domet sistema 2,4 GHz je cca 50 &#8211; 100 m in najve\u010dja hitrost cca 15 km\/h je ve\u010d kot dovolj za zabavo na terenu. Zaradi svoje velikosti (1:14) je model videti dobro tudi na vsakem sre\u010danju skalarjev in goseni\u010darjev. LastnostiProporcionalno krmiljenjeProporcionalna plinska osvetlitev LED spredaj Prilo\u017eena dodatna oprema Podvozje z jeklenim okvirjem 2,4GHz sistem Elektronika za za\u0161\u010dito pred brizganjem Popolna terenska zmogljivost Ta videoposnetek je vdelan z Youtube.<\/p>\n","protected":false},"excerpt":{"rendered":"<p>Pomanj\u0161ana maketa ameri\u0161kega modela iz druge svetovne vojne. Videz in oprema tega terenca ne pu\u0161\u010data ni\u010d \u017eelenega. Popolnoma proporcionalne krmilne funkcije za plin in krmiljenje, pogon 4WD, LED osvetlitev, 3 diferenciali in nekateri dodatki za lestvico, kot so orodje, rezervoar za olje, itd. postavljajo nove standarde v razredu RTR za vozila te vrste. Model je [&hellip;]<\/p>\n","protected":false},"featured_media":12600,"template":"","meta":[],"product_cat":[374,365],"product_tag":[],"acf":[],"yoast_head":"<!-- This site is optimized with the Yoast SEO plugin v21.7 - https:\/\/yoast.com\/wordpress\/plugins\/seo\/ -->\n<title>Ameri\u0161ko voja\u0161ko terensko vozilo 1:14 4WD RTR, voja\u0161ko zeleno - TECHNIC-TOYS.com<\/title>\n<meta name=\"robots\" content=\"index, follow, max-snippet:-1, max-image-preview:large, max-video-preview:-1\" \/>\n<link rel=\"canonical\" href=\"https:\/\/www.technic-toys.com\/izdelek\/amerisko-vojasko-terensko-vozilo-114-4wd-rtr-vojasko-zeleno\/\" \/>\n<meta property=\"og:locale\" content=\"en_US\" \/>\n<meta property=\"og:type\" content=\"article\" \/>\n<meta property=\"og:title\" content=\"Ameri\u0161ko voja\u0161ko terensko vozilo 1:14 4WD RTR, voja\u0161ko zeleno - TECHNIC-TOYS.com\" \/>\n<meta property=\"og:description\" content=\"Pomanj\u0161ana maketa ameri\u0161kega modela iz druge svetovne vojne. Videz in oprema tega terenca ne pu\u0161\u010data ni\u010d \u017eelenega. Popolnoma proporcionalne krmilne funkcije za plin in krmiljenje, pogon 4WD, LED osvetlitev, 3 diferenciali in nekateri dodatki za lestvico, kot so orodje, rezervoar za olje, itd. postavljajo nove standarde v razredu RTR za vozila te vrste. Model je [&hellip;]\" \/>\n<meta property=\"og:url\" content=\"https:\/\/www.technic-toys.com\/izdelek\/amerisko-vojasko-terensko-vozilo-114-4wd-rtr-vojasko-zeleno\/\" \/>\n<meta property=\"og:site_name\" content=\"TECHNIC-TOYS.com\" \/>\n<meta property=\"article:modified_time\" content=\"2024-12-04T18:04:13+00:00\" \/>\n<meta property=\"og:image\" content=\"https:\/\/www.technic-toys.com\/wp-content\/uploads\/2022\/04\/22386.jpg\" \/>\n\t<meta property=\"og:image:width\" content=\"1280\" \/>\n\t<meta property=\"og:image:height\" content=\"734\" \/>\n\t<meta property=\"og:image:type\" content=\"image\/jpeg\" \/>\n<meta name=\"twitter:card\" content=\"summary_large_image\" \/>\n<meta name=\"twitter:label1\" content=\"Est. reading time\" \/>\n\t<meta name=\"twitter:data1\" content=\"1 minute\" \/>\n<script type=\"application\/ld+json\" class=\"yoast-schema-graph\">{\"@context\":\"https:\/\/schema.org\",\"@graph\":[{\"@type\":\"WebPage\",\"@id\":\"https:\/\/www.technic-toys.com\/izdelek\/amerisko-vojasko-terensko-vozilo-114-4wd-rtr-vojasko-zeleno\/\",\"url\":\"https:\/\/www.technic-toys.com\/izdelek\/amerisko-vojasko-terensko-vozilo-114-4wd-rtr-vojasko-zeleno\/\",\"name\":\"Ameri\u0161ko voja\u0161ko terensko vozilo 1:14 4WD RTR, voja\u0161ko zeleno - TECHNIC-TOYS.com\",\"isPartOf\":{\"@id\":\"https:\/\/www.technic-toys.com\/en\/#website\"},\"datePublished\":\"2022-04-08T14:10:22+00:00\",\"dateModified\":\"2024-12-04T18:04:13+00:00\",\"breadcrumb\":{\"@id\":\"https:\/\/www.technic-toys.com\/izdelek\/amerisko-vojasko-terensko-vozilo-114-4wd-rtr-vojasko-zeleno\/#breadcrumb\"},\"inLanguage\":\"en-US\",\"potentialAction\":[{\"@type\":\"ReadAction\",\"target\":[\"https:\/\/www.technic-toys.com\/izdelek\/amerisko-vojasko-terensko-vozilo-114-4wd-rtr-vojasko-zeleno\/\"]}]},{\"@type\":\"BreadcrumbList\",\"@id\":\"https:\/\/www.technic-toys.com\/izdelek\/amerisko-vojasko-terensko-vozilo-114-4wd-rtr-vojasko-zeleno\/#breadcrumb\",\"itemListElement\":[{\"@type\":\"ListItem\",\"position\":1,\"name\":\"Domov\",\"item\":\"https:\/\/www.technic-toys.com\/en\/\"},{\"@type\":\"ListItem\",\"position\":2,\"name\":\"Shop\",\"item\":\"https:\/\/www.technic-toys.com\/en\/shop-2\/\"},{\"@type\":\"ListItem\",\"position\":3,\"name\":\"Ameri\u0161ko voja\u0161ko terensko vozilo 1:14 4WD RTR, voja\u0161ko zeleno\"}]},{\"@type\":\"WebSite\",\"@id\":\"https:\/\/www.technic-toys.com\/en\/#website\",\"url\":\"https:\/\/www.technic-toys.com\/en\/\",\"name\":\"TECHNIC-TOYS.com\",\"description\":\"\",\"potentialAction\":[{\"@type\":\"SearchAction\",\"target\":{\"@type\":\"EntryPoint\",\"urlTemplate\":\"https:\/\/www.technic-toys.com\/en\/?s={search_term_string}\"},\"query-input\":\"required name=search_term_string\"}],\"inLanguage\":\"en-US\"}]}<\/script>\n<!-- \/ Yoast SEO plugin. -->","yoast_head_json":{"title":"Ameri\u0161ko voja\u0161ko terensko vozilo 1:14 4WD RTR, voja\u0161ko zeleno - TECHNIC-TOYS.com","robots":{"index":"index","follow":"follow","max-snippet":"max-snippet:-1","max-image-preview":"max-image-preview:large","max-video-preview":"max-video-preview:-1"},"canonical":"https:\/\/www.technic-toys.com\/izdelek\/amerisko-vojasko-terensko-vozilo-114-4wd-rtr-vojasko-zeleno\/","og_locale":"en_US","og_type":"article","og_title":"Ameri\u0161ko voja\u0161ko terensko vozilo 1:14 4WD RTR, voja\u0161ko zeleno - TECHNIC-TOYS.com","og_description":"Pomanj\u0161ana maketa ameri\u0161kega modela iz druge svetovne vojne. Videz in oprema tega terenca ne pu\u0161\u010data ni\u010d \u017eelenega. Popolnoma proporcionalne krmilne funkcije za plin in krmiljenje, pogon 4WD, LED osvetlitev, 3 diferenciali in nekateri dodatki za lestvico, kot so orodje, rezervoar za olje, itd. postavljajo nove standarde v razredu RTR za vozila te vrste. Model je [&hellip;]","og_url":"https:\/\/www.technic-toys.com\/izdelek\/amerisko-vojasko-terensko-vozilo-114-4wd-rtr-vojasko-zeleno\/","og_site_name":"TECHNIC-TOYS.com","article_modified_time":"2024-12-04T18:04:13+00:00","og_image":[{"width":1280,"height":734,"url":"https:\/\/www.technic-toys.com\/wp-content\/uploads\/2022\/04\/22386.jpg","type":"image\/jpeg"}],"twitter_card":"summary_large_image","twitter_misc":{"Est. reading time":"1 minute"},"schema":{"@context":"https:\/\/schema.org","@graph":[{"@type":"WebPage","@id":"https:\/\/www.technic-toys.com\/izdelek\/amerisko-vojasko-terensko-vozilo-114-4wd-rtr-vojasko-zeleno\/","url":"https:\/\/www.technic-toys.com\/izdelek\/amerisko-vojasko-terensko-vozilo-114-4wd-rtr-vojasko-zeleno\/","name":"Ameri\u0161ko voja\u0161ko terensko vozilo 1:14 4WD RTR, voja\u0161ko zeleno - TECHNIC-TOYS.com","isPartOf":{"@id":"https:\/\/www.technic-toys.com\/en\/#website"},"datePublished":"2022-04-08T14:10:22+00:00","dateModified":"2024-12-04T18:04:13+00:00","breadcrumb":{"@id":"https:\/\/www.technic-toys.com\/izdelek\/amerisko-vojasko-terensko-vozilo-114-4wd-rtr-vojasko-zeleno\/#breadcrumb"},"inLanguage":"en-US","potentialAction":[{"@type":"ReadAction","target":["https:\/\/www.technic-toys.com\/izdelek\/amerisko-vojasko-terensko-vozilo-114-4wd-rtr-vojasko-zeleno\/"]}]},{"@type":"BreadcrumbList","@id":"https:\/\/www.technic-toys.com\/izdelek\/amerisko-vojasko-terensko-vozilo-114-4wd-rtr-vojasko-zeleno\/#breadcrumb","itemListElement":[{"@type":"ListItem","position":1,"name":"Domov","item":"https:\/\/www.technic-toys.com\/en\/"},{"@type":"ListItem","position":2,"name":"Shop","item":"https:\/\/www.technic-toys.com\/en\/shop-2\/"},{"@type":"ListItem","position":3,"name":"Ameri\u0161ko voja\u0161ko terensko vozilo 1:14 4WD RTR, voja\u0161ko zeleno"}]},{"@type":"WebSite","@id":"https:\/\/www.technic-toys.com\/en\/#website","url":"https:\/\/www.technic-toys.com\/en\/","name":"TECHNIC-TOYS.com","description":"","potentialAction":[{"@type":"SearchAction","target":{"@type":"EntryPoint","urlTemplate":"https:\/\/www.technic-toys.com\/en\/?s={search_term_string}"},"query-input":"required name=search_term_string"}],"inLanguage":"en-US"}]}},"_links":{"self":[{"href":"https:\/\/www.technic-toys.com\/en\/wp-json\/wp\/v2\/product\/12599"}],"collection":[{"href":"https:\/\/www.technic-toys.com\/en\/wp-json\/wp\/v2\/product"}],"about":[{"href":"https:\/\/www.technic-toys.com\/en\/wp-json\/wp\/v2\/types\/product"}],"wp:featuredmedia":[{"embeddable":true,"href":"https:\/\/www.technic-toys.com\/en\/wp-json\/wp\/v2\/media\/12600"}],"wp:attachment":[{"href":"https:\/\/www.technic-toys.com\/en\/wp-json\/wp\/v2\/media?parent=12599"}],"wp:term":[{"taxonomy":"product_cat","embeddable":true,"href":"https:\/\/www.technic-toys.com\/en\/wp-json\/wp\/v2\/product_cat?post=12599"},{"taxonomy":"product_tag","embeddable":true,"href":"https:\/\/www.technic-toys.com\/en\/wp-json\/wp\/v2\/product_tag?post=12599"}],"curies":[{"name":"wp","href":"https:\/\/api.w.org\/{rel}","templated":true}]}}