{"id":12814,"date":"2022-04-08T16:10:22","date_gmt":"2022-04-08T14:10:22","guid":{"rendered":"https:\/\/www.technic-toys.com\/izdelek\/terensko-vozilo-amx-rock-4wd-135-komplet\/"},"modified":"2024-12-04T19:04:13","modified_gmt":"2024-12-04T18:04:13","slug":"terensko-vozilo-amx-rock-4wd-135-komplet","status":"publish","type":"product","link":"https:\/\/www.technic-toys.com\/en\/izdelek\/terensko-vozilo-amx-rock-4wd-135-komplet\/","title":{"rendered":"Terensko vozilo AMX-Rock 4WD 1:35 komplet"},"content":{"rendered":"<p>Komplet legendarnega terenskega vozila D110. Ta model je dostavljen kot popoln komplet za navdu\u0161ence nad modeliranjem in vklju\u010duje vse potrebno, razen oddajnika, sprejemnika in krmilnika. V kompletu je baterija, kakovosten motor in dober krmilni servo. Telo je nepobarvano in ga je mogo\u010de prosto oblikovati. Kakovost tega odli\u010dnega modela je absolutno vrhunska in naredi srce vsakega ljubitelja tehtnice hitreje. Konstrukcija vozila je zasnovana kot gosenica, zato je ta model z ustreznim krmilnikom (mountain break) popolnoma terensko sposoben! Zgradite svojo gosenico v dnevni sobi ali na vrtu in u\u017eivajte v odli\u010dnih voznih lastnostih na\u0161ega modela D110 v najmanj\u0161ih prostorih. Tehni\u010dni podatki: Dol\u017eina: 151 mm \u0160irina: 59 mm Vi\u0161ina: 62 mm Te\u017ea: pribl. krmilnik LiPo baterija 2S 260mAh Navodila za gradnjo D \/ Eng Zahtevani dodatki Oddajnik in sprejemnik Krmilnik (npr. Hobbywing ali Castle Creation)<\/p>\n","protected":false},"excerpt":{"rendered":"<p>Komplet legendarnega terenskega vozila D110. Ta model je dostavljen kot popoln komplet za navdu\u0161ence nad modeliranjem in vklju\u010duje vse potrebno, razen oddajnika, sprejemnika in krmilnika. V kompletu je baterija, kakovosten motor in dober krmilni servo. Telo je nepobarvano in ga je mogo\u010de prosto oblikovati. Kakovost tega odli\u010dnega modela je absolutno vrhunska in naredi srce vsakega [&hellip;]<\/p>\n","protected":false},"featured_media":12815,"template":"","meta":[],"product_cat":[374,361],"product_tag":[],"acf":[],"yoast_head":"<!-- This site is optimized with the Yoast SEO plugin v21.7 - https:\/\/yoast.com\/wordpress\/plugins\/seo\/ -->\n<title>Terensko vozilo AMX-Rock 4WD 1:35 komplet - TECHNIC-TOYS.com<\/title>\n<meta name=\"robots\" content=\"index, follow, max-snippet:-1, max-image-preview:large, max-video-preview:-1\" \/>\n<link rel=\"canonical\" href=\"https:\/\/www.technic-toys.com\/izdelek\/terensko-vozilo-amx-rock-4wd-135-komplet\/\" \/>\n<meta property=\"og:locale\" content=\"en_US\" \/>\n<meta property=\"og:type\" content=\"article\" \/>\n<meta property=\"og:title\" content=\"Terensko vozilo AMX-Rock 4WD 1:35 komplet - TECHNIC-TOYS.com\" \/>\n<meta property=\"og:description\" content=\"Komplet legendarnega terenskega vozila D110. Ta model je dostavljen kot popoln komplet za navdu\u0161ence nad modeliranjem in vklju\u010duje vse potrebno, razen oddajnika, sprejemnika in krmilnika. V kompletu je baterija, kakovosten motor in dober krmilni servo. Telo je nepobarvano in ga je mogo\u010de prosto oblikovati. Kakovost tega odli\u010dnega modela je absolutno vrhunska in naredi srce vsakega [&hellip;]\" \/>\n<meta property=\"og:url\" content=\"https:\/\/www.technic-toys.com\/izdelek\/terensko-vozilo-amx-rock-4wd-135-komplet\/\" \/>\n<meta property=\"og:site_name\" content=\"TECHNIC-TOYS.com\" \/>\n<meta property=\"article:modified_time\" content=\"2024-12-04T18:04:13+00:00\" \/>\n<meta property=\"og:image\" content=\"https:\/\/www.technic-toys.com\/wp-content\/uploads\/2022\/04\/22395.jpg\" \/>\n\t<meta property=\"og:image:width\" content=\"2500\" \/>\n\t<meta property=\"og:image:height\" content=\"1321\" \/>\n\t<meta property=\"og:image:type\" content=\"image\/jpeg\" \/>\n<meta name=\"twitter:card\" content=\"summary_large_image\" \/>\n<meta name=\"twitter:label1\" content=\"Est. reading time\" \/>\n\t<meta name=\"twitter:data1\" content=\"1 minute\" \/>\n<script type=\"application\/ld+json\" class=\"yoast-schema-graph\">{\"@context\":\"https:\/\/schema.org\",\"@graph\":[{\"@type\":\"WebPage\",\"@id\":\"https:\/\/www.technic-toys.com\/izdelek\/terensko-vozilo-amx-rock-4wd-135-komplet\/\",\"url\":\"https:\/\/www.technic-toys.com\/izdelek\/terensko-vozilo-amx-rock-4wd-135-komplet\/\",\"name\":\"Terensko vozilo AMX-Rock 4WD 1:35 komplet - TECHNIC-TOYS.com\",\"isPartOf\":{\"@id\":\"https:\/\/www.technic-toys.com\/en\/#website\"},\"datePublished\":\"2022-04-08T14:10:22+00:00\",\"dateModified\":\"2024-12-04T18:04:13+00:00\",\"breadcrumb\":{\"@id\":\"https:\/\/www.technic-toys.com\/izdelek\/terensko-vozilo-amx-rock-4wd-135-komplet\/#breadcrumb\"},\"inLanguage\":\"en-US\",\"potentialAction\":[{\"@type\":\"ReadAction\",\"target\":[\"https:\/\/www.technic-toys.com\/izdelek\/terensko-vozilo-amx-rock-4wd-135-komplet\/\"]}]},{\"@type\":\"BreadcrumbList\",\"@id\":\"https:\/\/www.technic-toys.com\/izdelek\/terensko-vozilo-amx-rock-4wd-135-komplet\/#breadcrumb\",\"itemListElement\":[{\"@type\":\"ListItem\",\"position\":1,\"name\":\"Domov\",\"item\":\"https:\/\/www.technic-toys.com\/en\/\"},{\"@type\":\"ListItem\",\"position\":2,\"name\":\"Shop\",\"item\":\"https:\/\/www.technic-toys.com\/en\/shop-2\/\"},{\"@type\":\"ListItem\",\"position\":3,\"name\":\"Terensko vozilo AMX-Rock 4WD 1:35 komplet\"}]},{\"@type\":\"WebSite\",\"@id\":\"https:\/\/www.technic-toys.com\/en\/#website\",\"url\":\"https:\/\/www.technic-toys.com\/en\/\",\"name\":\"TECHNIC-TOYS.com\",\"description\":\"\",\"potentialAction\":[{\"@type\":\"SearchAction\",\"target\":{\"@type\":\"EntryPoint\",\"urlTemplate\":\"https:\/\/www.technic-toys.com\/en\/?s={search_term_string}\"},\"query-input\":\"required name=search_term_string\"}],\"inLanguage\":\"en-US\"}]}<\/script>\n<!-- \/ Yoast SEO plugin. -->","yoast_head_json":{"title":"Terensko vozilo AMX-Rock 4WD 1:35 komplet - TECHNIC-TOYS.com","robots":{"index":"index","follow":"follow","max-snippet":"max-snippet:-1","max-image-preview":"max-image-preview:large","max-video-preview":"max-video-preview:-1"},"canonical":"https:\/\/www.technic-toys.com\/izdelek\/terensko-vozilo-amx-rock-4wd-135-komplet\/","og_locale":"en_US","og_type":"article","og_title":"Terensko vozilo AMX-Rock 4WD 1:35 komplet - TECHNIC-TOYS.com","og_description":"Komplet legendarnega terenskega vozila D110. Ta model je dostavljen kot popoln komplet za navdu\u0161ence nad modeliranjem in vklju\u010duje vse potrebno, razen oddajnika, sprejemnika in krmilnika. V kompletu je baterija, kakovosten motor in dober krmilni servo. Telo je nepobarvano in ga je mogo\u010de prosto oblikovati. Kakovost tega odli\u010dnega modela je absolutno vrhunska in naredi srce vsakega [&hellip;]","og_url":"https:\/\/www.technic-toys.com\/izdelek\/terensko-vozilo-amx-rock-4wd-135-komplet\/","og_site_name":"TECHNIC-TOYS.com","article_modified_time":"2024-12-04T18:04:13+00:00","og_image":[{"width":2500,"height":1321,"url":"https:\/\/www.technic-toys.com\/wp-content\/uploads\/2022\/04\/22395.jpg","type":"image\/jpeg"}],"twitter_card":"summary_large_image","twitter_misc":{"Est. reading time":"1 minute"},"schema":{"@context":"https:\/\/schema.org","@graph":[{"@type":"WebPage","@id":"https:\/\/www.technic-toys.com\/izdelek\/terensko-vozilo-amx-rock-4wd-135-komplet\/","url":"https:\/\/www.technic-toys.com\/izdelek\/terensko-vozilo-amx-rock-4wd-135-komplet\/","name":"Terensko vozilo AMX-Rock 4WD 1:35 komplet - TECHNIC-TOYS.com","isPartOf":{"@id":"https:\/\/www.technic-toys.com\/en\/#website"},"datePublished":"2022-04-08T14:10:22+00:00","dateModified":"2024-12-04T18:04:13+00:00","breadcrumb":{"@id":"https:\/\/www.technic-toys.com\/izdelek\/terensko-vozilo-amx-rock-4wd-135-komplet\/#breadcrumb"},"inLanguage":"en-US","potentialAction":[{"@type":"ReadAction","target":["https:\/\/www.technic-toys.com\/izdelek\/terensko-vozilo-amx-rock-4wd-135-komplet\/"]}]},{"@type":"BreadcrumbList","@id":"https:\/\/www.technic-toys.com\/izdelek\/terensko-vozilo-amx-rock-4wd-135-komplet\/#breadcrumb","itemListElement":[{"@type":"ListItem","position":1,"name":"Domov","item":"https:\/\/www.technic-toys.com\/en\/"},{"@type":"ListItem","position":2,"name":"Shop","item":"https:\/\/www.technic-toys.com\/en\/shop-2\/"},{"@type":"ListItem","position":3,"name":"Terensko vozilo AMX-Rock 4WD 1:35 komplet"}]},{"@type":"WebSite","@id":"https:\/\/www.technic-toys.com\/en\/#website","url":"https:\/\/www.technic-toys.com\/en\/","name":"TECHNIC-TOYS.com","description":"","potentialAction":[{"@type":"SearchAction","target":{"@type":"EntryPoint","urlTemplate":"https:\/\/www.technic-toys.com\/en\/?s={search_term_string}"},"query-input":"required name=search_term_string"}],"inLanguage":"en-US"}]}},"_links":{"self":[{"href":"https:\/\/www.technic-toys.com\/en\/wp-json\/wp\/v2\/product\/12814"}],"collection":[{"href":"https:\/\/www.technic-toys.com\/en\/wp-json\/wp\/v2\/product"}],"about":[{"href":"https:\/\/www.technic-toys.com\/en\/wp-json\/wp\/v2\/types\/product"}],"wp:featuredmedia":[{"embeddable":true,"href":"https:\/\/www.technic-toys.com\/en\/wp-json\/wp\/v2\/media\/12815"}],"wp:attachment":[{"href":"https:\/\/www.technic-toys.com\/en\/wp-json\/wp\/v2\/media?parent=12814"}],"wp:term":[{"taxonomy":"product_cat","embeddable":true,"href":"https:\/\/www.technic-toys.com\/en\/wp-json\/wp\/v2\/product_cat?post=12814"},{"taxonomy":"product_tag","embeddable":true,"href":"https:\/\/www.technic-toys.com\/en\/wp-json\/wp\/v2\/product_tag?post=12814"}],"curies":[{"name":"wp","href":"https:\/\/api.w.org\/{rel}","templated":true}]}}