{"id":13025,"date":"2022-04-08T16:15:12","date_gmt":"2022-04-08T14:15:12","guid":{"rendered":"https:\/\/www.technic-toys.com\/izdelek\/licencni-tovornjak-prekucnik-mercedes-benz-arocs-24ghz-rtr-rdece-barve\/"},"modified":"2024-12-04T19:04:12","modified_gmt":"2024-12-04T18:04:12","slug":"licencni-tovornjak-prekucnik-mercedes-benz-arocs-24ghz-rtr-rdece-barve","status":"publish","type":"product","link":"https:\/\/www.technic-toys.com\/en\/izdelek\/licencni-tovornjak-prekucnik-mercedes-benz-arocs-24ghz-rtr-rdece-barve\/","title":{"rendered":"Licen\u010dni tovornjak prekucnik Mercedes-Benz Arocs 2,4GHz RTR rde\u010de barve"},"content":{"rendered":"<p>Odli\u010den originalni Mercedes-Benzov model prekucnika Arocs. Arocs je ime slavne serije tovornjakov Mercedes-Benz podjetja Daimler AG. Vozila za gradbi\u0161\u010da Arocs so bila prvi\u010d predstavljena leta 2013 in so jih od takrat na\u0161li na \u0161tevilnih gradbi\u0161\u010dih po vsem svetu. Odlikuje jih visoka zmogljivost, zanesljivost in robustnost. S tem licen\u010dnim modelom je mogo\u010de nadzorovati skoraj vse funkcije kot pri velikem bratu, zaradi \u010desar bodo srca ljubiteljev skalerjev hitreje utripala. Model ima 4WD pogon in zaprt menjalnik, zato je za\u0161\u010diten pred \u0161kropljenjem vode in je zato primeren tudi za terensko uporabo. Struktura in barva tega visokokakovostnega modela ustrezata originalu, zaradi \u010desar je ta model tako oblikovno kot predstavitveno poseben. Model je dobavljen RTR (pripravljen za uporabo) in obseg dobave vklju\u010duje vse, kar je potrebno za delovanje. (razen baterij za oddajnik) Lastnosti Originalni licencirani model Mercedes-Benz 10 kanalov, ki jih je mogo\u010de nadzorovati 2,4 GHz sistem (brez napak) Funkcije: naprej\/nazaj\/desno\/levo, vklop\/izklop zvoka, lu\u010d, skozi lo\u010deno krmiljenje dolg \u010das vo\u017enje (do 20 min.)Prilo\u017eena baterija (Ni-MH 7.2V 400mAh) polnilec vklju\u010den oddajnik vklju\u010den originalna simulacija vseh funkcij tehni\u010dni podatki: dol\u017eina: 422 mm \u0161irina: 152 mm vi\u0161ina: 181 mm te\u017ea: 2600 g \u010das vo\u017enje do 20 min (odvisno od na\u010din vo\u017enje) \u010das polnjenja pribli\u017eno 1,5 ure domet: pribli\u017eno 30 m USB polnilni kabel baterija: 7,2 V 400 mAh Ni-Mh BEC povezava obseg dobave: model Arocs prekucni oddajnik 2,4 Ghz baterija 7,2 V 400 mAh Ni-Mh polnilnik USB navodila: Nem\u0161ko \/ angle\u0161ko \/ Ita \/ Fra potrebna dodatna oprema 4x AA Mignon baterija za oddajnik 1,5 V primerna od 8 let<\/p>\n","protected":false},"excerpt":{"rendered":"<p>Odli\u010den originalni Mercedes-Benzov model prekucnika Arocs. Arocs je ime slavne serije tovornjakov Mercedes-Benz podjetja Daimler AG. Vozila za gradbi\u0161\u010da Arocs so bila prvi\u010d predstavljena leta 2013 in so jih od takrat na\u0161li na \u0161tevilnih gradbi\u0161\u010dih po vsem svetu. Odlikuje jih visoka zmogljivost, zanesljivost in robustnost. S tem licen\u010dnim modelom je mogo\u010de nadzorovati skoraj vse funkcije [&hellip;]<\/p>\n","protected":false},"featured_media":13026,"template":"","meta":[],"product_cat":[374,360],"product_tag":[],"acf":[],"yoast_head":"<!-- This site is optimized with the Yoast SEO plugin v21.7 - https:\/\/yoast.com\/wordpress\/plugins\/seo\/ -->\n<title>Licen\u010dni tovornjak prekucnik Mercedes-Benz Arocs 2,4GHz RTR rde\u010de barve - TECHNIC-TOYS.com<\/title>\n<meta name=\"robots\" content=\"index, follow, max-snippet:-1, max-image-preview:large, max-video-preview:-1\" \/>\n<link rel=\"canonical\" href=\"https:\/\/www.technic-toys.com\/izdelek\/licencni-tovornjak-prekucnik-mercedes-benz-arocs-24ghz-rtr-rdece-barve\/\" \/>\n<meta property=\"og:locale\" content=\"en_US\" \/>\n<meta property=\"og:type\" content=\"article\" \/>\n<meta property=\"og:title\" content=\"Licen\u010dni tovornjak prekucnik Mercedes-Benz Arocs 2,4GHz RTR rde\u010de barve - TECHNIC-TOYS.com\" \/>\n<meta property=\"og:description\" content=\"Odli\u010den originalni Mercedes-Benzov model prekucnika Arocs. Arocs je ime slavne serije tovornjakov Mercedes-Benz podjetja Daimler AG. Vozila za gradbi\u0161\u010da Arocs so bila prvi\u010d predstavljena leta 2013 in so jih od takrat na\u0161li na \u0161tevilnih gradbi\u0161\u010dih po vsem svetu. Odlikuje jih visoka zmogljivost, zanesljivost in robustnost. S tem licen\u010dnim modelom je mogo\u010de nadzorovati skoraj vse funkcije [&hellip;]\" \/>\n<meta property=\"og:url\" content=\"https:\/\/www.technic-toys.com\/izdelek\/licencni-tovornjak-prekucnik-mercedes-benz-arocs-24ghz-rtr-rdece-barve\/\" \/>\n<meta property=\"og:site_name\" content=\"TECHNIC-TOYS.com\" \/>\n<meta property=\"article:modified_time\" content=\"2024-12-04T18:04:12+00:00\" \/>\n<meta property=\"og:image\" content=\"https:\/\/www.technic-toys.com\/wp-content\/uploads\/2022\/04\/22407.jpg\" \/>\n\t<meta property=\"og:image:width\" content=\"2560\" \/>\n\t<meta property=\"og:image:height\" content=\"1468\" \/>\n\t<meta property=\"og:image:type\" content=\"image\/jpeg\" \/>\n<meta name=\"twitter:card\" content=\"summary_large_image\" \/>\n<meta name=\"twitter:label1\" content=\"Est. reading time\" \/>\n\t<meta name=\"twitter:data1\" content=\"1 minute\" \/>\n<script type=\"application\/ld+json\" class=\"yoast-schema-graph\">{\"@context\":\"https:\/\/schema.org\",\"@graph\":[{\"@type\":\"WebPage\",\"@id\":\"https:\/\/www.technic-toys.com\/izdelek\/licencni-tovornjak-prekucnik-mercedes-benz-arocs-24ghz-rtr-rdece-barve\/\",\"url\":\"https:\/\/www.technic-toys.com\/izdelek\/licencni-tovornjak-prekucnik-mercedes-benz-arocs-24ghz-rtr-rdece-barve\/\",\"name\":\"Licen\u010dni tovornjak prekucnik Mercedes-Benz Arocs 2,4GHz RTR rde\u010de barve - TECHNIC-TOYS.com\",\"isPartOf\":{\"@id\":\"https:\/\/www.technic-toys.com\/en\/#website\"},\"datePublished\":\"2022-04-08T14:15:12+00:00\",\"dateModified\":\"2024-12-04T18:04:12+00:00\",\"breadcrumb\":{\"@id\":\"https:\/\/www.technic-toys.com\/izdelek\/licencni-tovornjak-prekucnik-mercedes-benz-arocs-24ghz-rtr-rdece-barve\/#breadcrumb\"},\"inLanguage\":\"en-US\",\"potentialAction\":[{\"@type\":\"ReadAction\",\"target\":[\"https:\/\/www.technic-toys.com\/izdelek\/licencni-tovornjak-prekucnik-mercedes-benz-arocs-24ghz-rtr-rdece-barve\/\"]}]},{\"@type\":\"BreadcrumbList\",\"@id\":\"https:\/\/www.technic-toys.com\/izdelek\/licencni-tovornjak-prekucnik-mercedes-benz-arocs-24ghz-rtr-rdece-barve\/#breadcrumb\",\"itemListElement\":[{\"@type\":\"ListItem\",\"position\":1,\"name\":\"Domov\",\"item\":\"https:\/\/www.technic-toys.com\/en\/\"},{\"@type\":\"ListItem\",\"position\":2,\"name\":\"Shop\",\"item\":\"https:\/\/www.technic-toys.com\/en\/shop-2\/\"},{\"@type\":\"ListItem\",\"position\":3,\"name\":\"Licen\u010dni tovornjak prekucnik Mercedes-Benz Arocs 2,4GHz RTR rde\u010de barve\"}]},{\"@type\":\"WebSite\",\"@id\":\"https:\/\/www.technic-toys.com\/en\/#website\",\"url\":\"https:\/\/www.technic-toys.com\/en\/\",\"name\":\"TECHNIC-TOYS.com\",\"description\":\"\",\"potentialAction\":[{\"@type\":\"SearchAction\",\"target\":{\"@type\":\"EntryPoint\",\"urlTemplate\":\"https:\/\/www.technic-toys.com\/en\/?s={search_term_string}\"},\"query-input\":\"required name=search_term_string\"}],\"inLanguage\":\"en-US\"}]}<\/script>\n<!-- \/ Yoast SEO plugin. -->","yoast_head_json":{"title":"Licen\u010dni tovornjak prekucnik Mercedes-Benz Arocs 2,4GHz RTR rde\u010de barve - TECHNIC-TOYS.com","robots":{"index":"index","follow":"follow","max-snippet":"max-snippet:-1","max-image-preview":"max-image-preview:large","max-video-preview":"max-video-preview:-1"},"canonical":"https:\/\/www.technic-toys.com\/izdelek\/licencni-tovornjak-prekucnik-mercedes-benz-arocs-24ghz-rtr-rdece-barve\/","og_locale":"en_US","og_type":"article","og_title":"Licen\u010dni tovornjak prekucnik Mercedes-Benz Arocs 2,4GHz RTR rde\u010de barve - TECHNIC-TOYS.com","og_description":"Odli\u010den originalni Mercedes-Benzov model prekucnika Arocs. Arocs je ime slavne serije tovornjakov Mercedes-Benz podjetja Daimler AG. Vozila za gradbi\u0161\u010da Arocs so bila prvi\u010d predstavljena leta 2013 in so jih od takrat na\u0161li na \u0161tevilnih gradbi\u0161\u010dih po vsem svetu. Odlikuje jih visoka zmogljivost, zanesljivost in robustnost. S tem licen\u010dnim modelom je mogo\u010de nadzorovati skoraj vse funkcije [&hellip;]","og_url":"https:\/\/www.technic-toys.com\/izdelek\/licencni-tovornjak-prekucnik-mercedes-benz-arocs-24ghz-rtr-rdece-barve\/","og_site_name":"TECHNIC-TOYS.com","article_modified_time":"2024-12-04T18:04:12+00:00","og_image":[{"width":2560,"height":1468,"url":"https:\/\/www.technic-toys.com\/wp-content\/uploads\/2022\/04\/22407.jpg","type":"image\/jpeg"}],"twitter_card":"summary_large_image","twitter_misc":{"Est. reading time":"1 minute"},"schema":{"@context":"https:\/\/schema.org","@graph":[{"@type":"WebPage","@id":"https:\/\/www.technic-toys.com\/izdelek\/licencni-tovornjak-prekucnik-mercedes-benz-arocs-24ghz-rtr-rdece-barve\/","url":"https:\/\/www.technic-toys.com\/izdelek\/licencni-tovornjak-prekucnik-mercedes-benz-arocs-24ghz-rtr-rdece-barve\/","name":"Licen\u010dni tovornjak prekucnik Mercedes-Benz Arocs 2,4GHz RTR rde\u010de barve - TECHNIC-TOYS.com","isPartOf":{"@id":"https:\/\/www.technic-toys.com\/en\/#website"},"datePublished":"2022-04-08T14:15:12+00:00","dateModified":"2024-12-04T18:04:12+00:00","breadcrumb":{"@id":"https:\/\/www.technic-toys.com\/izdelek\/licencni-tovornjak-prekucnik-mercedes-benz-arocs-24ghz-rtr-rdece-barve\/#breadcrumb"},"inLanguage":"en-US","potentialAction":[{"@type":"ReadAction","target":["https:\/\/www.technic-toys.com\/izdelek\/licencni-tovornjak-prekucnik-mercedes-benz-arocs-24ghz-rtr-rdece-barve\/"]}]},{"@type":"BreadcrumbList","@id":"https:\/\/www.technic-toys.com\/izdelek\/licencni-tovornjak-prekucnik-mercedes-benz-arocs-24ghz-rtr-rdece-barve\/#breadcrumb","itemListElement":[{"@type":"ListItem","position":1,"name":"Domov","item":"https:\/\/www.technic-toys.com\/en\/"},{"@type":"ListItem","position":2,"name":"Shop","item":"https:\/\/www.technic-toys.com\/en\/shop-2\/"},{"@type":"ListItem","position":3,"name":"Licen\u010dni tovornjak prekucnik Mercedes-Benz Arocs 2,4GHz RTR rde\u010de barve"}]},{"@type":"WebSite","@id":"https:\/\/www.technic-toys.com\/en\/#website","url":"https:\/\/www.technic-toys.com\/en\/","name":"TECHNIC-TOYS.com","description":"","potentialAction":[{"@type":"SearchAction","target":{"@type":"EntryPoint","urlTemplate":"https:\/\/www.technic-toys.com\/en\/?s={search_term_string}"},"query-input":"required name=search_term_string"}],"inLanguage":"en-US"}]}},"_links":{"self":[{"href":"https:\/\/www.technic-toys.com\/en\/wp-json\/wp\/v2\/product\/13025"}],"collection":[{"href":"https:\/\/www.technic-toys.com\/en\/wp-json\/wp\/v2\/product"}],"about":[{"href":"https:\/\/www.technic-toys.com\/en\/wp-json\/wp\/v2\/types\/product"}],"wp:featuredmedia":[{"embeddable":true,"href":"https:\/\/www.technic-toys.com\/en\/wp-json\/wp\/v2\/media\/13026"}],"wp:attachment":[{"href":"https:\/\/www.technic-toys.com\/en\/wp-json\/wp\/v2\/media?parent=13025"}],"wp:term":[{"taxonomy":"product_cat","embeddable":true,"href":"https:\/\/www.technic-toys.com\/en\/wp-json\/wp\/v2\/product_cat?post=13025"},{"taxonomy":"product_tag","embeddable":true,"href":"https:\/\/www.technic-toys.com\/en\/wp-json\/wp\/v2\/product_tag?post=13025"}],"curies":[{"name":"wp","href":"https:\/\/api.w.org\/{rel}","templated":true}]}}