{"id":13115,"date":"2022-04-08T16:15:12","date_gmt":"2022-04-08T14:15:12","guid":{"rendered":"https:\/\/www.technic-toys.com\/izdelek\/mercedes-tovornjak-prekucnik-pro-metal-2-4ghz-rtr-bele-barve\/"},"modified":"2024-12-04T19:04:07","modified_gmt":"2024-12-04T18:04:07","slug":"mercedes-tovornjak-prekucnik-pro-metal-2-4ghz-rtr-bele-barve","status":"publish","type":"product","link":"https:\/\/www.technic-toys.com\/en\/izdelek\/mercedes-tovornjak-prekucnik-pro-metal-2-4ghz-rtr-bele-barve\/","title":{"rendered":"Mercedes tovornjak prekucnik PRO metal 2.4GHz RTR bele barve"},"content":{"rendered":"<p>Odli\u010den model prekucnika Mercedes Arocs v ekskluzivni beli barvi, ki se ujema z na\u0161imi kovinskimi bagri in kolesnimi nakladalniki. (22415 \/ 22416) Arocs je ime slavne serije tovornjakov Mercedes-Benz podjetja Daimler AG.<br \/>Vozila za gradbi\u0161\u010da Arocs so bila prvi\u010d predstavljena leta 2013 in so jih od takrat na\u0161li na \u0161tevilnih gradbi\u0161\u010dih po vsem svetu. Odlikuje jih visoka zmogljivost, zanesljivost in robustnost. S tem licen\u010dnim modelom je mogo\u010de upravljati skoraj vse funkcije kot pri velikem bratu.<br \/>Model ima 4WD pogon, zaprt menjalnik in popolnoma proporcionalno krmiljenje. Je odporen na brizganje in zato popolnoma primeren za uporabo na terenu. Struktura in barva tega visokokakovostnega modela v popolnoma kovinski konstrukciji ustrezata originalu, zaradi \u010desar je ta model edinstven po zasnovi in funkciji. Model je dobavljen RTR in obseg dobave vklju\u010duje vse, kar je potrebno za delovanje. (razen baterij za oddajnik)<\/p>\n<p>Lastnosti:<br \/>Visokokakovostna bela barva<br \/>10 kanalov z mo\u017enostjo nadzora<br \/>2,4GHz sistem (brez napak) Funkcije: naprej \/ nazaj \/ desno \/ levo, zvok vklop \/ izklop, lu\u010d, korito lo\u010deno nadzorovan<br \/>dolg \u010das vo\u017enje (do 30 min.)<br \/>prilo\u017eena baterija (Li-Ion 2000mAh 7,4V)<br \/>baterija je vklju\u010den tudi v rabljen bager in kolesni nakladalnik<br \/>Prilo\u017een polnilnik (Li-Ion \/ USB)<br \/>Prilo\u017een oddajnik (\u010drni \/ gumiran)<br \/>Zvesta simulacija vseh funkcij<br \/>Konstrukcija iz polne kovine vklju\u010dno z raz\u0161iritvijo kabine<br \/> Popolnoma proporcionalni upravljalniki 187 mm<br \/>Te\u017ea: 3212 g<br \/>Vorman: Proporcionalen<br \/>Plin: Proporcionalen<br \/>Prekucnik: Proporcionalen<br \/>Nosilnost do 3,5 kg<br \/>Prenos: 2,4GHz<\/p>\n<p>Obseg dobave:<br \/>Licenca za model Mercedes AROCS<br \/>Oddajnik 2,4GHz<br \/>Baterija 2000mAh Li-Ion 7,4V<br \/>USB Polnilni kabel<br \/>Navodila v nem\u0161\u010dini \/ angle\u0161\u010dini<\/p>\n<p>Potrebna dodatna oprema:<br \/>4x baterija AA Mignon za oddajnik 1,5V<br \/>primerna od 8 let<\/p>\n","protected":false},"excerpt":{"rendered":"<p>Odli\u010den model prekucnika Mercedes Arocs v ekskluzivni beli barvi, ki se ujema z na\u0161imi kovinskimi bagri in kolesnimi nakladalniki. (22415 \/ 22416) Arocs je ime slavne serije tovornjakov Mercedes-Benz podjetja Daimler AG.Vozila za gradbi\u0161\u010da Arocs so bila prvi\u010d predstavljena leta 2013 in so jih od takrat na\u0161li na \u0161tevilnih gradbi\u0161\u010dih po vsem svetu. Odlikuje jih [&hellip;]<\/p>\n","protected":false},"featured_media":13116,"template":"","meta":[],"product_cat":[374,360],"product_tag":[],"acf":[],"yoast_head":"<!-- This site is optimized with the Yoast SEO plugin v21.7 - https:\/\/yoast.com\/wordpress\/plugins\/seo\/ -->\n<title>Mercedes tovornjak prekucnik PRO metal 2.4GHz RTR bele barve - TECHNIC-TOYS.com<\/title>\n<meta name=\"robots\" content=\"index, follow, max-snippet:-1, max-image-preview:large, max-video-preview:-1\" \/>\n<link rel=\"canonical\" href=\"https:\/\/www.technic-toys.com\/izdelek\/mercedes-tovornjak-prekucnik-pro-metal-2-4ghz-rtr-bele-barve\/\" \/>\n<meta property=\"og:locale\" content=\"en_US\" \/>\n<meta property=\"og:type\" content=\"article\" \/>\n<meta property=\"og:title\" content=\"Mercedes tovornjak prekucnik PRO metal 2.4GHz RTR bele barve - TECHNIC-TOYS.com\" \/>\n<meta property=\"og:description\" content=\"Odli\u010den model prekucnika Mercedes Arocs v ekskluzivni beli barvi, ki se ujema z na\u0161imi kovinskimi bagri in kolesnimi nakladalniki. (22415 \/ 22416) Arocs je ime slavne serije tovornjakov Mercedes-Benz podjetja Daimler AG.Vozila za gradbi\u0161\u010da Arocs so bila prvi\u010d predstavljena leta 2013 in so jih od takrat na\u0161li na \u0161tevilnih gradbi\u0161\u010dih po vsem svetu. Odlikuje jih [&hellip;]\" \/>\n<meta property=\"og:url\" content=\"https:\/\/www.technic-toys.com\/izdelek\/mercedes-tovornjak-prekucnik-pro-metal-2-4ghz-rtr-bele-barve\/\" \/>\n<meta property=\"og:site_name\" content=\"TECHNIC-TOYS.com\" \/>\n<meta property=\"article:modified_time\" content=\"2024-12-04T18:04:07+00:00\" \/>\n<meta property=\"og:image\" content=\"https:\/\/www.technic-toys.com\/wp-content\/uploads\/2022\/04\/22413jCDqL4xBq0fpT.jpg\" \/>\n\t<meta property=\"og:image:width\" content=\"2560\" \/>\n\t<meta property=\"og:image:height\" content=\"1468\" \/>\n\t<meta property=\"og:image:type\" content=\"image\/jpeg\" \/>\n<meta name=\"twitter:card\" content=\"summary_large_image\" \/>\n<meta name=\"twitter:label1\" content=\"Est. reading time\" \/>\n\t<meta name=\"twitter:data1\" content=\"1 minute\" \/>\n<script type=\"application\/ld+json\" class=\"yoast-schema-graph\">{\"@context\":\"https:\/\/schema.org\",\"@graph\":[{\"@type\":\"WebPage\",\"@id\":\"https:\/\/www.technic-toys.com\/izdelek\/mercedes-tovornjak-prekucnik-pro-metal-2-4ghz-rtr-bele-barve\/\",\"url\":\"https:\/\/www.technic-toys.com\/izdelek\/mercedes-tovornjak-prekucnik-pro-metal-2-4ghz-rtr-bele-barve\/\",\"name\":\"Mercedes tovornjak prekucnik PRO metal 2.4GHz RTR bele barve - TECHNIC-TOYS.com\",\"isPartOf\":{\"@id\":\"https:\/\/www.technic-toys.com\/en\/#website\"},\"datePublished\":\"2022-04-08T14:15:12+00:00\",\"dateModified\":\"2024-12-04T18:04:07+00:00\",\"breadcrumb\":{\"@id\":\"https:\/\/www.technic-toys.com\/izdelek\/mercedes-tovornjak-prekucnik-pro-metal-2-4ghz-rtr-bele-barve\/#breadcrumb\"},\"inLanguage\":\"en-US\",\"potentialAction\":[{\"@type\":\"ReadAction\",\"target\":[\"https:\/\/www.technic-toys.com\/izdelek\/mercedes-tovornjak-prekucnik-pro-metal-2-4ghz-rtr-bele-barve\/\"]}]},{\"@type\":\"BreadcrumbList\",\"@id\":\"https:\/\/www.technic-toys.com\/izdelek\/mercedes-tovornjak-prekucnik-pro-metal-2-4ghz-rtr-bele-barve\/#breadcrumb\",\"itemListElement\":[{\"@type\":\"ListItem\",\"position\":1,\"name\":\"Domov\",\"item\":\"https:\/\/www.technic-toys.com\/en\/\"},{\"@type\":\"ListItem\",\"position\":2,\"name\":\"Shop\",\"item\":\"https:\/\/www.technic-toys.com\/en\/shop-2\/\"},{\"@type\":\"ListItem\",\"position\":3,\"name\":\"Mercedes tovornjak prekucnik PRO metal 2.4GHz RTR bele barve\"}]},{\"@type\":\"WebSite\",\"@id\":\"https:\/\/www.technic-toys.com\/en\/#website\",\"url\":\"https:\/\/www.technic-toys.com\/en\/\",\"name\":\"TECHNIC-TOYS.com\",\"description\":\"\",\"potentialAction\":[{\"@type\":\"SearchAction\",\"target\":{\"@type\":\"EntryPoint\",\"urlTemplate\":\"https:\/\/www.technic-toys.com\/en\/?s={search_term_string}\"},\"query-input\":\"required name=search_term_string\"}],\"inLanguage\":\"en-US\"}]}<\/script>\n<!-- \/ Yoast SEO plugin. -->","yoast_head_json":{"title":"Mercedes tovornjak prekucnik PRO metal 2.4GHz RTR bele barve - TECHNIC-TOYS.com","robots":{"index":"index","follow":"follow","max-snippet":"max-snippet:-1","max-image-preview":"max-image-preview:large","max-video-preview":"max-video-preview:-1"},"canonical":"https:\/\/www.technic-toys.com\/izdelek\/mercedes-tovornjak-prekucnik-pro-metal-2-4ghz-rtr-bele-barve\/","og_locale":"en_US","og_type":"article","og_title":"Mercedes tovornjak prekucnik PRO metal 2.4GHz RTR bele barve - TECHNIC-TOYS.com","og_description":"Odli\u010den model prekucnika Mercedes Arocs v ekskluzivni beli barvi, ki se ujema z na\u0161imi kovinskimi bagri in kolesnimi nakladalniki. (22415 \/ 22416) Arocs je ime slavne serije tovornjakov Mercedes-Benz podjetja Daimler AG.Vozila za gradbi\u0161\u010da Arocs so bila prvi\u010d predstavljena leta 2013 in so jih od takrat na\u0161li na \u0161tevilnih gradbi\u0161\u010dih po vsem svetu. Odlikuje jih [&hellip;]","og_url":"https:\/\/www.technic-toys.com\/izdelek\/mercedes-tovornjak-prekucnik-pro-metal-2-4ghz-rtr-bele-barve\/","og_site_name":"TECHNIC-TOYS.com","article_modified_time":"2024-12-04T18:04:07+00:00","og_image":[{"width":2560,"height":1468,"url":"https:\/\/www.technic-toys.com\/wp-content\/uploads\/2022\/04\/22413jCDqL4xBq0fpT.jpg","type":"image\/jpeg"}],"twitter_card":"summary_large_image","twitter_misc":{"Est. reading time":"1 minute"},"schema":{"@context":"https:\/\/schema.org","@graph":[{"@type":"WebPage","@id":"https:\/\/www.technic-toys.com\/izdelek\/mercedes-tovornjak-prekucnik-pro-metal-2-4ghz-rtr-bele-barve\/","url":"https:\/\/www.technic-toys.com\/izdelek\/mercedes-tovornjak-prekucnik-pro-metal-2-4ghz-rtr-bele-barve\/","name":"Mercedes tovornjak prekucnik PRO metal 2.4GHz RTR bele barve - TECHNIC-TOYS.com","isPartOf":{"@id":"https:\/\/www.technic-toys.com\/en\/#website"},"datePublished":"2022-04-08T14:15:12+00:00","dateModified":"2024-12-04T18:04:07+00:00","breadcrumb":{"@id":"https:\/\/www.technic-toys.com\/izdelek\/mercedes-tovornjak-prekucnik-pro-metal-2-4ghz-rtr-bele-barve\/#breadcrumb"},"inLanguage":"en-US","potentialAction":[{"@type":"ReadAction","target":["https:\/\/www.technic-toys.com\/izdelek\/mercedes-tovornjak-prekucnik-pro-metal-2-4ghz-rtr-bele-barve\/"]}]},{"@type":"BreadcrumbList","@id":"https:\/\/www.technic-toys.com\/izdelek\/mercedes-tovornjak-prekucnik-pro-metal-2-4ghz-rtr-bele-barve\/#breadcrumb","itemListElement":[{"@type":"ListItem","position":1,"name":"Domov","item":"https:\/\/www.technic-toys.com\/en\/"},{"@type":"ListItem","position":2,"name":"Shop","item":"https:\/\/www.technic-toys.com\/en\/shop-2\/"},{"@type":"ListItem","position":3,"name":"Mercedes tovornjak prekucnik PRO metal 2.4GHz RTR bele barve"}]},{"@type":"WebSite","@id":"https:\/\/www.technic-toys.com\/en\/#website","url":"https:\/\/www.technic-toys.com\/en\/","name":"TECHNIC-TOYS.com","description":"","potentialAction":[{"@type":"SearchAction","target":{"@type":"EntryPoint","urlTemplate":"https:\/\/www.technic-toys.com\/en\/?s={search_term_string}"},"query-input":"required name=search_term_string"}],"inLanguage":"en-US"}]}},"_links":{"self":[{"href":"https:\/\/www.technic-toys.com\/en\/wp-json\/wp\/v2\/product\/13115"}],"collection":[{"href":"https:\/\/www.technic-toys.com\/en\/wp-json\/wp\/v2\/product"}],"about":[{"href":"https:\/\/www.technic-toys.com\/en\/wp-json\/wp\/v2\/types\/product"}],"wp:featuredmedia":[{"embeddable":true,"href":"https:\/\/www.technic-toys.com\/en\/wp-json\/wp\/v2\/media\/13116"}],"wp:attachment":[{"href":"https:\/\/www.technic-toys.com\/en\/wp-json\/wp\/v2\/media?parent=13115"}],"wp:term":[{"taxonomy":"product_cat","embeddable":true,"href":"https:\/\/www.technic-toys.com\/en\/wp-json\/wp\/v2\/product_cat?post=13115"},{"taxonomy":"product_tag","embeddable":true,"href":"https:\/\/www.technic-toys.com\/en\/wp-json\/wp\/v2\/product_tag?post=13115"}],"curies":[{"name":"wp","href":"https:\/\/api.w.org\/{rel}","templated":true}]}}