{"id":13134,"date":"2022-04-08T16:15:12","date_gmt":"2022-04-08T14:15:12","guid":{"rendered":"https:\/\/www.technic-toys.com\/izdelek\/pitbull-x-evolution-2wd-desert-buggy-27cc-cy-15-rtr\/"},"modified":"2024-12-04T19:04:08","modified_gmt":"2024-12-04T18:04:08","slug":"pitbull-x-evolution-2wd-desert-buggy-27cc-cy-15-rtr","status":"publish","type":"product","link":"https:\/\/www.technic-toys.com\/en\/izdelek\/pitbull-x-evolution-2wd-desert-buggy-27cc-cy-15-rtr\/","title":{"rendered":"Pitbull X Evolution 2WD Desert Buggy 27cc CY, 1:5, RTR"},"content":{"rendered":"<p>Pitbull X evolution, ultimativni nadaljnji razvoj priljubljenega Pitbulla X.<br \/>Nov videz, nov pogon, \u0161e ve\u010d u\u017eitka v vo\u017enji.<br \/>2-taktni motor ChungYang s 27 cm3 raztrga Pitbull X z 2,7 KM (standardno razli\u010dica 1,5 KM) naprej. Poleg motorja so optimizirani tudi servomotorji za plin\/zavoro (18kg\/cm spro\u017eilna sila) in za krmiljenje (48kg\/cm max. 62kg\/cm). Pove\u010dana mo\u010d v pogonu in hitrej\u0161e krmiljenje naredita Pitbull X evolution veliko bolj okreten kot njegov slavni predhodnik.<br \/>Tipi\u010dna kolesa Pitbulla X so bila v razli\u010dici evolution tudi zamenjana z novimi terenskimi tereni z globoko tekalno plastjo. kolesa. Tudi pesta koles so bila podalj\u0161ana z 22 mm na 24 mm.<br \/>Podvozje monocoque je izdelano iz \u010drnega eloksiranega aluminija. Vsi aluminijasti deli, kot so mostovi bla\u017eilnikov, deli bla\u017eilnikov, deli za utrjevanje itd., so eloksirani v trendovsko kovinsko kovino.<\/p>\n<p>Lastnosti:<br \/>Nov, 27ccm motor R270 CY (2,7 KM)<br \/>Stabilna, konsistentna plo\u0161\u010da \u0161asije izdelana iz 6061<br \/>aluminij antracit eloksiranega<br \/>6061 aluminij amortizerji pi\u0161tola kovinska eloksirana<br \/>6061 oja\u010devalne plo\u0161\u010de pi\u0161tola kovinska eloksirana<br \/>aluminijasti amortizerji tlaka olja spredaj in zadaj <br \/>Pogon na zadnja kolesa 2WD (opcijsko komplet za pretvorbo 4WD)<br \/>Jekleni menjalnik<br \/>CNC rezkane diferencialne prestave<br \/>GRP zavorni diski &#8211; dvojni zavorni sistem<br \/>Neodvisno vzmetenje koles<br \/>Nastavljiv servo prsta in pregiba<br \/>48kg\/cm krmilni servo AMXRacing (62kg\/cm max.)<br \/>18kg\/cm servo plin\/zavora AMXRacing<br \/>Aluminijasta servo roka<br \/>Do 40 minut \u010das vo\u017enje<br \/>Beadlock plati\u0161\u010da s terenskimi pnevmatikami<br \/>Pogonske gredi CVD<br \/>Utrjeni diferencialni izhodi<br \/>Deli za ugla\u0161evanje so na voljo<\/p>\n<p>Tehni\u010dni podatki:<br \/>Merilo: 1:5<br \/> L dol\u017eina: 825 mm<br \/>\u0161irina: 480mm<br \/>vi\u0161ina: 270mm<br \/>te\u017ea: 12,9kg<br \/>medosna razdalja: 610mm<br \/>odmik: 55mm<br \/>prednja kolesa: 175x65mm<br \/ >Zadnja kolesa: 175x76mm<br \/>Menjalnik: 2-gredni<br \/>Prestavno razmerje: 1:9,6<br \/>Zavora: GRP zavorni diski<br \/>Rezervoar: 700ml<br \/>Motor: 27ccm 2- taktni bencinski motor (2,7 KM)<br \/>Pogonski sistem: kardan<br \/>Servo krmiljenja: Big Scale 62kg\/cm 0,13s\/60\u00b0<br \/>servo plina\/zavore: 18,6kg\/cm 0,14s\/60\u00b0 <br \/>Glavni material: aluminij<br \/>\u010cas vo\u017enje: 1 polnjenje rezervoarja pribli\u017eno 40 minut<br \/>Baterija: NiMH 5 celic 6.0V 2500mAh Hump JST\/BEC vti\u010d<br \/>Pogon: 2WD zadaj<br \/ >Daljinski upravljalnik: 2-kanalni 2,4GHz<br \/>polnilnik: NiMH 7,2V vti\u010dni polnilnik<\/p>\n<p>Obseg dobave:<br \/>Pitbull X evolution popolnoma sestavljen<br \/>2,4GHz daljinski upravljalnik control GT2 black edition<br \/>Baterija 6V 2500mAh Hump Pack<br \/>polnilnik<br \/>Navodila za uporabo<\/p>\n","protected":false},"excerpt":{"rendered":"<p>Pitbull X evolution, ultimativni nadaljnji razvoj priljubljenega Pitbulla X.Nov videz, nov pogon, \u0161e ve\u010d u\u017eitka v vo\u017enji.2-taktni motor ChungYang s 27 cm3 raztrga Pitbull X z 2,7 KM (standardno razli\u010dica 1,5 KM) naprej. Poleg motorja so optimizirani tudi servomotorji za plin\/zavoro (18kg\/cm spro\u017eilna sila) in za krmiljenje (48kg\/cm max. 62kg\/cm). Pove\u010dana mo\u010d v pogonu in [&hellip;]<\/p>\n","protected":false},"featured_media":13135,"template":"","meta":[],"product_cat":[374,361],"product_tag":[],"acf":[],"yoast_head":"<!-- This site is optimized with the Yoast SEO plugin v21.7 - https:\/\/yoast.com\/wordpress\/plugins\/seo\/ -->\n<title>Pitbull X Evolution 2WD Desert Buggy 27cc CY, 1:5, RTR - TECHNIC-TOYS.com<\/title>\n<meta name=\"robots\" content=\"index, follow, max-snippet:-1, max-image-preview:large, max-video-preview:-1\" \/>\n<link rel=\"canonical\" href=\"https:\/\/www.technic-toys.com\/izdelek\/pitbull-x-evolution-2wd-desert-buggy-27cc-cy-15-rtr\/\" \/>\n<meta property=\"og:locale\" content=\"en_US\" \/>\n<meta property=\"og:type\" content=\"article\" \/>\n<meta property=\"og:title\" content=\"Pitbull X Evolution 2WD Desert Buggy 27cc CY, 1:5, RTR - TECHNIC-TOYS.com\" \/>\n<meta property=\"og:description\" content=\"Pitbull X evolution, ultimativni nadaljnji razvoj priljubljenega Pitbulla X.Nov videz, nov pogon, \u0161e ve\u010d u\u017eitka v vo\u017enji.2-taktni motor ChungYang s 27 cm3 raztrga Pitbull X z 2,7 KM (standardno razli\u010dica 1,5 KM) naprej. Poleg motorja so optimizirani tudi servomotorji za plin\/zavoro (18kg\/cm spro\u017eilna sila) in za krmiljenje (48kg\/cm max. 62kg\/cm). Pove\u010dana mo\u010d v pogonu in [&hellip;]\" \/>\n<meta property=\"og:url\" content=\"https:\/\/www.technic-toys.com\/izdelek\/pitbull-x-evolution-2wd-desert-buggy-27cc-cy-15-rtr\/\" \/>\n<meta property=\"og:site_name\" content=\"TECHNIC-TOYS.com\" \/>\n<meta property=\"article:modified_time\" content=\"2024-12-04T18:04:08+00:00\" \/>\n<meta property=\"og:image\" content=\"https:\/\/www.technic-toys.com\/wp-content\/uploads\/2022\/04\/22414.jpg\" \/>\n\t<meta property=\"og:image:width\" content=\"2560\" \/>\n\t<meta property=\"og:image:height\" content=\"1468\" \/>\n\t<meta property=\"og:image:type\" content=\"image\/jpeg\" \/>\n<meta name=\"twitter:card\" content=\"summary_large_image\" \/>\n<meta name=\"twitter:label1\" content=\"Est. reading time\" \/>\n\t<meta name=\"twitter:data1\" content=\"2 minutes\" \/>\n<script type=\"application\/ld+json\" class=\"yoast-schema-graph\">{\"@context\":\"https:\/\/schema.org\",\"@graph\":[{\"@type\":\"WebPage\",\"@id\":\"https:\/\/www.technic-toys.com\/izdelek\/pitbull-x-evolution-2wd-desert-buggy-27cc-cy-15-rtr\/\",\"url\":\"https:\/\/www.technic-toys.com\/izdelek\/pitbull-x-evolution-2wd-desert-buggy-27cc-cy-15-rtr\/\",\"name\":\"Pitbull X Evolution 2WD Desert Buggy 27cc CY, 1:5, RTR - TECHNIC-TOYS.com\",\"isPartOf\":{\"@id\":\"https:\/\/www.technic-toys.com\/en\/#website\"},\"datePublished\":\"2022-04-08T14:15:12+00:00\",\"dateModified\":\"2024-12-04T18:04:08+00:00\",\"breadcrumb\":{\"@id\":\"https:\/\/www.technic-toys.com\/izdelek\/pitbull-x-evolution-2wd-desert-buggy-27cc-cy-15-rtr\/#breadcrumb\"},\"inLanguage\":\"en-US\",\"potentialAction\":[{\"@type\":\"ReadAction\",\"target\":[\"https:\/\/www.technic-toys.com\/izdelek\/pitbull-x-evolution-2wd-desert-buggy-27cc-cy-15-rtr\/\"]}]},{\"@type\":\"BreadcrumbList\",\"@id\":\"https:\/\/www.technic-toys.com\/izdelek\/pitbull-x-evolution-2wd-desert-buggy-27cc-cy-15-rtr\/#breadcrumb\",\"itemListElement\":[{\"@type\":\"ListItem\",\"position\":1,\"name\":\"Domov\",\"item\":\"https:\/\/www.technic-toys.com\/en\/\"},{\"@type\":\"ListItem\",\"position\":2,\"name\":\"Shop\",\"item\":\"https:\/\/www.technic-toys.com\/en\/shop-2\/\"},{\"@type\":\"ListItem\",\"position\":3,\"name\":\"Pitbull X Evolution 2WD Desert Buggy 27cc CY, 1:5, RTR\"}]},{\"@type\":\"WebSite\",\"@id\":\"https:\/\/www.technic-toys.com\/en\/#website\",\"url\":\"https:\/\/www.technic-toys.com\/en\/\",\"name\":\"TECHNIC-TOYS.com\",\"description\":\"\",\"potentialAction\":[{\"@type\":\"SearchAction\",\"target\":{\"@type\":\"EntryPoint\",\"urlTemplate\":\"https:\/\/www.technic-toys.com\/en\/?s={search_term_string}\"},\"query-input\":\"required name=search_term_string\"}],\"inLanguage\":\"en-US\"}]}<\/script>\n<!-- \/ Yoast SEO plugin. -->","yoast_head_json":{"title":"Pitbull X Evolution 2WD Desert Buggy 27cc CY, 1:5, RTR - TECHNIC-TOYS.com","robots":{"index":"index","follow":"follow","max-snippet":"max-snippet:-1","max-image-preview":"max-image-preview:large","max-video-preview":"max-video-preview:-1"},"canonical":"https:\/\/www.technic-toys.com\/izdelek\/pitbull-x-evolution-2wd-desert-buggy-27cc-cy-15-rtr\/","og_locale":"en_US","og_type":"article","og_title":"Pitbull X Evolution 2WD Desert Buggy 27cc CY, 1:5, RTR - TECHNIC-TOYS.com","og_description":"Pitbull X evolution, ultimativni nadaljnji razvoj priljubljenega Pitbulla X.Nov videz, nov pogon, \u0161e ve\u010d u\u017eitka v vo\u017enji.2-taktni motor ChungYang s 27 cm3 raztrga Pitbull X z 2,7 KM (standardno razli\u010dica 1,5 KM) naprej. Poleg motorja so optimizirani tudi servomotorji za plin\/zavoro (18kg\/cm spro\u017eilna sila) in za krmiljenje (48kg\/cm max. 62kg\/cm). Pove\u010dana mo\u010d v pogonu in [&hellip;]","og_url":"https:\/\/www.technic-toys.com\/izdelek\/pitbull-x-evolution-2wd-desert-buggy-27cc-cy-15-rtr\/","og_site_name":"TECHNIC-TOYS.com","article_modified_time":"2024-12-04T18:04:08+00:00","og_image":[{"width":2560,"height":1468,"url":"https:\/\/www.technic-toys.com\/wp-content\/uploads\/2022\/04\/22414.jpg","type":"image\/jpeg"}],"twitter_card":"summary_large_image","twitter_misc":{"Est. reading time":"2 minutes"},"schema":{"@context":"https:\/\/schema.org","@graph":[{"@type":"WebPage","@id":"https:\/\/www.technic-toys.com\/izdelek\/pitbull-x-evolution-2wd-desert-buggy-27cc-cy-15-rtr\/","url":"https:\/\/www.technic-toys.com\/izdelek\/pitbull-x-evolution-2wd-desert-buggy-27cc-cy-15-rtr\/","name":"Pitbull X Evolution 2WD Desert Buggy 27cc CY, 1:5, RTR - TECHNIC-TOYS.com","isPartOf":{"@id":"https:\/\/www.technic-toys.com\/en\/#website"},"datePublished":"2022-04-08T14:15:12+00:00","dateModified":"2024-12-04T18:04:08+00:00","breadcrumb":{"@id":"https:\/\/www.technic-toys.com\/izdelek\/pitbull-x-evolution-2wd-desert-buggy-27cc-cy-15-rtr\/#breadcrumb"},"inLanguage":"en-US","potentialAction":[{"@type":"ReadAction","target":["https:\/\/www.technic-toys.com\/izdelek\/pitbull-x-evolution-2wd-desert-buggy-27cc-cy-15-rtr\/"]}]},{"@type":"BreadcrumbList","@id":"https:\/\/www.technic-toys.com\/izdelek\/pitbull-x-evolution-2wd-desert-buggy-27cc-cy-15-rtr\/#breadcrumb","itemListElement":[{"@type":"ListItem","position":1,"name":"Domov","item":"https:\/\/www.technic-toys.com\/en\/"},{"@type":"ListItem","position":2,"name":"Shop","item":"https:\/\/www.technic-toys.com\/en\/shop-2\/"},{"@type":"ListItem","position":3,"name":"Pitbull X Evolution 2WD Desert Buggy 27cc CY, 1:5, RTR"}]},{"@type":"WebSite","@id":"https:\/\/www.technic-toys.com\/en\/#website","url":"https:\/\/www.technic-toys.com\/en\/","name":"TECHNIC-TOYS.com","description":"","potentialAction":[{"@type":"SearchAction","target":{"@type":"EntryPoint","urlTemplate":"https:\/\/www.technic-toys.com\/en\/?s={search_term_string}"},"query-input":"required name=search_term_string"}],"inLanguage":"en-US"}]}},"_links":{"self":[{"href":"https:\/\/www.technic-toys.com\/en\/wp-json\/wp\/v2\/product\/13134"}],"collection":[{"href":"https:\/\/www.technic-toys.com\/en\/wp-json\/wp\/v2\/product"}],"about":[{"href":"https:\/\/www.technic-toys.com\/en\/wp-json\/wp\/v2\/types\/product"}],"wp:featuredmedia":[{"embeddable":true,"href":"https:\/\/www.technic-toys.com\/en\/wp-json\/wp\/v2\/media\/13135"}],"wp:attachment":[{"href":"https:\/\/www.technic-toys.com\/en\/wp-json\/wp\/v2\/media?parent=13134"}],"wp:term":[{"taxonomy":"product_cat","embeddable":true,"href":"https:\/\/www.technic-toys.com\/en\/wp-json\/wp\/v2\/product_cat?post=13134"},{"taxonomy":"product_tag","embeddable":true,"href":"https:\/\/www.technic-toys.com\/en\/wp-json\/wp\/v2\/product_tag?post=13134"}],"curies":[{"name":"wp","href":"https:\/\/api.w.org\/{rel}","templated":true}]}}