{"id":13156,"date":"2022-04-08T16:15:12","date_gmt":"2022-04-08T14:15:12","guid":{"rendered":"https:\/\/www.technic-toys.com\/izdelek\/bager-g704e-polno-kovinski-114-bel-24ghz\/"},"modified":"2024-12-04T19:04:09","modified_gmt":"2024-12-04T18:04:09","slug":"bager-g704e-polno-kovinski-114-bel-24ghz","status":"publish","type":"product","link":"https:\/\/www.technic-toys.com\/en\/izdelek\/bager-g704e-polno-kovinski-114-bel-24ghz\/","title":{"rendered":"Bager G704E polno kovinski 1:14 bel, 2,4GHz"},"content":{"rendered":"<p>Ta polnokovinski bager v merilu 1:14 kot ekskluzivna izdaja Amewi ne pu\u0161\u010da skoraj ni\u010d \u017eelenega. Roko, lopato, celotno strukturo in vsako verigo je mogo\u010de upravljati lo\u010deno. Model ima tudi generator zvoka in dima. Stolp je 360\u00b0. neskon\u010dno vrtljiv Ta visokokakovosten model bagra goseni\u010darja v pravem merilu zapolnjuje vrzel med igra\u010dami in visokokakovostnim funkcionalnim modelom. Na popolnoma kovinskem bagru je mogo\u010de krmiliti skupno 23 kanalov. Tako model nikakor ni slab\u0161i od izvirnika. Terenske zmogljivosti v povezavi z elektroniko, ki je odporna na \u0161kropljenje, zagotavljajo nemoteno zabavo in dolgo \u017eivljenjsko dobo posameznih komponent Bager ima tudi grabe\u017e za les, vrtalno kladivo in drugo, manj\u0161o kovinsko lopato. Model je tako mogo\u010de obnoviti v samo nekaj preprostih korakih. Vsi deli menjalnika so kovinski, model pa ima tudi zmogljive servomotorje, ki brez te\u017eav prena\u0161ajo tudi velike obremenitve. Kakovost in pozornost do detajlov tega modela sta edinstvena kot model RTR Lastnosti: Velika lopata pobarvana belo, manj\u0161a je tudi vklju\u010dena v obseg dobave Nova, izbolj\u0161ana elektronika Izbolj\u0161ana elektronika za izklop za roko 1:14 Dimenzije: 700 x 480 x 180 mm Te\u017ea: pribli\u017eno 7 kg \u0160tevilo kanalov: 23 kanalov Frekvenca: 2,4 GHz Baterija: LI-ION 7,4 V 2000 MAH Funkcija: naprej, nazaj, levo, desno, nastavitev na levo, namestitev na desno, velika roka gor\/dol Majhna roka gor\/dol, lopata gor\/dol, lu\u010d, zvok, demo na\u010din, vklop\/izklop generatorja dima, vsako verigo je mogo\u010de upravljati posamezno, vklopiti na mestu, obra\u010dati med vo\u017enjo, zvok vklop\/izklop Obseg dobave: bager 1 :14 kovinska RTR bela baterija 7,4 V Li-Ion 2000 mAh oddajnik 2,4 GHz polnilec USB navodila majhna lopata kladivo vrtalni stroj za kovino les grabilec kovinski dim oljni izvija\u010d Potrebna dodatna oprema: baterija oddajnika: 3 x 1,5 V AA Mignon<\/p>\n","protected":false},"excerpt":{"rendered":"<p>Ta polnokovinski bager v merilu 1:14 kot ekskluzivna izdaja Amewi ne pu\u0161\u010da skoraj ni\u010d \u017eelenega. Roko, lopato, celotno strukturo in vsako verigo je mogo\u010de upravljati lo\u010deno. Model ima tudi generator zvoka in dima. Stolp je 360\u00b0. neskon\u010dno vrtljiv Ta visokokakovosten model bagra goseni\u010darja v pravem merilu zapolnjuje vrzel med igra\u010dami in visokokakovostnim funkcionalnim modelom. Na [&hellip;]<\/p>\n","protected":false},"featured_media":13157,"template":"","meta":[],"product_cat":[374,359],"product_tag":[],"acf":[],"yoast_head":"<!-- This site is optimized with the Yoast SEO plugin v21.7 - https:\/\/yoast.com\/wordpress\/plugins\/seo\/ -->\n<title>Bager G704E polno kovinski 1:14 bel, 2,4GHz - TECHNIC-TOYS.com<\/title>\n<meta name=\"robots\" content=\"index, follow, max-snippet:-1, max-image-preview:large, max-video-preview:-1\" \/>\n<link rel=\"canonical\" href=\"https:\/\/www.technic-toys.com\/izdelek\/bager-g704e-polno-kovinski-114-bel-24ghz\/\" \/>\n<meta property=\"og:locale\" content=\"en_US\" \/>\n<meta property=\"og:type\" content=\"article\" \/>\n<meta property=\"og:title\" content=\"Bager G704E polno kovinski 1:14 bel, 2,4GHz - TECHNIC-TOYS.com\" \/>\n<meta property=\"og:description\" content=\"Ta polnokovinski bager v merilu 1:14 kot ekskluzivna izdaja Amewi ne pu\u0161\u010da skoraj ni\u010d \u017eelenega. Roko, lopato, celotno strukturo in vsako verigo je mogo\u010de upravljati lo\u010deno. Model ima tudi generator zvoka in dima. Stolp je 360\u00b0. neskon\u010dno vrtljiv Ta visokokakovosten model bagra goseni\u010darja v pravem merilu zapolnjuje vrzel med igra\u010dami in visokokakovostnim funkcionalnim modelom. Na [&hellip;]\" \/>\n<meta property=\"og:url\" content=\"https:\/\/www.technic-toys.com\/izdelek\/bager-g704e-polno-kovinski-114-bel-24ghz\/\" \/>\n<meta property=\"og:site_name\" content=\"TECHNIC-TOYS.com\" \/>\n<meta property=\"article:modified_time\" content=\"2024-12-04T18:04:09+00:00\" \/>\n<meta property=\"og:image\" content=\"https:\/\/www.technic-toys.com\/wp-content\/uploads\/2022\/04\/224159NPIsFpwQTZ1w.jpg\" \/>\n\t<meta property=\"og:image:width\" content=\"2560\" \/>\n\t<meta property=\"og:image:height\" content=\"1468\" \/>\n\t<meta property=\"og:image:type\" content=\"image\/jpeg\" \/>\n<meta name=\"twitter:card\" content=\"summary_large_image\" \/>\n<meta name=\"twitter:label1\" content=\"Est. reading time\" \/>\n\t<meta name=\"twitter:data1\" content=\"1 minute\" \/>\n<script type=\"application\/ld+json\" class=\"yoast-schema-graph\">{\"@context\":\"https:\/\/schema.org\",\"@graph\":[{\"@type\":\"WebPage\",\"@id\":\"https:\/\/www.technic-toys.com\/izdelek\/bager-g704e-polno-kovinski-114-bel-24ghz\/\",\"url\":\"https:\/\/www.technic-toys.com\/izdelek\/bager-g704e-polno-kovinski-114-bel-24ghz\/\",\"name\":\"Bager G704E polno kovinski 1:14 bel, 2,4GHz - TECHNIC-TOYS.com\",\"isPartOf\":{\"@id\":\"https:\/\/www.technic-toys.com\/en\/#website\"},\"datePublished\":\"2022-04-08T14:15:12+00:00\",\"dateModified\":\"2024-12-04T18:04:09+00:00\",\"breadcrumb\":{\"@id\":\"https:\/\/www.technic-toys.com\/izdelek\/bager-g704e-polno-kovinski-114-bel-24ghz\/#breadcrumb\"},\"inLanguage\":\"en-US\",\"potentialAction\":[{\"@type\":\"ReadAction\",\"target\":[\"https:\/\/www.technic-toys.com\/izdelek\/bager-g704e-polno-kovinski-114-bel-24ghz\/\"]}]},{\"@type\":\"BreadcrumbList\",\"@id\":\"https:\/\/www.technic-toys.com\/izdelek\/bager-g704e-polno-kovinski-114-bel-24ghz\/#breadcrumb\",\"itemListElement\":[{\"@type\":\"ListItem\",\"position\":1,\"name\":\"Domov\",\"item\":\"https:\/\/www.technic-toys.com\/en\/\"},{\"@type\":\"ListItem\",\"position\":2,\"name\":\"Shop\",\"item\":\"https:\/\/www.technic-toys.com\/en\/shop-2\/\"},{\"@type\":\"ListItem\",\"position\":3,\"name\":\"Bager G704E polno kovinski 1:14 bel, 2,4GHz\"}]},{\"@type\":\"WebSite\",\"@id\":\"https:\/\/www.technic-toys.com\/en\/#website\",\"url\":\"https:\/\/www.technic-toys.com\/en\/\",\"name\":\"TECHNIC-TOYS.com\",\"description\":\"\",\"potentialAction\":[{\"@type\":\"SearchAction\",\"target\":{\"@type\":\"EntryPoint\",\"urlTemplate\":\"https:\/\/www.technic-toys.com\/en\/?s={search_term_string}\"},\"query-input\":\"required name=search_term_string\"}],\"inLanguage\":\"en-US\"}]}<\/script>\n<!-- \/ Yoast SEO plugin. -->","yoast_head_json":{"title":"Bager G704E polno kovinski 1:14 bel, 2,4GHz - TECHNIC-TOYS.com","robots":{"index":"index","follow":"follow","max-snippet":"max-snippet:-1","max-image-preview":"max-image-preview:large","max-video-preview":"max-video-preview:-1"},"canonical":"https:\/\/www.technic-toys.com\/izdelek\/bager-g704e-polno-kovinski-114-bel-24ghz\/","og_locale":"en_US","og_type":"article","og_title":"Bager G704E polno kovinski 1:14 bel, 2,4GHz - TECHNIC-TOYS.com","og_description":"Ta polnokovinski bager v merilu 1:14 kot ekskluzivna izdaja Amewi ne pu\u0161\u010da skoraj ni\u010d \u017eelenega. Roko, lopato, celotno strukturo in vsako verigo je mogo\u010de upravljati lo\u010deno. Model ima tudi generator zvoka in dima. Stolp je 360\u00b0. neskon\u010dno vrtljiv Ta visokokakovosten model bagra goseni\u010darja v pravem merilu zapolnjuje vrzel med igra\u010dami in visokokakovostnim funkcionalnim modelom. Na [&hellip;]","og_url":"https:\/\/www.technic-toys.com\/izdelek\/bager-g704e-polno-kovinski-114-bel-24ghz\/","og_site_name":"TECHNIC-TOYS.com","article_modified_time":"2024-12-04T18:04:09+00:00","og_image":[{"width":2560,"height":1468,"url":"https:\/\/www.technic-toys.com\/wp-content\/uploads\/2022\/04\/224159NPIsFpwQTZ1w.jpg","type":"image\/jpeg"}],"twitter_card":"summary_large_image","twitter_misc":{"Est. reading time":"1 minute"},"schema":{"@context":"https:\/\/schema.org","@graph":[{"@type":"WebPage","@id":"https:\/\/www.technic-toys.com\/izdelek\/bager-g704e-polno-kovinski-114-bel-24ghz\/","url":"https:\/\/www.technic-toys.com\/izdelek\/bager-g704e-polno-kovinski-114-bel-24ghz\/","name":"Bager G704E polno kovinski 1:14 bel, 2,4GHz - TECHNIC-TOYS.com","isPartOf":{"@id":"https:\/\/www.technic-toys.com\/en\/#website"},"datePublished":"2022-04-08T14:15:12+00:00","dateModified":"2024-12-04T18:04:09+00:00","breadcrumb":{"@id":"https:\/\/www.technic-toys.com\/izdelek\/bager-g704e-polno-kovinski-114-bel-24ghz\/#breadcrumb"},"inLanguage":"en-US","potentialAction":[{"@type":"ReadAction","target":["https:\/\/www.technic-toys.com\/izdelek\/bager-g704e-polno-kovinski-114-bel-24ghz\/"]}]},{"@type":"BreadcrumbList","@id":"https:\/\/www.technic-toys.com\/izdelek\/bager-g704e-polno-kovinski-114-bel-24ghz\/#breadcrumb","itemListElement":[{"@type":"ListItem","position":1,"name":"Domov","item":"https:\/\/www.technic-toys.com\/en\/"},{"@type":"ListItem","position":2,"name":"Shop","item":"https:\/\/www.technic-toys.com\/en\/shop-2\/"},{"@type":"ListItem","position":3,"name":"Bager G704E polno kovinski 1:14 bel, 2,4GHz"}]},{"@type":"WebSite","@id":"https:\/\/www.technic-toys.com\/en\/#website","url":"https:\/\/www.technic-toys.com\/en\/","name":"TECHNIC-TOYS.com","description":"","potentialAction":[{"@type":"SearchAction","target":{"@type":"EntryPoint","urlTemplate":"https:\/\/www.technic-toys.com\/en\/?s={search_term_string}"},"query-input":"required name=search_term_string"}],"inLanguage":"en-US"}]}},"_links":{"self":[{"href":"https:\/\/www.technic-toys.com\/en\/wp-json\/wp\/v2\/product\/13156"}],"collection":[{"href":"https:\/\/www.technic-toys.com\/en\/wp-json\/wp\/v2\/product"}],"about":[{"href":"https:\/\/www.technic-toys.com\/en\/wp-json\/wp\/v2\/types\/product"}],"wp:featuredmedia":[{"embeddable":true,"href":"https:\/\/www.technic-toys.com\/en\/wp-json\/wp\/v2\/media\/13157"}],"wp:attachment":[{"href":"https:\/\/www.technic-toys.com\/en\/wp-json\/wp\/v2\/media?parent=13156"}],"wp:term":[{"taxonomy":"product_cat","embeddable":true,"href":"https:\/\/www.technic-toys.com\/en\/wp-json\/wp\/v2\/product_cat?post=13156"},{"taxonomy":"product_tag","embeddable":true,"href":"https:\/\/www.technic-toys.com\/en\/wp-json\/wp\/v2\/product_tag?post=13156"}],"curies":[{"name":"wp","href":"https:\/\/api.w.org\/{rel}","templated":true}]}}