{"id":13187,"date":"2022-04-08T16:15:12","date_gmt":"2022-04-08T14:15:12","guid":{"rendered":"https:\/\/www.technic-toys.com\/izdelek\/nakladalec-na-kolesih-g484e-ae-bela-114-del-kovinski-rtr-zvok-svetloba-10-kanalni\/"},"modified":"2024-12-04T19:04:09","modified_gmt":"2024-12-04T18:04:09","slug":"nakladalec-na-kolesih-g484e-ae-bela-114-del-kovinski-rtr-zvok-svetloba-10-kanalni","status":"publish","type":"product","link":"https:\/\/www.technic-toys.com\/en\/izdelek\/nakladalec-na-kolesih-g484e-ae-bela-114-del-kovinski-rtr-zvok-svetloba-10-kanalni\/","title":{"rendered":"Nakladalec na kolesih G484E AE bela 1:14, del kovinski RTR, zvok, svetloba, 10-kanalni"},"content":{"rendered":"<p>Kolesni nakladalnik 1:14, RTR, 10-kanalni V4<br \/>\nKolesni nakladalnik v merilu 1:14 \/ del kovinskega merila<br \/>\nTa visokokakovosten nakladalnik na kolesih zapolnjuje vrzel med RC igra\u010dami in profesionalno konstrukcijo modelov. Roka, 190 mm \u0161iroka lopata in deli nadgradnje so iz prave kovine. Pri\u017enica je bila izdelana iz plastike, odporne na udarce. Vizualne in tehni\u010dne zna\u010dilnosti tega modela 1:14 ne bodo navdu\u0161ile le izku\u0161enih izdelovalcev modelov. Zgibni spoj kolesnega nakladalnika je mogo\u010de nadzorovati zelo natan\u010dno in ob\u010dutljivo. Proporcionalno so funkcije gor\/dol, lopata gor\/dol in plin. Natan\u010dno delo s tem visokokakovostnim modelom torej ni problem.<br \/>\nPro\u017eilna sila 2 vretenskih pogonov je ve\u010d kot zadostna, da tudi pri ve\u010djih obremenitvah ni te\u017eav.<\/p>\n<p>Lastnosti:<br \/>\nProporcionalni nadzor na vseh kanalih<br \/>\nVklop\/izklop zvoka vo\u017enje in funkcij<br \/>\n2,4GHz nadzor 10 kanalov<br \/>\nVelik 2000mAh Li- Ionska baterija za dolge \u010dase vo\u017enje<br \/>\nRazli\u010dica RTR \u2013 pripravljena za vo\u017enjo, samo napolnite baterijo in lahko greste<br \/>\nGumijaste pnevmatike za najbolj\u0161i oprijem<br \/>\nZmogljivi motorji za najbolj\u0161e delo<\/p>\n<p>Tehni\u010dni podatki:<br \/>\nDol\u017eina: 540mm<br \/>\n\u0160irina: 200mm<br \/>\nVi\u0161ina: 210mm<br \/>\nTe\u017ea: pribli\u017eno 4,8kg<br \/>\nLopata: 190mm<br \/>\nMotor\/pogon krta\u010de<br \/>\nPogoni vretena \/ Lopata + roka<br \/>\nBaterija 2000mAh Li-Ion, 7,4V XT30<\/p>\n<p>Obseg dobave:<br \/>\nKolesni nakladalnik 1:14 del kovinski<br \/>\nBaterija 2000mAh Li-Ion 7,4V<br \/>\npolnilnik<br \/>\n10-kanalni 2,4GHz oddajnik<br \/>\nNavodila DE \/ EN<\/p>\n<p>Potrebna dodatna oprema:<br \/>\n4x AA baterije za daljinski upravljalnik<\/p>\n","protected":false},"excerpt":{"rendered":"<p>Kolesni nakladalnik 1:14, RTR, 10-kanalni V4 Kolesni nakladalnik v merilu 1:14 \/ del kovinskega merila Ta visokokakovosten nakladalnik na kolesih zapolnjuje vrzel med RC igra\u010dami in profesionalno konstrukcijo modelov. Roka, 190 mm \u0161iroka lopata in deli nadgradnje so iz prave kovine. Pri\u017enica je bila izdelana iz plastike, odporne na udarce. Vizualne in tehni\u010dne zna\u010dilnosti tega [&hellip;]<\/p>\n","protected":false},"featured_media":13188,"template":"","meta":[],"product_cat":[374,359],"product_tag":[],"acf":[],"yoast_head":"<!-- This site is optimized with the Yoast SEO plugin v21.7 - https:\/\/yoast.com\/wordpress\/plugins\/seo\/ -->\n<title>Nakladalec na kolesih G484E AE bela 1:14, del kovinski RTR, zvok, svetloba, 10-kanalni - TECHNIC-TOYS.com<\/title>\n<meta name=\"robots\" content=\"index, follow, max-snippet:-1, max-image-preview:large, max-video-preview:-1\" \/>\n<link rel=\"canonical\" href=\"https:\/\/www.technic-toys.com\/izdelek\/nakladalec-na-kolesih-g484e-ae-bela-114-del-kovinski-rtr-zvok-svetloba-10-kanalni\/\" \/>\n<meta property=\"og:locale\" content=\"en_US\" \/>\n<meta property=\"og:type\" content=\"article\" \/>\n<meta property=\"og:title\" content=\"Nakladalec na kolesih G484E AE bela 1:14, del kovinski RTR, zvok, svetloba, 10-kanalni - TECHNIC-TOYS.com\" \/>\n<meta property=\"og:description\" content=\"Kolesni nakladalnik 1:14, RTR, 10-kanalni V4 Kolesni nakladalnik v merilu 1:14 \/ del kovinskega merila Ta visokokakovosten nakladalnik na kolesih zapolnjuje vrzel med RC igra\u010dami in profesionalno konstrukcijo modelov. Roka, 190 mm \u0161iroka lopata in deli nadgradnje so iz prave kovine. Pri\u017enica je bila izdelana iz plastike, odporne na udarce. Vizualne in tehni\u010dne zna\u010dilnosti tega [&hellip;]\" \/>\n<meta property=\"og:url\" content=\"https:\/\/www.technic-toys.com\/izdelek\/nakladalec-na-kolesih-g484e-ae-bela-114-del-kovinski-rtr-zvok-svetloba-10-kanalni\/\" \/>\n<meta property=\"og:site_name\" content=\"TECHNIC-TOYS.com\" \/>\n<meta property=\"article:modified_time\" content=\"2024-12-04T18:04:09+00:00\" \/>\n<meta property=\"og:image\" content=\"https:\/\/www.technic-toys.com\/wp-content\/uploads\/2022\/04\/2241672sHgh79HnC0X.jpg\" \/>\n\t<meta property=\"og:image:width\" content=\"2560\" \/>\n\t<meta property=\"og:image:height\" content=\"1468\" \/>\n\t<meta property=\"og:image:type\" content=\"image\/jpeg\" \/>\n<meta name=\"twitter:card\" content=\"summary_large_image\" \/>\n<meta name=\"twitter:label1\" content=\"Est. reading time\" \/>\n\t<meta name=\"twitter:data1\" content=\"1 minute\" \/>\n<script type=\"application\/ld+json\" class=\"yoast-schema-graph\">{\"@context\":\"https:\/\/schema.org\",\"@graph\":[{\"@type\":\"WebPage\",\"@id\":\"https:\/\/www.technic-toys.com\/izdelek\/nakladalec-na-kolesih-g484e-ae-bela-114-del-kovinski-rtr-zvok-svetloba-10-kanalni\/\",\"url\":\"https:\/\/www.technic-toys.com\/izdelek\/nakladalec-na-kolesih-g484e-ae-bela-114-del-kovinski-rtr-zvok-svetloba-10-kanalni\/\",\"name\":\"Nakladalec na kolesih G484E AE bela 1:14, del kovinski RTR, zvok, svetloba, 10-kanalni - TECHNIC-TOYS.com\",\"isPartOf\":{\"@id\":\"https:\/\/www.technic-toys.com\/en\/#website\"},\"datePublished\":\"2022-04-08T14:15:12+00:00\",\"dateModified\":\"2024-12-04T18:04:09+00:00\",\"breadcrumb\":{\"@id\":\"https:\/\/www.technic-toys.com\/izdelek\/nakladalec-na-kolesih-g484e-ae-bela-114-del-kovinski-rtr-zvok-svetloba-10-kanalni\/#breadcrumb\"},\"inLanguage\":\"en-US\",\"potentialAction\":[{\"@type\":\"ReadAction\",\"target\":[\"https:\/\/www.technic-toys.com\/izdelek\/nakladalec-na-kolesih-g484e-ae-bela-114-del-kovinski-rtr-zvok-svetloba-10-kanalni\/\"]}]},{\"@type\":\"BreadcrumbList\",\"@id\":\"https:\/\/www.technic-toys.com\/izdelek\/nakladalec-na-kolesih-g484e-ae-bela-114-del-kovinski-rtr-zvok-svetloba-10-kanalni\/#breadcrumb\",\"itemListElement\":[{\"@type\":\"ListItem\",\"position\":1,\"name\":\"Domov\",\"item\":\"https:\/\/www.technic-toys.com\/en\/\"},{\"@type\":\"ListItem\",\"position\":2,\"name\":\"Shop\",\"item\":\"https:\/\/www.technic-toys.com\/en\/shop-2\/\"},{\"@type\":\"ListItem\",\"position\":3,\"name\":\"Nakladalec na kolesih G484E AE bela 1:14, del kovinski RTR, zvok, svetloba, 10-kanalni\"}]},{\"@type\":\"WebSite\",\"@id\":\"https:\/\/www.technic-toys.com\/en\/#website\",\"url\":\"https:\/\/www.technic-toys.com\/en\/\",\"name\":\"TECHNIC-TOYS.com\",\"description\":\"\",\"potentialAction\":[{\"@type\":\"SearchAction\",\"target\":{\"@type\":\"EntryPoint\",\"urlTemplate\":\"https:\/\/www.technic-toys.com\/en\/?s={search_term_string}\"},\"query-input\":\"required name=search_term_string\"}],\"inLanguage\":\"en-US\"}]}<\/script>\n<!-- \/ Yoast SEO plugin. -->","yoast_head_json":{"title":"Nakladalec na kolesih G484E AE bela 1:14, del kovinski RTR, zvok, svetloba, 10-kanalni - TECHNIC-TOYS.com","robots":{"index":"index","follow":"follow","max-snippet":"max-snippet:-1","max-image-preview":"max-image-preview:large","max-video-preview":"max-video-preview:-1"},"canonical":"https:\/\/www.technic-toys.com\/izdelek\/nakladalec-na-kolesih-g484e-ae-bela-114-del-kovinski-rtr-zvok-svetloba-10-kanalni\/","og_locale":"en_US","og_type":"article","og_title":"Nakladalec na kolesih G484E AE bela 1:14, del kovinski RTR, zvok, svetloba, 10-kanalni - TECHNIC-TOYS.com","og_description":"Kolesni nakladalnik 1:14, RTR, 10-kanalni V4 Kolesni nakladalnik v merilu 1:14 \/ del kovinskega merila Ta visokokakovosten nakladalnik na kolesih zapolnjuje vrzel med RC igra\u010dami in profesionalno konstrukcijo modelov. Roka, 190 mm \u0161iroka lopata in deli nadgradnje so iz prave kovine. Pri\u017enica je bila izdelana iz plastike, odporne na udarce. Vizualne in tehni\u010dne zna\u010dilnosti tega [&hellip;]","og_url":"https:\/\/www.technic-toys.com\/izdelek\/nakladalec-na-kolesih-g484e-ae-bela-114-del-kovinski-rtr-zvok-svetloba-10-kanalni\/","og_site_name":"TECHNIC-TOYS.com","article_modified_time":"2024-12-04T18:04:09+00:00","og_image":[{"width":2560,"height":1468,"url":"https:\/\/www.technic-toys.com\/wp-content\/uploads\/2022\/04\/2241672sHgh79HnC0X.jpg","type":"image\/jpeg"}],"twitter_card":"summary_large_image","twitter_misc":{"Est. reading time":"1 minute"},"schema":{"@context":"https:\/\/schema.org","@graph":[{"@type":"WebPage","@id":"https:\/\/www.technic-toys.com\/izdelek\/nakladalec-na-kolesih-g484e-ae-bela-114-del-kovinski-rtr-zvok-svetloba-10-kanalni\/","url":"https:\/\/www.technic-toys.com\/izdelek\/nakladalec-na-kolesih-g484e-ae-bela-114-del-kovinski-rtr-zvok-svetloba-10-kanalni\/","name":"Nakladalec na kolesih G484E AE bela 1:14, del kovinski RTR, zvok, svetloba, 10-kanalni - TECHNIC-TOYS.com","isPartOf":{"@id":"https:\/\/www.technic-toys.com\/en\/#website"},"datePublished":"2022-04-08T14:15:12+00:00","dateModified":"2024-12-04T18:04:09+00:00","breadcrumb":{"@id":"https:\/\/www.technic-toys.com\/izdelek\/nakladalec-na-kolesih-g484e-ae-bela-114-del-kovinski-rtr-zvok-svetloba-10-kanalni\/#breadcrumb"},"inLanguage":"en-US","potentialAction":[{"@type":"ReadAction","target":["https:\/\/www.technic-toys.com\/izdelek\/nakladalec-na-kolesih-g484e-ae-bela-114-del-kovinski-rtr-zvok-svetloba-10-kanalni\/"]}]},{"@type":"BreadcrumbList","@id":"https:\/\/www.technic-toys.com\/izdelek\/nakladalec-na-kolesih-g484e-ae-bela-114-del-kovinski-rtr-zvok-svetloba-10-kanalni\/#breadcrumb","itemListElement":[{"@type":"ListItem","position":1,"name":"Domov","item":"https:\/\/www.technic-toys.com\/en\/"},{"@type":"ListItem","position":2,"name":"Shop","item":"https:\/\/www.technic-toys.com\/en\/shop-2\/"},{"@type":"ListItem","position":3,"name":"Nakladalec na kolesih G484E AE bela 1:14, del kovinski RTR, zvok, svetloba, 10-kanalni"}]},{"@type":"WebSite","@id":"https:\/\/www.technic-toys.com\/en\/#website","url":"https:\/\/www.technic-toys.com\/en\/","name":"TECHNIC-TOYS.com","description":"","potentialAction":[{"@type":"SearchAction","target":{"@type":"EntryPoint","urlTemplate":"https:\/\/www.technic-toys.com\/en\/?s={search_term_string}"},"query-input":"required name=search_term_string"}],"inLanguage":"en-US"}]}},"_links":{"self":[{"href":"https:\/\/www.technic-toys.com\/en\/wp-json\/wp\/v2\/product\/13187"}],"collection":[{"href":"https:\/\/www.technic-toys.com\/en\/wp-json\/wp\/v2\/product"}],"about":[{"href":"https:\/\/www.technic-toys.com\/en\/wp-json\/wp\/v2\/types\/product"}],"wp:featuredmedia":[{"embeddable":true,"href":"https:\/\/www.technic-toys.com\/en\/wp-json\/wp\/v2\/media\/13188"}],"wp:attachment":[{"href":"https:\/\/www.technic-toys.com\/en\/wp-json\/wp\/v2\/media?parent=13187"}],"wp:term":[{"taxonomy":"product_cat","embeddable":true,"href":"https:\/\/www.technic-toys.com\/en\/wp-json\/wp\/v2\/product_cat?post=13187"},{"taxonomy":"product_tag","embeddable":true,"href":"https:\/\/www.technic-toys.com\/en\/wp-json\/wp\/v2\/product_tag?post=13187"}],"curies":[{"name":"wp","href":"https:\/\/api.w.org\/{rel}","templated":true}]}}