{"id":13249,"date":"2022-04-08T16:15:12","date_gmt":"2022-04-08T14:15:12","guid":{"rendered":"https:\/\/www.technic-toys.com\/izdelek\/4x4-ameriski-vojaski-tovornjak-110-puscavski-pesek\/"},"modified":"2024-12-04T19:04:11","modified_gmt":"2024-12-04T18:04:11","slug":"4x4-ameriski-vojaski-tovornjak-110-puscavski-pesek","status":"publish","type":"product","link":"https:\/\/www.technic-toys.com\/en\/izdelek\/4x4-ameriski-vojaski-tovornjak-110-puscavski-pesek\/","title":{"rendered":"4&#215;4 ameri\u0161ki voja\u0161ki tovornjak 1:10 Pu\u0161\u010davski pesek"},"content":{"rendered":"<p>Ameri\u0161ki voja\u0161ki tovornjak 4 x 4, M 1:10 voja\u0161ki pu\u0161\u010davski pesek.<br \/>Tehni\u010dna mojstrovina iz delne kovine kot \u010dudovit skaler s \u0161tevilnimi nastavki in \u0161tevilnimi detajli. Pripravljen za zagon (RTR). To plemenito vozilo v merilu 1:10 postavlja nove standarde z neverjetno pozornostjo do detajlov in odli\u010dno tehnologijo. Model navdu\u0161uje s popolno barvo, 2-stopenjskim ro\u010dnim menjalnikom, popolnoma za\u0161\u010ditenim podvozjem, vodo za\u0161\u010diteno elektroniko, \u0161tevilnimi dodatnimi dodatki, kot so zvo\u010dni ali svetlobni moduli.<br \/>Portalne osi in podvozje lestvice s celotnim podvozjem so tudi del serijske opreme tega terenskega vozila. Vsa vrata je mogo\u010de enostavno odpreti od zunaj, notranjost pa je popolnoma raz\u0161irjena (tudi sede\u017ei so z gumirano povr\u0161ino) Prtlja\u017ena vrata so opremljena z 2 kovinskima bla\u017eilnikoma, ki dr\u017eita loputo odprto. Pokrov motorja je opremljen celo z 2 stranskima kovinskima zapahoma. Spodaj je lutka motorja lestvice in sprejemnik s 16 kanali. Iz oddajnika je mogo\u010de upravljati tudi naslednje funkcije (tudi 16 kanalov): svetloba, zvok, dim, vitel, krmiljenje (pri pretvorbi v ve\u010dosno krmiljenje) itd. Na voljo je tudi nekaj prostih kanalov, enega ali drugega opcijsko dodatno opremo je treba dodati pozneje. V strehi je loputa na te\u010dajih za mitraljezca.<\/p>\n<p>Lastnosti:<br \/>Delo kovinski (podkonstrukcija v celoti kovinska)<br \/>2-stopenjski ro\u010dni menjalnik<br \/>Kovinski zobniki<br \/ >Razli\u010dice, ki jih je mogo\u010de zakleniti s pomo\u010djo zati\u010dev<br \/>Mo\u017eno ve\u010dosno krmiljenje<br \/>Popolna zasnova do najmanj\u0161ih podrobnosti<br \/>4WD pogon<br \/>Tenske pnevmatike z visokim oprijemom<br \/>Portalne osi <br \/>Zmogljiv motor<br \/>Vodoodporna elektronika<br \/>16-kanalni sistem 2,4GHz<br \/>Model RTR z oddajnikom, baterijo (LiPo) itd.<br \/>popolnoma primeren za terensko uporabo<br \/ >na voljo je veliko dodatne opreme<br \/>oddajnik z USB vhodom in izhodom, na primer za polnjenje pametnega telefona<\/p>\n<p>Tehni\u010dni podatki:<br \/>Dol\u017eina: 470 mm<br \/>\u0160irina: 220 mm<br \/>Vi\u0161ina : 190 mm<br \/>Te\u017ea: pribli\u017eno 5kg<br \/>2. Ro\u010dni menjalnik<br \/>1. Prestava: cca 12 &#8211; 15km\/h<br \/>2. prestava. Prestava: cca 18 &#8211; 20km\/h<br \/>Motor: KRK 550-6526-87D<br \/>Baterija: LiPo 4500mAh 7,4V 2S<br \/>Prestavno razmerje: 1:1,4<br \/>Pnevmatike: 25 x 38 x 52 R100<br \/>Aluminijasti bla\u017eilnik<br \/>2,4GHz sistem<br \/>Razli\u010dica RTR (vse vklju\u010deno)<\/p>\n<p>Obseg dobave:<br \/>Vozilo<br \/>Po\u0161iljatelj 2, 4GHz 16 kanalov \/>Baterije za oddajnik 6x Mignon AA<\/p>\n","protected":false},"excerpt":{"rendered":"<p>Ameri\u0161ki voja\u0161ki tovornjak 4 x 4, M 1:10 voja\u0161ki pu\u0161\u010davski pesek.Tehni\u010dna mojstrovina iz delne kovine kot \u010dudovit skaler s \u0161tevilnimi nastavki in \u0161tevilnimi detajli. Pripravljen za zagon (RTR). To plemenito vozilo v merilu 1:10 postavlja nove standarde z neverjetno pozornostjo do detajlov in odli\u010dno tehnologijo. Model navdu\u0161uje s popolno barvo, 2-stopenjskim ro\u010dnim menjalnikom, popolnoma za\u0161\u010ditenim [&hellip;]<\/p>\n","protected":false},"featured_media":13250,"template":"","meta":[],"product_cat":[374,365,360],"product_tag":[],"acf":[],"yoast_head":"<!-- This site is optimized with the Yoast SEO plugin v21.7 - https:\/\/yoast.com\/wordpress\/plugins\/seo\/ -->\n<title>4x4 ameri\u0161ki voja\u0161ki tovornjak 1:10 Pu\u0161\u010davski pesek - TECHNIC-TOYS.com<\/title>\n<meta name=\"robots\" content=\"index, follow, max-snippet:-1, max-image-preview:large, max-video-preview:-1\" \/>\n<link rel=\"canonical\" href=\"https:\/\/www.technic-toys.com\/izdelek\/4x4-ameriski-vojaski-tovornjak-110-puscavski-pesek\/\" \/>\n<meta property=\"og:locale\" content=\"en_US\" \/>\n<meta property=\"og:type\" content=\"article\" \/>\n<meta property=\"og:title\" content=\"4x4 ameri\u0161ki voja\u0161ki tovornjak 1:10 Pu\u0161\u010davski pesek - TECHNIC-TOYS.com\" \/>\n<meta property=\"og:description\" content=\"Ameri\u0161ki voja\u0161ki tovornjak 4 x 4, M 1:10 voja\u0161ki pu\u0161\u010davski pesek.Tehni\u010dna mojstrovina iz delne kovine kot \u010dudovit skaler s \u0161tevilnimi nastavki in \u0161tevilnimi detajli. Pripravljen za zagon (RTR). To plemenito vozilo v merilu 1:10 postavlja nove standarde z neverjetno pozornostjo do detajlov in odli\u010dno tehnologijo. Model navdu\u0161uje s popolno barvo, 2-stopenjskim ro\u010dnim menjalnikom, popolnoma za\u0161\u010ditenim [&hellip;]\" \/>\n<meta property=\"og:url\" content=\"https:\/\/www.technic-toys.com\/izdelek\/4x4-ameriski-vojaski-tovornjak-110-puscavski-pesek\/\" \/>\n<meta property=\"og:site_name\" content=\"TECHNIC-TOYS.com\" \/>\n<meta property=\"article:modified_time\" content=\"2024-12-04T18:04:11+00:00\" \/>\n<meta property=\"og:image\" content=\"https:\/\/www.technic-toys.com\/wp-content\/uploads\/2022\/04\/22418.jpg\" \/>\n\t<meta property=\"og:image:width\" content=\"2560\" \/>\n\t<meta property=\"og:image:height\" content=\"1468\" \/>\n\t<meta property=\"og:image:type\" content=\"image\/jpeg\" \/>\n<meta name=\"twitter:card\" content=\"summary_large_image\" \/>\n<meta name=\"twitter:label1\" content=\"Est. reading time\" \/>\n\t<meta name=\"twitter:data1\" content=\"2 minutes\" \/>\n<script type=\"application\/ld+json\" class=\"yoast-schema-graph\">{\"@context\":\"https:\/\/schema.org\",\"@graph\":[{\"@type\":\"WebPage\",\"@id\":\"https:\/\/www.technic-toys.com\/izdelek\/4x4-ameriski-vojaski-tovornjak-110-puscavski-pesek\/\",\"url\":\"https:\/\/www.technic-toys.com\/izdelek\/4x4-ameriski-vojaski-tovornjak-110-puscavski-pesek\/\",\"name\":\"4x4 ameri\u0161ki voja\u0161ki tovornjak 1:10 Pu\u0161\u010davski pesek - TECHNIC-TOYS.com\",\"isPartOf\":{\"@id\":\"https:\/\/www.technic-toys.com\/en\/#website\"},\"datePublished\":\"2022-04-08T14:15:12+00:00\",\"dateModified\":\"2024-12-04T18:04:11+00:00\",\"breadcrumb\":{\"@id\":\"https:\/\/www.technic-toys.com\/izdelek\/4x4-ameriski-vojaski-tovornjak-110-puscavski-pesek\/#breadcrumb\"},\"inLanguage\":\"en-US\",\"potentialAction\":[{\"@type\":\"ReadAction\",\"target\":[\"https:\/\/www.technic-toys.com\/izdelek\/4x4-ameriski-vojaski-tovornjak-110-puscavski-pesek\/\"]}]},{\"@type\":\"BreadcrumbList\",\"@id\":\"https:\/\/www.technic-toys.com\/izdelek\/4x4-ameriski-vojaski-tovornjak-110-puscavski-pesek\/#breadcrumb\",\"itemListElement\":[{\"@type\":\"ListItem\",\"position\":1,\"name\":\"Domov\",\"item\":\"https:\/\/www.technic-toys.com\/en\/\"},{\"@type\":\"ListItem\",\"position\":2,\"name\":\"Shop\",\"item\":\"https:\/\/www.technic-toys.com\/en\/shop-2\/\"},{\"@type\":\"ListItem\",\"position\":3,\"name\":\"4&#215;4 ameri\u0161ki voja\u0161ki tovornjak 1:10 Pu\u0161\u010davski pesek\"}]},{\"@type\":\"WebSite\",\"@id\":\"https:\/\/www.technic-toys.com\/en\/#website\",\"url\":\"https:\/\/www.technic-toys.com\/en\/\",\"name\":\"TECHNIC-TOYS.com\",\"description\":\"\",\"potentialAction\":[{\"@type\":\"SearchAction\",\"target\":{\"@type\":\"EntryPoint\",\"urlTemplate\":\"https:\/\/www.technic-toys.com\/en\/?s={search_term_string}\"},\"query-input\":\"required name=search_term_string\"}],\"inLanguage\":\"en-US\"}]}<\/script>\n<!-- \/ Yoast SEO plugin. -->","yoast_head_json":{"title":"4x4 ameri\u0161ki voja\u0161ki tovornjak 1:10 Pu\u0161\u010davski pesek - TECHNIC-TOYS.com","robots":{"index":"index","follow":"follow","max-snippet":"max-snippet:-1","max-image-preview":"max-image-preview:large","max-video-preview":"max-video-preview:-1"},"canonical":"https:\/\/www.technic-toys.com\/izdelek\/4x4-ameriski-vojaski-tovornjak-110-puscavski-pesek\/","og_locale":"en_US","og_type":"article","og_title":"4x4 ameri\u0161ki voja\u0161ki tovornjak 1:10 Pu\u0161\u010davski pesek - TECHNIC-TOYS.com","og_description":"Ameri\u0161ki voja\u0161ki tovornjak 4 x 4, M 1:10 voja\u0161ki pu\u0161\u010davski pesek.Tehni\u010dna mojstrovina iz delne kovine kot \u010dudovit skaler s \u0161tevilnimi nastavki in \u0161tevilnimi detajli. Pripravljen za zagon (RTR). To plemenito vozilo v merilu 1:10 postavlja nove standarde z neverjetno pozornostjo do detajlov in odli\u010dno tehnologijo. Model navdu\u0161uje s popolno barvo, 2-stopenjskim ro\u010dnim menjalnikom, popolnoma za\u0161\u010ditenim [&hellip;]","og_url":"https:\/\/www.technic-toys.com\/izdelek\/4x4-ameriski-vojaski-tovornjak-110-puscavski-pesek\/","og_site_name":"TECHNIC-TOYS.com","article_modified_time":"2024-12-04T18:04:11+00:00","og_image":[{"width":2560,"height":1468,"url":"https:\/\/www.technic-toys.com\/wp-content\/uploads\/2022\/04\/22418.jpg","type":"image\/jpeg"}],"twitter_card":"summary_large_image","twitter_misc":{"Est. reading time":"2 minutes"},"schema":{"@context":"https:\/\/schema.org","@graph":[{"@type":"WebPage","@id":"https:\/\/www.technic-toys.com\/izdelek\/4x4-ameriski-vojaski-tovornjak-110-puscavski-pesek\/","url":"https:\/\/www.technic-toys.com\/izdelek\/4x4-ameriski-vojaski-tovornjak-110-puscavski-pesek\/","name":"4x4 ameri\u0161ki voja\u0161ki tovornjak 1:10 Pu\u0161\u010davski pesek - TECHNIC-TOYS.com","isPartOf":{"@id":"https:\/\/www.technic-toys.com\/en\/#website"},"datePublished":"2022-04-08T14:15:12+00:00","dateModified":"2024-12-04T18:04:11+00:00","breadcrumb":{"@id":"https:\/\/www.technic-toys.com\/izdelek\/4x4-ameriski-vojaski-tovornjak-110-puscavski-pesek\/#breadcrumb"},"inLanguage":"en-US","potentialAction":[{"@type":"ReadAction","target":["https:\/\/www.technic-toys.com\/izdelek\/4x4-ameriski-vojaski-tovornjak-110-puscavski-pesek\/"]}]},{"@type":"BreadcrumbList","@id":"https:\/\/www.technic-toys.com\/izdelek\/4x4-ameriski-vojaski-tovornjak-110-puscavski-pesek\/#breadcrumb","itemListElement":[{"@type":"ListItem","position":1,"name":"Domov","item":"https:\/\/www.technic-toys.com\/en\/"},{"@type":"ListItem","position":2,"name":"Shop","item":"https:\/\/www.technic-toys.com\/en\/shop-2\/"},{"@type":"ListItem","position":3,"name":"4&#215;4 ameri\u0161ki voja\u0161ki tovornjak 1:10 Pu\u0161\u010davski pesek"}]},{"@type":"WebSite","@id":"https:\/\/www.technic-toys.com\/en\/#website","url":"https:\/\/www.technic-toys.com\/en\/","name":"TECHNIC-TOYS.com","description":"","potentialAction":[{"@type":"SearchAction","target":{"@type":"EntryPoint","urlTemplate":"https:\/\/www.technic-toys.com\/en\/?s={search_term_string}"},"query-input":"required name=search_term_string"}],"inLanguage":"en-US"}]}},"_links":{"self":[{"href":"https:\/\/www.technic-toys.com\/en\/wp-json\/wp\/v2\/product\/13249"}],"collection":[{"href":"https:\/\/www.technic-toys.com\/en\/wp-json\/wp\/v2\/product"}],"about":[{"href":"https:\/\/www.technic-toys.com\/en\/wp-json\/wp\/v2\/types\/product"}],"wp:featuredmedia":[{"embeddable":true,"href":"https:\/\/www.technic-toys.com\/en\/wp-json\/wp\/v2\/media\/13250"}],"wp:attachment":[{"href":"https:\/\/www.technic-toys.com\/en\/wp-json\/wp\/v2\/media?parent=13249"}],"wp:term":[{"taxonomy":"product_cat","embeddable":true,"href":"https:\/\/www.technic-toys.com\/en\/wp-json\/wp\/v2\/product_cat?post=13249"},{"taxonomy":"product_tag","embeddable":true,"href":"https:\/\/www.technic-toys.com\/en\/wp-json\/wp\/v2\/product_tag?post=13249"}],"curies":[{"name":"wp","href":"https:\/\/api.w.org\/{rel}","templated":true}]}}