{"id":13399,"date":"2022-04-08T16:22:35","date_gmt":"2022-04-08T14:22:35","guid":{"rendered":"https:\/\/www.technic-toys.com\/izdelek\/amxrock-am18-scale-crawler-pick-up-118-rtr-rdece\/"},"modified":"2024-12-04T19:04:01","modified_gmt":"2024-12-04T18:04:01","slug":"amxrock-am18-scale-crawler-pick-up-118-rtr-rdece","status":"publish","type":"product","link":"https:\/\/www.technic-toys.com\/en\/izdelek\/amxrock-am18-scale-crawler-pick-up-118-rtr-rdece\/","title":{"rendered":"AMXRock AM18 Scale Crawler Pick-Up 1:18 RTR rde\u010de"},"content":{"rendered":"<p>AMX Rock Crawler 1:18 4WDA odli\u010den polmernik, ki zahvaljujo\u010d svojim funkcijam zlahka upravlja ravnote\u017eje med goseni\u010darjem in kri\u017earko. \u0160tevilni realisti\u010dni in ljube\u010de oblikovani detajli, kot so ohi\u0161je tehtnice in LED osvetlitev v povezavi z multilink \u0161asijo, dopolnjujejo paket. Izjemno mehke pnevmatike M\/T na Bead Locku \u010dakajo na divjo vo\u017enjo po hribu in dolini ter te\u017eke prehode v blatu. Elektronika je za\u0161\u010ditena pred vodo in omogo\u010da vo\u017enjo po kateri koli povr\u0161ini Lastnosti: 104: 1 FDL High Torque prenos Ve\u010dlink vzmetenje Popolnoma blokiran diferencial, sprednja in zadnja os 3-stopenjski menjalnik, te\u017ei\u0161\u010de Teleskopska UJ pogonska gred, maksimalna vzdr\u017eljivost Krmilni servo name\u0161\u010deno na \u0161asiji Podvozje s kovinskim okvirjem 4 WD (\u0161tirikolesni pogon) Popolni bla\u017eilniki Gorska zavora &#8211; brez kotaljenja po cesti Zelo ob\u010dutljivo krmiljenje 2,4 GHz radijska tehnologija, zadnja generacija LED osvetlitev spredaj in zadaj Karoserija s \u0161tevilnimi nastavki Bead Lock plati\u0161\u010da s super mehkimi M\/ T pnevmatike 88T 030 Micro MotorESC\/RX Combo 2,4GHz3-fazni servo 1Kg vodoodporni Tehni\u010dni podatki: Dol\u017eina: 263 mm \u0160irina: 113 mm Vi\u0161ina: 130 mm Medosna razdalja: 155 mm Odmik od tal: 34 mmTe\u017ea: Premer vode: 280 mmRim Vodoodporen premer: 280mmRim za\u0161\u010dita vode: 280mmWgSc. v 2S Li-po 600MAhMotor: Micro 030 88T Prestava: 104Hz 1&#215;2 RTRG model baterija Li-Po 600mAh 7,4V1x L polnilni kabel USB navodila DE\/ENG Zahtevano: baterije za oddajnik 4x 1,5V Micro AAA<\/p>\n","protected":false},"excerpt":{"rendered":"<p>AMX Rock Crawler 1:18 4WDA odli\u010den polmernik, ki zahvaljujo\u010d svojim funkcijam zlahka upravlja ravnote\u017eje med goseni\u010darjem in kri\u017earko. \u0160tevilni realisti\u010dni in ljube\u010de oblikovani detajli, kot so ohi\u0161je tehtnice in LED osvetlitev v povezavi z multilink \u0161asijo, dopolnjujejo paket. Izjemno mehke pnevmatike M\/T na Bead Locku \u010dakajo na divjo vo\u017enjo po hribu in dolini ter te\u017eke [&hellip;]<\/p>\n","protected":false},"featured_media":13400,"template":"","meta":[],"product_cat":[374,361],"product_tag":[],"acf":[],"yoast_head":"<!-- This site is optimized with the Yoast SEO plugin v21.7 - https:\/\/yoast.com\/wordpress\/plugins\/seo\/ -->\n<title>AMXRock AM18 Scale Crawler Pick-Up 1:18 RTR rde\u010de - TECHNIC-TOYS.com<\/title>\n<meta name=\"robots\" content=\"index, follow, max-snippet:-1, max-image-preview:large, max-video-preview:-1\" \/>\n<link rel=\"canonical\" href=\"https:\/\/www.technic-toys.com\/izdelek\/amxrock-am18-scale-crawler-pick-up-118-rtr-rdece\/\" \/>\n<meta property=\"og:locale\" content=\"en_US\" \/>\n<meta property=\"og:type\" content=\"article\" \/>\n<meta property=\"og:title\" content=\"AMXRock AM18 Scale Crawler Pick-Up 1:18 RTR rde\u010de - TECHNIC-TOYS.com\" \/>\n<meta property=\"og:description\" content=\"AMX Rock Crawler 1:18 4WDA odli\u010den polmernik, ki zahvaljujo\u010d svojim funkcijam zlahka upravlja ravnote\u017eje med goseni\u010darjem in kri\u017earko. \u0160tevilni realisti\u010dni in ljube\u010de oblikovani detajli, kot so ohi\u0161je tehtnice in LED osvetlitev v povezavi z multilink \u0161asijo, dopolnjujejo paket. Izjemno mehke pnevmatike M\/T na Bead Locku \u010dakajo na divjo vo\u017enjo po hribu in dolini ter te\u017eke [&hellip;]\" \/>\n<meta property=\"og:url\" content=\"https:\/\/www.technic-toys.com\/izdelek\/amxrock-am18-scale-crawler-pick-up-118-rtr-rdece\/\" \/>\n<meta property=\"og:site_name\" content=\"TECHNIC-TOYS.com\" \/>\n<meta property=\"article:modified_time\" content=\"2024-12-04T18:04:01+00:00\" \/>\n<meta property=\"og:image\" content=\"https:\/\/www.technic-toys.com\/wp-content\/uploads\/2022\/04\/22424.jpg\" \/>\n\t<meta property=\"og:image:width\" content=\"2560\" \/>\n\t<meta property=\"og:image:height\" content=\"1468\" \/>\n\t<meta property=\"og:image:type\" content=\"image\/jpeg\" \/>\n<meta name=\"twitter:card\" content=\"summary_large_image\" \/>\n<meta name=\"twitter:label1\" content=\"Est. reading time\" \/>\n\t<meta name=\"twitter:data1\" content=\"1 minute\" \/>\n<script type=\"application\/ld+json\" class=\"yoast-schema-graph\">{\"@context\":\"https:\/\/schema.org\",\"@graph\":[{\"@type\":\"WebPage\",\"@id\":\"https:\/\/www.technic-toys.com\/izdelek\/amxrock-am18-scale-crawler-pick-up-118-rtr-rdece\/\",\"url\":\"https:\/\/www.technic-toys.com\/izdelek\/amxrock-am18-scale-crawler-pick-up-118-rtr-rdece\/\",\"name\":\"AMXRock AM18 Scale Crawler Pick-Up 1:18 RTR rde\u010de - TECHNIC-TOYS.com\",\"isPartOf\":{\"@id\":\"https:\/\/www.technic-toys.com\/en\/#website\"},\"datePublished\":\"2022-04-08T14:22:35+00:00\",\"dateModified\":\"2024-12-04T18:04:01+00:00\",\"breadcrumb\":{\"@id\":\"https:\/\/www.technic-toys.com\/izdelek\/amxrock-am18-scale-crawler-pick-up-118-rtr-rdece\/#breadcrumb\"},\"inLanguage\":\"en-US\",\"potentialAction\":[{\"@type\":\"ReadAction\",\"target\":[\"https:\/\/www.technic-toys.com\/izdelek\/amxrock-am18-scale-crawler-pick-up-118-rtr-rdece\/\"]}]},{\"@type\":\"BreadcrumbList\",\"@id\":\"https:\/\/www.technic-toys.com\/izdelek\/amxrock-am18-scale-crawler-pick-up-118-rtr-rdece\/#breadcrumb\",\"itemListElement\":[{\"@type\":\"ListItem\",\"position\":1,\"name\":\"Domov\",\"item\":\"https:\/\/www.technic-toys.com\/en\/\"},{\"@type\":\"ListItem\",\"position\":2,\"name\":\"Shop\",\"item\":\"https:\/\/www.technic-toys.com\/en\/shop-2\/\"},{\"@type\":\"ListItem\",\"position\":3,\"name\":\"AMXRock AM18 Scale Crawler Pick-Up 1:18 RTR rde\u010de\"}]},{\"@type\":\"WebSite\",\"@id\":\"https:\/\/www.technic-toys.com\/en\/#website\",\"url\":\"https:\/\/www.technic-toys.com\/en\/\",\"name\":\"TECHNIC-TOYS.com\",\"description\":\"\",\"potentialAction\":[{\"@type\":\"SearchAction\",\"target\":{\"@type\":\"EntryPoint\",\"urlTemplate\":\"https:\/\/www.technic-toys.com\/en\/?s={search_term_string}\"},\"query-input\":\"required name=search_term_string\"}],\"inLanguage\":\"en-US\"}]}<\/script>\n<!-- \/ Yoast SEO plugin. -->","yoast_head_json":{"title":"AMXRock AM18 Scale Crawler Pick-Up 1:18 RTR rde\u010de - TECHNIC-TOYS.com","robots":{"index":"index","follow":"follow","max-snippet":"max-snippet:-1","max-image-preview":"max-image-preview:large","max-video-preview":"max-video-preview:-1"},"canonical":"https:\/\/www.technic-toys.com\/izdelek\/amxrock-am18-scale-crawler-pick-up-118-rtr-rdece\/","og_locale":"en_US","og_type":"article","og_title":"AMXRock AM18 Scale Crawler Pick-Up 1:18 RTR rde\u010de - TECHNIC-TOYS.com","og_description":"AMX Rock Crawler 1:18 4WDA odli\u010den polmernik, ki zahvaljujo\u010d svojim funkcijam zlahka upravlja ravnote\u017eje med goseni\u010darjem in kri\u017earko. \u0160tevilni realisti\u010dni in ljube\u010de oblikovani detajli, kot so ohi\u0161je tehtnice in LED osvetlitev v povezavi z multilink \u0161asijo, dopolnjujejo paket. Izjemno mehke pnevmatike M\/T na Bead Locku \u010dakajo na divjo vo\u017enjo po hribu in dolini ter te\u017eke [&hellip;]","og_url":"https:\/\/www.technic-toys.com\/izdelek\/amxrock-am18-scale-crawler-pick-up-118-rtr-rdece\/","og_site_name":"TECHNIC-TOYS.com","article_modified_time":"2024-12-04T18:04:01+00:00","og_image":[{"width":2560,"height":1468,"url":"https:\/\/www.technic-toys.com\/wp-content\/uploads\/2022\/04\/22424.jpg","type":"image\/jpeg"}],"twitter_card":"summary_large_image","twitter_misc":{"Est. reading time":"1 minute"},"schema":{"@context":"https:\/\/schema.org","@graph":[{"@type":"WebPage","@id":"https:\/\/www.technic-toys.com\/izdelek\/amxrock-am18-scale-crawler-pick-up-118-rtr-rdece\/","url":"https:\/\/www.technic-toys.com\/izdelek\/amxrock-am18-scale-crawler-pick-up-118-rtr-rdece\/","name":"AMXRock AM18 Scale Crawler Pick-Up 1:18 RTR rde\u010de - TECHNIC-TOYS.com","isPartOf":{"@id":"https:\/\/www.technic-toys.com\/en\/#website"},"datePublished":"2022-04-08T14:22:35+00:00","dateModified":"2024-12-04T18:04:01+00:00","breadcrumb":{"@id":"https:\/\/www.technic-toys.com\/izdelek\/amxrock-am18-scale-crawler-pick-up-118-rtr-rdece\/#breadcrumb"},"inLanguage":"en-US","potentialAction":[{"@type":"ReadAction","target":["https:\/\/www.technic-toys.com\/izdelek\/amxrock-am18-scale-crawler-pick-up-118-rtr-rdece\/"]}]},{"@type":"BreadcrumbList","@id":"https:\/\/www.technic-toys.com\/izdelek\/amxrock-am18-scale-crawler-pick-up-118-rtr-rdece\/#breadcrumb","itemListElement":[{"@type":"ListItem","position":1,"name":"Domov","item":"https:\/\/www.technic-toys.com\/en\/"},{"@type":"ListItem","position":2,"name":"Shop","item":"https:\/\/www.technic-toys.com\/en\/shop-2\/"},{"@type":"ListItem","position":3,"name":"AMXRock AM18 Scale Crawler Pick-Up 1:18 RTR rde\u010de"}]},{"@type":"WebSite","@id":"https:\/\/www.technic-toys.com\/en\/#website","url":"https:\/\/www.technic-toys.com\/en\/","name":"TECHNIC-TOYS.com","description":"","potentialAction":[{"@type":"SearchAction","target":{"@type":"EntryPoint","urlTemplate":"https:\/\/www.technic-toys.com\/en\/?s={search_term_string}"},"query-input":"required name=search_term_string"}],"inLanguage":"en-US"}]}},"_links":{"self":[{"href":"https:\/\/www.technic-toys.com\/en\/wp-json\/wp\/v2\/product\/13399"}],"collection":[{"href":"https:\/\/www.technic-toys.com\/en\/wp-json\/wp\/v2\/product"}],"about":[{"href":"https:\/\/www.technic-toys.com\/en\/wp-json\/wp\/v2\/types\/product"}],"wp:featuredmedia":[{"embeddable":true,"href":"https:\/\/www.technic-toys.com\/en\/wp-json\/wp\/v2\/media\/13400"}],"wp:attachment":[{"href":"https:\/\/www.technic-toys.com\/en\/wp-json\/wp\/v2\/media?parent=13399"}],"wp:term":[{"taxonomy":"product_cat","embeddable":true,"href":"https:\/\/www.technic-toys.com\/en\/wp-json\/wp\/v2\/product_cat?post=13399"},{"taxonomy":"product_tag","embeddable":true,"href":"https:\/\/www.technic-toys.com\/en\/wp-json\/wp\/v2\/product_tag?post=13399"}],"curies":[{"name":"wp","href":"https:\/\/api.w.org\/{rel}","templated":true}]}}