{"id":13418,"date":"2022-04-08T16:22:35","date_gmt":"2022-04-08T14:22:35","guid":{"rendered":"https:\/\/www.technic-toys.com\/izdelek\/umazani-sportni-terenec-crawler-4wd-110-rtr\/"},"modified":"2024-12-04T19:04:02","modified_gmt":"2024-12-04T18:04:02","slug":"umazani-sportni-terenec-crawler-4wd-110-rtr","status":"publish","type":"product","link":"https:\/\/www.technic-toys.com\/en\/izdelek\/umazani-sportni-terenec-crawler-4wd-110-rtr\/","title":{"rendered":"Umazani \u0161portni terenec Crawler 4WD 1:10 RTR"},"content":{"rendered":"<p>Kulen teka\u0161ki videz se ujema z najsodobnej\u0161imi lastnostmi. Zahvaljujo\u010d zmogljivemu motorju, \u0161tirikolesnemu pogonu 4WD z velikimi pnevmatikami, Climbing SUV vedno najde pot iz divjine. Svetle LED diode pomagajo pri orientaciji. Majhne stvari se lahko preva\u017eajo na stre\u0161nem prtlja\u017eniku &#8211; odli\u010dna zabava za pilote. Plasti\u010dni okvir je bil zasnovan tako, da u\u010dinkovito \u0161\u010diti vozilo v primeru trka. Kovinski krogli\u010dni le\u017eaji, elektronika, odporna na \u0161kropljenje, bla\u017eilniki s pravimi kovinskimi vzmetmi, udoben in ob\u010dutljiv daljinski upravljalnik s pi\u0161tolo s sodobno radijsko tehnologijo 2,4 GHz brez motenj poudarjajo dragocen vtis modela. Dirt Climbing SUV je dostavljen RTR (pripravljen za vo\u017enjo) &#8211; vse komponente, potrebne za delovanje &#8211; tudi baterije za daljinski upravljalnik so \u017ee vklju\u010dene v obseg dobave. \u010crno zatemnjena stekla se prav tako popolnoma ujemajo z divjim videzom tega plezalca.<br \/>Lastnosti: Elektronika za\u0161\u010ditena pred \u0161kropljenjem vode Krogli\u010dni le\u017eaji iz kovine Jeklene vzmeti Okvir, odporen proti trkom 2,4GHz daljinski upravljalnik za pi\u0161tolo, obrezljiv 4 x 1,5V AA Mignon baterija za daljinski upravljalnik Nastavljiv kot krmiljenja Velike pnevmatike LED osvetlitev, spredaj in zadaj<br \/>Tehni\u010dni podatki: Merilo 1:10 4WD (na vsa kolesa) pogon Dol\u017eina: 475 mm \u0160irina: 200 mm Vi\u0161ina: 235 mm Medosna razdalja: 255 mm 2 Te\u017ea, pribl. Baterija: LiIon 7,4 V 1500 mAh \u010cas potovanja: 20 minut \u010cas polnjenja: 180-240 minut Domet: 60 metrov Najvi\u0161ja hitrost: pribli\u017eno 15+ km\/h Obseg dobave: 1 x Dirt Climbing King SUV 1 x 2,4 GHz radijski daljinski upravljalnik 1 x Li-ion baterija 1500MaH 1 x USB polnilni kabel 1 x Navodila za uporabo (nem\u0161\u010dina\/angle\u0161\u010dina) 4 x 1,5V AA Mignon baterije<br \/>od 8 let<\/p>\n","protected":false},"excerpt":{"rendered":"<p>Kulen teka\u0161ki videz se ujema z najsodobnej\u0161imi lastnostmi. Zahvaljujo\u010d zmogljivemu motorju, \u0161tirikolesnemu pogonu 4WD z velikimi pnevmatikami, Climbing SUV vedno najde pot iz divjine. Svetle LED diode pomagajo pri orientaciji. Majhne stvari se lahko preva\u017eajo na stre\u0161nem prtlja\u017eniku &#8211; odli\u010dna zabava za pilote. Plasti\u010dni okvir je bil zasnovan tako, da u\u010dinkovito \u0161\u010diti vozilo v primeru [&hellip;]<\/p>\n","protected":false},"featured_media":13419,"template":"","meta":[],"product_cat":[374,361],"product_tag":[],"acf":[],"yoast_head":"<!-- This site is optimized with the Yoast SEO plugin v21.7 - https:\/\/yoast.com\/wordpress\/plugins\/seo\/ -->\n<title>Umazani \u0161portni terenec Crawler 4WD 1:10 RTR - TECHNIC-TOYS.com<\/title>\n<meta name=\"robots\" content=\"index, follow, max-snippet:-1, max-image-preview:large, max-video-preview:-1\" \/>\n<link rel=\"canonical\" href=\"https:\/\/www.technic-toys.com\/izdelek\/umazani-sportni-terenec-crawler-4wd-110-rtr\/\" \/>\n<meta property=\"og:locale\" content=\"en_US\" \/>\n<meta property=\"og:type\" content=\"article\" \/>\n<meta property=\"og:title\" content=\"Umazani \u0161portni terenec Crawler 4WD 1:10 RTR - TECHNIC-TOYS.com\" \/>\n<meta property=\"og:description\" content=\"Kulen teka\u0161ki videz se ujema z najsodobnej\u0161imi lastnostmi. Zahvaljujo\u010d zmogljivemu motorju, \u0161tirikolesnemu pogonu 4WD z velikimi pnevmatikami, Climbing SUV vedno najde pot iz divjine. Svetle LED diode pomagajo pri orientaciji. Majhne stvari se lahko preva\u017eajo na stre\u0161nem prtlja\u017eniku &#8211; odli\u010dna zabava za pilote. Plasti\u010dni okvir je bil zasnovan tako, da u\u010dinkovito \u0161\u010diti vozilo v primeru [&hellip;]\" \/>\n<meta property=\"og:url\" content=\"https:\/\/www.technic-toys.com\/izdelek\/umazani-sportni-terenec-crawler-4wd-110-rtr\/\" \/>\n<meta property=\"og:site_name\" content=\"TECHNIC-TOYS.com\" \/>\n<meta property=\"article:modified_time\" content=\"2024-12-04T18:04:02+00:00\" \/>\n<meta property=\"og:image\" content=\"https:\/\/www.technic-toys.com\/wp-content\/uploads\/2022\/04\/22426.jpg\" \/>\n\t<meta property=\"og:image:width\" content=\"2560\" \/>\n\t<meta property=\"og:image:height\" content=\"1468\" \/>\n\t<meta property=\"og:image:type\" content=\"image\/jpeg\" \/>\n<meta name=\"twitter:card\" content=\"summary_large_image\" \/>\n<meta name=\"twitter:label1\" content=\"Est. reading time\" \/>\n\t<meta name=\"twitter:data1\" content=\"1 minute\" \/>\n<script type=\"application\/ld+json\" class=\"yoast-schema-graph\">{\"@context\":\"https:\/\/schema.org\",\"@graph\":[{\"@type\":\"WebPage\",\"@id\":\"https:\/\/www.technic-toys.com\/izdelek\/umazani-sportni-terenec-crawler-4wd-110-rtr\/\",\"url\":\"https:\/\/www.technic-toys.com\/izdelek\/umazani-sportni-terenec-crawler-4wd-110-rtr\/\",\"name\":\"Umazani \u0161portni terenec Crawler 4WD 1:10 RTR - TECHNIC-TOYS.com\",\"isPartOf\":{\"@id\":\"https:\/\/www.technic-toys.com\/en\/#website\"},\"datePublished\":\"2022-04-08T14:22:35+00:00\",\"dateModified\":\"2024-12-04T18:04:02+00:00\",\"breadcrumb\":{\"@id\":\"https:\/\/www.technic-toys.com\/izdelek\/umazani-sportni-terenec-crawler-4wd-110-rtr\/#breadcrumb\"},\"inLanguage\":\"en-US\",\"potentialAction\":[{\"@type\":\"ReadAction\",\"target\":[\"https:\/\/www.technic-toys.com\/izdelek\/umazani-sportni-terenec-crawler-4wd-110-rtr\/\"]}]},{\"@type\":\"BreadcrumbList\",\"@id\":\"https:\/\/www.technic-toys.com\/izdelek\/umazani-sportni-terenec-crawler-4wd-110-rtr\/#breadcrumb\",\"itemListElement\":[{\"@type\":\"ListItem\",\"position\":1,\"name\":\"Domov\",\"item\":\"https:\/\/www.technic-toys.com\/en\/\"},{\"@type\":\"ListItem\",\"position\":2,\"name\":\"Shop\",\"item\":\"https:\/\/www.technic-toys.com\/en\/shop-2\/\"},{\"@type\":\"ListItem\",\"position\":3,\"name\":\"Umazani \u0161portni terenec Crawler 4WD 1:10 RTR\"}]},{\"@type\":\"WebSite\",\"@id\":\"https:\/\/www.technic-toys.com\/en\/#website\",\"url\":\"https:\/\/www.technic-toys.com\/en\/\",\"name\":\"TECHNIC-TOYS.com\",\"description\":\"\",\"potentialAction\":[{\"@type\":\"SearchAction\",\"target\":{\"@type\":\"EntryPoint\",\"urlTemplate\":\"https:\/\/www.technic-toys.com\/en\/?s={search_term_string}\"},\"query-input\":\"required name=search_term_string\"}],\"inLanguage\":\"en-US\"}]}<\/script>\n<!-- \/ Yoast SEO plugin. -->","yoast_head_json":{"title":"Umazani \u0161portni terenec Crawler 4WD 1:10 RTR - TECHNIC-TOYS.com","robots":{"index":"index","follow":"follow","max-snippet":"max-snippet:-1","max-image-preview":"max-image-preview:large","max-video-preview":"max-video-preview:-1"},"canonical":"https:\/\/www.technic-toys.com\/izdelek\/umazani-sportni-terenec-crawler-4wd-110-rtr\/","og_locale":"en_US","og_type":"article","og_title":"Umazani \u0161portni terenec Crawler 4WD 1:10 RTR - TECHNIC-TOYS.com","og_description":"Kulen teka\u0161ki videz se ujema z najsodobnej\u0161imi lastnostmi. Zahvaljujo\u010d zmogljivemu motorju, \u0161tirikolesnemu pogonu 4WD z velikimi pnevmatikami, Climbing SUV vedno najde pot iz divjine. Svetle LED diode pomagajo pri orientaciji. Majhne stvari se lahko preva\u017eajo na stre\u0161nem prtlja\u017eniku &#8211; odli\u010dna zabava za pilote. Plasti\u010dni okvir je bil zasnovan tako, da u\u010dinkovito \u0161\u010diti vozilo v primeru [&hellip;]","og_url":"https:\/\/www.technic-toys.com\/izdelek\/umazani-sportni-terenec-crawler-4wd-110-rtr\/","og_site_name":"TECHNIC-TOYS.com","article_modified_time":"2024-12-04T18:04:02+00:00","og_image":[{"width":2560,"height":1468,"url":"https:\/\/www.technic-toys.com\/wp-content\/uploads\/2022\/04\/22426.jpg","type":"image\/jpeg"}],"twitter_card":"summary_large_image","twitter_misc":{"Est. reading time":"1 minute"},"schema":{"@context":"https:\/\/schema.org","@graph":[{"@type":"WebPage","@id":"https:\/\/www.technic-toys.com\/izdelek\/umazani-sportni-terenec-crawler-4wd-110-rtr\/","url":"https:\/\/www.technic-toys.com\/izdelek\/umazani-sportni-terenec-crawler-4wd-110-rtr\/","name":"Umazani \u0161portni terenec Crawler 4WD 1:10 RTR - TECHNIC-TOYS.com","isPartOf":{"@id":"https:\/\/www.technic-toys.com\/en\/#website"},"datePublished":"2022-04-08T14:22:35+00:00","dateModified":"2024-12-04T18:04:02+00:00","breadcrumb":{"@id":"https:\/\/www.technic-toys.com\/izdelek\/umazani-sportni-terenec-crawler-4wd-110-rtr\/#breadcrumb"},"inLanguage":"en-US","potentialAction":[{"@type":"ReadAction","target":["https:\/\/www.technic-toys.com\/izdelek\/umazani-sportni-terenec-crawler-4wd-110-rtr\/"]}]},{"@type":"BreadcrumbList","@id":"https:\/\/www.technic-toys.com\/izdelek\/umazani-sportni-terenec-crawler-4wd-110-rtr\/#breadcrumb","itemListElement":[{"@type":"ListItem","position":1,"name":"Domov","item":"https:\/\/www.technic-toys.com\/en\/"},{"@type":"ListItem","position":2,"name":"Shop","item":"https:\/\/www.technic-toys.com\/en\/shop-2\/"},{"@type":"ListItem","position":3,"name":"Umazani \u0161portni terenec Crawler 4WD 1:10 RTR"}]},{"@type":"WebSite","@id":"https:\/\/www.technic-toys.com\/en\/#website","url":"https:\/\/www.technic-toys.com\/en\/","name":"TECHNIC-TOYS.com","description":"","potentialAction":[{"@type":"SearchAction","target":{"@type":"EntryPoint","urlTemplate":"https:\/\/www.technic-toys.com\/en\/?s={search_term_string}"},"query-input":"required name=search_term_string"}],"inLanguage":"en-US"}]}},"_links":{"self":[{"href":"https:\/\/www.technic-toys.com\/en\/wp-json\/wp\/v2\/product\/13418"}],"collection":[{"href":"https:\/\/www.technic-toys.com\/en\/wp-json\/wp\/v2\/product"}],"about":[{"href":"https:\/\/www.technic-toys.com\/en\/wp-json\/wp\/v2\/types\/product"}],"wp:featuredmedia":[{"embeddable":true,"href":"https:\/\/www.technic-toys.com\/en\/wp-json\/wp\/v2\/media\/13419"}],"wp:attachment":[{"href":"https:\/\/www.technic-toys.com\/en\/wp-json\/wp\/v2\/media?parent=13418"}],"wp:term":[{"taxonomy":"product_cat","embeddable":true,"href":"https:\/\/www.technic-toys.com\/en\/wp-json\/wp\/v2\/product_cat?post=13418"},{"taxonomy":"product_tag","embeddable":true,"href":"https:\/\/www.technic-toys.com\/en\/wp-json\/wp\/v2\/product_tag?post=13418"}],"curies":[{"name":"wp","href":"https:\/\/api.w.org\/{rel}","templated":true}]}}