{"id":13449,"date":"2022-04-08T16:22:35","date_gmt":"2022-04-08T14:22:35","guid":{"rendered":"https:\/\/www.technic-toys.com\/izdelek\/amerisko-vojasko-vozilo-mrap-6x6-112-rtr\/"},"modified":"2024-12-04T19:04:04","modified_gmt":"2024-12-04T18:04:04","slug":"amerisko-vojasko-vozilo-mrap-6x6-112-rtr","status":"publish","type":"product","link":"https:\/\/www.technic-toys.com\/en\/izdelek\/amerisko-vojasko-vozilo-mrap-6x6-112-rtr\/","title":{"rendered":"Ameri\u0161ko voja\u0161ko vozilo MRAP 6&#215;6 1:12 RTR"},"content":{"rendered":"<p>Ogromen, masiven, masiven, super obseg! Ni drugega na\u010dina za opis tega vrhunskega modela. Vsaka podrobnost je reproducirana do najmanj\u0161e podrobnosti. Vsaka vrata, vsaka loputa, vsaka loputa in vsak predal na vozilu se lahko odpre in upravlja kot original. Stolp se lahko zavrti za 360\u00b0 s prilo\u017eenim 2,4GHz 16-kanalnim oddajnikom. Pogon se preko 2-stopenjskega ro\u010dnega menjalnika (preklopnega tudi prek oddajnika) porazdeli na tri visokokakovostne diferenciale in od tam na kolesa. Zaradi izjemno kakovostnih pnevmatik\/plati\u0161\u010d se celotna mo\u010d vozila v vsaki situaciji pretvori v pogon in kljub skupni te\u017ei skoraj 7 kg modela ni mogo\u010de zavirati niti na zrahljani podlagi. Poleg vozila obseg dobave modela vklju\u010duje 16-kanalni 2,4GHz oddajnik, 4500mAh 2S 7,4V LiPo baterijo, komplet nalepk, orodja, pripomo\u010dke in LiPo polnilec. Za oddajnik so potrebne samo baterije (6x AA Mignon 1,5V). Najve\u010dji \u010das vo\u017enje je pribli\u017eno 20 minut, \u010das polnjenja pa pribli\u017eno 4 ure. Najve\u010dja dosegljiva hitrost je okoli 18 km\/h v 1. prestavi in okoli 25 km\/h v 2. prestavi.<br \/>Lastnosti: Kovinska podkonstrukcija (osi itd.) Celotna notranja oprema (skala) Vsa vrata in lopute za odpiranje 360 \u00b0 vrtljiva kupola 2-stopenjski ro\u010dni menjalnik 16 kanalni oddajnik\/sprejemnik 2,4 GHz vodoodporen popolnoma primeren za terensko uporabo 6 WD pogon mo\u010dan motor (krta\u010den) digitalni krmilni servo s kovinskim razponom zobnikov pribli\u017eno 7 kg Medosna razdalja: 314\/115 mm \u0160irina koloteka: 222 mm Velikost kolesa: 100 mm Baterija: LiPo 7,4 V 4500 mAh 30C \u010cas vo\u017enje: pribli\u017eno 30 minut \u010cas polnjenja: 240 minut Domet: pribli\u017eno 80 &#8211; 100 metrov Najve\u010dja hitrost: najve\u010d pribli\u017eno 2,4 GHz baterija LiPo 300 V 300 mAh polnilni kabel<\/p>\n","protected":false},"excerpt":{"rendered":"<p>Ogromen, masiven, masiven, super obseg! Ni drugega na\u010dina za opis tega vrhunskega modela. Vsaka podrobnost je reproducirana do najmanj\u0161e podrobnosti. Vsaka vrata, vsaka loputa, vsaka loputa in vsak predal na vozilu se lahko odpre in upravlja kot original. Stolp se lahko zavrti za 360\u00b0 s prilo\u017eenim 2,4GHz 16-kanalnim oddajnikom. Pogon se preko 2-stopenjskega ro\u010dnega menjalnika [&hellip;]<\/p>\n","protected":false},"featured_media":13450,"template":"","meta":[],"product_cat":[374,365,360],"product_tag":[],"acf":[],"yoast_head":"<!-- This site is optimized with the Yoast SEO plugin v21.7 - https:\/\/yoast.com\/wordpress\/plugins\/seo\/ -->\n<title>Ameri\u0161ko voja\u0161ko vozilo MRAP 6x6 1:12 RTR - TECHNIC-TOYS.com<\/title>\n<meta name=\"robots\" content=\"index, follow, max-snippet:-1, max-image-preview:large, max-video-preview:-1\" \/>\n<link rel=\"canonical\" href=\"https:\/\/www.technic-toys.com\/izdelek\/amerisko-vojasko-vozilo-mrap-6x6-112-rtr\/\" \/>\n<meta property=\"og:locale\" content=\"en_US\" \/>\n<meta property=\"og:type\" content=\"article\" \/>\n<meta property=\"og:title\" content=\"Ameri\u0161ko voja\u0161ko vozilo MRAP 6x6 1:12 RTR - TECHNIC-TOYS.com\" \/>\n<meta property=\"og:description\" content=\"Ogromen, masiven, masiven, super obseg! Ni drugega na\u010dina za opis tega vrhunskega modela. Vsaka podrobnost je reproducirana do najmanj\u0161e podrobnosti. Vsaka vrata, vsaka loputa, vsaka loputa in vsak predal na vozilu se lahko odpre in upravlja kot original. Stolp se lahko zavrti za 360\u00b0 s prilo\u017eenim 2,4GHz 16-kanalnim oddajnikom. Pogon se preko 2-stopenjskega ro\u010dnega menjalnika [&hellip;]\" \/>\n<meta property=\"og:url\" content=\"https:\/\/www.technic-toys.com\/izdelek\/amerisko-vojasko-vozilo-mrap-6x6-112-rtr\/\" \/>\n<meta property=\"og:site_name\" content=\"TECHNIC-TOYS.com\" \/>\n<meta property=\"article:modified_time\" content=\"2024-12-04T18:04:04+00:00\" \/>\n<meta property=\"og:image\" content=\"https:\/\/www.technic-toys.com\/wp-content\/uploads\/2022\/04\/22427lIROCB1uO1w6O.jpg\" \/>\n\t<meta property=\"og:image:width\" content=\"2560\" \/>\n\t<meta property=\"og:image:height\" content=\"1468\" \/>\n\t<meta property=\"og:image:type\" content=\"image\/jpeg\" \/>\n<meta name=\"twitter:card\" content=\"summary_large_image\" \/>\n<meta name=\"twitter:label1\" content=\"Est. reading time\" \/>\n\t<meta name=\"twitter:data1\" content=\"1 minute\" \/>\n<script type=\"application\/ld+json\" class=\"yoast-schema-graph\">{\"@context\":\"https:\/\/schema.org\",\"@graph\":[{\"@type\":\"WebPage\",\"@id\":\"https:\/\/www.technic-toys.com\/izdelek\/amerisko-vojasko-vozilo-mrap-6x6-112-rtr\/\",\"url\":\"https:\/\/www.technic-toys.com\/izdelek\/amerisko-vojasko-vozilo-mrap-6x6-112-rtr\/\",\"name\":\"Ameri\u0161ko voja\u0161ko vozilo MRAP 6x6 1:12 RTR - TECHNIC-TOYS.com\",\"isPartOf\":{\"@id\":\"https:\/\/www.technic-toys.com\/en\/#website\"},\"datePublished\":\"2022-04-08T14:22:35+00:00\",\"dateModified\":\"2024-12-04T18:04:04+00:00\",\"breadcrumb\":{\"@id\":\"https:\/\/www.technic-toys.com\/izdelek\/amerisko-vojasko-vozilo-mrap-6x6-112-rtr\/#breadcrumb\"},\"inLanguage\":\"en-US\",\"potentialAction\":[{\"@type\":\"ReadAction\",\"target\":[\"https:\/\/www.technic-toys.com\/izdelek\/amerisko-vojasko-vozilo-mrap-6x6-112-rtr\/\"]}]},{\"@type\":\"BreadcrumbList\",\"@id\":\"https:\/\/www.technic-toys.com\/izdelek\/amerisko-vojasko-vozilo-mrap-6x6-112-rtr\/#breadcrumb\",\"itemListElement\":[{\"@type\":\"ListItem\",\"position\":1,\"name\":\"Domov\",\"item\":\"https:\/\/www.technic-toys.com\/en\/\"},{\"@type\":\"ListItem\",\"position\":2,\"name\":\"Shop\",\"item\":\"https:\/\/www.technic-toys.com\/en\/shop-2\/\"},{\"@type\":\"ListItem\",\"position\":3,\"name\":\"Ameri\u0161ko voja\u0161ko vozilo MRAP 6&#215;6 1:12 RTR\"}]},{\"@type\":\"WebSite\",\"@id\":\"https:\/\/www.technic-toys.com\/en\/#website\",\"url\":\"https:\/\/www.technic-toys.com\/en\/\",\"name\":\"TECHNIC-TOYS.com\",\"description\":\"\",\"potentialAction\":[{\"@type\":\"SearchAction\",\"target\":{\"@type\":\"EntryPoint\",\"urlTemplate\":\"https:\/\/www.technic-toys.com\/en\/?s={search_term_string}\"},\"query-input\":\"required name=search_term_string\"}],\"inLanguage\":\"en-US\"}]}<\/script>\n<!-- \/ Yoast SEO plugin. -->","yoast_head_json":{"title":"Ameri\u0161ko voja\u0161ko vozilo MRAP 6x6 1:12 RTR - TECHNIC-TOYS.com","robots":{"index":"index","follow":"follow","max-snippet":"max-snippet:-1","max-image-preview":"max-image-preview:large","max-video-preview":"max-video-preview:-1"},"canonical":"https:\/\/www.technic-toys.com\/izdelek\/amerisko-vojasko-vozilo-mrap-6x6-112-rtr\/","og_locale":"en_US","og_type":"article","og_title":"Ameri\u0161ko voja\u0161ko vozilo MRAP 6x6 1:12 RTR - TECHNIC-TOYS.com","og_description":"Ogromen, masiven, masiven, super obseg! Ni drugega na\u010dina za opis tega vrhunskega modela. Vsaka podrobnost je reproducirana do najmanj\u0161e podrobnosti. Vsaka vrata, vsaka loputa, vsaka loputa in vsak predal na vozilu se lahko odpre in upravlja kot original. Stolp se lahko zavrti za 360\u00b0 s prilo\u017eenim 2,4GHz 16-kanalnim oddajnikom. Pogon se preko 2-stopenjskega ro\u010dnega menjalnika [&hellip;]","og_url":"https:\/\/www.technic-toys.com\/izdelek\/amerisko-vojasko-vozilo-mrap-6x6-112-rtr\/","og_site_name":"TECHNIC-TOYS.com","article_modified_time":"2024-12-04T18:04:04+00:00","og_image":[{"width":2560,"height":1468,"url":"https:\/\/www.technic-toys.com\/wp-content\/uploads\/2022\/04\/22427lIROCB1uO1w6O.jpg","type":"image\/jpeg"}],"twitter_card":"summary_large_image","twitter_misc":{"Est. reading time":"1 minute"},"schema":{"@context":"https:\/\/schema.org","@graph":[{"@type":"WebPage","@id":"https:\/\/www.technic-toys.com\/izdelek\/amerisko-vojasko-vozilo-mrap-6x6-112-rtr\/","url":"https:\/\/www.technic-toys.com\/izdelek\/amerisko-vojasko-vozilo-mrap-6x6-112-rtr\/","name":"Ameri\u0161ko voja\u0161ko vozilo MRAP 6x6 1:12 RTR - TECHNIC-TOYS.com","isPartOf":{"@id":"https:\/\/www.technic-toys.com\/en\/#website"},"datePublished":"2022-04-08T14:22:35+00:00","dateModified":"2024-12-04T18:04:04+00:00","breadcrumb":{"@id":"https:\/\/www.technic-toys.com\/izdelek\/amerisko-vojasko-vozilo-mrap-6x6-112-rtr\/#breadcrumb"},"inLanguage":"en-US","potentialAction":[{"@type":"ReadAction","target":["https:\/\/www.technic-toys.com\/izdelek\/amerisko-vojasko-vozilo-mrap-6x6-112-rtr\/"]}]},{"@type":"BreadcrumbList","@id":"https:\/\/www.technic-toys.com\/izdelek\/amerisko-vojasko-vozilo-mrap-6x6-112-rtr\/#breadcrumb","itemListElement":[{"@type":"ListItem","position":1,"name":"Domov","item":"https:\/\/www.technic-toys.com\/en\/"},{"@type":"ListItem","position":2,"name":"Shop","item":"https:\/\/www.technic-toys.com\/en\/shop-2\/"},{"@type":"ListItem","position":3,"name":"Ameri\u0161ko voja\u0161ko vozilo MRAP 6&#215;6 1:12 RTR"}]},{"@type":"WebSite","@id":"https:\/\/www.technic-toys.com\/en\/#website","url":"https:\/\/www.technic-toys.com\/en\/","name":"TECHNIC-TOYS.com","description":"","potentialAction":[{"@type":"SearchAction","target":{"@type":"EntryPoint","urlTemplate":"https:\/\/www.technic-toys.com\/en\/?s={search_term_string}"},"query-input":"required name=search_term_string"}],"inLanguage":"en-US"}]}},"_links":{"self":[{"href":"https:\/\/www.technic-toys.com\/en\/wp-json\/wp\/v2\/product\/13449"}],"collection":[{"href":"https:\/\/www.technic-toys.com\/en\/wp-json\/wp\/v2\/product"}],"about":[{"href":"https:\/\/www.technic-toys.com\/en\/wp-json\/wp\/v2\/types\/product"}],"wp:featuredmedia":[{"embeddable":true,"href":"https:\/\/www.technic-toys.com\/en\/wp-json\/wp\/v2\/media\/13450"}],"wp:attachment":[{"href":"https:\/\/www.technic-toys.com\/en\/wp-json\/wp\/v2\/media?parent=13449"}],"wp:term":[{"taxonomy":"product_cat","embeddable":true,"href":"https:\/\/www.technic-toys.com\/en\/wp-json\/wp\/v2\/product_cat?post=13449"},{"taxonomy":"product_tag","embeddable":true,"href":"https:\/\/www.technic-toys.com\/en\/wp-json\/wp\/v2\/product_tag?post=13449"}],"curies":[{"name":"wp","href":"https:\/\/api.w.org\/{rel}","templated":true}]}}