{"id":13480,"date":"2022-04-08T16:22:35","date_gmt":"2022-04-08T14:22:35","guid":{"rendered":"https:\/\/www.technic-toys.com\/izdelek\/amerisko-vojasko-vozilo-mrap-6x6-112-rtr-luci-zvoki-in-dim\/"},"modified":"2024-12-04T19:04:05","modified_gmt":"2024-12-04T18:04:05","slug":"amerisko-vojasko-vozilo-mrap-6x6-112-rtr-luci-zvoki-in-dim","status":"publish","type":"product","link":"https:\/\/www.technic-toys.com\/en\/izdelek\/amerisko-vojasko-vozilo-mrap-6x6-112-rtr-luci-zvoki-in-dim\/","title":{"rendered":"Ameri\u0161ko voja\u0161ko vozilo MRAP 6&#215;6 1:12 RTR, lu\u010di, zvoki in dim"},"content":{"rendered":"<p>Ogromen, masiven, masiven, super obseg! Ni drugega na\u010dina za opis tega vrhunskega modela. Vsaka podrobnost je reproducirana do najmanj\u0161e podrobnosti. Vsaka vrata, vsaka loputa, vsaka loputa in vsak predal na vozilu se lahko odpre in upravlja kot original. Stolp se lahko zavrti za 360\u00b0 s prilo\u017eenim 2,4GHz 16-kanalnim oddajnikom. Pogon se preko 2-stopenjskega ro\u010dnega menjalnika (preklopnega tudi prek oddajnika) porazdeli na tri visokokakovostne diferenciale in od tam na kolesa. Zaradi izjemno kakovostnih pnevmatik\/plati\u0161\u010d se celotna mo\u010d vozila v vsaki situaciji pretvori v pogon in kljub skupni te\u017ei skoraj 7 kg modela ni mogo\u010de zavirati niti na zrahljani podlagi. \u010ce ne gre ve\u010d, pomaga \u017ee name\u0161\u010den kabelski vitel na vozilu s cca 10 kg vle\u010dne sile.Poleg vozila obseg dobave modela vklju\u010duje 16-kanalni 2,4GHz oddajnik, 4500mAh 2S 7.4 V LiPo baterija in nalepka -Set, orodja, pripomo\u010dki in LiPo polnilec. Za oddajnik potrebujete samo baterije (6x AA Mignon 1,5V). Najve\u010dji \u010das vo\u017enje je pribli\u017eno 20 minut, \u010das polnjenja pa pribli\u017eno 4 ure. Najve\u010dja hitrost, ki jo lahko dose\u017eete, je pribli\u017eno 18 km\/h v 1. prestavi in pribli\u017eno 25 km\/h v 2. prestavi.Drugi poudarki te razli\u010dice modela so vgrajeni zvo\u010dni modul z vsemi u\u010dinki za motor, plin , zavore itd. , svetlobni modul, ki krmili osvetlitev tovornjaka in dimni modul, ki tudi posnema izpu\u0161ni sistem, ki je enak originalu.<br \/>Lastnosti: kovinska podkonstrukcija (osi itd.) Celotna notranja oprema (skala) Vsa vrata in lopute je mogo\u010de odpreti 360\u00b0 vrtljiva kupola 2-stopenjski ro\u010dni menjalnik 16-kanalni oddajnik\/sprejemnik 2,4 GHz, za\u0161\u010diten pred vodo, popolnoma terensko sposoben, 6WD pogon, name\u0161\u010den vitel (10 kg), mo\u010dan motor (krta\u010den), digitalni krmilni servo z kovinski zobniki, razpon pribl. \/ 115 mm \u0160irina gosenice: 222 mm Velikost kolesa: 100 mm Baterija: LiPo 7,4 V 4500 mAh 30 CD \u010cas vo\u017enje: pribli\u017eno 30 minut \u010cas polnjenja: 240 minut Doseg stran: pribli\u017eno 80 &#8211; 100 metrov maksimalna hitrost: max. pribli\u017eno 25 km\/h<br \/>Obseg dobave: model 6&#215;6 oddajnik lestvice 16 kanalna 2,4 GHz baterija LiPo 7,4 V 4500 mAh 30 C polnilni kabel dodatki dimno olje<\/p>\n","protected":false},"excerpt":{"rendered":"<p>Ogromen, masiven, masiven, super obseg! Ni drugega na\u010dina za opis tega vrhunskega modela. Vsaka podrobnost je reproducirana do najmanj\u0161e podrobnosti. Vsaka vrata, vsaka loputa, vsaka loputa in vsak predal na vozilu se lahko odpre in upravlja kot original. Stolp se lahko zavrti za 360\u00b0 s prilo\u017eenim 2,4GHz 16-kanalnim oddajnikom. Pogon se preko 2-stopenjskega ro\u010dnega menjalnika [&hellip;]<\/p>\n","protected":false},"featured_media":13481,"template":"","meta":[],"product_cat":[374,365,360],"product_tag":[],"acf":[],"yoast_head":"<!-- This site is optimized with the Yoast SEO plugin v21.7 - https:\/\/yoast.com\/wordpress\/plugins\/seo\/ -->\n<title>Ameri\u0161ko voja\u0161ko vozilo MRAP 6x6 1:12 RTR, lu\u010di, zvoki in dim - TECHNIC-TOYS.com<\/title>\n<meta name=\"robots\" content=\"index, follow, max-snippet:-1, max-image-preview:large, max-video-preview:-1\" \/>\n<link rel=\"canonical\" href=\"https:\/\/www.technic-toys.com\/izdelek\/amerisko-vojasko-vozilo-mrap-6x6-112-rtr-luci-zvoki-in-dim\/\" \/>\n<meta property=\"og:locale\" content=\"en_US\" \/>\n<meta property=\"og:type\" content=\"article\" \/>\n<meta property=\"og:title\" content=\"Ameri\u0161ko voja\u0161ko vozilo MRAP 6x6 1:12 RTR, lu\u010di, zvoki in dim - TECHNIC-TOYS.com\" \/>\n<meta property=\"og:description\" content=\"Ogromen, masiven, masiven, super obseg! Ni drugega na\u010dina za opis tega vrhunskega modela. Vsaka podrobnost je reproducirana do najmanj\u0161e podrobnosti. Vsaka vrata, vsaka loputa, vsaka loputa in vsak predal na vozilu se lahko odpre in upravlja kot original. Stolp se lahko zavrti za 360\u00b0 s prilo\u017eenim 2,4GHz 16-kanalnim oddajnikom. Pogon se preko 2-stopenjskega ro\u010dnega menjalnika [&hellip;]\" \/>\n<meta property=\"og:url\" content=\"https:\/\/www.technic-toys.com\/izdelek\/amerisko-vojasko-vozilo-mrap-6x6-112-rtr-luci-zvoki-in-dim\/\" \/>\n<meta property=\"og:site_name\" content=\"TECHNIC-TOYS.com\" \/>\n<meta property=\"article:modified_time\" content=\"2024-12-04T18:04:05+00:00\" \/>\n<meta property=\"og:image\" content=\"https:\/\/www.technic-toys.com\/wp-content\/uploads\/2022\/04\/22428.jpg\" \/>\n\t<meta property=\"og:image:width\" content=\"2560\" \/>\n\t<meta property=\"og:image:height\" content=\"1468\" \/>\n\t<meta property=\"og:image:type\" content=\"image\/jpeg\" \/>\n<meta name=\"twitter:card\" content=\"summary_large_image\" \/>\n<meta name=\"twitter:label1\" content=\"Est. reading time\" \/>\n\t<meta name=\"twitter:data1\" content=\"2 minutes\" \/>\n<script type=\"application\/ld+json\" class=\"yoast-schema-graph\">{\"@context\":\"https:\/\/schema.org\",\"@graph\":[{\"@type\":\"WebPage\",\"@id\":\"https:\/\/www.technic-toys.com\/izdelek\/amerisko-vojasko-vozilo-mrap-6x6-112-rtr-luci-zvoki-in-dim\/\",\"url\":\"https:\/\/www.technic-toys.com\/izdelek\/amerisko-vojasko-vozilo-mrap-6x6-112-rtr-luci-zvoki-in-dim\/\",\"name\":\"Ameri\u0161ko voja\u0161ko vozilo MRAP 6x6 1:12 RTR, lu\u010di, zvoki in dim - TECHNIC-TOYS.com\",\"isPartOf\":{\"@id\":\"https:\/\/www.technic-toys.com\/en\/#website\"},\"datePublished\":\"2022-04-08T14:22:35+00:00\",\"dateModified\":\"2024-12-04T18:04:05+00:00\",\"breadcrumb\":{\"@id\":\"https:\/\/www.technic-toys.com\/izdelek\/amerisko-vojasko-vozilo-mrap-6x6-112-rtr-luci-zvoki-in-dim\/#breadcrumb\"},\"inLanguage\":\"en-US\",\"potentialAction\":[{\"@type\":\"ReadAction\",\"target\":[\"https:\/\/www.technic-toys.com\/izdelek\/amerisko-vojasko-vozilo-mrap-6x6-112-rtr-luci-zvoki-in-dim\/\"]}]},{\"@type\":\"BreadcrumbList\",\"@id\":\"https:\/\/www.technic-toys.com\/izdelek\/amerisko-vojasko-vozilo-mrap-6x6-112-rtr-luci-zvoki-in-dim\/#breadcrumb\",\"itemListElement\":[{\"@type\":\"ListItem\",\"position\":1,\"name\":\"Domov\",\"item\":\"https:\/\/www.technic-toys.com\/en\/\"},{\"@type\":\"ListItem\",\"position\":2,\"name\":\"Shop\",\"item\":\"https:\/\/www.technic-toys.com\/en\/shop-2\/\"},{\"@type\":\"ListItem\",\"position\":3,\"name\":\"Ameri\u0161ko voja\u0161ko vozilo MRAP 6&#215;6 1:12 RTR, lu\u010di, zvoki in dim\"}]},{\"@type\":\"WebSite\",\"@id\":\"https:\/\/www.technic-toys.com\/en\/#website\",\"url\":\"https:\/\/www.technic-toys.com\/en\/\",\"name\":\"TECHNIC-TOYS.com\",\"description\":\"\",\"potentialAction\":[{\"@type\":\"SearchAction\",\"target\":{\"@type\":\"EntryPoint\",\"urlTemplate\":\"https:\/\/www.technic-toys.com\/en\/?s={search_term_string}\"},\"query-input\":\"required name=search_term_string\"}],\"inLanguage\":\"en-US\"}]}<\/script>\n<!-- \/ Yoast SEO plugin. -->","yoast_head_json":{"title":"Ameri\u0161ko voja\u0161ko vozilo MRAP 6x6 1:12 RTR, lu\u010di, zvoki in dim - TECHNIC-TOYS.com","robots":{"index":"index","follow":"follow","max-snippet":"max-snippet:-1","max-image-preview":"max-image-preview:large","max-video-preview":"max-video-preview:-1"},"canonical":"https:\/\/www.technic-toys.com\/izdelek\/amerisko-vojasko-vozilo-mrap-6x6-112-rtr-luci-zvoki-in-dim\/","og_locale":"en_US","og_type":"article","og_title":"Ameri\u0161ko voja\u0161ko vozilo MRAP 6x6 1:12 RTR, lu\u010di, zvoki in dim - TECHNIC-TOYS.com","og_description":"Ogromen, masiven, masiven, super obseg! Ni drugega na\u010dina za opis tega vrhunskega modela. Vsaka podrobnost je reproducirana do najmanj\u0161e podrobnosti. Vsaka vrata, vsaka loputa, vsaka loputa in vsak predal na vozilu se lahko odpre in upravlja kot original. Stolp se lahko zavrti za 360\u00b0 s prilo\u017eenim 2,4GHz 16-kanalnim oddajnikom. Pogon se preko 2-stopenjskega ro\u010dnega menjalnika [&hellip;]","og_url":"https:\/\/www.technic-toys.com\/izdelek\/amerisko-vojasko-vozilo-mrap-6x6-112-rtr-luci-zvoki-in-dim\/","og_site_name":"TECHNIC-TOYS.com","article_modified_time":"2024-12-04T18:04:05+00:00","og_image":[{"width":2560,"height":1468,"url":"https:\/\/www.technic-toys.com\/wp-content\/uploads\/2022\/04\/22428.jpg","type":"image\/jpeg"}],"twitter_card":"summary_large_image","twitter_misc":{"Est. reading time":"2 minutes"},"schema":{"@context":"https:\/\/schema.org","@graph":[{"@type":"WebPage","@id":"https:\/\/www.technic-toys.com\/izdelek\/amerisko-vojasko-vozilo-mrap-6x6-112-rtr-luci-zvoki-in-dim\/","url":"https:\/\/www.technic-toys.com\/izdelek\/amerisko-vojasko-vozilo-mrap-6x6-112-rtr-luci-zvoki-in-dim\/","name":"Ameri\u0161ko voja\u0161ko vozilo MRAP 6x6 1:12 RTR, lu\u010di, zvoki in dim - TECHNIC-TOYS.com","isPartOf":{"@id":"https:\/\/www.technic-toys.com\/en\/#website"},"datePublished":"2022-04-08T14:22:35+00:00","dateModified":"2024-12-04T18:04:05+00:00","breadcrumb":{"@id":"https:\/\/www.technic-toys.com\/izdelek\/amerisko-vojasko-vozilo-mrap-6x6-112-rtr-luci-zvoki-in-dim\/#breadcrumb"},"inLanguage":"en-US","potentialAction":[{"@type":"ReadAction","target":["https:\/\/www.technic-toys.com\/izdelek\/amerisko-vojasko-vozilo-mrap-6x6-112-rtr-luci-zvoki-in-dim\/"]}]},{"@type":"BreadcrumbList","@id":"https:\/\/www.technic-toys.com\/izdelek\/amerisko-vojasko-vozilo-mrap-6x6-112-rtr-luci-zvoki-in-dim\/#breadcrumb","itemListElement":[{"@type":"ListItem","position":1,"name":"Domov","item":"https:\/\/www.technic-toys.com\/en\/"},{"@type":"ListItem","position":2,"name":"Shop","item":"https:\/\/www.technic-toys.com\/en\/shop-2\/"},{"@type":"ListItem","position":3,"name":"Ameri\u0161ko voja\u0161ko vozilo MRAP 6&#215;6 1:12 RTR, lu\u010di, zvoki in dim"}]},{"@type":"WebSite","@id":"https:\/\/www.technic-toys.com\/en\/#website","url":"https:\/\/www.technic-toys.com\/en\/","name":"TECHNIC-TOYS.com","description":"","potentialAction":[{"@type":"SearchAction","target":{"@type":"EntryPoint","urlTemplate":"https:\/\/www.technic-toys.com\/en\/?s={search_term_string}"},"query-input":"required name=search_term_string"}],"inLanguage":"en-US"}]}},"_links":{"self":[{"href":"https:\/\/www.technic-toys.com\/en\/wp-json\/wp\/v2\/product\/13480"}],"collection":[{"href":"https:\/\/www.technic-toys.com\/en\/wp-json\/wp\/v2\/product"}],"about":[{"href":"https:\/\/www.technic-toys.com\/en\/wp-json\/wp\/v2\/types\/product"}],"wp:featuredmedia":[{"embeddable":true,"href":"https:\/\/www.technic-toys.com\/en\/wp-json\/wp\/v2\/media\/13481"}],"wp:attachment":[{"href":"https:\/\/www.technic-toys.com\/en\/wp-json\/wp\/v2\/media?parent=13480"}],"wp:term":[{"taxonomy":"product_cat","embeddable":true,"href":"https:\/\/www.technic-toys.com\/en\/wp-json\/wp\/v2\/product_cat?post=13480"},{"taxonomy":"product_tag","embeddable":true,"href":"https:\/\/www.technic-toys.com\/en\/wp-json\/wp\/v2\/product_tag?post=13480"}],"curies":[{"name":"wp","href":"https:\/\/api.w.org\/{rel}","templated":true}]}}