{"id":13564,"date":"2022-04-08T16:22:35","date_gmt":"2022-04-08T14:22:35","guid":{"rendered":"https:\/\/www.technic-toys.com\/izdelek\/bager-gosenicar-acv730-plastika-114-rtr\/"},"modified":"2025-12-25T21:21:30","modified_gmt":"2025-12-25T20:21:30","slug":"bager-gosenicar-acv730-plastika-114-rtr","status":"publish","type":"product","link":"https:\/\/www.technic-toys.com\/en\/izdelek\/bager-gosenicar-acv730-plastika-114-rtr\/","title":{"rendered":"Bager goseni\u010dar ACV730 plastika 1:14 RTR"},"content":{"rendered":"<p>Izdelana in kakovostna replika te\u017ekega veri\u017enega bagra. Visoka raven podrobnosti in visoka kakovost materiala. S pravim evrom krmilnikom z 2,4 GHz brez motenj. Robustno kovinsko rezilo. Zmogljivi servomotorji omogo\u010dajo dvigovanje celo te\u017ekih predmetov. Verige je mogo\u010de upravljati posamezno.<br \/>\nLastnosti: 22 funkcij Kovinska lopata Dimenzije: pribli\u017eno 46 x 20 x 17 cm Merilo 1:14 Te\u017ea bagra vklju\u010dno z baterijo: 2,33 kg 2,4 GHz Euro krmiljenje, pribli\u017eno 40 m domet Simulacija realnih funkcij 360\u00b0 vrtenje stolpa Svetloba in zvok (realisti\u010dno) Hitrost najve\u010dja do pribli\u017eno 15 km\/h Polnjenje preko USB kabla Merilo 1: 147,4 V Li-Ion, 1200 mAH vti\u010d JST-BEC (pribl. 20 min .\u010das vo\u017enje)<br \/>\nObseg dobave: 1x bager goseni\u010dar 1x Euro nadzor, 2,4GHz1x USB polnilni kabel1x 1200mAH Li-Ion baterija1x navodila za uporabo (nem\u0161ko\/angle\u0161ko)<br \/>\nPotrebna dodatna oprema:3x 1,5V AA Mignon baterije od 8 let<\/p>\n","protected":false},"excerpt":{"rendered":"<p>Izdelana in kakovostna replika te\u017ekega veri\u017enega bagra. Visoka raven podrobnosti in visoka kakovost materiala. S pravim evrom krmilnikom z 2,4 GHz brez motenj. Robustno kovinsko rezilo. Zmogljivi servomotorji omogo\u010dajo dvigovanje celo te\u017ekih predmetov. Verige je mogo\u010de upravljati posamezno. Lastnosti: 22 funkcij Kovinska lopata Dimenzije: pribli\u017eno 46 x 20 x 17 cm Merilo 1:14 Te\u017ea bagra [&hellip;]<\/p>\n","protected":false},"featured_media":13565,"template":"","meta":[],"product_cat":[374,359],"product_tag":[],"acf":[],"yoast_head":"<!-- This site is optimized with the Yoast SEO plugin v21.7 - https:\/\/yoast.com\/wordpress\/plugins\/seo\/ -->\n<title>Bager goseni\u010dar ACV730 plastika 1:14 RTR - TECHNIC-TOYS.com<\/title>\n<meta name=\"robots\" content=\"index, follow, max-snippet:-1, max-image-preview:large, max-video-preview:-1\" \/>\n<link rel=\"canonical\" href=\"https:\/\/www.technic-toys.com\/izdelek\/bager-gosenicar-acv730-plastika-114-rtr\/\" \/>\n<meta property=\"og:locale\" content=\"en_US\" \/>\n<meta property=\"og:type\" content=\"article\" \/>\n<meta property=\"og:title\" content=\"Bager goseni\u010dar ACV730 plastika 1:14 RTR - TECHNIC-TOYS.com\" \/>\n<meta property=\"og:description\" content=\"Izdelana in kakovostna replika te\u017ekega veri\u017enega bagra. Visoka raven podrobnosti in visoka kakovost materiala. S pravim evrom krmilnikom z 2,4 GHz brez motenj. Robustno kovinsko rezilo. Zmogljivi servomotorji omogo\u010dajo dvigovanje celo te\u017ekih predmetov. Verige je mogo\u010de upravljati posamezno. Lastnosti: 22 funkcij Kovinska lopata Dimenzije: pribli\u017eno 46 x 20 x 17 cm Merilo 1:14 Te\u017ea bagra [&hellip;]\" \/>\n<meta property=\"og:url\" content=\"https:\/\/www.technic-toys.com\/izdelek\/bager-gosenicar-acv730-plastika-114-rtr\/\" \/>\n<meta property=\"og:site_name\" content=\"TECHNIC-TOYS.com\" \/>\n<meta property=\"article:modified_time\" content=\"2025-12-25T20:21:30+00:00\" \/>\n<meta property=\"og:image\" content=\"https:\/\/www.technic-toys.com\/wp-content\/uploads\/2022\/04\/22431.jpg\" \/>\n\t<meta property=\"og:image:width\" content=\"2560\" \/>\n\t<meta property=\"og:image:height\" content=\"1468\" \/>\n\t<meta property=\"og:image:type\" content=\"image\/jpeg\" \/>\n<meta name=\"twitter:card\" content=\"summary_large_image\" \/>\n<meta name=\"twitter:label1\" content=\"Est. reading time\" \/>\n\t<meta name=\"twitter:data1\" content=\"1 minute\" \/>\n<script type=\"application\/ld+json\" class=\"yoast-schema-graph\">{\"@context\":\"https:\/\/schema.org\",\"@graph\":[{\"@type\":\"WebPage\",\"@id\":\"https:\/\/www.technic-toys.com\/izdelek\/bager-gosenicar-acv730-plastika-114-rtr\/\",\"url\":\"https:\/\/www.technic-toys.com\/izdelek\/bager-gosenicar-acv730-plastika-114-rtr\/\",\"name\":\"Bager goseni\u010dar ACV730 plastika 1:14 RTR - TECHNIC-TOYS.com\",\"isPartOf\":{\"@id\":\"https:\/\/www.technic-toys.com\/en\/#website\"},\"datePublished\":\"2022-04-08T14:22:35+00:00\",\"dateModified\":\"2025-12-25T20:21:30+00:00\",\"breadcrumb\":{\"@id\":\"https:\/\/www.technic-toys.com\/izdelek\/bager-gosenicar-acv730-plastika-114-rtr\/#breadcrumb\"},\"inLanguage\":\"en-US\",\"potentialAction\":[{\"@type\":\"ReadAction\",\"target\":[\"https:\/\/www.technic-toys.com\/izdelek\/bager-gosenicar-acv730-plastika-114-rtr\/\"]}]},{\"@type\":\"BreadcrumbList\",\"@id\":\"https:\/\/www.technic-toys.com\/izdelek\/bager-gosenicar-acv730-plastika-114-rtr\/#breadcrumb\",\"itemListElement\":[{\"@type\":\"ListItem\",\"position\":1,\"name\":\"Domov\",\"item\":\"https:\/\/www.technic-toys.com\/en\/\"},{\"@type\":\"ListItem\",\"position\":2,\"name\":\"Shop\",\"item\":\"https:\/\/www.technic-toys.com\/en\/shop-2\/\"},{\"@type\":\"ListItem\",\"position\":3,\"name\":\"Bager goseni\u010dar ACV730 plastika 1:14 RTR\"}]},{\"@type\":\"WebSite\",\"@id\":\"https:\/\/www.technic-toys.com\/en\/#website\",\"url\":\"https:\/\/www.technic-toys.com\/en\/\",\"name\":\"TECHNIC-TOYS.com\",\"description\":\"\",\"potentialAction\":[{\"@type\":\"SearchAction\",\"target\":{\"@type\":\"EntryPoint\",\"urlTemplate\":\"https:\/\/www.technic-toys.com\/en\/?s={search_term_string}\"},\"query-input\":\"required name=search_term_string\"}],\"inLanguage\":\"en-US\"}]}<\/script>\n<!-- \/ Yoast SEO plugin. -->","yoast_head_json":{"title":"Bager goseni\u010dar ACV730 plastika 1:14 RTR - TECHNIC-TOYS.com","robots":{"index":"index","follow":"follow","max-snippet":"max-snippet:-1","max-image-preview":"max-image-preview:large","max-video-preview":"max-video-preview:-1"},"canonical":"https:\/\/www.technic-toys.com\/izdelek\/bager-gosenicar-acv730-plastika-114-rtr\/","og_locale":"en_US","og_type":"article","og_title":"Bager goseni\u010dar ACV730 plastika 1:14 RTR - TECHNIC-TOYS.com","og_description":"Izdelana in kakovostna replika te\u017ekega veri\u017enega bagra. Visoka raven podrobnosti in visoka kakovost materiala. S pravim evrom krmilnikom z 2,4 GHz brez motenj. Robustno kovinsko rezilo. Zmogljivi servomotorji omogo\u010dajo dvigovanje celo te\u017ekih predmetov. Verige je mogo\u010de upravljati posamezno. Lastnosti: 22 funkcij Kovinska lopata Dimenzije: pribli\u017eno 46 x 20 x 17 cm Merilo 1:14 Te\u017ea bagra [&hellip;]","og_url":"https:\/\/www.technic-toys.com\/izdelek\/bager-gosenicar-acv730-plastika-114-rtr\/","og_site_name":"TECHNIC-TOYS.com","article_modified_time":"2025-12-25T20:21:30+00:00","og_image":[{"width":2560,"height":1468,"url":"https:\/\/www.technic-toys.com\/wp-content\/uploads\/2022\/04\/22431.jpg","type":"image\/jpeg"}],"twitter_card":"summary_large_image","twitter_misc":{"Est. reading time":"1 minute"},"schema":{"@context":"https:\/\/schema.org","@graph":[{"@type":"WebPage","@id":"https:\/\/www.technic-toys.com\/izdelek\/bager-gosenicar-acv730-plastika-114-rtr\/","url":"https:\/\/www.technic-toys.com\/izdelek\/bager-gosenicar-acv730-plastika-114-rtr\/","name":"Bager goseni\u010dar ACV730 plastika 1:14 RTR - TECHNIC-TOYS.com","isPartOf":{"@id":"https:\/\/www.technic-toys.com\/en\/#website"},"datePublished":"2022-04-08T14:22:35+00:00","dateModified":"2025-12-25T20:21:30+00:00","breadcrumb":{"@id":"https:\/\/www.technic-toys.com\/izdelek\/bager-gosenicar-acv730-plastika-114-rtr\/#breadcrumb"},"inLanguage":"en-US","potentialAction":[{"@type":"ReadAction","target":["https:\/\/www.technic-toys.com\/izdelek\/bager-gosenicar-acv730-plastika-114-rtr\/"]}]},{"@type":"BreadcrumbList","@id":"https:\/\/www.technic-toys.com\/izdelek\/bager-gosenicar-acv730-plastika-114-rtr\/#breadcrumb","itemListElement":[{"@type":"ListItem","position":1,"name":"Domov","item":"https:\/\/www.technic-toys.com\/en\/"},{"@type":"ListItem","position":2,"name":"Shop","item":"https:\/\/www.technic-toys.com\/en\/shop-2\/"},{"@type":"ListItem","position":3,"name":"Bager goseni\u010dar ACV730 plastika 1:14 RTR"}]},{"@type":"WebSite","@id":"https:\/\/www.technic-toys.com\/en\/#website","url":"https:\/\/www.technic-toys.com\/en\/","name":"TECHNIC-TOYS.com","description":"","potentialAction":[{"@type":"SearchAction","target":{"@type":"EntryPoint","urlTemplate":"https:\/\/www.technic-toys.com\/en\/?s={search_term_string}"},"query-input":"required name=search_term_string"}],"inLanguage":"en-US"}]}},"_links":{"self":[{"href":"https:\/\/www.technic-toys.com\/en\/wp-json\/wp\/v2\/product\/13564"}],"collection":[{"href":"https:\/\/www.technic-toys.com\/en\/wp-json\/wp\/v2\/product"}],"about":[{"href":"https:\/\/www.technic-toys.com\/en\/wp-json\/wp\/v2\/types\/product"}],"wp:featuredmedia":[{"embeddable":true,"href":"https:\/\/www.technic-toys.com\/en\/wp-json\/wp\/v2\/media\/13565"}],"wp:attachment":[{"href":"https:\/\/www.technic-toys.com\/en\/wp-json\/wp\/v2\/media?parent=13564"}],"wp:term":[{"taxonomy":"product_cat","embeddable":true,"href":"https:\/\/www.technic-toys.com\/en\/wp-json\/wp\/v2\/product_cat?post=13564"},{"taxonomy":"product_tag","embeddable":true,"href":"https:\/\/www.technic-toys.com\/en\/wp-json\/wp\/v2\/product_tag?post=13564"}],"curies":[{"name":"wp","href":"https:\/\/api.w.org\/{rel}","templated":true}]}}