{"id":13586,"date":"2022-04-08T16:22:35","date_gmt":"2022-04-08T14:22:35","guid":{"rendered":"https:\/\/www.technic-toys.com\/izdelek\/amxrock-rcx10b-scale-crawler-pick-up-110-rtr-bela\/"},"modified":"2024-12-04T19:04:01","modified_gmt":"2024-12-04T18:04:01","slug":"amxrock-rcx10b-scale-crawler-pick-up-110-rtr-bela","status":"publish","type":"product","link":"https:\/\/www.technic-toys.com\/en\/izdelek\/amxrock-rcx10b-scale-crawler-pick-up-110-rtr-bela\/","title":{"rendered":"AMXRock RCX10B Scale Crawler Pick-Up 1:10, RTR bela"},"content":{"rendered":"<p>Ta vrhunski goseni\u010dar v merilu 1:10 zdru\u017euje super tehnologijo z iznajdljivimi voznimi lastnostmi. Opremljeno z masivnim 5 mm debelim kovinskim okvirjem, portalnimi osemi, aluminijastimi oporniki, visokokakovostnimi, popolnoma za\u0161\u010ditenimi bla\u017eilniki tlaka olja, motorjem s krta\u010do 550, oblazinjenim krmilnim sistemom in 2-stopenjskim ro\u010dnim menjalnikom, to vozilo ne pu\u0161\u010da ni\u010desar, kar si \u017eelite. . To vozilo je popolnoma nov razvoj in \u0161tevilne njegove lastnosti je mogo\u010de najti prvi\u010d v tej obliki na trgu Lastnosti: 5 mm CNC obdelan aluminijast okvir 6061 CVD pogonske gredi Edinstven dizajn amortizerja s \u0161kornji za za\u0161\u010dito pred prahom Edinstven sistem bla\u017eenja volana Trajno zaklenjene osi (razlike) Edinstven 2-stopenjski ro\u010dni menjalnik z za\u0161\u010ditno funkcijo visokokakovostno ohi\u0161je z magnetno klju\u010davnico 1,2 mm PVC 4-kanalni sistem daljinskega upravljanja Hobbywing WP-1060 ESC (zmogljiv Li-Po) Deans550 goseni\u010darski motor bru\u0161en Nastavljiv aluminijasti nosilec motorja CNC rezkani motor servo krmilni zobnik 9kg servo menjalnika 0,9 kg v celoti krogli\u010dni le\u017eaj Super mehke pnevmatike z visokim oprijemom Aluminijaste povezave \u0161portne osi za pove\u010dan odmik od tal Tehni\u010dni podatki: Dol\u017eina: 530 mm \u0160irina: 220 mm Vi\u0161ina stojala: 265 mm Kolesna razdalja: 265 mm : 313 mm Odmik od tal: 1 mm premer akumulatorja: 5 mm 2 mm premer baterije: 1 mm 6 mm premer. brushedESC: Hobbywing WP-1060 (zmogljiv Li-Po) Deans T-plug Daljinski upravljalnik: 2,4 GHz 4-kanalno ohi\u0161je: 1, 2 mm PVC lak Okvir: 5 mm CNC aluminij 6061 Obseg dobave: Popolnoma sestavljeno vozilo 4x pnevmatike in plati\u0161\u010da 2,4 GHz daljinski upravljalnik Navodila Zahtevana dodatna oprema: Baterija (Ni-Mh 7,2 V ali Li-Po 7,4 V) Ustrezni polnilnik 4x baterija 1,5 V za prenosnik AA<\/p>\n","protected":false},"excerpt":{"rendered":"<p>Ta vrhunski goseni\u010dar v merilu 1:10 zdru\u017euje super tehnologijo z iznajdljivimi voznimi lastnostmi. Opremljeno z masivnim 5 mm debelim kovinskim okvirjem, portalnimi osemi, aluminijastimi oporniki, visokokakovostnimi, popolnoma za\u0161\u010ditenimi bla\u017eilniki tlaka olja, motorjem s krta\u010do 550, oblazinjenim krmilnim sistemom in 2-stopenjskim ro\u010dnim menjalnikom, to vozilo ne pu\u0161\u010da ni\u010desar, kar si \u017eelite. . To vozilo je popolnoma [&hellip;]<\/p>\n","protected":false},"featured_media":13587,"template":"","meta":[],"product_cat":[374,361],"product_tag":[],"acf":[],"yoast_head":"<!-- This site is optimized with the Yoast SEO plugin v21.7 - https:\/\/yoast.com\/wordpress\/plugins\/seo\/ -->\n<title>AMXRock RCX10B Scale Crawler Pick-Up 1:10, RTR bela - TECHNIC-TOYS.com<\/title>\n<meta name=\"robots\" content=\"index, follow, max-snippet:-1, max-image-preview:large, max-video-preview:-1\" \/>\n<link rel=\"canonical\" href=\"https:\/\/www.technic-toys.com\/izdelek\/amxrock-rcx10b-scale-crawler-pick-up-110-rtr-bela\/\" \/>\n<meta property=\"og:locale\" content=\"en_US\" \/>\n<meta property=\"og:type\" content=\"article\" \/>\n<meta property=\"og:title\" content=\"AMXRock RCX10B Scale Crawler Pick-Up 1:10, RTR bela - TECHNIC-TOYS.com\" \/>\n<meta property=\"og:description\" content=\"Ta vrhunski goseni\u010dar v merilu 1:10 zdru\u017euje super tehnologijo z iznajdljivimi voznimi lastnostmi. Opremljeno z masivnim 5 mm debelim kovinskim okvirjem, portalnimi osemi, aluminijastimi oporniki, visokokakovostnimi, popolnoma za\u0161\u010ditenimi bla\u017eilniki tlaka olja, motorjem s krta\u010do 550, oblazinjenim krmilnim sistemom in 2-stopenjskim ro\u010dnim menjalnikom, to vozilo ne pu\u0161\u010da ni\u010desar, kar si \u017eelite. . To vozilo je popolnoma [&hellip;]\" \/>\n<meta property=\"og:url\" content=\"https:\/\/www.technic-toys.com\/izdelek\/amxrock-rcx10b-scale-crawler-pick-up-110-rtr-bela\/\" \/>\n<meta property=\"og:site_name\" content=\"TECHNIC-TOYS.com\" \/>\n<meta property=\"article:modified_time\" content=\"2024-12-04T18:04:01+00:00\" \/>\n<meta property=\"og:image\" content=\"https:\/\/www.technic-toys.com\/wp-content\/uploads\/2022\/04\/22432.jpg\" \/>\n\t<meta property=\"og:image:width\" content=\"2560\" \/>\n\t<meta property=\"og:image:height\" content=\"1468\" \/>\n\t<meta property=\"og:image:type\" content=\"image\/jpeg\" \/>\n<meta name=\"twitter:card\" content=\"summary_large_image\" \/>\n<meta name=\"twitter:label1\" content=\"Est. reading time\" \/>\n\t<meta name=\"twitter:data1\" content=\"1 minute\" \/>\n<script type=\"application\/ld+json\" class=\"yoast-schema-graph\">{\"@context\":\"https:\/\/schema.org\",\"@graph\":[{\"@type\":\"WebPage\",\"@id\":\"https:\/\/www.technic-toys.com\/izdelek\/amxrock-rcx10b-scale-crawler-pick-up-110-rtr-bela\/\",\"url\":\"https:\/\/www.technic-toys.com\/izdelek\/amxrock-rcx10b-scale-crawler-pick-up-110-rtr-bela\/\",\"name\":\"AMXRock RCX10B Scale Crawler Pick-Up 1:10, RTR bela - TECHNIC-TOYS.com\",\"isPartOf\":{\"@id\":\"https:\/\/www.technic-toys.com\/en\/#website\"},\"datePublished\":\"2022-04-08T14:22:35+00:00\",\"dateModified\":\"2024-12-04T18:04:01+00:00\",\"breadcrumb\":{\"@id\":\"https:\/\/www.technic-toys.com\/izdelek\/amxrock-rcx10b-scale-crawler-pick-up-110-rtr-bela\/#breadcrumb\"},\"inLanguage\":\"en-US\",\"potentialAction\":[{\"@type\":\"ReadAction\",\"target\":[\"https:\/\/www.technic-toys.com\/izdelek\/amxrock-rcx10b-scale-crawler-pick-up-110-rtr-bela\/\"]}]},{\"@type\":\"BreadcrumbList\",\"@id\":\"https:\/\/www.technic-toys.com\/izdelek\/amxrock-rcx10b-scale-crawler-pick-up-110-rtr-bela\/#breadcrumb\",\"itemListElement\":[{\"@type\":\"ListItem\",\"position\":1,\"name\":\"Domov\",\"item\":\"https:\/\/www.technic-toys.com\/en\/\"},{\"@type\":\"ListItem\",\"position\":2,\"name\":\"Shop\",\"item\":\"https:\/\/www.technic-toys.com\/en\/shop-2\/\"},{\"@type\":\"ListItem\",\"position\":3,\"name\":\"AMXRock RCX10B Scale Crawler Pick-Up 1:10, RTR bela\"}]},{\"@type\":\"WebSite\",\"@id\":\"https:\/\/www.technic-toys.com\/en\/#website\",\"url\":\"https:\/\/www.technic-toys.com\/en\/\",\"name\":\"TECHNIC-TOYS.com\",\"description\":\"\",\"potentialAction\":[{\"@type\":\"SearchAction\",\"target\":{\"@type\":\"EntryPoint\",\"urlTemplate\":\"https:\/\/www.technic-toys.com\/en\/?s={search_term_string}\"},\"query-input\":\"required name=search_term_string\"}],\"inLanguage\":\"en-US\"}]}<\/script>\n<!-- \/ Yoast SEO plugin. -->","yoast_head_json":{"title":"AMXRock RCX10B Scale Crawler Pick-Up 1:10, RTR bela - TECHNIC-TOYS.com","robots":{"index":"index","follow":"follow","max-snippet":"max-snippet:-1","max-image-preview":"max-image-preview:large","max-video-preview":"max-video-preview:-1"},"canonical":"https:\/\/www.technic-toys.com\/izdelek\/amxrock-rcx10b-scale-crawler-pick-up-110-rtr-bela\/","og_locale":"en_US","og_type":"article","og_title":"AMXRock RCX10B Scale Crawler Pick-Up 1:10, RTR bela - TECHNIC-TOYS.com","og_description":"Ta vrhunski goseni\u010dar v merilu 1:10 zdru\u017euje super tehnologijo z iznajdljivimi voznimi lastnostmi. Opremljeno z masivnim 5 mm debelim kovinskim okvirjem, portalnimi osemi, aluminijastimi oporniki, visokokakovostnimi, popolnoma za\u0161\u010ditenimi bla\u017eilniki tlaka olja, motorjem s krta\u010do 550, oblazinjenim krmilnim sistemom in 2-stopenjskim ro\u010dnim menjalnikom, to vozilo ne pu\u0161\u010da ni\u010desar, kar si \u017eelite. . To vozilo je popolnoma [&hellip;]","og_url":"https:\/\/www.technic-toys.com\/izdelek\/amxrock-rcx10b-scale-crawler-pick-up-110-rtr-bela\/","og_site_name":"TECHNIC-TOYS.com","article_modified_time":"2024-12-04T18:04:01+00:00","og_image":[{"width":2560,"height":1468,"url":"https:\/\/www.technic-toys.com\/wp-content\/uploads\/2022\/04\/22432.jpg","type":"image\/jpeg"}],"twitter_card":"summary_large_image","twitter_misc":{"Est. reading time":"1 minute"},"schema":{"@context":"https:\/\/schema.org","@graph":[{"@type":"WebPage","@id":"https:\/\/www.technic-toys.com\/izdelek\/amxrock-rcx10b-scale-crawler-pick-up-110-rtr-bela\/","url":"https:\/\/www.technic-toys.com\/izdelek\/amxrock-rcx10b-scale-crawler-pick-up-110-rtr-bela\/","name":"AMXRock RCX10B Scale Crawler Pick-Up 1:10, RTR bela - TECHNIC-TOYS.com","isPartOf":{"@id":"https:\/\/www.technic-toys.com\/en\/#website"},"datePublished":"2022-04-08T14:22:35+00:00","dateModified":"2024-12-04T18:04:01+00:00","breadcrumb":{"@id":"https:\/\/www.technic-toys.com\/izdelek\/amxrock-rcx10b-scale-crawler-pick-up-110-rtr-bela\/#breadcrumb"},"inLanguage":"en-US","potentialAction":[{"@type":"ReadAction","target":["https:\/\/www.technic-toys.com\/izdelek\/amxrock-rcx10b-scale-crawler-pick-up-110-rtr-bela\/"]}]},{"@type":"BreadcrumbList","@id":"https:\/\/www.technic-toys.com\/izdelek\/amxrock-rcx10b-scale-crawler-pick-up-110-rtr-bela\/#breadcrumb","itemListElement":[{"@type":"ListItem","position":1,"name":"Domov","item":"https:\/\/www.technic-toys.com\/en\/"},{"@type":"ListItem","position":2,"name":"Shop","item":"https:\/\/www.technic-toys.com\/en\/shop-2\/"},{"@type":"ListItem","position":3,"name":"AMXRock RCX10B Scale Crawler Pick-Up 1:10, RTR bela"}]},{"@type":"WebSite","@id":"https:\/\/www.technic-toys.com\/en\/#website","url":"https:\/\/www.technic-toys.com\/en\/","name":"TECHNIC-TOYS.com","description":"","potentialAction":[{"@type":"SearchAction","target":{"@type":"EntryPoint","urlTemplate":"https:\/\/www.technic-toys.com\/en\/?s={search_term_string}"},"query-input":"required name=search_term_string"}],"inLanguage":"en-US"}]}},"_links":{"self":[{"href":"https:\/\/www.technic-toys.com\/en\/wp-json\/wp\/v2\/product\/13586"}],"collection":[{"href":"https:\/\/www.technic-toys.com\/en\/wp-json\/wp\/v2\/product"}],"about":[{"href":"https:\/\/www.technic-toys.com\/en\/wp-json\/wp\/v2\/types\/product"}],"wp:featuredmedia":[{"embeddable":true,"href":"https:\/\/www.technic-toys.com\/en\/wp-json\/wp\/v2\/media\/13587"}],"wp:attachment":[{"href":"https:\/\/www.technic-toys.com\/en\/wp-json\/wp\/v2\/media?parent=13586"}],"wp:term":[{"taxonomy":"product_cat","embeddable":true,"href":"https:\/\/www.technic-toys.com\/en\/wp-json\/wp\/v2\/product_cat?post=13586"},{"taxonomy":"product_tag","embeddable":true,"href":"https:\/\/www.technic-toys.com\/en\/wp-json\/wp\/v2\/product_tag?post=13586"}],"curies":[{"name":"wp","href":"https:\/\/api.w.org\/{rel}","templated":true}]}}