{"id":13698,"date":"2022-04-08T16:22:35","date_gmt":"2022-04-08T14:22:35","guid":{"rendered":"https:\/\/www.technic-toys.com\/izdelek\/ameriski-vojaski-tovornjak-v2-8x8-112-traktor-pescene-barve\/"},"modified":"2024-12-04T19:04:03","modified_gmt":"2024-12-04T18:04:03","slug":"ameriski-vojaski-tovornjak-v2-8x8-112-traktor-pescene-barve","status":"publish","type":"product","link":"https:\/\/www.technic-toys.com\/en\/izdelek\/ameriski-vojaski-tovornjak-v2-8x8-112-traktor-pescene-barve\/","title":{"rendered":"Ameri\u0161ki voja\u0161ki tovornjak V2 8&#215;8 1:12 traktor pe\u0161\u010dene barve"},"content":{"rendered":"<p>Super lep model z najbolj\u0161o opremo! Model je na voljo kot vozilo RTR in ne pu\u0161\u010da ni\u010d za\u017eelenega glede zmogljivosti in videza! Veliko detajlov v merilu in originalna nalepka za izpopolnitev vozila zaokro\u017eajo celoten vtis. Ta tovornjak ne samo da izgleda dobro, ampak lahko tudi nekaj naredi! Zaradi robustne konstrukcije v povezavi z zelo ob\u010dutljivim oddajnikom se model udobno po\u010duti na kateri koli povr\u0161ini in je zato popolnoma primeren za uporabo na terenu. Poleg tega je elektri\u010dna oprema odporna na \u0161kropljenje in zdr\u017ei tudi najte\u017eje terene. Obe sprednji osi sta med seboj povezani preko kabelske povezave in omogo\u010data povezavo brez zra\u010dnosti. Obratovalni krog modela je zaradi vgrajenih osnih diferencialov zelo majhen in naredijo vozilo zelo okretno. Vse osi poganjajo kardanske gredi in v povezavi z motorjem 550 ustvarjajo zelo dober navor, tako da lahko brez te\u017eav napredujete po cesti. Kar zadeva ceno\/zmogljivost, bo ta model postavil nove standarde in imel trajen vpliv na sceno obsega. Karoserija je \u017ee pripravljena za vklju\u010ditev svetlobnega kompleta Lastnosti: V2 razli\u010dica z modificiranim oddajnikom (pali\u010dni daljinski upravljalnik) \u017ee monta\u017eno za vklju\u010ditev modula \u017eerjava 550 bru\u0161en motor Vodo za\u0161\u010diten BEC \/ ESC sistem Preklopni 2-stopenjski menjalnik Preklopni sedlo 2,4 GHz 8-kanalni daljinski upravljalnik Kovinski okvir Kovinske osi Kovinske pogonske gredi Vzmetno jeklo in teleskop Dvojni bla\u017eilnik Neodvisno vzmetenje koles Gumene gume dvojno krmiljenje (obe sprednji osi) 8 x 8 pogon na vsa kolesa<br \/>Tehni\u010dni podatki: Dol\u017eina: 740 mm \u0160irina : 220 mm Vi\u0161ina: 240 mm Te\u017ea: 7,1 kg Pripravljen za vo\u017enjo Baterija: litij 7,4 V 3000 mAh \u010cas vo\u017enje: 20-30 minut \u010cas polnjenja: pribli\u017eno 240 minut Hitrost 1. prestava 12 km \/ h hitrost 2. prestava 2. prestava \/ dostava 1 km \/ h 8&#215;8 RTR2,4GHz 8-kanalni daljinski upravljalnik Litijeva baterija 7,4V 3000mAh polnilec<\/p>\n","protected":false},"excerpt":{"rendered":"<p>Super lep model z najbolj\u0161o opremo! Model je na voljo kot vozilo RTR in ne pu\u0161\u010da ni\u010d za\u017eelenega glede zmogljivosti in videza! Veliko detajlov v merilu in originalna nalepka za izpopolnitev vozila zaokro\u017eajo celoten vtis. Ta tovornjak ne samo da izgleda dobro, ampak lahko tudi nekaj naredi! Zaradi robustne konstrukcije v povezavi z zelo ob\u010dutljivim [&hellip;]<\/p>\n","protected":false},"featured_media":13699,"template":"","meta":[],"product_cat":[374,365,360],"product_tag":[],"acf":[],"yoast_head":"<!-- This site is optimized with the Yoast SEO plugin v21.7 - https:\/\/yoast.com\/wordpress\/plugins\/seo\/ -->\n<title>Ameri\u0161ki voja\u0161ki tovornjak V2 8x8 1:12 traktor pe\u0161\u010dene barve - TECHNIC-TOYS.com<\/title>\n<meta name=\"robots\" content=\"index, follow, max-snippet:-1, max-image-preview:large, max-video-preview:-1\" \/>\n<link rel=\"canonical\" href=\"https:\/\/www.technic-toys.com\/izdelek\/ameriski-vojaski-tovornjak-v2-8x8-112-traktor-pescene-barve\/\" \/>\n<meta property=\"og:locale\" content=\"en_US\" \/>\n<meta property=\"og:type\" content=\"article\" \/>\n<meta property=\"og:title\" content=\"Ameri\u0161ki voja\u0161ki tovornjak V2 8x8 1:12 traktor pe\u0161\u010dene barve - TECHNIC-TOYS.com\" \/>\n<meta property=\"og:description\" content=\"Super lep model z najbolj\u0161o opremo! Model je na voljo kot vozilo RTR in ne pu\u0161\u010da ni\u010d za\u017eelenega glede zmogljivosti in videza! Veliko detajlov v merilu in originalna nalepka za izpopolnitev vozila zaokro\u017eajo celoten vtis. Ta tovornjak ne samo da izgleda dobro, ampak lahko tudi nekaj naredi! Zaradi robustne konstrukcije v povezavi z zelo ob\u010dutljivim [&hellip;]\" \/>\n<meta property=\"og:url\" content=\"https:\/\/www.technic-toys.com\/izdelek\/ameriski-vojaski-tovornjak-v2-8x8-112-traktor-pescene-barve\/\" \/>\n<meta property=\"og:site_name\" content=\"TECHNIC-TOYS.com\" \/>\n<meta property=\"article:modified_time\" content=\"2024-12-04T18:04:03+00:00\" \/>\n<meta property=\"og:image\" content=\"https:\/\/www.technic-toys.com\/wp-content\/uploads\/2022\/04\/22436.jpg\" \/>\n\t<meta property=\"og:image:width\" content=\"1280\" \/>\n\t<meta property=\"og:image:height\" content=\"734\" \/>\n\t<meta property=\"og:image:type\" content=\"image\/jpeg\" \/>\n<meta name=\"twitter:card\" content=\"summary_large_image\" \/>\n<meta name=\"twitter:label1\" content=\"Est. reading time\" \/>\n\t<meta name=\"twitter:data1\" content=\"1 minute\" \/>\n<script type=\"application\/ld+json\" class=\"yoast-schema-graph\">{\"@context\":\"https:\/\/schema.org\",\"@graph\":[{\"@type\":\"WebPage\",\"@id\":\"https:\/\/www.technic-toys.com\/izdelek\/ameriski-vojaski-tovornjak-v2-8x8-112-traktor-pescene-barve\/\",\"url\":\"https:\/\/www.technic-toys.com\/izdelek\/ameriski-vojaski-tovornjak-v2-8x8-112-traktor-pescene-barve\/\",\"name\":\"Ameri\u0161ki voja\u0161ki tovornjak V2 8x8 1:12 traktor pe\u0161\u010dene barve - TECHNIC-TOYS.com\",\"isPartOf\":{\"@id\":\"https:\/\/www.technic-toys.com\/en\/#website\"},\"datePublished\":\"2022-04-08T14:22:35+00:00\",\"dateModified\":\"2024-12-04T18:04:03+00:00\",\"breadcrumb\":{\"@id\":\"https:\/\/www.technic-toys.com\/izdelek\/ameriski-vojaski-tovornjak-v2-8x8-112-traktor-pescene-barve\/#breadcrumb\"},\"inLanguage\":\"en-US\",\"potentialAction\":[{\"@type\":\"ReadAction\",\"target\":[\"https:\/\/www.technic-toys.com\/izdelek\/ameriski-vojaski-tovornjak-v2-8x8-112-traktor-pescene-barve\/\"]}]},{\"@type\":\"BreadcrumbList\",\"@id\":\"https:\/\/www.technic-toys.com\/izdelek\/ameriski-vojaski-tovornjak-v2-8x8-112-traktor-pescene-barve\/#breadcrumb\",\"itemListElement\":[{\"@type\":\"ListItem\",\"position\":1,\"name\":\"Domov\",\"item\":\"https:\/\/www.technic-toys.com\/en\/\"},{\"@type\":\"ListItem\",\"position\":2,\"name\":\"Shop\",\"item\":\"https:\/\/www.technic-toys.com\/en\/shop-2\/\"},{\"@type\":\"ListItem\",\"position\":3,\"name\":\"Ameri\u0161ki voja\u0161ki tovornjak V2 8&#215;8 1:12 traktor pe\u0161\u010dene barve\"}]},{\"@type\":\"WebSite\",\"@id\":\"https:\/\/www.technic-toys.com\/en\/#website\",\"url\":\"https:\/\/www.technic-toys.com\/en\/\",\"name\":\"TECHNIC-TOYS.com\",\"description\":\"\",\"potentialAction\":[{\"@type\":\"SearchAction\",\"target\":{\"@type\":\"EntryPoint\",\"urlTemplate\":\"https:\/\/www.technic-toys.com\/en\/?s={search_term_string}\"},\"query-input\":\"required name=search_term_string\"}],\"inLanguage\":\"en-US\"}]}<\/script>\n<!-- \/ Yoast SEO plugin. -->","yoast_head_json":{"title":"Ameri\u0161ki voja\u0161ki tovornjak V2 8x8 1:12 traktor pe\u0161\u010dene barve - TECHNIC-TOYS.com","robots":{"index":"index","follow":"follow","max-snippet":"max-snippet:-1","max-image-preview":"max-image-preview:large","max-video-preview":"max-video-preview:-1"},"canonical":"https:\/\/www.technic-toys.com\/izdelek\/ameriski-vojaski-tovornjak-v2-8x8-112-traktor-pescene-barve\/","og_locale":"en_US","og_type":"article","og_title":"Ameri\u0161ki voja\u0161ki tovornjak V2 8x8 1:12 traktor pe\u0161\u010dene barve - TECHNIC-TOYS.com","og_description":"Super lep model z najbolj\u0161o opremo! Model je na voljo kot vozilo RTR in ne pu\u0161\u010da ni\u010d za\u017eelenega glede zmogljivosti in videza! Veliko detajlov v merilu in originalna nalepka za izpopolnitev vozila zaokro\u017eajo celoten vtis. Ta tovornjak ne samo da izgleda dobro, ampak lahko tudi nekaj naredi! Zaradi robustne konstrukcije v povezavi z zelo ob\u010dutljivim [&hellip;]","og_url":"https:\/\/www.technic-toys.com\/izdelek\/ameriski-vojaski-tovornjak-v2-8x8-112-traktor-pescene-barve\/","og_site_name":"TECHNIC-TOYS.com","article_modified_time":"2024-12-04T18:04:03+00:00","og_image":[{"width":1280,"height":734,"url":"https:\/\/www.technic-toys.com\/wp-content\/uploads\/2022\/04\/22436.jpg","type":"image\/jpeg"}],"twitter_card":"summary_large_image","twitter_misc":{"Est. reading time":"1 minute"},"schema":{"@context":"https:\/\/schema.org","@graph":[{"@type":"WebPage","@id":"https:\/\/www.technic-toys.com\/izdelek\/ameriski-vojaski-tovornjak-v2-8x8-112-traktor-pescene-barve\/","url":"https:\/\/www.technic-toys.com\/izdelek\/ameriski-vojaski-tovornjak-v2-8x8-112-traktor-pescene-barve\/","name":"Ameri\u0161ki voja\u0161ki tovornjak V2 8x8 1:12 traktor pe\u0161\u010dene barve - TECHNIC-TOYS.com","isPartOf":{"@id":"https:\/\/www.technic-toys.com\/en\/#website"},"datePublished":"2022-04-08T14:22:35+00:00","dateModified":"2024-12-04T18:04:03+00:00","breadcrumb":{"@id":"https:\/\/www.technic-toys.com\/izdelek\/ameriski-vojaski-tovornjak-v2-8x8-112-traktor-pescene-barve\/#breadcrumb"},"inLanguage":"en-US","potentialAction":[{"@type":"ReadAction","target":["https:\/\/www.technic-toys.com\/izdelek\/ameriski-vojaski-tovornjak-v2-8x8-112-traktor-pescene-barve\/"]}]},{"@type":"BreadcrumbList","@id":"https:\/\/www.technic-toys.com\/izdelek\/ameriski-vojaski-tovornjak-v2-8x8-112-traktor-pescene-barve\/#breadcrumb","itemListElement":[{"@type":"ListItem","position":1,"name":"Domov","item":"https:\/\/www.technic-toys.com\/en\/"},{"@type":"ListItem","position":2,"name":"Shop","item":"https:\/\/www.technic-toys.com\/en\/shop-2\/"},{"@type":"ListItem","position":3,"name":"Ameri\u0161ki voja\u0161ki tovornjak V2 8&#215;8 1:12 traktor pe\u0161\u010dene barve"}]},{"@type":"WebSite","@id":"https:\/\/www.technic-toys.com\/en\/#website","url":"https:\/\/www.technic-toys.com\/en\/","name":"TECHNIC-TOYS.com","description":"","potentialAction":[{"@type":"SearchAction","target":{"@type":"EntryPoint","urlTemplate":"https:\/\/www.technic-toys.com\/en\/?s={search_term_string}"},"query-input":"required name=search_term_string"}],"inLanguage":"en-US"}]}},"_links":{"self":[{"href":"https:\/\/www.technic-toys.com\/en\/wp-json\/wp\/v2\/product\/13698"}],"collection":[{"href":"https:\/\/www.technic-toys.com\/en\/wp-json\/wp\/v2\/product"}],"about":[{"href":"https:\/\/www.technic-toys.com\/en\/wp-json\/wp\/v2\/types\/product"}],"wp:featuredmedia":[{"embeddable":true,"href":"https:\/\/www.technic-toys.com\/en\/wp-json\/wp\/v2\/media\/13699"}],"wp:attachment":[{"href":"https:\/\/www.technic-toys.com\/en\/wp-json\/wp\/v2\/media?parent=13698"}],"wp:term":[{"taxonomy":"product_cat","embeddable":true,"href":"https:\/\/www.technic-toys.com\/en\/wp-json\/wp\/v2\/product_cat?post=13698"},{"taxonomy":"product_tag","embeddable":true,"href":"https:\/\/www.technic-toys.com\/en\/wp-json\/wp\/v2\/product_tag?post=13698"}],"curies":[{"name":"wp","href":"https:\/\/api.w.org\/{rel}","templated":true}]}}