{"id":13729,"date":"2022-04-08T16:22:35","date_gmt":"2022-04-08T14:22:35","guid":{"rendered":"https:\/\/www.technic-toys.com\/izdelek\/ameriski-vojaski-tovornjak-8x8-kipper-112-vojasko-zelena\/"},"modified":"2024-12-04T19:04:05","modified_gmt":"2024-12-04T18:04:05","slug":"ameriski-vojaski-tovornjak-8x8-kipper-112-vojasko-zelena","status":"publish","type":"product","link":"https:\/\/www.technic-toys.com\/en\/izdelek\/ameriski-vojaski-tovornjak-8x8-kipper-112-vojasko-zelena\/","title":{"rendered":"Ameri\u0161ki voja\u0161ki tovornjak 8&#215;8 Kipper 1:12 voja\u0161ko zelena"},"content":{"rendered":"<p>Super lep model z najbolj\u0161o opremo! Model je na voljo kot vozilo RTR in ne pu\u0161\u010da ni\u010d za\u017eelenega glede zmogljivosti in videza! Veliko detajlov v merilu in originalna nalepka za izpopolnitev vozila zaokro\u017eajo celoten vtis. Ta tovornjak ne samo da izgleda dobro, ampak lahko tudi nekaj naredi! Zaradi robustne konstrukcije v povezavi z zelo ob\u010dutljivim oddajnikom se model udobno po\u010duti na kateri koli povr\u0161ini in je zato popolnoma primeren za uporabo na terenu. Poleg tega je elektri\u010dna oprema odporna na \u0161kropljenje in zdr\u017ei tudi najte\u017eje terene. Obe sprednji osi sta med seboj povezani preko kabelske povezave in omogo\u010data povezavo brez zra\u010dnosti. Obratovalni krog modela je zaradi vgrajenih osnih diferencialov zelo majhen, zaradi \u010desar je vozilo zelo vodljivo.Da bi se po terenu brez te\u017eav premikali, so vse osi gnane preko kardanskih gredi in ustvarjajo zelo dober navor v povezava z motorjem 550. Kar zadeva ceno\/zmogljivost, bo ta model postavil nove standarde in imel trajen vpliv na sceno obsega. Karoserija je \u017ee opremljena s kakovostnim kompletom osvetlitve in zvo\u010dnim modulom! V tej razli\u010dici je nakladalno obmo\u010dje mogo\u010de tudi nagniti prek novega 8-kanalnega pali\u010dnega oddajnika 2,4 GHz. Z dvema dvi\u017enima drogoma (vretena) v povezavi z zmogljivim E &#8211; Moterjem lahko brez te\u017eav odlagate tudi te\u017eke breme!<br \/>Lastnosti: 550 bru\u0161en motor Preklopni 2-stopenjski menjalnik2,4GHz 8-kanalni daljinski upravljalnik Nagibno korito Vgrajena osvetlitev setVgrajen zvo\u010dni modulKovinski okvirKovinske pogonske grediVzmeti jeklene in teleskopske dvojne bla\u017eilnikePosamezno vzmetenje koles Gumijaste gradbene pnevmatike Dvojno krmiljenje (obe sprednji osi) 8&#215;8 \u0161tirikolesni pogon<br \/>Tehni\u010dni podatki:Dol\u017eina: 740mm2kg\u0160irina0mm:8mm. za vo\u017enjo Baterija: litijeva 7,4 V 3000 mAh \u010cas vo\u017enje: 20-30 minut \u010cas polnjenja: pribli\u017eno 240 minut Hitrost 1. prestava 12 km\/h Hitrost 2. prestava 18 km \/ h<br \/>Obseg dobave: Scale Truck 2.4x 8z daljinski upravljalnik Litijeva baterija 7.4V 3000mAhNavodila za polnilnik (DE \/ EN)<\/p>\n","protected":false},"excerpt":{"rendered":"<p>Super lep model z najbolj\u0161o opremo! Model je na voljo kot vozilo RTR in ne pu\u0161\u010da ni\u010d za\u017eelenega glede zmogljivosti in videza! Veliko detajlov v merilu in originalna nalepka za izpopolnitev vozila zaokro\u017eajo celoten vtis. Ta tovornjak ne samo da izgleda dobro, ampak lahko tudi nekaj naredi! Zaradi robustne konstrukcije v povezavi z zelo ob\u010dutljivim [&hellip;]<\/p>\n","protected":false},"featured_media":13730,"template":"","meta":[],"product_cat":[374,365,360],"product_tag":[],"acf":[],"yoast_head":"<!-- This site is optimized with the Yoast SEO plugin v21.7 - https:\/\/yoast.com\/wordpress\/plugins\/seo\/ -->\n<title>Ameri\u0161ki voja\u0161ki tovornjak 8x8 Kipper 1:12 voja\u0161ko zelena - TECHNIC-TOYS.com<\/title>\n<meta name=\"robots\" content=\"index, follow, max-snippet:-1, max-image-preview:large, max-video-preview:-1\" \/>\n<link rel=\"canonical\" href=\"https:\/\/www.technic-toys.com\/izdelek\/ameriski-vojaski-tovornjak-8x8-kipper-112-vojasko-zelena\/\" \/>\n<meta property=\"og:locale\" content=\"en_US\" \/>\n<meta property=\"og:type\" content=\"article\" \/>\n<meta property=\"og:title\" content=\"Ameri\u0161ki voja\u0161ki tovornjak 8x8 Kipper 1:12 voja\u0161ko zelena - TECHNIC-TOYS.com\" \/>\n<meta property=\"og:description\" content=\"Super lep model z najbolj\u0161o opremo! Model je na voljo kot vozilo RTR in ne pu\u0161\u010da ni\u010d za\u017eelenega glede zmogljivosti in videza! Veliko detajlov v merilu in originalna nalepka za izpopolnitev vozila zaokro\u017eajo celoten vtis. Ta tovornjak ne samo da izgleda dobro, ampak lahko tudi nekaj naredi! Zaradi robustne konstrukcije v povezavi z zelo ob\u010dutljivim [&hellip;]\" \/>\n<meta property=\"og:url\" content=\"https:\/\/www.technic-toys.com\/izdelek\/ameriski-vojaski-tovornjak-8x8-kipper-112-vojasko-zelena\/\" \/>\n<meta property=\"og:site_name\" content=\"TECHNIC-TOYS.com\" \/>\n<meta property=\"article:modified_time\" content=\"2024-12-04T18:04:05+00:00\" \/>\n<meta property=\"og:image\" content=\"https:\/\/www.technic-toys.com\/wp-content\/uploads\/2022\/04\/224373TttRXldpdM1o.jpg\" \/>\n\t<meta property=\"og:image:width\" content=\"2560\" \/>\n\t<meta property=\"og:image:height\" content=\"1468\" \/>\n\t<meta property=\"og:image:type\" content=\"image\/jpeg\" \/>\n<meta name=\"twitter:card\" content=\"summary_large_image\" \/>\n<meta name=\"twitter:label1\" content=\"Est. reading time\" \/>\n\t<meta name=\"twitter:data1\" content=\"2 minutes\" \/>\n<script type=\"application\/ld+json\" class=\"yoast-schema-graph\">{\"@context\":\"https:\/\/schema.org\",\"@graph\":[{\"@type\":\"WebPage\",\"@id\":\"https:\/\/www.technic-toys.com\/izdelek\/ameriski-vojaski-tovornjak-8x8-kipper-112-vojasko-zelena\/\",\"url\":\"https:\/\/www.technic-toys.com\/izdelek\/ameriski-vojaski-tovornjak-8x8-kipper-112-vojasko-zelena\/\",\"name\":\"Ameri\u0161ki voja\u0161ki tovornjak 8x8 Kipper 1:12 voja\u0161ko zelena - TECHNIC-TOYS.com\",\"isPartOf\":{\"@id\":\"https:\/\/www.technic-toys.com\/en\/#website\"},\"datePublished\":\"2022-04-08T14:22:35+00:00\",\"dateModified\":\"2024-12-04T18:04:05+00:00\",\"breadcrumb\":{\"@id\":\"https:\/\/www.technic-toys.com\/izdelek\/ameriski-vojaski-tovornjak-8x8-kipper-112-vojasko-zelena\/#breadcrumb\"},\"inLanguage\":\"en-US\",\"potentialAction\":[{\"@type\":\"ReadAction\",\"target\":[\"https:\/\/www.technic-toys.com\/izdelek\/ameriski-vojaski-tovornjak-8x8-kipper-112-vojasko-zelena\/\"]}]},{\"@type\":\"BreadcrumbList\",\"@id\":\"https:\/\/www.technic-toys.com\/izdelek\/ameriski-vojaski-tovornjak-8x8-kipper-112-vojasko-zelena\/#breadcrumb\",\"itemListElement\":[{\"@type\":\"ListItem\",\"position\":1,\"name\":\"Domov\",\"item\":\"https:\/\/www.technic-toys.com\/en\/\"},{\"@type\":\"ListItem\",\"position\":2,\"name\":\"Shop\",\"item\":\"https:\/\/www.technic-toys.com\/en\/shop-2\/\"},{\"@type\":\"ListItem\",\"position\":3,\"name\":\"Ameri\u0161ki voja\u0161ki tovornjak 8&#215;8 Kipper 1:12 voja\u0161ko zelena\"}]},{\"@type\":\"WebSite\",\"@id\":\"https:\/\/www.technic-toys.com\/en\/#website\",\"url\":\"https:\/\/www.technic-toys.com\/en\/\",\"name\":\"TECHNIC-TOYS.com\",\"description\":\"\",\"potentialAction\":[{\"@type\":\"SearchAction\",\"target\":{\"@type\":\"EntryPoint\",\"urlTemplate\":\"https:\/\/www.technic-toys.com\/en\/?s={search_term_string}\"},\"query-input\":\"required name=search_term_string\"}],\"inLanguage\":\"en-US\"}]}<\/script>\n<!-- \/ Yoast SEO plugin. -->","yoast_head_json":{"title":"Ameri\u0161ki voja\u0161ki tovornjak 8x8 Kipper 1:12 voja\u0161ko zelena - TECHNIC-TOYS.com","robots":{"index":"index","follow":"follow","max-snippet":"max-snippet:-1","max-image-preview":"max-image-preview:large","max-video-preview":"max-video-preview:-1"},"canonical":"https:\/\/www.technic-toys.com\/izdelek\/ameriski-vojaski-tovornjak-8x8-kipper-112-vojasko-zelena\/","og_locale":"en_US","og_type":"article","og_title":"Ameri\u0161ki voja\u0161ki tovornjak 8x8 Kipper 1:12 voja\u0161ko zelena - TECHNIC-TOYS.com","og_description":"Super lep model z najbolj\u0161o opremo! Model je na voljo kot vozilo RTR in ne pu\u0161\u010da ni\u010d za\u017eelenega glede zmogljivosti in videza! Veliko detajlov v merilu in originalna nalepka za izpopolnitev vozila zaokro\u017eajo celoten vtis. Ta tovornjak ne samo da izgleda dobro, ampak lahko tudi nekaj naredi! Zaradi robustne konstrukcije v povezavi z zelo ob\u010dutljivim [&hellip;]","og_url":"https:\/\/www.technic-toys.com\/izdelek\/ameriski-vojaski-tovornjak-8x8-kipper-112-vojasko-zelena\/","og_site_name":"TECHNIC-TOYS.com","article_modified_time":"2024-12-04T18:04:05+00:00","og_image":[{"width":2560,"height":1468,"url":"https:\/\/www.technic-toys.com\/wp-content\/uploads\/2022\/04\/224373TttRXldpdM1o.jpg","type":"image\/jpeg"}],"twitter_card":"summary_large_image","twitter_misc":{"Est. reading time":"2 minutes"},"schema":{"@context":"https:\/\/schema.org","@graph":[{"@type":"WebPage","@id":"https:\/\/www.technic-toys.com\/izdelek\/ameriski-vojaski-tovornjak-8x8-kipper-112-vojasko-zelena\/","url":"https:\/\/www.technic-toys.com\/izdelek\/ameriski-vojaski-tovornjak-8x8-kipper-112-vojasko-zelena\/","name":"Ameri\u0161ki voja\u0161ki tovornjak 8x8 Kipper 1:12 voja\u0161ko zelena - TECHNIC-TOYS.com","isPartOf":{"@id":"https:\/\/www.technic-toys.com\/en\/#website"},"datePublished":"2022-04-08T14:22:35+00:00","dateModified":"2024-12-04T18:04:05+00:00","breadcrumb":{"@id":"https:\/\/www.technic-toys.com\/izdelek\/ameriski-vojaski-tovornjak-8x8-kipper-112-vojasko-zelena\/#breadcrumb"},"inLanguage":"en-US","potentialAction":[{"@type":"ReadAction","target":["https:\/\/www.technic-toys.com\/izdelek\/ameriski-vojaski-tovornjak-8x8-kipper-112-vojasko-zelena\/"]}]},{"@type":"BreadcrumbList","@id":"https:\/\/www.technic-toys.com\/izdelek\/ameriski-vojaski-tovornjak-8x8-kipper-112-vojasko-zelena\/#breadcrumb","itemListElement":[{"@type":"ListItem","position":1,"name":"Domov","item":"https:\/\/www.technic-toys.com\/en\/"},{"@type":"ListItem","position":2,"name":"Shop","item":"https:\/\/www.technic-toys.com\/en\/shop-2\/"},{"@type":"ListItem","position":3,"name":"Ameri\u0161ki voja\u0161ki tovornjak 8&#215;8 Kipper 1:12 voja\u0161ko zelena"}]},{"@type":"WebSite","@id":"https:\/\/www.technic-toys.com\/en\/#website","url":"https:\/\/www.technic-toys.com\/en\/","name":"TECHNIC-TOYS.com","description":"","potentialAction":[{"@type":"SearchAction","target":{"@type":"EntryPoint","urlTemplate":"https:\/\/www.technic-toys.com\/en\/?s={search_term_string}"},"query-input":"required name=search_term_string"}],"inLanguage":"en-US"}]}},"_links":{"self":[{"href":"https:\/\/www.technic-toys.com\/en\/wp-json\/wp\/v2\/product\/13729"}],"collection":[{"href":"https:\/\/www.technic-toys.com\/en\/wp-json\/wp\/v2\/product"}],"about":[{"href":"https:\/\/www.technic-toys.com\/en\/wp-json\/wp\/v2\/types\/product"}],"wp:featuredmedia":[{"embeddable":true,"href":"https:\/\/www.technic-toys.com\/en\/wp-json\/wp\/v2\/media\/13730"}],"wp:attachment":[{"href":"https:\/\/www.technic-toys.com\/en\/wp-json\/wp\/v2\/media?parent=13729"}],"wp:term":[{"taxonomy":"product_cat","embeddable":true,"href":"https:\/\/www.technic-toys.com\/en\/wp-json\/wp\/v2\/product_cat?post=13729"},{"taxonomy":"product_tag","embeddable":true,"href":"https:\/\/www.technic-toys.com\/en\/wp-json\/wp\/v2\/product_tag?post=13729"}],"curies":[{"name":"wp","href":"https:\/\/api.w.org\/{rel}","templated":true}]}}