{"id":14129,"date":"2022-04-08T16:30:37","date_gmt":"2022-04-08T14:30:37","guid":{"rendered":"https:\/\/www.technic-toys.com\/izdelek\/amxrock-rcx10pts-scale-crawler-pick-up-110-rtr-siva\/"},"modified":"2024-12-04T19:03:59","modified_gmt":"2024-12-04T18:03:59","slug":"amxrock-rcx10pts-scale-crawler-pick-up-110-rtr-siva","status":"publish","type":"product","link":"https:\/\/www.technic-toys.com\/en\/izdelek\/amxrock-rcx10pts-scale-crawler-pick-up-110-rtr-siva\/","title":{"rendered":"AMXRock RCX10PTS Scale Crawler Pick-Up 1:10, RTR siva"},"content":{"rendered":"<p>AMXRock RCX10PTS (Profi RTR) v voja\u0161ko zeleni barvi, vklju\u010dno z goseni\u010darjem. Ta vrhunski goseni\u010dar v merilu 1:10 zdru\u017euje super tehnologijo z iznajdljivimi voznimi lastnostmi. Opremljen z masivnim kovinskim okvirjem debeline 5 mm, portalnimi osemi, aluminijastimi oporniki, kovinskimi pogonskimi gredi, visokokakovostnimi, popolnoma za\u0161\u010ditenimi bla\u017eilniki tlaka olja z za\u0161\u010dito pred prahom, motorjem s krta\u010do 21T 550, bla\u017eim krmilnim sistemom, diferenciali (spredaj\/zadaj), ki se lahko zaklene posamezno preko oddajnika in 2-stopenjskega ro\u010dnega menjalnika, skoraj vse \u017eelje neizpolnjene. To vozilo je povsem nov razvoj in na trg prvi\u010d prina\u0161a ve\u010d novih sistemov. Prilo\u017eeno veri\u017eno podvozje zagotavlja izjemne terenske lastnosti na kateri koli povr\u0161ini Lastnosti: 5 mm CNC rezkani aluminijasti okvir 6061 CVD pogonske gredi Privija\u010dene 12 mm pesto koles aluminijaste kovinske teleskopske pogonske gredi Diffs V \/ H se lahko zaklene posamezno preko oddajnika Edinstven dizajn amortizerja s prahom za\u0161\u010ditni rokavi Edinstven sistem bla\u017eenja krmiljenja Edinstven 2-stopenjski ro\u010dni menjalnik z za\u0161\u010ditno funkcijo Visokokakovostno ohi\u0161je z magnetno klju\u010davnico 1,2 mm PVC6 kanalni daljinski sistem za daljinsko upravljanje Hobbywing WP-1060 ESC (zmogljiv Li-Po) Deans21T 550 goseni\u010darski motor bru\u0161en Nastavljiv Allu nosilec motorja CNCS rezkani motor servo 9kg kovinski gearShift servo 0,9kgShift servo diferenciali 2x 0,9kg v celoti krogli\u010dni le\u017eaj Veri\u017ena \u0161asija, nastavljiva, du\u0161enaTehni\u010dni podatki:Dol\u017eina: 530mm\u0160irina: 220mmVi\u0161ina: 270mmBo Odmik: mehak oprijem: 270mm premer baterije: 270mm premer 1mmwex min. 3,3 kg motor: 21 550 krta\u010denESC: Hobbywing WP-1060 ( Zmogljiv Li-Po) DeansDaljinski upravljalnik: 2,4 GHz 6 kanal Telo: 1,2 mm PVC lak Okvir: 5 mm CNC aluminij 6061 Obseg dobave: Popolnoma sestavljeno ohi\u0161je goseni\u010darja Auto4x, nastavljivo, du\u0161eno, adapter za TRX4 in SCX10 II 2,4 GHz daljinski upravljalnik Navodila DE \/ EN Zahtevani dodatki: baterija (Ni-Mh 7,2V ali Li-Po 7,4V) npr. Amewi artikel 28895, 28899, 28900, 289024x baterija 1,5V AA Mignon za oddajni polnilnik<\/p>\n","protected":false},"excerpt":{"rendered":"<p>Z veri\u017enim podvozjem in kovinsko kletko<\/p>\n","protected":false},"featured_media":14130,"template":"","meta":[],"product_cat":[374,365],"product_tag":[],"acf":[],"yoast_head":"<!-- This site is optimized with the Yoast SEO plugin v21.7 - https:\/\/yoast.com\/wordpress\/plugins\/seo\/ -->\n<title>AMXRock RCX10PTS Scale Crawler Pick-Up 1:10, RTR siva - TECHNIC-TOYS.com<\/title>\n<meta name=\"robots\" content=\"index, follow, max-snippet:-1, max-image-preview:large, max-video-preview:-1\" \/>\n<link rel=\"canonical\" href=\"https:\/\/www.technic-toys.com\/izdelek\/amxrock-rcx10pts-scale-crawler-pick-up-110-rtr-siva\/\" \/>\n<meta property=\"og:locale\" content=\"en_US\" \/>\n<meta property=\"og:type\" content=\"article\" \/>\n<meta property=\"og:title\" content=\"AMXRock RCX10PTS Scale Crawler Pick-Up 1:10, RTR siva - TECHNIC-TOYS.com\" \/>\n<meta property=\"og:description\" content=\"Z veri\u017enim podvozjem in kovinsko kletko\" \/>\n<meta property=\"og:url\" content=\"https:\/\/www.technic-toys.com\/izdelek\/amxrock-rcx10pts-scale-crawler-pick-up-110-rtr-siva\/\" \/>\n<meta property=\"og:site_name\" content=\"TECHNIC-TOYS.com\" \/>\n<meta property=\"article:modified_time\" content=\"2024-12-04T18:03:59+00:00\" \/>\n<meta property=\"og:image\" content=\"https:\/\/www.technic-toys.com\/wp-content\/uploads\/2022\/04\/22463.jpg\" \/>\n\t<meta property=\"og:image:width\" content=\"2560\" \/>\n\t<meta property=\"og:image:height\" content=\"1468\" \/>\n\t<meta property=\"og:image:type\" content=\"image\/jpeg\" \/>\n<meta name=\"twitter:card\" content=\"summary_large_image\" \/>\n<meta name=\"twitter:label1\" content=\"Est. reading time\" \/>\n\t<meta name=\"twitter:data1\" content=\"2 minutes\" \/>\n<script type=\"application\/ld+json\" class=\"yoast-schema-graph\">{\"@context\":\"https:\/\/schema.org\",\"@graph\":[{\"@type\":\"WebPage\",\"@id\":\"https:\/\/www.technic-toys.com\/izdelek\/amxrock-rcx10pts-scale-crawler-pick-up-110-rtr-siva\/\",\"url\":\"https:\/\/www.technic-toys.com\/izdelek\/amxrock-rcx10pts-scale-crawler-pick-up-110-rtr-siva\/\",\"name\":\"AMXRock RCX10PTS Scale Crawler Pick-Up 1:10, RTR siva - TECHNIC-TOYS.com\",\"isPartOf\":{\"@id\":\"https:\/\/www.technic-toys.com\/en\/#website\"},\"datePublished\":\"2022-04-08T14:30:37+00:00\",\"dateModified\":\"2024-12-04T18:03:59+00:00\",\"breadcrumb\":{\"@id\":\"https:\/\/www.technic-toys.com\/izdelek\/amxrock-rcx10pts-scale-crawler-pick-up-110-rtr-siva\/#breadcrumb\"},\"inLanguage\":\"en-US\",\"potentialAction\":[{\"@type\":\"ReadAction\",\"target\":[\"https:\/\/www.technic-toys.com\/izdelek\/amxrock-rcx10pts-scale-crawler-pick-up-110-rtr-siva\/\"]}]},{\"@type\":\"BreadcrumbList\",\"@id\":\"https:\/\/www.technic-toys.com\/izdelek\/amxrock-rcx10pts-scale-crawler-pick-up-110-rtr-siva\/#breadcrumb\",\"itemListElement\":[{\"@type\":\"ListItem\",\"position\":1,\"name\":\"Domov\",\"item\":\"https:\/\/www.technic-toys.com\/en\/\"},{\"@type\":\"ListItem\",\"position\":2,\"name\":\"Shop\",\"item\":\"https:\/\/www.technic-toys.com\/en\/shop-2\/\"},{\"@type\":\"ListItem\",\"position\":3,\"name\":\"AMXRock RCX10PTS Scale Crawler Pick-Up 1:10, RTR siva\"}]},{\"@type\":\"WebSite\",\"@id\":\"https:\/\/www.technic-toys.com\/en\/#website\",\"url\":\"https:\/\/www.technic-toys.com\/en\/\",\"name\":\"TECHNIC-TOYS.com\",\"description\":\"\",\"potentialAction\":[{\"@type\":\"SearchAction\",\"target\":{\"@type\":\"EntryPoint\",\"urlTemplate\":\"https:\/\/www.technic-toys.com\/en\/?s={search_term_string}\"},\"query-input\":\"required name=search_term_string\"}],\"inLanguage\":\"en-US\"}]}<\/script>\n<!-- \/ Yoast SEO plugin. -->","yoast_head_json":{"title":"AMXRock RCX10PTS Scale Crawler Pick-Up 1:10, RTR siva - TECHNIC-TOYS.com","robots":{"index":"index","follow":"follow","max-snippet":"max-snippet:-1","max-image-preview":"max-image-preview:large","max-video-preview":"max-video-preview:-1"},"canonical":"https:\/\/www.technic-toys.com\/izdelek\/amxrock-rcx10pts-scale-crawler-pick-up-110-rtr-siva\/","og_locale":"en_US","og_type":"article","og_title":"AMXRock RCX10PTS Scale Crawler Pick-Up 1:10, RTR siva - TECHNIC-TOYS.com","og_description":"Z veri\u017enim podvozjem in kovinsko kletko","og_url":"https:\/\/www.technic-toys.com\/izdelek\/amxrock-rcx10pts-scale-crawler-pick-up-110-rtr-siva\/","og_site_name":"TECHNIC-TOYS.com","article_modified_time":"2024-12-04T18:03:59+00:00","og_image":[{"width":2560,"height":1468,"url":"https:\/\/www.technic-toys.com\/wp-content\/uploads\/2022\/04\/22463.jpg","type":"image\/jpeg"}],"twitter_card":"summary_large_image","twitter_misc":{"Est. reading time":"2 minutes"},"schema":{"@context":"https:\/\/schema.org","@graph":[{"@type":"WebPage","@id":"https:\/\/www.technic-toys.com\/izdelek\/amxrock-rcx10pts-scale-crawler-pick-up-110-rtr-siva\/","url":"https:\/\/www.technic-toys.com\/izdelek\/amxrock-rcx10pts-scale-crawler-pick-up-110-rtr-siva\/","name":"AMXRock RCX10PTS Scale Crawler Pick-Up 1:10, RTR siva - TECHNIC-TOYS.com","isPartOf":{"@id":"https:\/\/www.technic-toys.com\/en\/#website"},"datePublished":"2022-04-08T14:30:37+00:00","dateModified":"2024-12-04T18:03:59+00:00","breadcrumb":{"@id":"https:\/\/www.technic-toys.com\/izdelek\/amxrock-rcx10pts-scale-crawler-pick-up-110-rtr-siva\/#breadcrumb"},"inLanguage":"en-US","potentialAction":[{"@type":"ReadAction","target":["https:\/\/www.technic-toys.com\/izdelek\/amxrock-rcx10pts-scale-crawler-pick-up-110-rtr-siva\/"]}]},{"@type":"BreadcrumbList","@id":"https:\/\/www.technic-toys.com\/izdelek\/amxrock-rcx10pts-scale-crawler-pick-up-110-rtr-siva\/#breadcrumb","itemListElement":[{"@type":"ListItem","position":1,"name":"Domov","item":"https:\/\/www.technic-toys.com\/en\/"},{"@type":"ListItem","position":2,"name":"Shop","item":"https:\/\/www.technic-toys.com\/en\/shop-2\/"},{"@type":"ListItem","position":3,"name":"AMXRock RCX10PTS Scale Crawler Pick-Up 1:10, RTR siva"}]},{"@type":"WebSite","@id":"https:\/\/www.technic-toys.com\/en\/#website","url":"https:\/\/www.technic-toys.com\/en\/","name":"TECHNIC-TOYS.com","description":"","potentialAction":[{"@type":"SearchAction","target":{"@type":"EntryPoint","urlTemplate":"https:\/\/www.technic-toys.com\/en\/?s={search_term_string}"},"query-input":"required name=search_term_string"}],"inLanguage":"en-US"}]}},"_links":{"self":[{"href":"https:\/\/www.technic-toys.com\/en\/wp-json\/wp\/v2\/product\/14129"}],"collection":[{"href":"https:\/\/www.technic-toys.com\/en\/wp-json\/wp\/v2\/product"}],"about":[{"href":"https:\/\/www.technic-toys.com\/en\/wp-json\/wp\/v2\/types\/product"}],"wp:featuredmedia":[{"embeddable":true,"href":"https:\/\/www.technic-toys.com\/en\/wp-json\/wp\/v2\/media\/14130"}],"wp:attachment":[{"href":"https:\/\/www.technic-toys.com\/en\/wp-json\/wp\/v2\/media?parent=14129"}],"wp:term":[{"taxonomy":"product_cat","embeddable":true,"href":"https:\/\/www.technic-toys.com\/en\/wp-json\/wp\/v2\/product_cat?post=14129"},{"taxonomy":"product_tag","embeddable":true,"href":"https:\/\/www.technic-toys.com\/en\/wp-json\/wp\/v2\/product_tag?post=14129"}],"curies":[{"name":"wp","href":"https:\/\/api.w.org\/{rel}","templated":true}]}}