{"id":14157,"date":"2022-04-08T16:30:37","date_gmt":"2022-04-08T14:30:37","guid":{"rendered":"https:\/\/www.technic-toys.com\/izdelek\/amxrock-rcx8b-scale-crawler-pick-up-18-rtr-modra\/"},"modified":"2024-12-04T19:04:00","modified_gmt":"2024-12-04T18:04:00","slug":"amxrock-rcx8b-scale-crawler-pick-up-18-rtr-modra","status":"publish","type":"product","link":"https:\/\/www.technic-toys.com\/en\/izdelek\/amxrock-rcx8b-scale-crawler-pick-up-18-rtr-modra\/","title":{"rendered":"AMXRock RCX8B Scale Crawler Pick-Up 1:8, RTR modra"},"content":{"rendered":"<p>AMXRock RCX8B (osnova RTR) v modri barvi Ta vrhunski gosenica v merilu 1:8 zdru\u017euje odli\u010dno tehnologijo z iznajdljivimi voznimi lastnostmi. Opremljeno s trdnim 5 mm debelim kovinskim okvirjem, portalnimi osemi, aluminijastimi oporniki, visokokakovostnimi, popolnoma za\u0161\u010ditenimi bla\u017eilniki tlaka olja s 500 oljem, 650 bru\u0161enim motorjem z 23T, bla\u017eenim krmilnim sistemom in 2-stopenjskim ro\u010dnim menjalnikom, to vozilo ne pu\u0161\u010da ni\u010desar biti za\u017eelen. To vozilo je popolnoma nov razvoj in prvi\u010d prina\u0161a na trg nekaj novih sistemov Lastnosti: 5 mm CNC obdelan aluminijast okvir 6061 CVD pogonske gredi Edinstven dizajn amortizerja z rokavi za za\u0161\u010dito pred prahom Edinstven sistem bla\u017eenja volana Trajno blokirane osi (diferenciali) Edinstven 2-stopenjski ro\u010dni menjalnik z za\u0161\u010ditno funkcijo Visokokakovostno ohi\u0161je z magnetno klju\u010davnico 1,2 mm PVC 4-kanalni sistem daljinskega upravljanja Hobbywing WP-1060 ESC (zmogljivo z Li-Po) Deans650 Goseni motor bru\u0161en 23T Nastavljiv aluminijasti nosilec motorja CNC rezkani zobnik motorja Krmilni servo 15 kg Kovinski nosilec WP preklopni servo 0,9 kg, 17 g Popolnoma krogli\u010dni Tehni\u010dni podatki: Dol\u017eina: 648 mm \u0160irina: 293 mm Vi\u0161ina: 278 mm Medosna razdalja: 375 mm Oprijem 1,43 mm Premer kolesa: Super High 61 mm Odmik od tal: min 5 mm Mehke pnevmatike ali plati\u0161\u010da pribli\u017eno 3,6 kg Motor: 650 bru\u0161en 23TESC: Hobbywing WP-1060 (zmogljiv Li-Po) Deans daljinski upravljalnik: 2,4 GHz 4 kanal Telo: 1,2 mm PVC lak Okvir: 5 mm CNC aluminij 6061 Obseg dobave: komplet m Name\u0161\u010deni avto 2,4GHz daljinski upravljalnik Navodila DE \/ EN Zahtevani dodatki: Baterija (Ni-Mh 7,2V ali Li-Po 7,4V) npr. Amewi artikel 28895, 28899, 28900, 289024x baterija 1,5V AA Mignon polnilec<\/p>\n","protected":false},"excerpt":{"rendered":"<p>AMXRock RCX8B (osnova RTR) v modri barvi Ta vrhunski gosenica v merilu 1:8 zdru\u017euje odli\u010dno tehnologijo z iznajdljivimi voznimi lastnostmi. Opremljeno s trdnim 5 mm debelim kovinskim okvirjem, portalnimi osemi, aluminijastimi oporniki, visokokakovostnimi, popolnoma za\u0161\u010ditenimi bla\u017eilniki tlaka olja s 500 oljem, 650 bru\u0161enim motorjem z 23T, bla\u017eenim krmilnim sistemom in 2-stopenjskim ro\u010dnim menjalnikom, to vozilo [&hellip;]<\/p>\n","protected":false},"featured_media":14158,"template":"","meta":[],"product_cat":[374,361],"product_tag":[],"acf":[],"yoast_head":"<!-- This site is optimized with the Yoast SEO plugin v21.7 - https:\/\/yoast.com\/wordpress\/plugins\/seo\/ -->\n<title>AMXRock RCX8B Scale Crawler Pick-Up 1:8, RTR modra - TECHNIC-TOYS.com<\/title>\n<meta name=\"robots\" content=\"index, follow, max-snippet:-1, max-image-preview:large, max-video-preview:-1\" \/>\n<link rel=\"canonical\" href=\"https:\/\/www.technic-toys.com\/izdelek\/amxrock-rcx8b-scale-crawler-pick-up-18-rtr-modra\/\" \/>\n<meta property=\"og:locale\" content=\"en_US\" \/>\n<meta property=\"og:type\" content=\"article\" \/>\n<meta property=\"og:title\" content=\"AMXRock RCX8B Scale Crawler Pick-Up 1:8, RTR modra - TECHNIC-TOYS.com\" \/>\n<meta property=\"og:description\" content=\"AMXRock RCX8B (osnova RTR) v modri barvi Ta vrhunski gosenica v merilu 1:8 zdru\u017euje odli\u010dno tehnologijo z iznajdljivimi voznimi lastnostmi. Opremljeno s trdnim 5 mm debelim kovinskim okvirjem, portalnimi osemi, aluminijastimi oporniki, visokokakovostnimi, popolnoma za\u0161\u010ditenimi bla\u017eilniki tlaka olja s 500 oljem, 650 bru\u0161enim motorjem z 23T, bla\u017eenim krmilnim sistemom in 2-stopenjskim ro\u010dnim menjalnikom, to vozilo [&hellip;]\" \/>\n<meta property=\"og:url\" content=\"https:\/\/www.technic-toys.com\/izdelek\/amxrock-rcx8b-scale-crawler-pick-up-18-rtr-modra\/\" \/>\n<meta property=\"og:site_name\" content=\"TECHNIC-TOYS.com\" \/>\n<meta property=\"article:modified_time\" content=\"2024-12-04T18:04:00+00:00\" \/>\n<meta property=\"og:image\" content=\"https:\/\/www.technic-toys.com\/wp-content\/uploads\/2022\/04\/22465.jpg\" \/>\n\t<meta property=\"og:image:width\" content=\"2560\" \/>\n\t<meta property=\"og:image:height\" content=\"1468\" \/>\n\t<meta property=\"og:image:type\" content=\"image\/jpeg\" \/>\n<meta name=\"twitter:card\" content=\"summary_large_image\" \/>\n<meta name=\"twitter:label1\" content=\"Est. reading time\" \/>\n\t<meta name=\"twitter:data1\" content=\"1 minute\" \/>\n<script type=\"application\/ld+json\" class=\"yoast-schema-graph\">{\"@context\":\"https:\/\/schema.org\",\"@graph\":[{\"@type\":\"WebPage\",\"@id\":\"https:\/\/www.technic-toys.com\/izdelek\/amxrock-rcx8b-scale-crawler-pick-up-18-rtr-modra\/\",\"url\":\"https:\/\/www.technic-toys.com\/izdelek\/amxrock-rcx8b-scale-crawler-pick-up-18-rtr-modra\/\",\"name\":\"AMXRock RCX8B Scale Crawler Pick-Up 1:8, RTR modra - TECHNIC-TOYS.com\",\"isPartOf\":{\"@id\":\"https:\/\/www.technic-toys.com\/en\/#website\"},\"datePublished\":\"2022-04-08T14:30:37+00:00\",\"dateModified\":\"2024-12-04T18:04:00+00:00\",\"breadcrumb\":{\"@id\":\"https:\/\/www.technic-toys.com\/izdelek\/amxrock-rcx8b-scale-crawler-pick-up-18-rtr-modra\/#breadcrumb\"},\"inLanguage\":\"en-US\",\"potentialAction\":[{\"@type\":\"ReadAction\",\"target\":[\"https:\/\/www.technic-toys.com\/izdelek\/amxrock-rcx8b-scale-crawler-pick-up-18-rtr-modra\/\"]}]},{\"@type\":\"BreadcrumbList\",\"@id\":\"https:\/\/www.technic-toys.com\/izdelek\/amxrock-rcx8b-scale-crawler-pick-up-18-rtr-modra\/#breadcrumb\",\"itemListElement\":[{\"@type\":\"ListItem\",\"position\":1,\"name\":\"Domov\",\"item\":\"https:\/\/www.technic-toys.com\/en\/\"},{\"@type\":\"ListItem\",\"position\":2,\"name\":\"Shop\",\"item\":\"https:\/\/www.technic-toys.com\/en\/shop-2\/\"},{\"@type\":\"ListItem\",\"position\":3,\"name\":\"AMXRock RCX8B Scale Crawler Pick-Up 1:8, RTR modra\"}]},{\"@type\":\"WebSite\",\"@id\":\"https:\/\/www.technic-toys.com\/en\/#website\",\"url\":\"https:\/\/www.technic-toys.com\/en\/\",\"name\":\"TECHNIC-TOYS.com\",\"description\":\"\",\"potentialAction\":[{\"@type\":\"SearchAction\",\"target\":{\"@type\":\"EntryPoint\",\"urlTemplate\":\"https:\/\/www.technic-toys.com\/en\/?s={search_term_string}\"},\"query-input\":\"required name=search_term_string\"}],\"inLanguage\":\"en-US\"}]}<\/script>\n<!-- \/ Yoast SEO plugin. -->","yoast_head_json":{"title":"AMXRock RCX8B Scale Crawler Pick-Up 1:8, RTR modra - TECHNIC-TOYS.com","robots":{"index":"index","follow":"follow","max-snippet":"max-snippet:-1","max-image-preview":"max-image-preview:large","max-video-preview":"max-video-preview:-1"},"canonical":"https:\/\/www.technic-toys.com\/izdelek\/amxrock-rcx8b-scale-crawler-pick-up-18-rtr-modra\/","og_locale":"en_US","og_type":"article","og_title":"AMXRock RCX8B Scale Crawler Pick-Up 1:8, RTR modra - TECHNIC-TOYS.com","og_description":"AMXRock RCX8B (osnova RTR) v modri barvi Ta vrhunski gosenica v merilu 1:8 zdru\u017euje odli\u010dno tehnologijo z iznajdljivimi voznimi lastnostmi. Opremljeno s trdnim 5 mm debelim kovinskim okvirjem, portalnimi osemi, aluminijastimi oporniki, visokokakovostnimi, popolnoma za\u0161\u010ditenimi bla\u017eilniki tlaka olja s 500 oljem, 650 bru\u0161enim motorjem z 23T, bla\u017eenim krmilnim sistemom in 2-stopenjskim ro\u010dnim menjalnikom, to vozilo [&hellip;]","og_url":"https:\/\/www.technic-toys.com\/izdelek\/amxrock-rcx8b-scale-crawler-pick-up-18-rtr-modra\/","og_site_name":"TECHNIC-TOYS.com","article_modified_time":"2024-12-04T18:04:00+00:00","og_image":[{"width":2560,"height":1468,"url":"https:\/\/www.technic-toys.com\/wp-content\/uploads\/2022\/04\/22465.jpg","type":"image\/jpeg"}],"twitter_card":"summary_large_image","twitter_misc":{"Est. reading time":"1 minute"},"schema":{"@context":"https:\/\/schema.org","@graph":[{"@type":"WebPage","@id":"https:\/\/www.technic-toys.com\/izdelek\/amxrock-rcx8b-scale-crawler-pick-up-18-rtr-modra\/","url":"https:\/\/www.technic-toys.com\/izdelek\/amxrock-rcx8b-scale-crawler-pick-up-18-rtr-modra\/","name":"AMXRock RCX8B Scale Crawler Pick-Up 1:8, RTR modra - TECHNIC-TOYS.com","isPartOf":{"@id":"https:\/\/www.technic-toys.com\/en\/#website"},"datePublished":"2022-04-08T14:30:37+00:00","dateModified":"2024-12-04T18:04:00+00:00","breadcrumb":{"@id":"https:\/\/www.technic-toys.com\/izdelek\/amxrock-rcx8b-scale-crawler-pick-up-18-rtr-modra\/#breadcrumb"},"inLanguage":"en-US","potentialAction":[{"@type":"ReadAction","target":["https:\/\/www.technic-toys.com\/izdelek\/amxrock-rcx8b-scale-crawler-pick-up-18-rtr-modra\/"]}]},{"@type":"BreadcrumbList","@id":"https:\/\/www.technic-toys.com\/izdelek\/amxrock-rcx8b-scale-crawler-pick-up-18-rtr-modra\/#breadcrumb","itemListElement":[{"@type":"ListItem","position":1,"name":"Domov","item":"https:\/\/www.technic-toys.com\/en\/"},{"@type":"ListItem","position":2,"name":"Shop","item":"https:\/\/www.technic-toys.com\/en\/shop-2\/"},{"@type":"ListItem","position":3,"name":"AMXRock RCX8B Scale Crawler Pick-Up 1:8, RTR modra"}]},{"@type":"WebSite","@id":"https:\/\/www.technic-toys.com\/en\/#website","url":"https:\/\/www.technic-toys.com\/en\/","name":"TECHNIC-TOYS.com","description":"","potentialAction":[{"@type":"SearchAction","target":{"@type":"EntryPoint","urlTemplate":"https:\/\/www.technic-toys.com\/en\/?s={search_term_string}"},"query-input":"required name=search_term_string"}],"inLanguage":"en-US"}]}},"_links":{"self":[{"href":"https:\/\/www.technic-toys.com\/en\/wp-json\/wp\/v2\/product\/14157"}],"collection":[{"href":"https:\/\/www.technic-toys.com\/en\/wp-json\/wp\/v2\/product"}],"about":[{"href":"https:\/\/www.technic-toys.com\/en\/wp-json\/wp\/v2\/types\/product"}],"wp:featuredmedia":[{"embeddable":true,"href":"https:\/\/www.technic-toys.com\/en\/wp-json\/wp\/v2\/media\/14158"}],"wp:attachment":[{"href":"https:\/\/www.technic-toys.com\/en\/wp-json\/wp\/v2\/media?parent=14157"}],"wp:term":[{"taxonomy":"product_cat","embeddable":true,"href":"https:\/\/www.technic-toys.com\/en\/wp-json\/wp\/v2\/product_cat?post=14157"},{"taxonomy":"product_tag","embeddable":true,"href":"https:\/\/www.technic-toys.com\/en\/wp-json\/wp\/v2\/product_tag?post=14157"}],"curies":[{"name":"wp","href":"https:\/\/api.w.org\/{rel}","templated":true}]}}