{"id":14821,"date":"2022-04-08T16:46:08","date_gmt":"2022-04-08T14:46:08","guid":{"rendered":"https:\/\/www.technic-toys.com\/izdelek\/warrior-monster-truck-110-rtr-crno-zlato\/"},"modified":"2024-12-04T19:03:57","modified_gmt":"2024-12-04T18:03:57","slug":"warrior-monster-truck-110-rtr-crno-zlato","status":"publish","type":"product","link":"https:\/\/www.technic-toys.com\/en\/izdelek\/warrior-monster-truck-110-rtr-crno-zlato\/","title":{"rendered":"Warrior Monster Truck 1:10 RTR \u010drno\/zlato"},"content":{"rendered":"<p>Kul in trden po\u0161astni tovornjak z odli\u010dnim videzom v merilu 1:10. Zmogljiv 4WD pogon na vsa kolesa po\u017eene Warriorja do 45 km\/h. Pnevmatike iz prave gume zagotavljajo odli\u010den oprijem \u2013 v zaprtih prostorih in na prostem. Visokokakovostne in vzdr\u017eljive komponente, kot so zobniki, diferenciali, CVD pogonske gredi, dr\u017eala ro\u010dic in krogli\u010dni le\u017eaji, so izdelani iz kovine. Elektronika 3 v 1 brez stresa in odporna na \u0161kropljenje. Sprednja LED osvetlitev za najbolj\u0161o vidljivost. Realisti\u010den dizajn s stre\u0161nim prtlja\u017enikom in \u010drno pobarvanimi in perforiranimi tekalnimi deskami v tipi\u010dnem ameri\u0161kem slogu tekalne deske. (slu\u017ei tudi kot dodatna za\u0161\u010dita pri bo\u010dnem trku). Notranjost ima hladen karbonski videz. Pogonski sklop je zaprt in je zato u\u010dinkovito za\u0161\u010diten pred po\u0161kodbami. \u010crna klasi\u010dna 5-kraka plati\u0161\u010da poudarjajo dinami\u010den vtis tega odli\u010dnega tovornjaka. Mat rde\u010de bla\u017eilne vzmeti tvorijo harmoni\u010den kontrast s \u010drnim te\u017ekim podvozjem. Tovornjak se upravlja z ob\u010dutljivim, varnim in enostavnim daljinskim upravljalnikom pi\u0161tole z najnovej\u0161o tehnologijo 2,4 GHz Lastnosti: Bru\u0161en motor Kovinski diferencial Metal CVD pogonske gredi spredaj in zadaj Servo gumijaste gume z visokim navorom Krogli\u010dni le\u017eaji 3-v-1 elektronika IPX4 za\u0161\u010dita pred \u0161kropljenjem Tehni\u010dni podatki: dol\u017eina: 44 mm \u0161irina: 26 mm vi\u0161ina: 22 mm te\u017ea: 2,0 kg baterija: 1500 mAh LiIon, 7,4 V z 5600 vti\u010d) polnilnik za uravnote\u017eenje 110-240 V 800 mAh \u010das vo\u017enje pribl.: 15 minut \u010das polnjenja pribl.: 180 minut doseg pribli\u017eno 50 metrov frekvenca: 2,4GHz Maks. Hitrost: 40-45 km\/h Obseg dobave: Desert Truck Warrior monster truck 2,4 GHz radijski daljinski upravljalnik s pi\u0161tolo Polnilec baterij Izvija\u010d Kri\u017eec s klju\u010di Ilustrirana navodila za uporabo (DE\/EN, FR) od 8 let Potrebna dodatna oprema: 3x 1,5V AA Mignon baterije za oddajnik<\/p>\n","protected":false},"excerpt":{"rendered":"<p>Kul in trden po\u0161astni tovornjak z odli\u010dnim videzom v merilu 1:10. Zmogljiv 4WD pogon na vsa kolesa po\u017eene Warriorja do 45 km\/h. Pnevmatike iz prave gume zagotavljajo odli\u010den oprijem \u2013 v zaprtih prostorih in na prostem. Visokokakovostne in vzdr\u017eljive komponente, kot so zobniki, diferenciali, CVD pogonske gredi, dr\u017eala ro\u010dic in krogli\u010dni le\u017eaji, so izdelani iz [&hellip;]<\/p>\n","protected":false},"featured_media":0,"template":"","meta":[],"product_cat":[374,361],"product_tag":[],"acf":[],"yoast_head":"<!-- This site is optimized with the Yoast SEO plugin v21.7 - https:\/\/yoast.com\/wordpress\/plugins\/seo\/ -->\n<title>Warrior Monster Truck 1:10 RTR \u010drno\/zlato - TECHNIC-TOYS.com<\/title>\n<meta name=\"robots\" content=\"index, follow, max-snippet:-1, max-image-preview:large, max-video-preview:-1\" \/>\n<link rel=\"canonical\" href=\"https:\/\/www.technic-toys.com\/izdelek\/warrior-monster-truck-110-rtr-crno-zlato\/\" \/>\n<meta property=\"og:locale\" content=\"en_US\" \/>\n<meta property=\"og:type\" content=\"article\" \/>\n<meta property=\"og:title\" content=\"Warrior Monster Truck 1:10 RTR \u010drno\/zlato - TECHNIC-TOYS.com\" \/>\n<meta property=\"og:description\" content=\"Kul in trden po\u0161astni tovornjak z odli\u010dnim videzom v merilu 1:10. Zmogljiv 4WD pogon na vsa kolesa po\u017eene Warriorja do 45 km\/h. Pnevmatike iz prave gume zagotavljajo odli\u010den oprijem \u2013 v zaprtih prostorih in na prostem. Visokokakovostne in vzdr\u017eljive komponente, kot so zobniki, diferenciali, CVD pogonske gredi, dr\u017eala ro\u010dic in krogli\u010dni le\u017eaji, so izdelani iz [&hellip;]\" \/>\n<meta property=\"og:url\" content=\"https:\/\/www.technic-toys.com\/izdelek\/warrior-monster-truck-110-rtr-crno-zlato\/\" \/>\n<meta property=\"og:site_name\" content=\"TECHNIC-TOYS.com\" \/>\n<meta property=\"article:modified_time\" content=\"2024-12-04T18:03:57+00:00\" \/>\n<meta name=\"twitter:card\" content=\"summary_large_image\" \/>\n<meta name=\"twitter:label1\" content=\"Est. reading time\" \/>\n\t<meta name=\"twitter:data1\" content=\"1 minute\" \/>\n<script type=\"application\/ld+json\" class=\"yoast-schema-graph\">{\"@context\":\"https:\/\/schema.org\",\"@graph\":[{\"@type\":\"WebPage\",\"@id\":\"https:\/\/www.technic-toys.com\/izdelek\/warrior-monster-truck-110-rtr-crno-zlato\/\",\"url\":\"https:\/\/www.technic-toys.com\/izdelek\/warrior-monster-truck-110-rtr-crno-zlato\/\",\"name\":\"Warrior Monster Truck 1:10 RTR \u010drno\/zlato - TECHNIC-TOYS.com\",\"isPartOf\":{\"@id\":\"https:\/\/www.technic-toys.com\/en\/#website\"},\"datePublished\":\"2022-04-08T14:46:08+00:00\",\"dateModified\":\"2024-12-04T18:03:57+00:00\",\"breadcrumb\":{\"@id\":\"https:\/\/www.technic-toys.com\/izdelek\/warrior-monster-truck-110-rtr-crno-zlato\/#breadcrumb\"},\"inLanguage\":\"en-US\",\"potentialAction\":[{\"@type\":\"ReadAction\",\"target\":[\"https:\/\/www.technic-toys.com\/izdelek\/warrior-monster-truck-110-rtr-crno-zlato\/\"]}]},{\"@type\":\"BreadcrumbList\",\"@id\":\"https:\/\/www.technic-toys.com\/izdelek\/warrior-monster-truck-110-rtr-crno-zlato\/#breadcrumb\",\"itemListElement\":[{\"@type\":\"ListItem\",\"position\":1,\"name\":\"Domov\",\"item\":\"https:\/\/www.technic-toys.com\/en\/\"},{\"@type\":\"ListItem\",\"position\":2,\"name\":\"Shop\",\"item\":\"https:\/\/www.technic-toys.com\/en\/shop-2\/\"},{\"@type\":\"ListItem\",\"position\":3,\"name\":\"Warrior Monster Truck 1:10 RTR \u010drno\/zlato\"}]},{\"@type\":\"WebSite\",\"@id\":\"https:\/\/www.technic-toys.com\/en\/#website\",\"url\":\"https:\/\/www.technic-toys.com\/en\/\",\"name\":\"TECHNIC-TOYS.com\",\"description\":\"\",\"potentialAction\":[{\"@type\":\"SearchAction\",\"target\":{\"@type\":\"EntryPoint\",\"urlTemplate\":\"https:\/\/www.technic-toys.com\/en\/?s={search_term_string}\"},\"query-input\":\"required name=search_term_string\"}],\"inLanguage\":\"en-US\"}]}<\/script>\n<!-- \/ Yoast SEO plugin. -->","yoast_head_json":{"title":"Warrior Monster Truck 1:10 RTR \u010drno\/zlato - TECHNIC-TOYS.com","robots":{"index":"index","follow":"follow","max-snippet":"max-snippet:-1","max-image-preview":"max-image-preview:large","max-video-preview":"max-video-preview:-1"},"canonical":"https:\/\/www.technic-toys.com\/izdelek\/warrior-monster-truck-110-rtr-crno-zlato\/","og_locale":"en_US","og_type":"article","og_title":"Warrior Monster Truck 1:10 RTR \u010drno\/zlato - TECHNIC-TOYS.com","og_description":"Kul in trden po\u0161astni tovornjak z odli\u010dnim videzom v merilu 1:10. Zmogljiv 4WD pogon na vsa kolesa po\u017eene Warriorja do 45 km\/h. Pnevmatike iz prave gume zagotavljajo odli\u010den oprijem \u2013 v zaprtih prostorih in na prostem. Visokokakovostne in vzdr\u017eljive komponente, kot so zobniki, diferenciali, CVD pogonske gredi, dr\u017eala ro\u010dic in krogli\u010dni le\u017eaji, so izdelani iz [&hellip;]","og_url":"https:\/\/www.technic-toys.com\/izdelek\/warrior-monster-truck-110-rtr-crno-zlato\/","og_site_name":"TECHNIC-TOYS.com","article_modified_time":"2024-12-04T18:03:57+00:00","twitter_card":"summary_large_image","twitter_misc":{"Est. reading time":"1 minute"},"schema":{"@context":"https:\/\/schema.org","@graph":[{"@type":"WebPage","@id":"https:\/\/www.technic-toys.com\/izdelek\/warrior-monster-truck-110-rtr-crno-zlato\/","url":"https:\/\/www.technic-toys.com\/izdelek\/warrior-monster-truck-110-rtr-crno-zlato\/","name":"Warrior Monster Truck 1:10 RTR \u010drno\/zlato - TECHNIC-TOYS.com","isPartOf":{"@id":"https:\/\/www.technic-toys.com\/en\/#website"},"datePublished":"2022-04-08T14:46:08+00:00","dateModified":"2024-12-04T18:03:57+00:00","breadcrumb":{"@id":"https:\/\/www.technic-toys.com\/izdelek\/warrior-monster-truck-110-rtr-crno-zlato\/#breadcrumb"},"inLanguage":"en-US","potentialAction":[{"@type":"ReadAction","target":["https:\/\/www.technic-toys.com\/izdelek\/warrior-monster-truck-110-rtr-crno-zlato\/"]}]},{"@type":"BreadcrumbList","@id":"https:\/\/www.technic-toys.com\/izdelek\/warrior-monster-truck-110-rtr-crno-zlato\/#breadcrumb","itemListElement":[{"@type":"ListItem","position":1,"name":"Domov","item":"https:\/\/www.technic-toys.com\/en\/"},{"@type":"ListItem","position":2,"name":"Shop","item":"https:\/\/www.technic-toys.com\/en\/shop-2\/"},{"@type":"ListItem","position":3,"name":"Warrior Monster Truck 1:10 RTR \u010drno\/zlato"}]},{"@type":"WebSite","@id":"https:\/\/www.technic-toys.com\/en\/#website","url":"https:\/\/www.technic-toys.com\/en\/","name":"TECHNIC-TOYS.com","description":"","potentialAction":[{"@type":"SearchAction","target":{"@type":"EntryPoint","urlTemplate":"https:\/\/www.technic-toys.com\/en\/?s={search_term_string}"},"query-input":"required name=search_term_string"}],"inLanguage":"en-US"}]}},"_links":{"self":[{"href":"https:\/\/www.technic-toys.com\/en\/wp-json\/wp\/v2\/product\/14821"}],"collection":[{"href":"https:\/\/www.technic-toys.com\/en\/wp-json\/wp\/v2\/product"}],"about":[{"href":"https:\/\/www.technic-toys.com\/en\/wp-json\/wp\/v2\/types\/product"}],"wp:attachment":[{"href":"https:\/\/www.technic-toys.com\/en\/wp-json\/wp\/v2\/media?parent=14821"}],"wp:term":[{"taxonomy":"product_cat","embeddable":true,"href":"https:\/\/www.technic-toys.com\/en\/wp-json\/wp\/v2\/product_cat?post=14821"},{"taxonomy":"product_tag","embeddable":true,"href":"https:\/\/www.technic-toys.com\/en\/wp-json\/wp\/v2\/product_tag?post=14821"}],"curies":[{"name":"wp","href":"https:\/\/api.w.org\/{rel}","templated":true}]}}