{"id":15036,"date":"2022-04-08T16:46:08","date_gmt":"2022-04-08T14:46:08","guid":{"rendered":"https:\/\/www.technic-toys.com\/izdelek\/bager-g704e-polno-kovinski-114-bencin-24-ghz\/"},"modified":"2024-12-04T19:03:56","modified_gmt":"2024-12-04T18:03:56","slug":"bager-g704e-polno-kovinski-114-bencin-24-ghz","status":"publish","type":"product","link":"https:\/\/www.technic-toys.com\/en\/izdelek\/bager-g704e-polno-kovinski-114-bencin-24-ghz\/","title":{"rendered":"Bager G704E polno kovinski 1:14 bencin, 2,4 GHz"},"content":{"rendered":"<p>Ekskluzivni polnokovinski bager Amewi s posebnim zaklju\u010dkom in elektronsko hitro spojko, izdelan v Nem\u010diji.<\/p>\n<p>Ta polnokovinski bager v merilu 1:14 ne pu\u0161\u010da skoraj ni\u010d \u017eelenega. Roko, lopato, celotno strukturo in vsako verigo je mogo\u010de upravljati lo\u010deno. Model ima tudi generator zvoka in dima, stolp pa se lahko neskon\u010dno vrti za 360\u00b0. Za to ekskluzivno razli\u010dico Amewi Edition je bil v sodelovanju z znanim nem\u0161kim dobaviteljem prave opreme za bagre zasnovan elektronski sistem za hitro menjavo, ki je \u017ee vklju\u010den v obseg dobave tega modela. Priklju\u010den je na 3,5 mm vti\u010dnico na ro\u010dici bagra, da bi lahko namestili razli\u010dne lopate &#8211; brez odvijanja. (Hitra spojka ni primerna za vrtalne kladive, grabe\u017ee za les in ostanke).<br \/>\nTa visokokakovosten model bagra goseni\u010darja v pravem merilu zapolnjuje vrzel med igra\u010dami in izjemno drago funkcionalno gradnjo modela. Na popolnoma kovinskem bagru je mogo\u010de krmiliti skupno 23 kanalov. Tako model nikakor ni slab\u0161i od izvirnika. Terenske zmogljivosti v povezavi z elektroniko, ki je odporna na \u0161kropljenje, zagotavljajo nemoteno zabavo in dolgo \u017eivljenjsko dobo posameznih komponent.<br \/>\nBager je opremljen tudi z lesenim grabljem in kovinskim vrtljivim kladivom. Model je tako mogo\u010de obnoviti v samo nekaj preprostih korakih. Vsi deli menjalnika so kovinski, model pa ima tudi zmogljive servomotorje, ki brez te\u017eav prena\u0161ajo tudi velike obremenitve. Kakovost in pozornost do detajlov tega modela sta skoraj edinstvena kot model RTR te velikosti.<\/p>\n<p>Lastnosti:<br \/>\nRobustna kovinska konstrukcija<br \/>\nPosamezno nadzorovani veri\u017eni pogoni<br \/>\nElektronski Hitro menjalni sistem iz CNC bru\u0161enega aluminija, menjava \u017elic v kratkem \u010dasu s pritiskom na gumb.<br \/>\nZvok motorja in funkcije je mogo\u010de vklopiti in izklopiti<\/p>\n<p>Tehni\u010dni podatki:<br \/>\nMerilo: 1:14<br \/>\nDol\u017eina (iztegnjena roka): 700mm<br \/>\n\u0160irina: 480mm<br \/>\nVi\u0161ina: 180mm<br \/>\nTe\u017ea: pribli\u017eno 7 kg<br \/>\n\u0160tevilo kanalov: 23 kanalov<br \/>\nFrekvenca: 2,4GHz<br \/>\nBaterija: LI-ION 7,4V 2000MAH<\/p>\n<p>Funkcije:<br \/>\nnaprej, nazaj, levo, desno, sestavi levo, zgradi desno, velika roka gor\/dol, majhna roka gor\/dol, lopata gor\/dol, svetloba, zvok, demo na\u010din, vklop\/izklop generatorja dima, vsako verigo je mogo\u010de upravljati posebej, vklopiti na mestu iz bru\u0161enega aluminija<br \/>\nBaterija 7,4 V Li-Ion 2000 mAh<br \/>\n2,4GHz oddajnik<br \/>\nUSB polnilec<br \/>\nNavodila<br \/>\nKladivo za kovino<br \/>\nKovinski lesni grabilec<br \/>\nDimno olje<br \/>\nIzvija\u010d<br \/>\n&lt; br \/&gt;Potrebna dodatna oprema:<br \/>\n3 x 1,5V AA mignon baterije za oddajnik<\/p>\n","protected":false},"excerpt":{"rendered":"<p>Vklju\u010dno z elektronsko hitro spojko<\/p>\n","protected":false},"featured_media":15037,"template":"","meta":[],"product_cat":[374,359],"product_tag":[],"acf":[],"yoast_head":"<!-- This site is optimized with the Yoast SEO plugin v21.7 - https:\/\/yoast.com\/wordpress\/plugins\/seo\/ -->\n<title>Bager G704E polno kovinski 1:14 bencin, 2,4 GHz - TECHNIC-TOYS.com<\/title>\n<meta name=\"robots\" content=\"index, follow, max-snippet:-1, max-image-preview:large, max-video-preview:-1\" \/>\n<link rel=\"canonical\" href=\"https:\/\/www.technic-toys.com\/izdelek\/bager-g704e-polno-kovinski-114-bencin-24-ghz\/\" \/>\n<meta property=\"og:locale\" content=\"en_US\" \/>\n<meta property=\"og:type\" content=\"article\" \/>\n<meta property=\"og:title\" content=\"Bager G704E polno kovinski 1:14 bencin, 2,4 GHz - TECHNIC-TOYS.com\" \/>\n<meta property=\"og:description\" content=\"Vklju\u010dno z elektronsko hitro spojko\" \/>\n<meta property=\"og:url\" content=\"https:\/\/www.technic-toys.com\/izdelek\/bager-g704e-polno-kovinski-114-bencin-24-ghz\/\" \/>\n<meta property=\"og:site_name\" content=\"TECHNIC-TOYS.com\" \/>\n<meta property=\"article:modified_time\" content=\"2024-12-04T18:03:56+00:00\" \/>\n<meta property=\"og:image\" content=\"https:\/\/www.technic-toys.com\/wp-content\/uploads\/2022\/04\/22501.jpg\" \/>\n\t<meta property=\"og:image:width\" content=\"2560\" \/>\n\t<meta property=\"og:image:height\" content=\"1468\" \/>\n\t<meta property=\"og:image:type\" content=\"image\/jpeg\" \/>\n<meta name=\"twitter:card\" content=\"summary_large_image\" \/>\n<meta name=\"twitter:label1\" content=\"Est. reading time\" \/>\n\t<meta name=\"twitter:data1\" content=\"2 minutes\" \/>\n<script type=\"application\/ld+json\" class=\"yoast-schema-graph\">{\"@context\":\"https:\/\/schema.org\",\"@graph\":[{\"@type\":\"WebPage\",\"@id\":\"https:\/\/www.technic-toys.com\/izdelek\/bager-g704e-polno-kovinski-114-bencin-24-ghz\/\",\"url\":\"https:\/\/www.technic-toys.com\/izdelek\/bager-g704e-polno-kovinski-114-bencin-24-ghz\/\",\"name\":\"Bager G704E polno kovinski 1:14 bencin, 2,4 GHz - TECHNIC-TOYS.com\",\"isPartOf\":{\"@id\":\"https:\/\/www.technic-toys.com\/en\/#website\"},\"datePublished\":\"2022-04-08T14:46:08+00:00\",\"dateModified\":\"2024-12-04T18:03:56+00:00\",\"breadcrumb\":{\"@id\":\"https:\/\/www.technic-toys.com\/izdelek\/bager-g704e-polno-kovinski-114-bencin-24-ghz\/#breadcrumb\"},\"inLanguage\":\"en-US\",\"potentialAction\":[{\"@type\":\"ReadAction\",\"target\":[\"https:\/\/www.technic-toys.com\/izdelek\/bager-g704e-polno-kovinski-114-bencin-24-ghz\/\"]}]},{\"@type\":\"BreadcrumbList\",\"@id\":\"https:\/\/www.technic-toys.com\/izdelek\/bager-g704e-polno-kovinski-114-bencin-24-ghz\/#breadcrumb\",\"itemListElement\":[{\"@type\":\"ListItem\",\"position\":1,\"name\":\"Domov\",\"item\":\"https:\/\/www.technic-toys.com\/en\/\"},{\"@type\":\"ListItem\",\"position\":2,\"name\":\"Shop\",\"item\":\"https:\/\/www.technic-toys.com\/en\/shop-2\/\"},{\"@type\":\"ListItem\",\"position\":3,\"name\":\"Bager G704E polno kovinski 1:14 bencin, 2,4 GHz\"}]},{\"@type\":\"WebSite\",\"@id\":\"https:\/\/www.technic-toys.com\/en\/#website\",\"url\":\"https:\/\/www.technic-toys.com\/en\/\",\"name\":\"TECHNIC-TOYS.com\",\"description\":\"\",\"potentialAction\":[{\"@type\":\"SearchAction\",\"target\":{\"@type\":\"EntryPoint\",\"urlTemplate\":\"https:\/\/www.technic-toys.com\/en\/?s={search_term_string}\"},\"query-input\":\"required name=search_term_string\"}],\"inLanguage\":\"en-US\"}]}<\/script>\n<!-- \/ Yoast SEO plugin. -->","yoast_head_json":{"title":"Bager G704E polno kovinski 1:14 bencin, 2,4 GHz - TECHNIC-TOYS.com","robots":{"index":"index","follow":"follow","max-snippet":"max-snippet:-1","max-image-preview":"max-image-preview:large","max-video-preview":"max-video-preview:-1"},"canonical":"https:\/\/www.technic-toys.com\/izdelek\/bager-g704e-polno-kovinski-114-bencin-24-ghz\/","og_locale":"en_US","og_type":"article","og_title":"Bager G704E polno kovinski 1:14 bencin, 2,4 GHz - TECHNIC-TOYS.com","og_description":"Vklju\u010dno z elektronsko hitro spojko","og_url":"https:\/\/www.technic-toys.com\/izdelek\/bager-g704e-polno-kovinski-114-bencin-24-ghz\/","og_site_name":"TECHNIC-TOYS.com","article_modified_time":"2024-12-04T18:03:56+00:00","og_image":[{"width":2560,"height":1468,"url":"https:\/\/www.technic-toys.com\/wp-content\/uploads\/2022\/04\/22501.jpg","type":"image\/jpeg"}],"twitter_card":"summary_large_image","twitter_misc":{"Est. reading time":"2 minutes"},"schema":{"@context":"https:\/\/schema.org","@graph":[{"@type":"WebPage","@id":"https:\/\/www.technic-toys.com\/izdelek\/bager-g704e-polno-kovinski-114-bencin-24-ghz\/","url":"https:\/\/www.technic-toys.com\/izdelek\/bager-g704e-polno-kovinski-114-bencin-24-ghz\/","name":"Bager G704E polno kovinski 1:14 bencin, 2,4 GHz - TECHNIC-TOYS.com","isPartOf":{"@id":"https:\/\/www.technic-toys.com\/en\/#website"},"datePublished":"2022-04-08T14:46:08+00:00","dateModified":"2024-12-04T18:03:56+00:00","breadcrumb":{"@id":"https:\/\/www.technic-toys.com\/izdelek\/bager-g704e-polno-kovinski-114-bencin-24-ghz\/#breadcrumb"},"inLanguage":"en-US","potentialAction":[{"@type":"ReadAction","target":["https:\/\/www.technic-toys.com\/izdelek\/bager-g704e-polno-kovinski-114-bencin-24-ghz\/"]}]},{"@type":"BreadcrumbList","@id":"https:\/\/www.technic-toys.com\/izdelek\/bager-g704e-polno-kovinski-114-bencin-24-ghz\/#breadcrumb","itemListElement":[{"@type":"ListItem","position":1,"name":"Domov","item":"https:\/\/www.technic-toys.com\/en\/"},{"@type":"ListItem","position":2,"name":"Shop","item":"https:\/\/www.technic-toys.com\/en\/shop-2\/"},{"@type":"ListItem","position":3,"name":"Bager G704E polno kovinski 1:14 bencin, 2,4 GHz"}]},{"@type":"WebSite","@id":"https:\/\/www.technic-toys.com\/en\/#website","url":"https:\/\/www.technic-toys.com\/en\/","name":"TECHNIC-TOYS.com","description":"","potentialAction":[{"@type":"SearchAction","target":{"@type":"EntryPoint","urlTemplate":"https:\/\/www.technic-toys.com\/en\/?s={search_term_string}"},"query-input":"required name=search_term_string"}],"inLanguage":"en-US"}]}},"_links":{"self":[{"href":"https:\/\/www.technic-toys.com\/en\/wp-json\/wp\/v2\/product\/15036"}],"collection":[{"href":"https:\/\/www.technic-toys.com\/en\/wp-json\/wp\/v2\/product"}],"about":[{"href":"https:\/\/www.technic-toys.com\/en\/wp-json\/wp\/v2\/types\/product"}],"wp:featuredmedia":[{"embeddable":true,"href":"https:\/\/www.technic-toys.com\/en\/wp-json\/wp\/v2\/media\/15037"}],"wp:attachment":[{"href":"https:\/\/www.technic-toys.com\/en\/wp-json\/wp\/v2\/media?parent=15036"}],"wp:term":[{"taxonomy":"product_cat","embeddable":true,"href":"https:\/\/www.technic-toys.com\/en\/wp-json\/wp\/v2\/product_cat?post=15036"},{"taxonomy":"product_tag","embeddable":true,"href":"https:\/\/www.technic-toys.com\/en\/wp-json\/wp\/v2\/product_tag?post=15036"}],"curies":[{"name":"wp","href":"https:\/\/api.w.org\/{rel}","templated":true}]}}