{"id":15092,"date":"2022-04-08T16:46:08","date_gmt":"2022-04-08T14:46:08","guid":{"rendered":"https:\/\/www.technic-toys.com\/izdelek\/gasilsko-vozilo-mercedes-benz-118-rtr\/"},"modified":"2024-12-04T19:03:57","modified_gmt":"2024-12-04T18:03:57","slug":"gasilsko-vozilo-mercedes-benz-118-rtr","status":"publish","type":"product","link":"https:\/\/www.technic-toys.com\/en\/izdelek\/gasilsko-vozilo-mercedes-benz-118-rtr\/","title":{"rendered":"Gasilsko vozilo Mercedes-Benz 1:18 RTR"},"content":{"rendered":"<p>Ekskluzivni licen\u010dni model gasilskega vozila Mercedes AROCS v merilu 1:18. Ta \u010dudovita replika nem\u0161ke gasilske brigade navdu\u0161uje s svojo pozornostjo do detajlov, popolnoma proporcionalnimi voznimi funkcijami, zvokom (Martinshorn, motor) in LED osvetlitvijo. Vodni top s funkcijo brizganja (\u0161kropi pribli\u017eno en meter dale\u010d), se lahko vrti za 360\u00b0 in nastavi po vi\u0161ini. Vse te funkcije, vklju\u010dno z obrezovanjem volana, je mogo\u010de upravljati s prilo\u017eenim oddajnikom 2,4 Ghz v elegantni \u010drni\/rde\u010di barvi z aluminijastimi palicami. Razpon je pribli\u017eno 30-50m. Zmogljiv 2WD pogon na zadnja kolesa z gumijastimi pnevmatikami zagotavlja zadosten oprijem za dostop do te\u017ekih mest. Prilo\u017eena 1200mAh Li-Ion baterija zagotavlja \u010das vo\u017enje pribli\u017eno 10 &#8211; 15 minut, odvisno od povr\u0161ine in uporabe (s svetlobo\/zvokom, modulom za pr\u0161enje vode itd.). Baterijo je mogo\u010de odstraniti in dolga zabava je zagotovljena z dodatnimi nadomestnimi baterijami. Za polnjenje baterije je prilo\u017een USB polnilni kabel, ki ga lahko priklju\u010dite na napajalnik osebnega ra\u010dunalnika, prenosnika ali pametnega telefona. Vsi dodatni deli in aplikacije so zelo podrobni in ustrezajo originalnemu vozilu. Dostava poteka v visokokakovostni \u010drni \u0161katli z Mercedesovim odtisom in hologramom s serijsko \u0161tevilko Daimler AG. <br \/>Lastnosti: Zelo visoka stopnja podrobnosti Uradna Mercedesova ekskluzivna licenca nem\u0161ko gasilsko vozilo (napisi in zvok) 2,4 GHz sistem z 12 nadzorovanimi kanali Visokokakovosten oddajnik z aluminijastimi palicami Podrobna notranjost Prozorna okna za pogled v voznikovo kabino Velika baterija (1200 mAh Li-Ion 7,4V) Popolnoma sorazmerno nadzorovane Profilirane gumijaste pnevmatike 2WD pogon na zadnja kolesa<br \/>Tehni\u010dni podatki: Dol\u017eina: 480 mm \u0160irina: 150 Vi\u0161ina: 220 mm Te\u017ea: 2398 g vklju\u010dno z baterijskim sistemom: 2.4GHz-kanal: 2.4 baterija: Li-Ion 7,4 V 1200 mAh BEC priklju\u010dek Dx\u0160xV 70 x 36,5 x 18,5 mm, te\u017ea 77 g polnilec: USB polnilni kabel balansirnik 0,8 A izhod<br \/>Obseg dobave: model gasilski oddajnik 2,4 Ghz baterija Li-Ion 1204 V 7,4 V polnilni kabel USB oddajna palica aluminijasta navodila DE \/ EN \/ IT \/ FR<br \/>Potrebna dodatna oprema: 4x baterije Mignon 1,5 V AA<\/p>\n","protected":false},"excerpt":{"rendered":"<p>Vozilo z licenco z daljinskim upravljalnikom 2,4 GHz<\/p>\n","protected":false},"featured_media":15093,"template":"","meta":[],"product_cat":[374,360],"product_tag":[],"acf":[],"yoast_head":"<!-- This site is optimized with the Yoast SEO plugin v21.7 - https:\/\/yoast.com\/wordpress\/plugins\/seo\/ -->\n<title>Gasilsko vozilo Mercedes-Benz 1:18 RTR - TECHNIC-TOYS.com<\/title>\n<meta name=\"robots\" content=\"index, follow, max-snippet:-1, max-image-preview:large, max-video-preview:-1\" \/>\n<link rel=\"canonical\" href=\"https:\/\/www.technic-toys.com\/izdelek\/gasilsko-vozilo-mercedes-benz-118-rtr\/\" \/>\n<meta property=\"og:locale\" content=\"en_US\" \/>\n<meta property=\"og:type\" content=\"article\" \/>\n<meta property=\"og:title\" content=\"Gasilsko vozilo Mercedes-Benz 1:18 RTR - TECHNIC-TOYS.com\" \/>\n<meta property=\"og:description\" content=\"Vozilo z licenco z daljinskim upravljalnikom 2,4 GHz\" \/>\n<meta property=\"og:url\" content=\"https:\/\/www.technic-toys.com\/izdelek\/gasilsko-vozilo-mercedes-benz-118-rtr\/\" \/>\n<meta property=\"og:site_name\" content=\"TECHNIC-TOYS.com\" \/>\n<meta property=\"article:modified_time\" content=\"2024-12-04T18:03:57+00:00\" \/>\n<meta property=\"og:image\" content=\"https:\/\/www.technic-toys.com\/wp-content\/uploads\/2022\/04\/22503.jpg\" \/>\n\t<meta property=\"og:image:width\" content=\"2560\" \/>\n\t<meta property=\"og:image:height\" content=\"1468\" \/>\n\t<meta property=\"og:image:type\" content=\"image\/jpeg\" \/>\n<meta name=\"twitter:card\" content=\"summary_large_image\" \/>\n<meta name=\"twitter:label1\" content=\"Est. reading time\" \/>\n\t<meta name=\"twitter:data1\" content=\"2 minutes\" \/>\n<script type=\"application\/ld+json\" class=\"yoast-schema-graph\">{\"@context\":\"https:\/\/schema.org\",\"@graph\":[{\"@type\":\"WebPage\",\"@id\":\"https:\/\/www.technic-toys.com\/izdelek\/gasilsko-vozilo-mercedes-benz-118-rtr\/\",\"url\":\"https:\/\/www.technic-toys.com\/izdelek\/gasilsko-vozilo-mercedes-benz-118-rtr\/\",\"name\":\"Gasilsko vozilo Mercedes-Benz 1:18 RTR - TECHNIC-TOYS.com\",\"isPartOf\":{\"@id\":\"https:\/\/www.technic-toys.com\/en\/#website\"},\"datePublished\":\"2022-04-08T14:46:08+00:00\",\"dateModified\":\"2024-12-04T18:03:57+00:00\",\"breadcrumb\":{\"@id\":\"https:\/\/www.technic-toys.com\/izdelek\/gasilsko-vozilo-mercedes-benz-118-rtr\/#breadcrumb\"},\"inLanguage\":\"en-US\",\"potentialAction\":[{\"@type\":\"ReadAction\",\"target\":[\"https:\/\/www.technic-toys.com\/izdelek\/gasilsko-vozilo-mercedes-benz-118-rtr\/\"]}]},{\"@type\":\"BreadcrumbList\",\"@id\":\"https:\/\/www.technic-toys.com\/izdelek\/gasilsko-vozilo-mercedes-benz-118-rtr\/#breadcrumb\",\"itemListElement\":[{\"@type\":\"ListItem\",\"position\":1,\"name\":\"Domov\",\"item\":\"https:\/\/www.technic-toys.com\/en\/\"},{\"@type\":\"ListItem\",\"position\":2,\"name\":\"Shop\",\"item\":\"https:\/\/www.technic-toys.com\/en\/shop-2\/\"},{\"@type\":\"ListItem\",\"position\":3,\"name\":\"Gasilsko vozilo Mercedes-Benz 1:18 RTR\"}]},{\"@type\":\"WebSite\",\"@id\":\"https:\/\/www.technic-toys.com\/en\/#website\",\"url\":\"https:\/\/www.technic-toys.com\/en\/\",\"name\":\"TECHNIC-TOYS.com\",\"description\":\"\",\"potentialAction\":[{\"@type\":\"SearchAction\",\"target\":{\"@type\":\"EntryPoint\",\"urlTemplate\":\"https:\/\/www.technic-toys.com\/en\/?s={search_term_string}\"},\"query-input\":\"required name=search_term_string\"}],\"inLanguage\":\"en-US\"}]}<\/script>\n<!-- \/ Yoast SEO plugin. -->","yoast_head_json":{"title":"Gasilsko vozilo Mercedes-Benz 1:18 RTR - TECHNIC-TOYS.com","robots":{"index":"index","follow":"follow","max-snippet":"max-snippet:-1","max-image-preview":"max-image-preview:large","max-video-preview":"max-video-preview:-1"},"canonical":"https:\/\/www.technic-toys.com\/izdelek\/gasilsko-vozilo-mercedes-benz-118-rtr\/","og_locale":"en_US","og_type":"article","og_title":"Gasilsko vozilo Mercedes-Benz 1:18 RTR - TECHNIC-TOYS.com","og_description":"Vozilo z licenco z daljinskim upravljalnikom 2,4 GHz","og_url":"https:\/\/www.technic-toys.com\/izdelek\/gasilsko-vozilo-mercedes-benz-118-rtr\/","og_site_name":"TECHNIC-TOYS.com","article_modified_time":"2024-12-04T18:03:57+00:00","og_image":[{"width":2560,"height":1468,"url":"https:\/\/www.technic-toys.com\/wp-content\/uploads\/2022\/04\/22503.jpg","type":"image\/jpeg"}],"twitter_card":"summary_large_image","twitter_misc":{"Est. reading time":"2 minutes"},"schema":{"@context":"https:\/\/schema.org","@graph":[{"@type":"WebPage","@id":"https:\/\/www.technic-toys.com\/izdelek\/gasilsko-vozilo-mercedes-benz-118-rtr\/","url":"https:\/\/www.technic-toys.com\/izdelek\/gasilsko-vozilo-mercedes-benz-118-rtr\/","name":"Gasilsko vozilo Mercedes-Benz 1:18 RTR - TECHNIC-TOYS.com","isPartOf":{"@id":"https:\/\/www.technic-toys.com\/en\/#website"},"datePublished":"2022-04-08T14:46:08+00:00","dateModified":"2024-12-04T18:03:57+00:00","breadcrumb":{"@id":"https:\/\/www.technic-toys.com\/izdelek\/gasilsko-vozilo-mercedes-benz-118-rtr\/#breadcrumb"},"inLanguage":"en-US","potentialAction":[{"@type":"ReadAction","target":["https:\/\/www.technic-toys.com\/izdelek\/gasilsko-vozilo-mercedes-benz-118-rtr\/"]}]},{"@type":"BreadcrumbList","@id":"https:\/\/www.technic-toys.com\/izdelek\/gasilsko-vozilo-mercedes-benz-118-rtr\/#breadcrumb","itemListElement":[{"@type":"ListItem","position":1,"name":"Domov","item":"https:\/\/www.technic-toys.com\/en\/"},{"@type":"ListItem","position":2,"name":"Shop","item":"https:\/\/www.technic-toys.com\/en\/shop-2\/"},{"@type":"ListItem","position":3,"name":"Gasilsko vozilo Mercedes-Benz 1:18 RTR"}]},{"@type":"WebSite","@id":"https:\/\/www.technic-toys.com\/en\/#website","url":"https:\/\/www.technic-toys.com\/en\/","name":"TECHNIC-TOYS.com","description":"","potentialAction":[{"@type":"SearchAction","target":{"@type":"EntryPoint","urlTemplate":"https:\/\/www.technic-toys.com\/en\/?s={search_term_string}"},"query-input":"required name=search_term_string"}],"inLanguage":"en-US"}]}},"_links":{"self":[{"href":"https:\/\/www.technic-toys.com\/en\/wp-json\/wp\/v2\/product\/15092"}],"collection":[{"href":"https:\/\/www.technic-toys.com\/en\/wp-json\/wp\/v2\/product"}],"about":[{"href":"https:\/\/www.technic-toys.com\/en\/wp-json\/wp\/v2\/types\/product"}],"wp:featuredmedia":[{"embeddable":true,"href":"https:\/\/www.technic-toys.com\/en\/wp-json\/wp\/v2\/media\/15093"}],"wp:attachment":[{"href":"https:\/\/www.technic-toys.com\/en\/wp-json\/wp\/v2\/media?parent=15092"}],"wp:term":[{"taxonomy":"product_cat","embeddable":true,"href":"https:\/\/www.technic-toys.com\/en\/wp-json\/wp\/v2\/product_cat?post=15092"},{"taxonomy":"product_tag","embeddable":true,"href":"https:\/\/www.technic-toys.com\/en\/wp-json\/wp\/v2\/product_tag?post=15092"}],"curies":[{"name":"wp","href":"https:\/\/api.w.org\/{rel}","templated":true}]}}