{"id":15148,"date":"2022-04-08T16:46:08","date_gmt":"2022-04-08T14:46:08","guid":{"rendered":"https:\/\/www.technic-toys.com\/izdelek\/popolnoma-kovinski-hidravlicni-bager-g101h-116-rtr-bele-barve\/"},"modified":"2025-01-25T19:30:29","modified_gmt":"2025-01-25T18:30:29","slug":"popolnoma-kovinski-hidravlicni-bager-g101h-116-rtr-bele-barve","status":"publish","type":"product","link":"https:\/\/www.technic-toys.com\/en\/izdelek\/popolnoma-kovinski-hidravlicni-bager-g101h-116-rtr-bele-barve\/","title":{"rendered":"Popolnoma kovinski hidravli\u010dni bager G101H 1:16 RTR bele barve"},"content":{"rendered":"<p>Ekskluzivni, visokokakovosten bager goseni\u010dar v merilu 1:16 kot model RTR v ekskluzivnem dizajnu Amewi z oddajnikom 2,4 GHz, baterijo, polnilnikom in vso dodatno opremo, ki je potrebna za delovanje (razen baterij za oddajnik).<br \/>\n\/&gt;<br \/>\nKakovostna izdelava v kombinaciji z visokokakovostno tehnologijo je najbolj\u0161i na\u010din za opis tega modela. Celotna konstrukcija je kovinska, ogrodje in delovno orodje (lopata) pa so hidravli\u010dno gnani. Podvozje deluje z brezkrta\u010dnimi motorji, en motor je odgovoren za vsak zobnik levo in desno. Hidravli\u010dna \u010drpalka deluje tudi z brezkrta\u010dnim motorjem. To pomeni, da je vedno na voljo dovolj mo\u010di za prihajajo\u010de delo. Model je mogo\u010de upravljati zelo ob\u010dutljivo preko prilo\u017eenega oddajnika 2,4 GHz z evro nadzorom (razporeditev palic kot pri pravem bagru).<br \/>\nOsvetlitev lahko preklapljate tudi preko oddajnika. Preko oddajnika je mogo\u010de upravljati tudi druge dodatne priklju\u010dke. To pu\u0161\u010da dovolj prostora za lastne ideje.<br \/>\nTa plemeniti model je dostavljen v robustni leseni \u0161katli.<\/p>\n<p>Lastnosti:<br \/>\nZelo stabilno, belo pobarvano ohi\u0161je iz lite kovine<br \/>\nBrezkrta\u010dna hidravli\u010dna \u010drpalka za hitro flow<br \/>\n4 preklopni LED \u017earometi za osvetlitev &#8220;gradbi\u0161\u010da&#8221;<br \/>\n10K mAh litij-ionska baterija za dolg \u010das delovanja za enostaven transport<br \/>\nVelika kovinska lopata<br \/>\nNoble 2,4 GHz oddajnik z oznako tipa bagra<\/p>\n<p>Tehni\u010dni podatki:<br \/>\nModel te\u017ee pripravljen za vo\u017enjo: 10kg<br \/>\n\u0160irina zgornjega vozi\u010dka: 165mm&lt; br \/&gt;Vi\u0161ina nad nadgradnjo: 159mm<br \/>\nVi\u0161ina nad kabino : 185 mm<br \/>\nOdmik od tal: 78mm<br \/>\nZadnja dol\u017eina: 165mm<br \/>\nMosna razdalja: 235mm<br \/>\nDol\u017eina podvozja: 282mm<br \/>\nOdmik od tal: 29mm<br \/>\nVi\u0161ina gosenice: 66 mm<br \/>\n\u0160irina gosenice: 145 mm<br \/>\n\u0160irina gosenice: 92 mm<br \/>\n\u0160irina nad gosenicami: 195 mm<br \/>\nVi\u0161ina oklopa: 200 mm<br \/>\nDol\u017eina na tleh: 230 mm<br \/>\nSkupna dol\u017eina: 620mm<br \/>\nSkupna dol\u017eina z iztegnjenimi oporniki: 800mm<br \/>\nDvi\u017ena mo\u010d, odvisno od zaslona: 12-15kg<br \/>\nBaterija: Li-Ion, 7,4V, 10.000 mAh&lt; br \/&gt; Polnilec: LiPo\/LiIon polnilnik 2S\/3S<br \/>\nHidravli\u010dno olje: #46<br \/>\nOddajnik: FS-i6S z zaslonom na dotik 2,4 GHz<\/p>\n<p>Obseg dobave:<br \/>\nBager G101H<br \/>\nDaljinski upravljalnik FS-i6S 2,4Ghz<br \/>\nLi-Ion baterija 7,4V 10,000mAh<br \/>\nUSB polnilni kabel<br \/>\nHidravli\u010dno olje<br \/>\nNavodila za uporabo&lt; br \/&gt;<br \/>\nPotrebna dodatna oprema:<br \/>\n4x AA mignon baterije za oddajnik<\/p>\n","protected":false},"excerpt":{"rendered":"<p>Ekskluzivna izdaja Amewi<\/p>\n","protected":false},"featured_media":15149,"template":"","meta":[],"product_cat":[374,359],"product_tag":[],"acf":[],"yoast_head":"<!-- This site is optimized with the Yoast SEO plugin v21.7 - https:\/\/yoast.com\/wordpress\/plugins\/seo\/ -->\n<title>Popolnoma kovinski hidravli\u010dni bager G101H 1:16 RTR bele barve - TECHNIC-TOYS.com<\/title>\n<meta name=\"robots\" content=\"index, follow, max-snippet:-1, max-image-preview:large, max-video-preview:-1\" \/>\n<link rel=\"canonical\" href=\"https:\/\/www.technic-toys.com\/izdelek\/popolnoma-kovinski-hidravlicni-bager-g101h-116-rtr-bele-barve\/\" \/>\n<meta property=\"og:locale\" content=\"en_US\" \/>\n<meta property=\"og:type\" content=\"article\" \/>\n<meta property=\"og:title\" content=\"Popolnoma kovinski hidravli\u010dni bager G101H 1:16 RTR bele barve - TECHNIC-TOYS.com\" \/>\n<meta property=\"og:description\" content=\"Ekskluzivna izdaja Amewi\" \/>\n<meta property=\"og:url\" content=\"https:\/\/www.technic-toys.com\/izdelek\/popolnoma-kovinski-hidravlicni-bager-g101h-116-rtr-bele-barve\/\" \/>\n<meta property=\"og:site_name\" content=\"TECHNIC-TOYS.com\" \/>\n<meta property=\"article:modified_time\" content=\"2025-01-25T18:30:29+00:00\" \/>\n<meta property=\"og:image\" content=\"https:\/\/www.technic-toys.com\/wp-content\/uploads\/2022\/04\/22505mzFJxlD3mxhyZ.jpg\" \/>\n\t<meta property=\"og:image:width\" content=\"2560\" \/>\n\t<meta property=\"og:image:height\" content=\"1468\" \/>\n\t<meta property=\"og:image:type\" content=\"image\/jpeg\" \/>\n<meta name=\"twitter:card\" content=\"summary_large_image\" \/>\n<meta name=\"twitter:label1\" content=\"Est. reading time\" \/>\n\t<meta name=\"twitter:data1\" content=\"2 minutes\" \/>\n<script type=\"application\/ld+json\" class=\"yoast-schema-graph\">{\"@context\":\"https:\/\/schema.org\",\"@graph\":[{\"@type\":\"WebPage\",\"@id\":\"https:\/\/www.technic-toys.com\/izdelek\/popolnoma-kovinski-hidravlicni-bager-g101h-116-rtr-bele-barve\/\",\"url\":\"https:\/\/www.technic-toys.com\/izdelek\/popolnoma-kovinski-hidravlicni-bager-g101h-116-rtr-bele-barve\/\",\"name\":\"Popolnoma kovinski hidravli\u010dni bager G101H 1:16 RTR bele barve - TECHNIC-TOYS.com\",\"isPartOf\":{\"@id\":\"https:\/\/www.technic-toys.com\/en\/#website\"},\"datePublished\":\"2022-04-08T14:46:08+00:00\",\"dateModified\":\"2025-01-25T18:30:29+00:00\",\"breadcrumb\":{\"@id\":\"https:\/\/www.technic-toys.com\/izdelek\/popolnoma-kovinski-hidravlicni-bager-g101h-116-rtr-bele-barve\/#breadcrumb\"},\"inLanguage\":\"en-US\",\"potentialAction\":[{\"@type\":\"ReadAction\",\"target\":[\"https:\/\/www.technic-toys.com\/izdelek\/popolnoma-kovinski-hidravlicni-bager-g101h-116-rtr-bele-barve\/\"]}]},{\"@type\":\"BreadcrumbList\",\"@id\":\"https:\/\/www.technic-toys.com\/izdelek\/popolnoma-kovinski-hidravlicni-bager-g101h-116-rtr-bele-barve\/#breadcrumb\",\"itemListElement\":[{\"@type\":\"ListItem\",\"position\":1,\"name\":\"Domov\",\"item\":\"https:\/\/www.technic-toys.com\/en\/\"},{\"@type\":\"ListItem\",\"position\":2,\"name\":\"Shop\",\"item\":\"https:\/\/www.technic-toys.com\/en\/shop-2\/\"},{\"@type\":\"ListItem\",\"position\":3,\"name\":\"Popolnoma kovinski hidravli\u010dni bager G101H 1:16 RTR bele barve\"}]},{\"@type\":\"WebSite\",\"@id\":\"https:\/\/www.technic-toys.com\/en\/#website\",\"url\":\"https:\/\/www.technic-toys.com\/en\/\",\"name\":\"TECHNIC-TOYS.com\",\"description\":\"\",\"potentialAction\":[{\"@type\":\"SearchAction\",\"target\":{\"@type\":\"EntryPoint\",\"urlTemplate\":\"https:\/\/www.technic-toys.com\/en\/?s={search_term_string}\"},\"query-input\":\"required name=search_term_string\"}],\"inLanguage\":\"en-US\"}]}<\/script>\n<!-- \/ Yoast SEO plugin. -->","yoast_head_json":{"title":"Popolnoma kovinski hidravli\u010dni bager G101H 1:16 RTR bele barve - TECHNIC-TOYS.com","robots":{"index":"index","follow":"follow","max-snippet":"max-snippet:-1","max-image-preview":"max-image-preview:large","max-video-preview":"max-video-preview:-1"},"canonical":"https:\/\/www.technic-toys.com\/izdelek\/popolnoma-kovinski-hidravlicni-bager-g101h-116-rtr-bele-barve\/","og_locale":"en_US","og_type":"article","og_title":"Popolnoma kovinski hidravli\u010dni bager G101H 1:16 RTR bele barve - TECHNIC-TOYS.com","og_description":"Ekskluzivna izdaja Amewi","og_url":"https:\/\/www.technic-toys.com\/izdelek\/popolnoma-kovinski-hidravlicni-bager-g101h-116-rtr-bele-barve\/","og_site_name":"TECHNIC-TOYS.com","article_modified_time":"2025-01-25T18:30:29+00:00","og_image":[{"width":2560,"height":1468,"url":"https:\/\/www.technic-toys.com\/wp-content\/uploads\/2022\/04\/22505mzFJxlD3mxhyZ.jpg","type":"image\/jpeg"}],"twitter_card":"summary_large_image","twitter_misc":{"Est. reading time":"2 minutes"},"schema":{"@context":"https:\/\/schema.org","@graph":[{"@type":"WebPage","@id":"https:\/\/www.technic-toys.com\/izdelek\/popolnoma-kovinski-hidravlicni-bager-g101h-116-rtr-bele-barve\/","url":"https:\/\/www.technic-toys.com\/izdelek\/popolnoma-kovinski-hidravlicni-bager-g101h-116-rtr-bele-barve\/","name":"Popolnoma kovinski hidravli\u010dni bager G101H 1:16 RTR bele barve - TECHNIC-TOYS.com","isPartOf":{"@id":"https:\/\/www.technic-toys.com\/en\/#website"},"datePublished":"2022-04-08T14:46:08+00:00","dateModified":"2025-01-25T18:30:29+00:00","breadcrumb":{"@id":"https:\/\/www.technic-toys.com\/izdelek\/popolnoma-kovinski-hidravlicni-bager-g101h-116-rtr-bele-barve\/#breadcrumb"},"inLanguage":"en-US","potentialAction":[{"@type":"ReadAction","target":["https:\/\/www.technic-toys.com\/izdelek\/popolnoma-kovinski-hidravlicni-bager-g101h-116-rtr-bele-barve\/"]}]},{"@type":"BreadcrumbList","@id":"https:\/\/www.technic-toys.com\/izdelek\/popolnoma-kovinski-hidravlicni-bager-g101h-116-rtr-bele-barve\/#breadcrumb","itemListElement":[{"@type":"ListItem","position":1,"name":"Domov","item":"https:\/\/www.technic-toys.com\/en\/"},{"@type":"ListItem","position":2,"name":"Shop","item":"https:\/\/www.technic-toys.com\/en\/shop-2\/"},{"@type":"ListItem","position":3,"name":"Popolnoma kovinski hidravli\u010dni bager G101H 1:16 RTR bele barve"}]},{"@type":"WebSite","@id":"https:\/\/www.technic-toys.com\/en\/#website","url":"https:\/\/www.technic-toys.com\/en\/","name":"TECHNIC-TOYS.com","description":"","potentialAction":[{"@type":"SearchAction","target":{"@type":"EntryPoint","urlTemplate":"https:\/\/www.technic-toys.com\/en\/?s={search_term_string}"},"query-input":"required name=search_term_string"}],"inLanguage":"en-US"}]}},"_links":{"self":[{"href":"https:\/\/www.technic-toys.com\/en\/wp-json\/wp\/v2\/product\/15148"}],"collection":[{"href":"https:\/\/www.technic-toys.com\/en\/wp-json\/wp\/v2\/product"}],"about":[{"href":"https:\/\/www.technic-toys.com\/en\/wp-json\/wp\/v2\/types\/product"}],"wp:featuredmedia":[{"embeddable":true,"href":"https:\/\/www.technic-toys.com\/en\/wp-json\/wp\/v2\/media\/15149"}],"wp:attachment":[{"href":"https:\/\/www.technic-toys.com\/en\/wp-json\/wp\/v2\/media?parent=15148"}],"wp:term":[{"taxonomy":"product_cat","embeddable":true,"href":"https:\/\/www.technic-toys.com\/en\/wp-json\/wp\/v2\/product_cat?post=15148"},{"taxonomy":"product_tag","embeddable":true,"href":"https:\/\/www.technic-toys.com\/en\/wp-json\/wp\/v2\/product_tag?post=15148"}],"curies":[{"name":"wp","href":"https:\/\/api.w.org\/{rel}","templated":true}]}}