{"id":15207,"date":"2022-04-08T16:46:08","date_gmt":"2022-04-08T14:46:08","guid":{"rendered":"https:\/\/www.technic-toys.com\/izdelek\/d90x12-scale-off-road-crawler-4wd-112-rtr\/"},"modified":"2025-12-03T06:47:31","modified_gmt":"2025-12-03T05:47:31","slug":"d90x12-scale-off-road-crawler-4wd-112-rtr","status":"publish","type":"product","link":"https:\/\/www.technic-toys.com\/en\/izdelek\/d90x12-scale-off-road-crawler-4wd-112-rtr\/","title":{"rendered":"D90X12 Scale Off-Road Crawler 4WD 1:12 RTR"},"content":{"rendered":"<p> Replika terenskega vozila D90 v \u010dudovitem videzu s popolno LED osvetlitvijo, vklju\u010dno z indikatorji. Model zdru\u017euje dobre vozne lastnosti (popolnoma sorazmerne) z odli\u010dno tehnologijo in iznajdljivim videzom. Model je narejen po originalu do najmanj\u0161ih podrobnosti in vsi nastavki kot so brisalci vetrobranskega stekla, pokrovi lu\u010di, ogledala, dovod zraka itd. Vsi nastavki so priklju\u010deni in jih ni treba lepiti. Stre\u0161ni prtlja\u017enik je \u017ee sestavljen in ponuja prostor za va\u0161e lastne ideje, kot so izbirna \u0161katla za orodje, rezervna kolesa ali podobno. Pokrov motorja se lahko odpre. Spodaj je predal za veliko 1200 mAh baterijo. S tem modelom lahko pustite domi\u0161ljiji prosto pot. Visokokakovostna obdelava masivnega ABS karoserije in kovinski okvir (\u0161asija) dopolnjujeta paket.<\/p>\n<p>Lastnosti: <br \/>Popolnoma proporcionalen nadzor<br \/>4WD \u0161tirikolesni pogon<br \/ >Kovinsko ohi\u0161je<br \/> Elektronika, odporna na \u0161kropljenje<br \/>Optika skale<br \/>Pokrov motorja je mogo\u010de odpreti (predal za baterijo)<br \/>Deli za pritrditev so vklju\u010deni v dobavo<br \/>Baterija (1200 mAh) in polnilnik prilo\u017eena <\/p>\n<p>Tehni\u010dni podatki:< br \/>Dol\u017eina: 350mm<br \/>\u0160irina: 165mm<br \/>Vi\u0161ina: 205mm<br \/>Te\u017ea: vklju\u010dno z baterijo 913g<br \/>Mosna razdalja: 195mm< br \/>Baterija: 7,4 V LiIon 1200 mAh<br \/>Dimenzije baterije: 71 x 36,7 x 19 mm<br \/>Te\u017ea baterije: 83g<br \/>Priklju\u010dek: HBX vti\u010d 3-pinski<br \/>Polnilni kabel USB izhod 800mAh< br \/>\u010cas vo\u017enje: 15 &#8211; 20 minut<br \/ >\u010cas polnjenja: 120 minut<br \/>Domet: 30 &#8211; 50 metrov<br \/>Maks. Naklon: 30\u00b0<br \/>Maksimalna hitrost: pribli\u017eno 15km\/h<\/p>\n<p>Obseg dobave:<br \/>Model<br \/>Oddajnik 2,4GHz<br \/>Baterija 1200mAh 7,4V Li- Ion <br \/>USB polnilni kabel s priklju\u010dkom HBX<br \/>Priklju\u010dki<br \/>Navodila DE\/EN\/IT\/FR<\/p>\n<p>Potrebna dodatna oprema:<br \/>4x AA mignon baterije za oddajnik < br \/> <\/p>\n","protected":false},"excerpt":{"rendered":"<p>Replika terenskega vozila D90 v \u010dudovitem videzu s popolno LED osvetlitvijo, vklju\u010dno z indikatorji. Model zdru\u017euje dobre vozne lastnosti (popolnoma sorazmerne) z odli\u010dno tehnologijo in iznajdljivim videzom. Model je narejen po originalu do najmanj\u0161ih podrobnosti in vsi nastavki kot so brisalci vetrobranskega stekla, pokrovi lu\u010di, ogledala, dovod zraka itd. Vsi nastavki so priklju\u010deni in jih [&hellip;]<\/p>\n","protected":false},"featured_media":15208,"template":"","meta":[],"product_cat":[374,361],"product_tag":[],"acf":[],"yoast_head":"<!-- This site is optimized with the Yoast SEO plugin v21.7 - https:\/\/yoast.com\/wordpress\/plugins\/seo\/ -->\n<title>D90X12 Scale Off-Road Crawler 4WD 1:12 RTR - TECHNIC-TOYS.com<\/title>\n<meta name=\"robots\" content=\"index, follow, max-snippet:-1, max-image-preview:large, max-video-preview:-1\" \/>\n<link rel=\"canonical\" href=\"https:\/\/www.technic-toys.com\/izdelek\/d90x12-scale-off-road-crawler-4wd-112-rtr\/\" \/>\n<meta property=\"og:locale\" content=\"en_US\" \/>\n<meta property=\"og:type\" content=\"article\" \/>\n<meta property=\"og:title\" content=\"D90X12 Scale Off-Road Crawler 4WD 1:12 RTR - TECHNIC-TOYS.com\" \/>\n<meta property=\"og:description\" content=\"Replika terenskega vozila D90 v \u010dudovitem videzu s popolno LED osvetlitvijo, vklju\u010dno z indikatorji. Model zdru\u017euje dobre vozne lastnosti (popolnoma sorazmerne) z odli\u010dno tehnologijo in iznajdljivim videzom. Model je narejen po originalu do najmanj\u0161ih podrobnosti in vsi nastavki kot so brisalci vetrobranskega stekla, pokrovi lu\u010di, ogledala, dovod zraka itd. Vsi nastavki so priklju\u010deni in jih [&hellip;]\" \/>\n<meta property=\"og:url\" content=\"https:\/\/www.technic-toys.com\/izdelek\/d90x12-scale-off-road-crawler-4wd-112-rtr\/\" \/>\n<meta property=\"og:site_name\" content=\"TECHNIC-TOYS.com\" \/>\n<meta property=\"article:modified_time\" content=\"2025-12-03T05:47:31+00:00\" \/>\n<meta property=\"og:image\" content=\"https:\/\/www.technic-toys.com\/wp-content\/uploads\/2022\/04\/22507.jpg\" \/>\n\t<meta property=\"og:image:width\" content=\"2560\" \/>\n\t<meta property=\"og:image:height\" content=\"1468\" \/>\n\t<meta property=\"og:image:type\" content=\"image\/jpeg\" \/>\n<meta name=\"twitter:card\" content=\"summary_large_image\" \/>\n<meta name=\"twitter:label1\" content=\"Est. reading time\" \/>\n\t<meta name=\"twitter:data1\" content=\"1 minute\" \/>\n<script type=\"application\/ld+json\" class=\"yoast-schema-graph\">{\"@context\":\"https:\/\/schema.org\",\"@graph\":[{\"@type\":\"WebPage\",\"@id\":\"https:\/\/www.technic-toys.com\/izdelek\/d90x12-scale-off-road-crawler-4wd-112-rtr\/\",\"url\":\"https:\/\/www.technic-toys.com\/izdelek\/d90x12-scale-off-road-crawler-4wd-112-rtr\/\",\"name\":\"D90X12 Scale Off-Road Crawler 4WD 1:12 RTR - TECHNIC-TOYS.com\",\"isPartOf\":{\"@id\":\"https:\/\/www.technic-toys.com\/en\/#website\"},\"datePublished\":\"2022-04-08T14:46:08+00:00\",\"dateModified\":\"2025-12-03T05:47:31+00:00\",\"breadcrumb\":{\"@id\":\"https:\/\/www.technic-toys.com\/izdelek\/d90x12-scale-off-road-crawler-4wd-112-rtr\/#breadcrumb\"},\"inLanguage\":\"en-US\",\"potentialAction\":[{\"@type\":\"ReadAction\",\"target\":[\"https:\/\/www.technic-toys.com\/izdelek\/d90x12-scale-off-road-crawler-4wd-112-rtr\/\"]}]},{\"@type\":\"BreadcrumbList\",\"@id\":\"https:\/\/www.technic-toys.com\/izdelek\/d90x12-scale-off-road-crawler-4wd-112-rtr\/#breadcrumb\",\"itemListElement\":[{\"@type\":\"ListItem\",\"position\":1,\"name\":\"Domov\",\"item\":\"https:\/\/www.technic-toys.com\/en\/\"},{\"@type\":\"ListItem\",\"position\":2,\"name\":\"Shop\",\"item\":\"https:\/\/www.technic-toys.com\/en\/shop-2\/\"},{\"@type\":\"ListItem\",\"position\":3,\"name\":\"D90X12 Scale Off-Road Crawler 4WD 1:12 RTR\"}]},{\"@type\":\"WebSite\",\"@id\":\"https:\/\/www.technic-toys.com\/en\/#website\",\"url\":\"https:\/\/www.technic-toys.com\/en\/\",\"name\":\"TECHNIC-TOYS.com\",\"description\":\"\",\"potentialAction\":[{\"@type\":\"SearchAction\",\"target\":{\"@type\":\"EntryPoint\",\"urlTemplate\":\"https:\/\/www.technic-toys.com\/en\/?s={search_term_string}\"},\"query-input\":\"required name=search_term_string\"}],\"inLanguage\":\"en-US\"}]}<\/script>\n<!-- \/ Yoast SEO plugin. -->","yoast_head_json":{"title":"D90X12 Scale Off-Road Crawler 4WD 1:12 RTR - TECHNIC-TOYS.com","robots":{"index":"index","follow":"follow","max-snippet":"max-snippet:-1","max-image-preview":"max-image-preview:large","max-video-preview":"max-video-preview:-1"},"canonical":"https:\/\/www.technic-toys.com\/izdelek\/d90x12-scale-off-road-crawler-4wd-112-rtr\/","og_locale":"en_US","og_type":"article","og_title":"D90X12 Scale Off-Road Crawler 4WD 1:12 RTR - TECHNIC-TOYS.com","og_description":"Replika terenskega vozila D90 v \u010dudovitem videzu s popolno LED osvetlitvijo, vklju\u010dno z indikatorji. Model zdru\u017euje dobre vozne lastnosti (popolnoma sorazmerne) z odli\u010dno tehnologijo in iznajdljivim videzom. Model je narejen po originalu do najmanj\u0161ih podrobnosti in vsi nastavki kot so brisalci vetrobranskega stekla, pokrovi lu\u010di, ogledala, dovod zraka itd. Vsi nastavki so priklju\u010deni in jih [&hellip;]","og_url":"https:\/\/www.technic-toys.com\/izdelek\/d90x12-scale-off-road-crawler-4wd-112-rtr\/","og_site_name":"TECHNIC-TOYS.com","article_modified_time":"2025-12-03T05:47:31+00:00","og_image":[{"width":2560,"height":1468,"url":"https:\/\/www.technic-toys.com\/wp-content\/uploads\/2022\/04\/22507.jpg","type":"image\/jpeg"}],"twitter_card":"summary_large_image","twitter_misc":{"Est. reading time":"1 minute"},"schema":{"@context":"https:\/\/schema.org","@graph":[{"@type":"WebPage","@id":"https:\/\/www.technic-toys.com\/izdelek\/d90x12-scale-off-road-crawler-4wd-112-rtr\/","url":"https:\/\/www.technic-toys.com\/izdelek\/d90x12-scale-off-road-crawler-4wd-112-rtr\/","name":"D90X12 Scale Off-Road Crawler 4WD 1:12 RTR - TECHNIC-TOYS.com","isPartOf":{"@id":"https:\/\/www.technic-toys.com\/en\/#website"},"datePublished":"2022-04-08T14:46:08+00:00","dateModified":"2025-12-03T05:47:31+00:00","breadcrumb":{"@id":"https:\/\/www.technic-toys.com\/izdelek\/d90x12-scale-off-road-crawler-4wd-112-rtr\/#breadcrumb"},"inLanguage":"en-US","potentialAction":[{"@type":"ReadAction","target":["https:\/\/www.technic-toys.com\/izdelek\/d90x12-scale-off-road-crawler-4wd-112-rtr\/"]}]},{"@type":"BreadcrumbList","@id":"https:\/\/www.technic-toys.com\/izdelek\/d90x12-scale-off-road-crawler-4wd-112-rtr\/#breadcrumb","itemListElement":[{"@type":"ListItem","position":1,"name":"Domov","item":"https:\/\/www.technic-toys.com\/en\/"},{"@type":"ListItem","position":2,"name":"Shop","item":"https:\/\/www.technic-toys.com\/en\/shop-2\/"},{"@type":"ListItem","position":3,"name":"D90X12 Scale Off-Road Crawler 4WD 1:12 RTR"}]},{"@type":"WebSite","@id":"https:\/\/www.technic-toys.com\/en\/#website","url":"https:\/\/www.technic-toys.com\/en\/","name":"TECHNIC-TOYS.com","description":"","potentialAction":[{"@type":"SearchAction","target":{"@type":"EntryPoint","urlTemplate":"https:\/\/www.technic-toys.com\/en\/?s={search_term_string}"},"query-input":"required name=search_term_string"}],"inLanguage":"en-US"}]}},"_links":{"self":[{"href":"https:\/\/www.technic-toys.com\/en\/wp-json\/wp\/v2\/product\/15207"}],"collection":[{"href":"https:\/\/www.technic-toys.com\/en\/wp-json\/wp\/v2\/product"}],"about":[{"href":"https:\/\/www.technic-toys.com\/en\/wp-json\/wp\/v2\/types\/product"}],"wp:featuredmedia":[{"embeddable":true,"href":"https:\/\/www.technic-toys.com\/en\/wp-json\/wp\/v2\/media\/15208"}],"wp:attachment":[{"href":"https:\/\/www.technic-toys.com\/en\/wp-json\/wp\/v2\/media?parent=15207"}],"wp:term":[{"taxonomy":"product_cat","embeddable":true,"href":"https:\/\/www.technic-toys.com\/en\/wp-json\/wp\/v2\/product_cat?post=15207"},{"taxonomy":"product_tag","embeddable":true,"href":"https:\/\/www.technic-toys.com\/en\/wp-json\/wp\/v2\/product_tag?post=15207"}],"curies":[{"name":"wp","href":"https:\/\/api.w.org\/{rel}","templated":true}]}}