{"id":15391,"date":"2022-04-08T16:54:54","date_gmt":"2022-04-08T14:54:54","guid":{"rendered":"https:\/\/www.technic-toys.com\/izdelek\/raven-4x4-monster-truggy-brezkrtacni-110-rtr\/"},"modified":"2024-12-04T19:03:45","modified_gmt":"2024-12-04T18:03:45","slug":"raven-4x4-monster-truggy-brezkrtacni-110-rtr","status":"publish","type":"product","link":"https:\/\/www.technic-toys.com\/en\/izdelek\/raven-4x4-monster-truggy-brezkrtacni-110-rtr\/","title":{"rendered":"Raven 4&#215;4 Monster Truggy brezkrta\u010dni 1:10 RTR"},"content":{"rendered":"<p>Brute pogonske komponente, sestavljene iz brezkrta\u010dnega motorja 2650KV in 120A brezkrta\u010dnega krmilnika, v povezavi s prilo\u017eenim LiPo 3S 11.1V 4000mAh, omogo\u010dajo, da Truggy v merilu 1:10 dose\u017ee impresivne najvi\u0161je hitrosti do 80 km\/h. <\/p>\n<p>Ta izjemen model temelji na na\u0161em priljubljenem AM10T, ki se je skozi leta nenehno izbolj\u0161eval \u2013 rezultat je zdaj Raven 4&#215;4. Vse izbolj\u0161ave, ki so bile vklju\u010dene v serijsko proizvodnjo, ga naredijo pravega navdu\u0161enca, ki zagotavlja u\u017eitek v vo\u017enji.<\/p>\n<p>Monster Truggy ima celo vrsto uporabnih funkcij: \u0161tirikolesni pogon 4&#215;4, neodvisno vzmetenje koles, neodvisno vzmetenje koles , visokokakovostni krogli\u010dni le\u017eaji, kaljene CVD pogonske gredi, enostavno drsne tekmovalne bla\u017eilnike, glavni diferencial, odporen na prah in \u0161kropljenje, le\u017eajne in utrjene pogone ter utrjeno kardansko gred skoraj brez zra\u010dnosti. Mehka in fleksibilna plastika, ohi\u0161je iz trpe\u017enega polikarbonata in dodatni pra\u0161ni pokrov za elektroniko in predel motorja zagotavljajo dolgo \u017eivljenjsko dobo komponent. Robustno plasti\u010dno ohi\u0161je je na sredini oja\u010dano z aluminijasto sredinsko plo\u0161\u010do, ki absorbira tudi najte\u017eje trke. Amortizerski stolpi, oja\u010ditve prenosa in krmilni \u010dlenki so izdelani iz visokokakovostnega eloksiranega aluminija.<\/p>\n<p>Da je Raven pripravljen za uporabo, je v obseg dobave \u017ee vklju\u010dena 3S 11.1V 4000mAh LiPo baterija. Za hitro polnjenje je prilo\u017een tudi ve\u010dnamenski polnilnik 10A 80W. Raven 4&#215;4 je opremljen s 4-kanalnim daljinskim upravljalnikom 2,4 GHz. Paket dopolnjujejo kolesni drog in preklopna LED osvetlitev spredaj in zadaj. Raven 4&#215;4 je sestavljen pripravljen za vo\u017enjo &#8211; samo napolnite baterijo in greste.<\/p>\n<p>Lastnosti:<br \/>Visokokakovostni aluminijasti deli, kot so bla\u017eilni mostovi, nosilec menjalnika, volanski \u010dlen<br \/ >CVD pogonske gredi iz kaljenega jekla<br \/ >52-zobni jekleni glavni zobnik<br \/>2650KV brezkrta\u010dni motor<br \/>120A vodoodporen brezkrta\u010dni krmilnik<br \/>Preklopna LED osvetlitev<br \/>Plo\u0161\u010da \u0161asije oja\u010dana z aluminijem<br \/ >Za\u0161\u010dita pred prahom za elektroniko<br \/>4-kanalni daljinski upravljalnik<br \/>Ve\u010dfunkcijski hitri polnilnik<\/p>\n<p>Tehni\u010dni podatki:<br \/>Dol\u017eina: 560 mm<br \/>\u0160irina: 360 mm<br \/ >Vi\u0161ina: 190 mm<br \/>Te\u017ea: 3455 g z baterijo<br \/>Mosna razdalja: 330 mm<br \/>\u0160irina sprednjega koloteka: 310 mm<br \/>\u0160irina zadnjega koloteka: 310 mm<br \/>Odmik od tal: 50 mm<br \/ >Sprednja kolesa: Zunanji premer\/\u0161irina 135mm\/75mm<br \/>Zadnja kolesa: Zunanji premer\/\u0161irina 135mm\/75mm<br \/>Premer plati\u0161\u010da: 86mm<br \/>Pesto kolesa: 17mm<br \/>Prestava: kovina<br \/>sprednji bla\u017eilnik: 50 x 18 mm, 1,6 mm 500CPS silikonsko olje <br \/> zadnji bla\u017eilnik: 63 x 15 mm, 1,6 mm , 500CPS silikonsko olje<br \/>Olje za sprednji diferencial: 50.000CPS<br \/>Olje za sredinski diferencial: 100.000 CPS<br \/>Zadnji diferencial: silikonska mast<br \/>Zavora: elektronska<br \/>Krmilnik: brezkrta\u010dni 120A<br \/ >Motor: 36 x 70 2650KV<br \/>Pogonski sistem: kardan<br \/>Servo krmila: 9kg MG<br \/>Glavni material: plastika<br \/>Maksimalna hitrost: pribli\u017eno 80km\/h<br \/>Vo\u017enja \u010das: 10-15 min .<br \/>Dimenzije predala za baterije: 135 &#8211; 165x50mm<br \/>Baterija: Li-Po, 3S, 11.1V, 4000mAh, 25C, trdo ohi\u0161je, vti\u010d: Deans \/ T-Plug, Dx\u0160xV: 140x45x24mm, te\u017ea: 291g<br \/>Daljinski upravljalnik: 4-kanalni, 2,4 GHz<br \/>Domet: pribli\u017eno 150m<br \/>polnilnik: 80W 8A 12-18V DC \/ 220V AC<br \/>\u010cas polnjenja: -60 min.<\/p>\n<p>Obseg dobave:<br \/>Trggy Raven 4&#215;4<br \/>4-kanalni daljinski upravljalnik <br \/>LiPo baterija<br \/>Ve\u010dfunkcijski polnilec I6AC<br \/>Dust za\u0161\u010ditni pokrov<br \/>Podrobna, ilustrirana navodila za uporabo DE\/EN< br \/><br \/>Potrebna dodatna oprema:<br \/>4x AA baterije za daljinski upravljalnik<\/p>\n","protected":false},"excerpt":{"rendered":"<p>Brute pogonske komponente, sestavljene iz brezkrta\u010dnega motorja 2650KV in 120A brezkrta\u010dnega krmilnika, v povezavi s prilo\u017eenim LiPo 3S 11.1V 4000mAh, omogo\u010dajo, da Truggy v merilu 1:10 dose\u017ee impresivne najvi\u0161je hitrosti do 80 km\/h. Ta izjemen model temelji na na\u0161em priljubljenem AM10T, ki se je skozi leta nenehno izbolj\u0161eval \u2013 rezultat je zdaj Raven 4&#215;4. Vse [&hellip;]<\/p>\n","protected":false},"featured_media":10170,"template":"","meta":[],"product_cat":[374,361],"product_tag":[],"acf":[],"yoast_head":"<!-- This site is optimized with the Yoast SEO plugin v21.7 - https:\/\/yoast.com\/wordpress\/plugins\/seo\/ -->\n<title>Raven 4x4 Monster Truggy brezkrta\u010dni 1:10 RTR - TECHNIC-TOYS.com<\/title>\n<meta name=\"robots\" content=\"index, follow, max-snippet:-1, max-image-preview:large, max-video-preview:-1\" \/>\n<link rel=\"canonical\" href=\"https:\/\/www.technic-toys.com\/izdelek\/raven-4x4-monster-truggy-brezkrtacni-110-rtr\/\" \/>\n<meta property=\"og:locale\" content=\"en_US\" \/>\n<meta property=\"og:type\" content=\"article\" \/>\n<meta property=\"og:title\" content=\"Raven 4x4 Monster Truggy brezkrta\u010dni 1:10 RTR - TECHNIC-TOYS.com\" \/>\n<meta property=\"og:description\" content=\"Brute pogonske komponente, sestavljene iz brezkrta\u010dnega motorja 2650KV in 120A brezkrta\u010dnega krmilnika, v povezavi s prilo\u017eenim LiPo 3S 11.1V 4000mAh, omogo\u010dajo, da Truggy v merilu 1:10 dose\u017ee impresivne najvi\u0161je hitrosti do 80 km\/h. Ta izjemen model temelji na na\u0161em priljubljenem AM10T, ki se je skozi leta nenehno izbolj\u0161eval \u2013 rezultat je zdaj Raven 4&#215;4. Vse [&hellip;]\" \/>\n<meta property=\"og:url\" content=\"https:\/\/www.technic-toys.com\/izdelek\/raven-4x4-monster-truggy-brezkrtacni-110-rtr\/\" \/>\n<meta property=\"og:site_name\" content=\"TECHNIC-TOYS.com\" \/>\n<meta property=\"article:modified_time\" content=\"2024-12-04T18:03:45+00:00\" \/>\n<meta property=\"og:image\" content=\"https:\/\/www.technic-toys.com\/wp-content\/uploads\/2022\/01\/22514.jpg\" \/>\n\t<meta property=\"og:image:width\" content=\"2560\" \/>\n\t<meta property=\"og:image:height\" content=\"1468\" \/>\n\t<meta property=\"og:image:type\" content=\"image\/jpeg\" \/>\n<meta name=\"twitter:card\" content=\"summary_large_image\" \/>\n<meta name=\"twitter:label1\" content=\"Est. reading time\" \/>\n\t<meta name=\"twitter:data1\" content=\"2 minutes\" \/>\n<script type=\"application\/ld+json\" class=\"yoast-schema-graph\">{\"@context\":\"https:\/\/schema.org\",\"@graph\":[{\"@type\":\"WebPage\",\"@id\":\"https:\/\/www.technic-toys.com\/izdelek\/raven-4x4-monster-truggy-brezkrtacni-110-rtr\/\",\"url\":\"https:\/\/www.technic-toys.com\/izdelek\/raven-4x4-monster-truggy-brezkrtacni-110-rtr\/\",\"name\":\"Raven 4x4 Monster Truggy brezkrta\u010dni 1:10 RTR - TECHNIC-TOYS.com\",\"isPartOf\":{\"@id\":\"https:\/\/www.technic-toys.com\/en\/#website\"},\"datePublished\":\"2022-04-08T14:54:54+00:00\",\"dateModified\":\"2024-12-04T18:03:45+00:00\",\"breadcrumb\":{\"@id\":\"https:\/\/www.technic-toys.com\/izdelek\/raven-4x4-monster-truggy-brezkrtacni-110-rtr\/#breadcrumb\"},\"inLanguage\":\"en-US\",\"potentialAction\":[{\"@type\":\"ReadAction\",\"target\":[\"https:\/\/www.technic-toys.com\/izdelek\/raven-4x4-monster-truggy-brezkrtacni-110-rtr\/\"]}]},{\"@type\":\"BreadcrumbList\",\"@id\":\"https:\/\/www.technic-toys.com\/izdelek\/raven-4x4-monster-truggy-brezkrtacni-110-rtr\/#breadcrumb\",\"itemListElement\":[{\"@type\":\"ListItem\",\"position\":1,\"name\":\"Domov\",\"item\":\"https:\/\/www.technic-toys.com\/en\/\"},{\"@type\":\"ListItem\",\"position\":2,\"name\":\"Shop\",\"item\":\"https:\/\/www.technic-toys.com\/en\/shop-2\/\"},{\"@type\":\"ListItem\",\"position\":3,\"name\":\"Raven 4&#215;4 Monster Truggy brezkrta\u010dni 1:10 RTR\"}]},{\"@type\":\"WebSite\",\"@id\":\"https:\/\/www.technic-toys.com\/en\/#website\",\"url\":\"https:\/\/www.technic-toys.com\/en\/\",\"name\":\"TECHNIC-TOYS.com\",\"description\":\"\",\"potentialAction\":[{\"@type\":\"SearchAction\",\"target\":{\"@type\":\"EntryPoint\",\"urlTemplate\":\"https:\/\/www.technic-toys.com\/en\/?s={search_term_string}\"},\"query-input\":\"required name=search_term_string\"}],\"inLanguage\":\"en-US\"}]}<\/script>\n<!-- \/ Yoast SEO plugin. -->","yoast_head_json":{"title":"Raven 4x4 Monster Truggy brezkrta\u010dni 1:10 RTR - TECHNIC-TOYS.com","robots":{"index":"index","follow":"follow","max-snippet":"max-snippet:-1","max-image-preview":"max-image-preview:large","max-video-preview":"max-video-preview:-1"},"canonical":"https:\/\/www.technic-toys.com\/izdelek\/raven-4x4-monster-truggy-brezkrtacni-110-rtr\/","og_locale":"en_US","og_type":"article","og_title":"Raven 4x4 Monster Truggy brezkrta\u010dni 1:10 RTR - TECHNIC-TOYS.com","og_description":"Brute pogonske komponente, sestavljene iz brezkrta\u010dnega motorja 2650KV in 120A brezkrta\u010dnega krmilnika, v povezavi s prilo\u017eenim LiPo 3S 11.1V 4000mAh, omogo\u010dajo, da Truggy v merilu 1:10 dose\u017ee impresivne najvi\u0161je hitrosti do 80 km\/h. Ta izjemen model temelji na na\u0161em priljubljenem AM10T, ki se je skozi leta nenehno izbolj\u0161eval \u2013 rezultat je zdaj Raven 4&#215;4. Vse [&hellip;]","og_url":"https:\/\/www.technic-toys.com\/izdelek\/raven-4x4-monster-truggy-brezkrtacni-110-rtr\/","og_site_name":"TECHNIC-TOYS.com","article_modified_time":"2024-12-04T18:03:45+00:00","og_image":[{"width":2560,"height":1468,"url":"https:\/\/www.technic-toys.com\/wp-content\/uploads\/2022\/01\/22514.jpg","type":"image\/jpeg"}],"twitter_card":"summary_large_image","twitter_misc":{"Est. reading time":"2 minutes"},"schema":{"@context":"https:\/\/schema.org","@graph":[{"@type":"WebPage","@id":"https:\/\/www.technic-toys.com\/izdelek\/raven-4x4-monster-truggy-brezkrtacni-110-rtr\/","url":"https:\/\/www.technic-toys.com\/izdelek\/raven-4x4-monster-truggy-brezkrtacni-110-rtr\/","name":"Raven 4x4 Monster Truggy brezkrta\u010dni 1:10 RTR - TECHNIC-TOYS.com","isPartOf":{"@id":"https:\/\/www.technic-toys.com\/en\/#website"},"datePublished":"2022-04-08T14:54:54+00:00","dateModified":"2024-12-04T18:03:45+00:00","breadcrumb":{"@id":"https:\/\/www.technic-toys.com\/izdelek\/raven-4x4-monster-truggy-brezkrtacni-110-rtr\/#breadcrumb"},"inLanguage":"en-US","potentialAction":[{"@type":"ReadAction","target":["https:\/\/www.technic-toys.com\/izdelek\/raven-4x4-monster-truggy-brezkrtacni-110-rtr\/"]}]},{"@type":"BreadcrumbList","@id":"https:\/\/www.technic-toys.com\/izdelek\/raven-4x4-monster-truggy-brezkrtacni-110-rtr\/#breadcrumb","itemListElement":[{"@type":"ListItem","position":1,"name":"Domov","item":"https:\/\/www.technic-toys.com\/en\/"},{"@type":"ListItem","position":2,"name":"Shop","item":"https:\/\/www.technic-toys.com\/en\/shop-2\/"},{"@type":"ListItem","position":3,"name":"Raven 4&#215;4 Monster Truggy brezkrta\u010dni 1:10 RTR"}]},{"@type":"WebSite","@id":"https:\/\/www.technic-toys.com\/en\/#website","url":"https:\/\/www.technic-toys.com\/en\/","name":"TECHNIC-TOYS.com","description":"","potentialAction":[{"@type":"SearchAction","target":{"@type":"EntryPoint","urlTemplate":"https:\/\/www.technic-toys.com\/en\/?s={search_term_string}"},"query-input":"required name=search_term_string"}],"inLanguage":"en-US"}]}},"_links":{"self":[{"href":"https:\/\/www.technic-toys.com\/en\/wp-json\/wp\/v2\/product\/15391"}],"collection":[{"href":"https:\/\/www.technic-toys.com\/en\/wp-json\/wp\/v2\/product"}],"about":[{"href":"https:\/\/www.technic-toys.com\/en\/wp-json\/wp\/v2\/types\/product"}],"wp:featuredmedia":[{"embeddable":true,"href":"https:\/\/www.technic-toys.com\/en\/wp-json\/wp\/v2\/media\/10170"}],"wp:attachment":[{"href":"https:\/\/www.technic-toys.com\/en\/wp-json\/wp\/v2\/media?parent=15391"}],"wp:term":[{"taxonomy":"product_cat","embeddable":true,"href":"https:\/\/www.technic-toys.com\/en\/wp-json\/wp\/v2\/product_cat?post=15391"},{"taxonomy":"product_tag","embeddable":true,"href":"https:\/\/www.technic-toys.com\/en\/wp-json\/wp\/v2\/product_tag?post=15391"}],"curies":[{"name":"wp","href":"https:\/\/api.w.org\/{rel}","templated":true}]}}