{"id":15398,"date":"2022-04-08T16:54:54","date_gmt":"2022-04-08T14:54:54","guid":{"rendered":"https:\/\/www.technic-toys.com\/izdelek\/amxrock-am18-kratos-scale-crawler-118-rtr-rumena\/"},"modified":"2024-12-04T19:03:47","modified_gmt":"2024-12-04T18:03:47","slug":"amxrock-am18-kratos-scale-crawler-118-rtr-rumena","status":"publish","type":"product","link":"https:\/\/www.technic-toys.com\/en\/izdelek\/amxrock-am18-kratos-scale-crawler-118-rtr-rumena\/","title":{"rendered":"AMXRock AM18 Kratos Scale Crawler 1:18 RTR, rumena"},"content":{"rendered":"<p>Sofisticirana tehnologija se zdru\u017ei s \u010dudovito optiko &#8211; ta mali pajek ima vse, kar potrebujete za igranje v ligi super pajkov. AMXRock AM18 Kratos ima celo paleto produktivnih funkcij v slogu pravega vrhunskega plezalca: popoln premor, ob\u010dutljiv krmilnik 3-v-1 s servo priklju\u010dkom JR, izjemno mehke pnevmatike z zelo dobrim profilom za najbolj\u0161i oprijem tudi na spolzke povr\u0161ine, zaklenjeni diferenciali, LED osvetlitev spredaj in zadaj, bla\u017eilniki z visokim hodom za ekstremno torzijo \u0161asije, za\u0161\u010diten glavni menjalnik z redukcijo 104:1 in zmogljiv motor 050\/55T za visok navor. Poleg tega je model v merilu 1:18 popolnoma vodotesen in je pripravljen za vo\u017enjo kot vozilo RTR. Samo baterije za oddajnik (4x 1,5V AAA Micro) niso prilo\u017eene. Kot majhna posebnost ima krmilnik serijsko dva dodatna izhoda, na primer za priklop stre\u0161ne lu\u010di ali FPV cam. Kabli so \u017ee opremljeni z vti\u010dem Micro JST in so pripravljeni za priklju\u010ditev. Robusten zna\u010daj vozila poudarjajo tudi popolno rezervno kolo, dihalka na karoseriji in \u0161tevilni drugi nastavki za tehtnico. Prilo\u017eena LiPo baterija 2S 7.4V 600mAh zagotavlja dolge vo\u017enje do 15 minut. Ta komercialna baterija je zamenljiva in ima priklju\u010dek Molex in balansir XH. Druga inovativna lastnost je hitro zapenjanje pokrova motorja, ki ne zahteva nadle\u017enih razcepnih zati\u010dev: telo se pobere s te\u010dajem na zadnji strani in ga z drsnim mehanizmom pritrdi na sprednji del pokrova. Po odklepanju se lahko celotna kapuca zlo\u017ei nazaj. Vse komponente so zlahka dostopne in menjava baterije traja le nekaj sekund.<\/p>\n<p>Lastnosti:<br \/>Super scale optika<br \/>Izjemno mehke pnevmatike<br \/>LED osvetlitev (spredaj in zadaj) <br \/>Popolnoma proporcionalne vozne funkcije<br \/>Vodoodporen <br \/>Zaklenjeni diferenciali<br \/>Popoln kovinski okvir<br \/>Inovativni zapenjanje pokrova s hitro sprostitvijo<br \/>Ob\u010dutljiv oddajnik 2,4 GHz z modulacijo FHSS<br \/ >Krmilnik 3 v 1 z gorskim prelomom, JR servo priklju\u010dkom in dvema dodatnima linijama za dodatne module, kot sta razsvetljava in FPV kamera<\/p>\n<p>Tehni\u010dni podatki:<br \/>Merilo: 1:18<br \/ >Dol\u017eina: 260 mm<br \/ >\u0160irina: 118 mm<br \/>Vi\u0161ina: 115 mm<br \/>Te\u017ea (vklju\u010dno z baterijo): 335 g<br \/>Mosna razdalja: 155 mm<br \/>\u0160irina sprednjega koloteka: 108 mm<br \/>Zadaj \u0161irina koloteka: 108 mm<br \/> Oddaljenost od tal: 30 mm<br \/>Sprednja kolesa: 55\/15 mm<br \/>Zadnja kolesa: 55\/15 mm<br \/>Premer plati\u0161\u010da: 25 mm<br \/>Menjalnik: 104:1 FDL <br \/>Sprednji bla\u017eilnik: 25 mm<br \/> Zadnji bla\u017eilnik: 25 mm<br \/>Vzmetenje: vija\u010dna vzmet<br \/>Regulator: 3-v-1 enota , vodoodporen s servo priklju\u010dkom JR<br \/>Motor: 050\/55T bru\u0161en<br \/>Pogonski sistem: Kardan<br \/>Servo: 1kg<br \/>Ohi\u0161je: Lexan, lakirano z nastavki za tehtnico<br \/>Okvir: kovinski <br \/>Dimenzije predala za baterije: 53x22x20mm<br \/>Baterija: LiPo 2S 7.4V 600mAh 25C, vti\u010d Molex, 51x20x15mm, 28g<br \/>\u010cas vo\u017enje: do 15min<br \/>Daljinski upravljalnik: 2.4GHz Modulacija<br \/>polnilnik: USB polnilni kabel<\/p>\n<p>Obseg dobave:<br \/>Model, pripravljen za vo\u017enjo<br \/>Daljinski upravljalnik 2,4 GHz<br \/>LiPo baterija 2S 7,4V 600mAh< br \/ >USB polnilni kabel<br \/>Navodila za uporabo DE\/EN<\/p>\n<p>Potrebna dodatna oprema:<br \/>4x 1,5V AAA mikro baterije za daljinski upravljalnik<\/p>\n","protected":false},"excerpt":{"rendered":"<p>Sofisticirana tehnologija se zdru\u017ei s \u010dudovito optiko &#8211; ta mali pajek ima vse, kar potrebujete za igranje v ligi super pajkov. AMXRock AM18 Kratos ima celo paleto produktivnih funkcij v slogu pravega vrhunskega plezalca: popoln premor, ob\u010dutljiv krmilnik 3-v-1 s servo priklju\u010dkom JR, izjemno mehke pnevmatike z zelo dobrim profilom za najbolj\u0161i oprijem tudi na [&hellip;]<\/p>\n","protected":false},"featured_media":10233,"template":"","meta":[],"product_cat":[374,361],"product_tag":[],"acf":[],"yoast_head":"<!-- This site is optimized with the Yoast SEO plugin v21.7 - https:\/\/yoast.com\/wordpress\/plugins\/seo\/ -->\n<title>AMXRock AM18 Kratos Scale Crawler 1:18 RTR, rumena - TECHNIC-TOYS.com<\/title>\n<meta name=\"robots\" content=\"index, follow, max-snippet:-1, max-image-preview:large, max-video-preview:-1\" \/>\n<link rel=\"canonical\" href=\"https:\/\/www.technic-toys.com\/izdelek\/amxrock-am18-kratos-scale-crawler-118-rtr-rumena\/\" \/>\n<meta property=\"og:locale\" content=\"en_US\" \/>\n<meta property=\"og:type\" content=\"article\" \/>\n<meta property=\"og:title\" content=\"AMXRock AM18 Kratos Scale Crawler 1:18 RTR, rumena - TECHNIC-TOYS.com\" \/>\n<meta property=\"og:description\" content=\"Sofisticirana tehnologija se zdru\u017ei s \u010dudovito optiko &#8211; ta mali pajek ima vse, kar potrebujete za igranje v ligi super pajkov. AMXRock AM18 Kratos ima celo paleto produktivnih funkcij v slogu pravega vrhunskega plezalca: popoln premor, ob\u010dutljiv krmilnik 3-v-1 s servo priklju\u010dkom JR, izjemno mehke pnevmatike z zelo dobrim profilom za najbolj\u0161i oprijem tudi na [&hellip;]\" \/>\n<meta property=\"og:url\" content=\"https:\/\/www.technic-toys.com\/izdelek\/amxrock-am18-kratos-scale-crawler-118-rtr-rumena\/\" \/>\n<meta property=\"og:site_name\" content=\"TECHNIC-TOYS.com\" \/>\n<meta property=\"article:modified_time\" content=\"2024-12-04T18:03:47+00:00\" \/>\n<meta property=\"og:image\" content=\"https:\/\/www.technic-toys.com\/wp-content\/uploads\/2022\/01\/22521.jpg\" \/>\n\t<meta property=\"og:image:width\" content=\"2560\" \/>\n\t<meta property=\"og:image:height\" content=\"1468\" \/>\n\t<meta property=\"og:image:type\" content=\"image\/jpeg\" \/>\n<meta name=\"twitter:card\" content=\"summary_large_image\" \/>\n<meta name=\"twitter:label1\" content=\"Est. reading time\" \/>\n\t<meta name=\"twitter:data1\" content=\"2 minutes\" \/>\n<script type=\"application\/ld+json\" class=\"yoast-schema-graph\">{\"@context\":\"https:\/\/schema.org\",\"@graph\":[{\"@type\":\"WebPage\",\"@id\":\"https:\/\/www.technic-toys.com\/izdelek\/amxrock-am18-kratos-scale-crawler-118-rtr-rumena\/\",\"url\":\"https:\/\/www.technic-toys.com\/izdelek\/amxrock-am18-kratos-scale-crawler-118-rtr-rumena\/\",\"name\":\"AMXRock AM18 Kratos Scale Crawler 1:18 RTR, rumena - TECHNIC-TOYS.com\",\"isPartOf\":{\"@id\":\"https:\/\/www.technic-toys.com\/en\/#website\"},\"datePublished\":\"2022-04-08T14:54:54+00:00\",\"dateModified\":\"2024-12-04T18:03:47+00:00\",\"breadcrumb\":{\"@id\":\"https:\/\/www.technic-toys.com\/izdelek\/amxrock-am18-kratos-scale-crawler-118-rtr-rumena\/#breadcrumb\"},\"inLanguage\":\"en-US\",\"potentialAction\":[{\"@type\":\"ReadAction\",\"target\":[\"https:\/\/www.technic-toys.com\/izdelek\/amxrock-am18-kratos-scale-crawler-118-rtr-rumena\/\"]}]},{\"@type\":\"BreadcrumbList\",\"@id\":\"https:\/\/www.technic-toys.com\/izdelek\/amxrock-am18-kratos-scale-crawler-118-rtr-rumena\/#breadcrumb\",\"itemListElement\":[{\"@type\":\"ListItem\",\"position\":1,\"name\":\"Domov\",\"item\":\"https:\/\/www.technic-toys.com\/en\/\"},{\"@type\":\"ListItem\",\"position\":2,\"name\":\"Shop\",\"item\":\"https:\/\/www.technic-toys.com\/en\/shop-2\/\"},{\"@type\":\"ListItem\",\"position\":3,\"name\":\"AMXRock AM18 Kratos Scale Crawler 1:18 RTR, rumena\"}]},{\"@type\":\"WebSite\",\"@id\":\"https:\/\/www.technic-toys.com\/en\/#website\",\"url\":\"https:\/\/www.technic-toys.com\/en\/\",\"name\":\"TECHNIC-TOYS.com\",\"description\":\"\",\"potentialAction\":[{\"@type\":\"SearchAction\",\"target\":{\"@type\":\"EntryPoint\",\"urlTemplate\":\"https:\/\/www.technic-toys.com\/en\/?s={search_term_string}\"},\"query-input\":\"required name=search_term_string\"}],\"inLanguage\":\"en-US\"}]}<\/script>\n<!-- \/ Yoast SEO plugin. -->","yoast_head_json":{"title":"AMXRock AM18 Kratos Scale Crawler 1:18 RTR, rumena - TECHNIC-TOYS.com","robots":{"index":"index","follow":"follow","max-snippet":"max-snippet:-1","max-image-preview":"max-image-preview:large","max-video-preview":"max-video-preview:-1"},"canonical":"https:\/\/www.technic-toys.com\/izdelek\/amxrock-am18-kratos-scale-crawler-118-rtr-rumena\/","og_locale":"en_US","og_type":"article","og_title":"AMXRock AM18 Kratos Scale Crawler 1:18 RTR, rumena - TECHNIC-TOYS.com","og_description":"Sofisticirana tehnologija se zdru\u017ei s \u010dudovito optiko &#8211; ta mali pajek ima vse, kar potrebujete za igranje v ligi super pajkov. AMXRock AM18 Kratos ima celo paleto produktivnih funkcij v slogu pravega vrhunskega plezalca: popoln premor, ob\u010dutljiv krmilnik 3-v-1 s servo priklju\u010dkom JR, izjemno mehke pnevmatike z zelo dobrim profilom za najbolj\u0161i oprijem tudi na [&hellip;]","og_url":"https:\/\/www.technic-toys.com\/izdelek\/amxrock-am18-kratos-scale-crawler-118-rtr-rumena\/","og_site_name":"TECHNIC-TOYS.com","article_modified_time":"2024-12-04T18:03:47+00:00","og_image":[{"width":2560,"height":1468,"url":"https:\/\/www.technic-toys.com\/wp-content\/uploads\/2022\/01\/22521.jpg","type":"image\/jpeg"}],"twitter_card":"summary_large_image","twitter_misc":{"Est. reading time":"2 minutes"},"schema":{"@context":"https:\/\/schema.org","@graph":[{"@type":"WebPage","@id":"https:\/\/www.technic-toys.com\/izdelek\/amxrock-am18-kratos-scale-crawler-118-rtr-rumena\/","url":"https:\/\/www.technic-toys.com\/izdelek\/amxrock-am18-kratos-scale-crawler-118-rtr-rumena\/","name":"AMXRock AM18 Kratos Scale Crawler 1:18 RTR, rumena - TECHNIC-TOYS.com","isPartOf":{"@id":"https:\/\/www.technic-toys.com\/en\/#website"},"datePublished":"2022-04-08T14:54:54+00:00","dateModified":"2024-12-04T18:03:47+00:00","breadcrumb":{"@id":"https:\/\/www.technic-toys.com\/izdelek\/amxrock-am18-kratos-scale-crawler-118-rtr-rumena\/#breadcrumb"},"inLanguage":"en-US","potentialAction":[{"@type":"ReadAction","target":["https:\/\/www.technic-toys.com\/izdelek\/amxrock-am18-kratos-scale-crawler-118-rtr-rumena\/"]}]},{"@type":"BreadcrumbList","@id":"https:\/\/www.technic-toys.com\/izdelek\/amxrock-am18-kratos-scale-crawler-118-rtr-rumena\/#breadcrumb","itemListElement":[{"@type":"ListItem","position":1,"name":"Domov","item":"https:\/\/www.technic-toys.com\/en\/"},{"@type":"ListItem","position":2,"name":"Shop","item":"https:\/\/www.technic-toys.com\/en\/shop-2\/"},{"@type":"ListItem","position":3,"name":"AMXRock AM18 Kratos Scale Crawler 1:18 RTR, rumena"}]},{"@type":"WebSite","@id":"https:\/\/www.technic-toys.com\/en\/#website","url":"https:\/\/www.technic-toys.com\/en\/","name":"TECHNIC-TOYS.com","description":"","potentialAction":[{"@type":"SearchAction","target":{"@type":"EntryPoint","urlTemplate":"https:\/\/www.technic-toys.com\/en\/?s={search_term_string}"},"query-input":"required name=search_term_string"}],"inLanguage":"en-US"}]}},"_links":{"self":[{"href":"https:\/\/www.technic-toys.com\/en\/wp-json\/wp\/v2\/product\/15398"}],"collection":[{"href":"https:\/\/www.technic-toys.com\/en\/wp-json\/wp\/v2\/product"}],"about":[{"href":"https:\/\/www.technic-toys.com\/en\/wp-json\/wp\/v2\/types\/product"}],"wp:featuredmedia":[{"embeddable":true,"href":"https:\/\/www.technic-toys.com\/en\/wp-json\/wp\/v2\/media\/10233"}],"wp:attachment":[{"href":"https:\/\/www.technic-toys.com\/en\/wp-json\/wp\/v2\/media?parent=15398"}],"wp:term":[{"taxonomy":"product_cat","embeddable":true,"href":"https:\/\/www.technic-toys.com\/en\/wp-json\/wp\/v2\/product_cat?post=15398"},{"taxonomy":"product_tag","embeddable":true,"href":"https:\/\/www.technic-toys.com\/en\/wp-json\/wp\/v2\/product_tag?post=15398"}],"curies":[{"name":"wp","href":"https:\/\/api.w.org\/{rel}","templated":true}]}}