{"id":15405,"date":"2022-04-08T16:54:54","date_gmt":"2022-04-08T14:54:54","guid":{"rendered":"https:\/\/www.technic-toys.com\/izdelek\/kolesni-nakladalec-g485-ae-bela-114-del-kovinski-rtr-zvok-svetloba-10-kanalni\/"},"modified":"2024-12-04T19:03:50","modified_gmt":"2024-12-04T18:03:50","slug":"kolesni-nakladalec-g485-ae-bela-114-del-kovinski-rtr-zvok-svetloba-10-kanalni","status":"publish","type":"product","link":"https:\/\/www.technic-toys.com\/en\/izdelek\/kolesni-nakladalec-g485-ae-bela-114-del-kovinski-rtr-zvok-svetloba-10-kanalni\/","title":{"rendered":"Kolesni nakladalec G485 AE bela 1:14, del kovinski RTR, zvok, svetloba, 10-kanalni"},"content":{"rendered":"<p>Peta generacija priljubljenega kolesnega nakladalnika Amewi \u2013 zdaj z vrtljivim svetilnikom in podalj\u0161ano roko.<\/p>\n<p>Ta visokokakovostni nakladalnik na kolesih zapolnjuje vrzel med RC igra\u010dami in profesionalno konstrukcijo modelov. Roka, 190 mm \u0161iroka lopata in deli nadgradnje so iz prave kovine. Pri\u017enica je izdelana iz plastike, odporne na udarce. Opti\u010dna in tehni\u010dna oprema tega modela v merilu 1:14 ne prepri\u010da le izku\u0161enih izdelovalcev modelov. Zgibni spoj kolesnega nakladalnika je sorazmeren in omogo\u010da ob\u010dutljiv nadzor. Sorazmerne so tudi funkcije gor\/dol, odpiranje\/zapiranje lopate in plin. Natan\u010dno delo s tem visokokakovostnim modelom zato ni problem.<br \/>\nPro\u017eilna sila 2 vretenskih pogonov je ve\u010d kot zadostna, da ni te\u017eav, tudi pri ve\u010djih obremenitvah. V primerjavi s prej\u0161njo razli\u010dico je bila tudi roka podalj\u0161ana za cca 10 mm, kar omogo\u010da glasen izmet in je v tej razli\u010dici odpravljeno zna\u010dilno &#8220;pregibanje lopate v zadnjem polo\u017eaju&#8221;.<\/p>\n<p>Lastnosti:<br \/>\nProporcionalni nadzor na vseh kanalih<br \/>\nZvok je mogo\u010de vklopiti \/ izklopiti<br \/>\nPreklopno svetilko<br \/>\n10 nadzorovanih kanalov<br \/>\nNadzor 2,4 GHz &lt; br \/&gt;dolg \u010das potovanja do pribli\u017eno 20 minut, odvisno od povr\u0161ine in namena<br \/>\nRazli\u010dica RTR vklju\u010dno z baterijo\/polnilnikom<br \/>\ngumijastimi pnevmatikami<br \/>\nzmogljivi pogoni<br \/>\n4WD pogon<\/p>\n<p>Tehni\u010dni podatki:<br \/>\nMerilo: 1:14<br \/>\nDol\u017eina: 540mm<br \/>\n\u0160irina: 200mm<br \/>\nVi\u0161ina: 210mm<br \/>\nTe\u017ea: 4800g z baterijo&lt; br \/&gt;Medosna razdalja: 223mm<br \/>\n\u0160irina sprednjega koloteka: 160mm<br \/>\n\u0160irina zadnjega koloteka: 160mm<br \/>\nOdmik od tal: 30mm<br \/>\nSprednja kolesa: Zunanji premer\/\u0161irina 110\/40mm<br \/>\nZadnja kolesa: Zunanji premer\/\u0161irina 110\/40 mm&lt; br \/&gt;Premer plati\u0161\u010da: 60 mm<br \/>\nPrestava: ve\u010dstopenjski POM zobnik<br \/>\nMotor: 2x bru\u0161ena za kolesa<br \/>\nPogonski sistem: vretena za nosilec<br \/>\nGlavni material: plastika\/kovina<br \/>\nPredel za baterijo Dimenzije: 70 x 40 x 20 mm<br \/>\nBaterija: Li-Ion 2S 7.4V 2000mAh 20C Softcase XT30 konektor 69x37x18m m te\u017ea 93g<br \/>\n\u010cas vo\u017enje: do pribli\u017eno 20 minut, odvisno od na\u010dina vo\u017enje<br \/>\nMaksimalna hitrost: pribli\u017eno 5 km\/h<br \/>\nDaljinski upravljalnik: 10 kanalov 2,4GHz<br \/>\nDomet: pribli\u017eno 100 m<br \/>\nPolnilec: USB polnilni kabel s priklju\u010dkom za uravnote\u017eenje<br \/>\n\u010cas polnjenja: pribli\u017eno 2 uri<\/p>\n<p>Obseg dobave:<br \/>\nNakladalnik na kolesih<br \/>\nOddajnik&lt; br \/&gt;Baterija<br \/>\nKabel za polnjenje<br \/>\nNavodila DE\/EN<\/p>\n<p>Potrebna dodatna oprema:<br \/>\n4x baterija AA Mignon za oddajnik<\/p>\n","protected":false},"excerpt":{"rendered":"<p>Peta generacija priljubljenega kolesnega nakladalnika Amewi \u2013 zdaj z vrtljivim svetilnikom in podalj\u0161ano roko. Ta visokokakovostni nakladalnik na kolesih zapolnjuje vrzel med RC igra\u010dami in profesionalno konstrukcijo modelov. Roka, 190 mm \u0161iroka lopata in deli nadgradnje so iz prave kovine. Pri\u017enica je izdelana iz plastike, odporne na udarce. Opti\u010dna in tehni\u010dna oprema tega modela v [&hellip;]<\/p>\n","protected":false},"featured_media":10297,"template":"","meta":[],"product_cat":[374,359],"product_tag":[],"acf":[],"yoast_head":"<!-- This site is optimized with the Yoast SEO plugin v21.7 - https:\/\/yoast.com\/wordpress\/plugins\/seo\/ -->\n<title>Kolesni nakladalec G485 AE bela 1:14, del kovinski RTR, zvok, svetloba, 10-kanalni - TECHNIC-TOYS.com<\/title>\n<meta name=\"robots\" content=\"index, follow, max-snippet:-1, max-image-preview:large, max-video-preview:-1\" \/>\n<link rel=\"canonical\" href=\"https:\/\/www.technic-toys.com\/izdelek\/kolesni-nakladalec-g485-ae-bela-114-del-kovinski-rtr-zvok-svetloba-10-kanalni\/\" \/>\n<meta property=\"og:locale\" content=\"en_US\" \/>\n<meta property=\"og:type\" content=\"article\" \/>\n<meta property=\"og:title\" content=\"Kolesni nakladalec G485 AE bela 1:14, del kovinski RTR, zvok, svetloba, 10-kanalni - TECHNIC-TOYS.com\" \/>\n<meta property=\"og:description\" content=\"Peta generacija priljubljenega kolesnega nakladalnika Amewi \u2013 zdaj z vrtljivim svetilnikom in podalj\u0161ano roko. Ta visokokakovostni nakladalnik na kolesih zapolnjuje vrzel med RC igra\u010dami in profesionalno konstrukcijo modelov. Roka, 190 mm \u0161iroka lopata in deli nadgradnje so iz prave kovine. Pri\u017enica je izdelana iz plastike, odporne na udarce. Opti\u010dna in tehni\u010dna oprema tega modela v [&hellip;]\" \/>\n<meta property=\"og:url\" content=\"https:\/\/www.technic-toys.com\/izdelek\/kolesni-nakladalec-g485-ae-bela-114-del-kovinski-rtr-zvok-svetloba-10-kanalni\/\" \/>\n<meta property=\"og:site_name\" content=\"TECHNIC-TOYS.com\" \/>\n<meta property=\"article:modified_time\" content=\"2024-12-04T18:03:50+00:00\" \/>\n<meta property=\"og:image\" content=\"https:\/\/www.technic-toys.com\/wp-content\/uploads\/2022\/01\/22535.jpg\" \/>\n\t<meta property=\"og:image:width\" content=\"2560\" \/>\n\t<meta property=\"og:image:height\" content=\"1468\" \/>\n\t<meta property=\"og:image:type\" content=\"image\/jpeg\" \/>\n<meta name=\"twitter:card\" content=\"summary_large_image\" \/>\n<meta name=\"twitter:label1\" content=\"Est. reading time\" \/>\n\t<meta name=\"twitter:data1\" content=\"2 minutes\" \/>\n<script type=\"application\/ld+json\" class=\"yoast-schema-graph\">{\"@context\":\"https:\/\/schema.org\",\"@graph\":[{\"@type\":\"WebPage\",\"@id\":\"https:\/\/www.technic-toys.com\/izdelek\/kolesni-nakladalec-g485-ae-bela-114-del-kovinski-rtr-zvok-svetloba-10-kanalni\/\",\"url\":\"https:\/\/www.technic-toys.com\/izdelek\/kolesni-nakladalec-g485-ae-bela-114-del-kovinski-rtr-zvok-svetloba-10-kanalni\/\",\"name\":\"Kolesni nakladalec G485 AE bela 1:14, del kovinski RTR, zvok, svetloba, 10-kanalni - TECHNIC-TOYS.com\",\"isPartOf\":{\"@id\":\"https:\/\/www.technic-toys.com\/en\/#website\"},\"datePublished\":\"2022-04-08T14:54:54+00:00\",\"dateModified\":\"2024-12-04T18:03:50+00:00\",\"breadcrumb\":{\"@id\":\"https:\/\/www.technic-toys.com\/izdelek\/kolesni-nakladalec-g485-ae-bela-114-del-kovinski-rtr-zvok-svetloba-10-kanalni\/#breadcrumb\"},\"inLanguage\":\"en-US\",\"potentialAction\":[{\"@type\":\"ReadAction\",\"target\":[\"https:\/\/www.technic-toys.com\/izdelek\/kolesni-nakladalec-g485-ae-bela-114-del-kovinski-rtr-zvok-svetloba-10-kanalni\/\"]}]},{\"@type\":\"BreadcrumbList\",\"@id\":\"https:\/\/www.technic-toys.com\/izdelek\/kolesni-nakladalec-g485-ae-bela-114-del-kovinski-rtr-zvok-svetloba-10-kanalni\/#breadcrumb\",\"itemListElement\":[{\"@type\":\"ListItem\",\"position\":1,\"name\":\"Domov\",\"item\":\"https:\/\/www.technic-toys.com\/en\/\"},{\"@type\":\"ListItem\",\"position\":2,\"name\":\"Shop\",\"item\":\"https:\/\/www.technic-toys.com\/en\/shop-2\/\"},{\"@type\":\"ListItem\",\"position\":3,\"name\":\"Kolesni nakladalec G485 AE bela 1:14, del kovinski RTR, zvok, svetloba, 10-kanalni\"}]},{\"@type\":\"WebSite\",\"@id\":\"https:\/\/www.technic-toys.com\/en\/#website\",\"url\":\"https:\/\/www.technic-toys.com\/en\/\",\"name\":\"TECHNIC-TOYS.com\",\"description\":\"\",\"potentialAction\":[{\"@type\":\"SearchAction\",\"target\":{\"@type\":\"EntryPoint\",\"urlTemplate\":\"https:\/\/www.technic-toys.com\/en\/?s={search_term_string}\"},\"query-input\":\"required name=search_term_string\"}],\"inLanguage\":\"en-US\"}]}<\/script>\n<!-- \/ Yoast SEO plugin. -->","yoast_head_json":{"title":"Kolesni nakladalec G485 AE bela 1:14, del kovinski RTR, zvok, svetloba, 10-kanalni - TECHNIC-TOYS.com","robots":{"index":"index","follow":"follow","max-snippet":"max-snippet:-1","max-image-preview":"max-image-preview:large","max-video-preview":"max-video-preview:-1"},"canonical":"https:\/\/www.technic-toys.com\/izdelek\/kolesni-nakladalec-g485-ae-bela-114-del-kovinski-rtr-zvok-svetloba-10-kanalni\/","og_locale":"en_US","og_type":"article","og_title":"Kolesni nakladalec G485 AE bela 1:14, del kovinski RTR, zvok, svetloba, 10-kanalni - TECHNIC-TOYS.com","og_description":"Peta generacija priljubljenega kolesnega nakladalnika Amewi \u2013 zdaj z vrtljivim svetilnikom in podalj\u0161ano roko. Ta visokokakovostni nakladalnik na kolesih zapolnjuje vrzel med RC igra\u010dami in profesionalno konstrukcijo modelov. Roka, 190 mm \u0161iroka lopata in deli nadgradnje so iz prave kovine. Pri\u017enica je izdelana iz plastike, odporne na udarce. Opti\u010dna in tehni\u010dna oprema tega modela v [&hellip;]","og_url":"https:\/\/www.technic-toys.com\/izdelek\/kolesni-nakladalec-g485-ae-bela-114-del-kovinski-rtr-zvok-svetloba-10-kanalni\/","og_site_name":"TECHNIC-TOYS.com","article_modified_time":"2024-12-04T18:03:50+00:00","og_image":[{"width":2560,"height":1468,"url":"https:\/\/www.technic-toys.com\/wp-content\/uploads\/2022\/01\/22535.jpg","type":"image\/jpeg"}],"twitter_card":"summary_large_image","twitter_misc":{"Est. reading time":"2 minutes"},"schema":{"@context":"https:\/\/schema.org","@graph":[{"@type":"WebPage","@id":"https:\/\/www.technic-toys.com\/izdelek\/kolesni-nakladalec-g485-ae-bela-114-del-kovinski-rtr-zvok-svetloba-10-kanalni\/","url":"https:\/\/www.technic-toys.com\/izdelek\/kolesni-nakladalec-g485-ae-bela-114-del-kovinski-rtr-zvok-svetloba-10-kanalni\/","name":"Kolesni nakladalec G485 AE bela 1:14, del kovinski RTR, zvok, svetloba, 10-kanalni - TECHNIC-TOYS.com","isPartOf":{"@id":"https:\/\/www.technic-toys.com\/en\/#website"},"datePublished":"2022-04-08T14:54:54+00:00","dateModified":"2024-12-04T18:03:50+00:00","breadcrumb":{"@id":"https:\/\/www.technic-toys.com\/izdelek\/kolesni-nakladalec-g485-ae-bela-114-del-kovinski-rtr-zvok-svetloba-10-kanalni\/#breadcrumb"},"inLanguage":"en-US","potentialAction":[{"@type":"ReadAction","target":["https:\/\/www.technic-toys.com\/izdelek\/kolesni-nakladalec-g485-ae-bela-114-del-kovinski-rtr-zvok-svetloba-10-kanalni\/"]}]},{"@type":"BreadcrumbList","@id":"https:\/\/www.technic-toys.com\/izdelek\/kolesni-nakladalec-g485-ae-bela-114-del-kovinski-rtr-zvok-svetloba-10-kanalni\/#breadcrumb","itemListElement":[{"@type":"ListItem","position":1,"name":"Domov","item":"https:\/\/www.technic-toys.com\/en\/"},{"@type":"ListItem","position":2,"name":"Shop","item":"https:\/\/www.technic-toys.com\/en\/shop-2\/"},{"@type":"ListItem","position":3,"name":"Kolesni nakladalec G485 AE bela 1:14, del kovinski RTR, zvok, svetloba, 10-kanalni"}]},{"@type":"WebSite","@id":"https:\/\/www.technic-toys.com\/en\/#website","url":"https:\/\/www.technic-toys.com\/en\/","name":"TECHNIC-TOYS.com","description":"","potentialAction":[{"@type":"SearchAction","target":{"@type":"EntryPoint","urlTemplate":"https:\/\/www.technic-toys.com\/en\/?s={search_term_string}"},"query-input":"required name=search_term_string"}],"inLanguage":"en-US"}]}},"_links":{"self":[{"href":"https:\/\/www.technic-toys.com\/en\/wp-json\/wp\/v2\/product\/15405"}],"collection":[{"href":"https:\/\/www.technic-toys.com\/en\/wp-json\/wp\/v2\/product"}],"about":[{"href":"https:\/\/www.technic-toys.com\/en\/wp-json\/wp\/v2\/types\/product"}],"wp:featuredmedia":[{"embeddable":true,"href":"https:\/\/www.technic-toys.com\/en\/wp-json\/wp\/v2\/media\/10297"}],"wp:attachment":[{"href":"https:\/\/www.technic-toys.com\/en\/wp-json\/wp\/v2\/media?parent=15405"}],"wp:term":[{"taxonomy":"product_cat","embeddable":true,"href":"https:\/\/www.technic-toys.com\/en\/wp-json\/wp\/v2\/product_cat?post=15405"},{"taxonomy":"product_tag","embeddable":true,"href":"https:\/\/www.technic-toys.com\/en\/wp-json\/wp\/v2\/product_tag?post=15405"}],"curies":[{"name":"wp","href":"https:\/\/api.w.org\/{rel}","templated":true}]}}