{"id":15406,"date":"2022-04-08T16:54:54","date_gmt":"2022-04-08T14:54:54","guid":{"rendered":"https:\/\/www.technic-toys.com\/izdelek\/licencni-prekucnik-mercedes-benz-arocs-24ghz-rtr-modri\/"},"modified":"2025-10-24T06:48:00","modified_gmt":"2025-10-24T04:48:00","slug":"licencni-tovornjak-kiper-mercedes-benz-arocs-24ghz-rtr-modri","status":"publish","type":"product","link":"https:\/\/www.technic-toys.com\/en\/izdelek\/licencni-tovornjak-kiper-mercedes-benz-arocs-24ghz-rtr-modri\/","title":{"rendered":"Licen\u010dni tovornjak kiper Mercedes-Benz Arocs 2,4GHz RTR modri"},"content":{"rendered":"<p>Arocs je ime slavne serije tovornjakov Mercedes-Benz podjetja Daimler AG. Vozila za gradbi\u0161\u010da Arocs so bila prvi\u010d predstavljena leta 2013 in so jih od takrat na\u0161li na \u0161tevilnih gradbi\u0161\u010dih po vsem svetu. Odlikuje jih visoka zmogljivost, zanesljivost in robustnost. S tem licen\u010dnim modelom je mogo\u010de nadzorovati skoraj vse funkcije kot pri velikem bratu, zaradi \u010desar bodo srca ljubiteljev skalerjev hitreje utripala. Model ima 4WD pogon in zaprt menjalnik. Zato je za\u0161\u010diten pred brizganjem vode in zato primeren za terensko uporabo. Struktura in barva tega visokokakovostnega modela ustrezata originalu, zaradi \u010desar je ta model tako oblikovno kot predstavitveno poseben. Model je dobavljen RTR (pripravljen za uporabo) in obseg dobave vklju\u010duje vse, kar je potrebno za delovanje. (razen baterij za oddajnik).<\/p>\n<p>Lastnosti:<br \/>\nEkskluzivna izdaja Amewi tovornjaka Mercedes Benz Arocs v modri barvi<br \/>\nLED osvetlitev<br \/>\n10 nastavljivih kanalov&lt; br \/ &gt;Sistem 2,4 Ghz (brez napak)<br \/>\nFunkcije naprej\/nazaj\/desno levo, vklop\/izklop zvoka, lu\u010d, korito je mogo\u010de upravljati lo\u010deno<br \/>\nDolg \u010das vo\u017enje (do 20 min.)&lt; br \/&gt;Prilo\u017eena baterija (NiMH 7,2V 400mAh)<br \/>\nPrilo\u017een polnilec<br \/>\nPrilo\u017een oddajnik<br \/>\nZvesta simulacija vseh funkcij<\/p>\n<p>Tehni\u010dni podatki:<br \/>\nMerilo: 1 :14<br \/>\nDol\u017eina: 422 mm \u0160irina: 152 mm Vi\u0161ina: 181 mm Te\u017ea: pribli\u017eno: 120 mm<br \/>\nOddaljenost od tal: 17 mm<br \/>\nGlavni material: plastika<br \/>\nDimenzije predala za baterije: 90x52x17mm<br \/>\n: NiMH 6 celic 7.2V 400mAh konektor JST-BEC, 85x50x15mm, te\u017ea 83g<br \/>\n\u010cas vo\u017enje: pribli\u017eno 20min<br \/>\nMaksimalna hitrost: pribli\u017eno 5km\/h<br \/>\nDaljinski upravljalnik: 10 kanalov&lt;2 br \/&gt;Domet: pribl. 80 m<br \/>\nNapajalnik: USB polnilni kabel<br \/>\n\u010cas polnjenja: pribli\u017eno 1,5 ure<\/p>\n<p>Obseg dobave<br \/>\nModel, sestavljen pripravljen za vo\u017enjo<br \/>\nDaljinski upravljalnik<br \/>\nBaterija<br \/>\nUSB polnilec<br \/>\nNavodila DE\/EN\/FR\/IT<\/p>\n<p>Potrebna dodatna oprema:<br \/>\n4x AA mignon baterije 1,5V za daljinski upravljalnik<\/p>\n<p>&nbsp;<\/p>\n","protected":false},"excerpt":{"rendered":"<p>Arocs je ime slavne serije tovornjakov Mercedes-Benz podjetja Daimler AG. Vozila za gradbi\u0161\u010da Arocs so bila prvi\u010d predstavljena leta 2013 in so jih od takrat na\u0161li na \u0161tevilnih gradbi\u0161\u010dih po vsem svetu. Odlikuje jih visoka zmogljivost, zanesljivost in robustnost. S tem licen\u010dnim modelom je mogo\u010de nadzorovati skoraj vse funkcije kot pri velikem bratu, zaradi \u010desar [&hellip;]<\/p>\n","protected":false},"featured_media":10307,"template":"","meta":[],"product_cat":[374,360],"product_tag":[],"acf":[],"yoast_head":"<!-- This site is optimized with the Yoast SEO plugin v21.7 - https:\/\/yoast.com\/wordpress\/plugins\/seo\/ -->\n<title>Licen\u010dni tovornjak kiper Mercedes-Benz Arocs 2,4GHz RTR modri - TECHNIC-TOYS.com<\/title>\n<meta name=\"description\" content=\"Licen\u010dni tovornjak kiper Mercedes-Benz Arocs GHz RTR modri otro\u0161ka igra\u010da daljinsko upravljanje\" \/>\n<meta name=\"robots\" content=\"index, follow, max-snippet:-1, max-image-preview:large, max-video-preview:-1\" \/>\n<link rel=\"canonical\" href=\"https:\/\/www.technic-toys.com\/izdelek\/licencni-tovornjak-kiper-mercedes-benz-arocs-24ghz-rtr-modri\/\" \/>\n<meta property=\"og:locale\" content=\"en_US\" \/>\n<meta property=\"og:type\" content=\"article\" \/>\n<meta property=\"og:title\" content=\"Licen\u010dni tovornjak kiper Mercedes-Benz Arocs 2,4GHz RTR modri - TECHNIC-TOYS.com\" \/>\n<meta property=\"og:description\" content=\"Licen\u010dni tovornjak kiper Mercedes-Benz Arocs GHz RTR modri otro\u0161ka igra\u010da daljinsko upravljanje\" \/>\n<meta property=\"og:url\" content=\"https:\/\/www.technic-toys.com\/izdelek\/licencni-tovornjak-kiper-mercedes-benz-arocs-24ghz-rtr-modri\/\" \/>\n<meta property=\"og:site_name\" content=\"TECHNIC-TOYS.com\" \/>\n<meta property=\"article:modified_time\" content=\"2025-10-24T04:48:00+00:00\" \/>\n<meta property=\"og:image\" content=\"https:\/\/www.technic-toys.com\/wp-content\/uploads\/2022\/01\/22537.jpg\" \/>\n\t<meta property=\"og:image:width\" content=\"2560\" \/>\n\t<meta property=\"og:image:height\" content=\"1468\" \/>\n\t<meta property=\"og:image:type\" content=\"image\/jpeg\" \/>\n<meta name=\"twitter:card\" content=\"summary_large_image\" \/>\n<meta name=\"twitter:label1\" content=\"Est. reading time\" \/>\n\t<meta name=\"twitter:data1\" content=\"1 minute\" \/>\n<script type=\"application\/ld+json\" class=\"yoast-schema-graph\">{\"@context\":\"https:\/\/schema.org\",\"@graph\":[{\"@type\":\"WebPage\",\"@id\":\"https:\/\/www.technic-toys.com\/izdelek\/licencni-tovornjak-kiper-mercedes-benz-arocs-24ghz-rtr-modri\/\",\"url\":\"https:\/\/www.technic-toys.com\/izdelek\/licencni-tovornjak-kiper-mercedes-benz-arocs-24ghz-rtr-modri\/\",\"name\":\"Licen\u010dni tovornjak kiper Mercedes-Benz Arocs 2,4GHz RTR modri - TECHNIC-TOYS.com\",\"isPartOf\":{\"@id\":\"https:\/\/www.technic-toys.com\/en\/#website\"},\"datePublished\":\"2022-04-08T14:54:54+00:00\",\"dateModified\":\"2025-10-24T04:48:00+00:00\",\"description\":\"Licen\u010dni tovornjak kiper Mercedes-Benz Arocs GHz RTR modri otro\u0161ka igra\u010da daljinsko upravljanje\",\"breadcrumb\":{\"@id\":\"https:\/\/www.technic-toys.com\/izdelek\/licencni-tovornjak-kiper-mercedes-benz-arocs-24ghz-rtr-modri\/#breadcrumb\"},\"inLanguage\":\"en-US\",\"potentialAction\":[{\"@type\":\"ReadAction\",\"target\":[\"https:\/\/www.technic-toys.com\/izdelek\/licencni-tovornjak-kiper-mercedes-benz-arocs-24ghz-rtr-modri\/\"]}]},{\"@type\":\"BreadcrumbList\",\"@id\":\"https:\/\/www.technic-toys.com\/izdelek\/licencni-tovornjak-kiper-mercedes-benz-arocs-24ghz-rtr-modri\/#breadcrumb\",\"itemListElement\":[{\"@type\":\"ListItem\",\"position\":1,\"name\":\"Domov\",\"item\":\"https:\/\/www.technic-toys.com\/en\/\"},{\"@type\":\"ListItem\",\"position\":2,\"name\":\"Shop\",\"item\":\"https:\/\/www.technic-toys.com\/en\/shop-2\/\"},{\"@type\":\"ListItem\",\"position\":3,\"name\":\"Licen\u010dni tovornjak kiper Mercedes-Benz Arocs 2,4GHz RTR modri\"}]},{\"@type\":\"WebSite\",\"@id\":\"https:\/\/www.technic-toys.com\/en\/#website\",\"url\":\"https:\/\/www.technic-toys.com\/en\/\",\"name\":\"TECHNIC-TOYS.com\",\"description\":\"\",\"potentialAction\":[{\"@type\":\"SearchAction\",\"target\":{\"@type\":\"EntryPoint\",\"urlTemplate\":\"https:\/\/www.technic-toys.com\/en\/?s={search_term_string}\"},\"query-input\":\"required name=search_term_string\"}],\"inLanguage\":\"en-US\"}]}<\/script>\n<!-- \/ Yoast SEO plugin. -->","yoast_head_json":{"title":"Licen\u010dni tovornjak kiper Mercedes-Benz Arocs 2,4GHz RTR modri - TECHNIC-TOYS.com","description":"Licen\u010dni tovornjak kiper Mercedes-Benz Arocs GHz RTR modri otro\u0161ka igra\u010da daljinsko upravljanje","robots":{"index":"index","follow":"follow","max-snippet":"max-snippet:-1","max-image-preview":"max-image-preview:large","max-video-preview":"max-video-preview:-1"},"canonical":"https:\/\/www.technic-toys.com\/izdelek\/licencni-tovornjak-kiper-mercedes-benz-arocs-24ghz-rtr-modri\/","og_locale":"en_US","og_type":"article","og_title":"Licen\u010dni tovornjak kiper Mercedes-Benz Arocs 2,4GHz RTR modri - TECHNIC-TOYS.com","og_description":"Licen\u010dni tovornjak kiper Mercedes-Benz Arocs GHz RTR modri otro\u0161ka igra\u010da daljinsko upravljanje","og_url":"https:\/\/www.technic-toys.com\/izdelek\/licencni-tovornjak-kiper-mercedes-benz-arocs-24ghz-rtr-modri\/","og_site_name":"TECHNIC-TOYS.com","article_modified_time":"2025-10-24T04:48:00+00:00","og_image":[{"width":2560,"height":1468,"url":"https:\/\/www.technic-toys.com\/wp-content\/uploads\/2022\/01\/22537.jpg","type":"image\/jpeg"}],"twitter_card":"summary_large_image","twitter_misc":{"Est. reading time":"1 minute"},"schema":{"@context":"https:\/\/schema.org","@graph":[{"@type":"WebPage","@id":"https:\/\/www.technic-toys.com\/izdelek\/licencni-tovornjak-kiper-mercedes-benz-arocs-24ghz-rtr-modri\/","url":"https:\/\/www.technic-toys.com\/izdelek\/licencni-tovornjak-kiper-mercedes-benz-arocs-24ghz-rtr-modri\/","name":"Licen\u010dni tovornjak kiper Mercedes-Benz Arocs 2,4GHz RTR modri - TECHNIC-TOYS.com","isPartOf":{"@id":"https:\/\/www.technic-toys.com\/en\/#website"},"datePublished":"2022-04-08T14:54:54+00:00","dateModified":"2025-10-24T04:48:00+00:00","description":"Licen\u010dni tovornjak kiper Mercedes-Benz Arocs GHz RTR modri otro\u0161ka igra\u010da daljinsko upravljanje","breadcrumb":{"@id":"https:\/\/www.technic-toys.com\/izdelek\/licencni-tovornjak-kiper-mercedes-benz-arocs-24ghz-rtr-modri\/#breadcrumb"},"inLanguage":"en-US","potentialAction":[{"@type":"ReadAction","target":["https:\/\/www.technic-toys.com\/izdelek\/licencni-tovornjak-kiper-mercedes-benz-arocs-24ghz-rtr-modri\/"]}]},{"@type":"BreadcrumbList","@id":"https:\/\/www.technic-toys.com\/izdelek\/licencni-tovornjak-kiper-mercedes-benz-arocs-24ghz-rtr-modri\/#breadcrumb","itemListElement":[{"@type":"ListItem","position":1,"name":"Domov","item":"https:\/\/www.technic-toys.com\/en\/"},{"@type":"ListItem","position":2,"name":"Shop","item":"https:\/\/www.technic-toys.com\/en\/shop-2\/"},{"@type":"ListItem","position":3,"name":"Licen\u010dni tovornjak kiper Mercedes-Benz Arocs 2,4GHz RTR modri"}]},{"@type":"WebSite","@id":"https:\/\/www.technic-toys.com\/en\/#website","url":"https:\/\/www.technic-toys.com\/en\/","name":"TECHNIC-TOYS.com","description":"","potentialAction":[{"@type":"SearchAction","target":{"@type":"EntryPoint","urlTemplate":"https:\/\/www.technic-toys.com\/en\/?s={search_term_string}"},"query-input":"required name=search_term_string"}],"inLanguage":"en-US"}]}},"_links":{"self":[{"href":"https:\/\/www.technic-toys.com\/en\/wp-json\/wp\/v2\/product\/15406"}],"collection":[{"href":"https:\/\/www.technic-toys.com\/en\/wp-json\/wp\/v2\/product"}],"about":[{"href":"https:\/\/www.technic-toys.com\/en\/wp-json\/wp\/v2\/types\/product"}],"wp:featuredmedia":[{"embeddable":true,"href":"https:\/\/www.technic-toys.com\/en\/wp-json\/wp\/v2\/media\/10307"}],"wp:attachment":[{"href":"https:\/\/www.technic-toys.com\/en\/wp-json\/wp\/v2\/media?parent=15406"}],"wp:term":[{"taxonomy":"product_cat","embeddable":true,"href":"https:\/\/www.technic-toys.com\/en\/wp-json\/wp\/v2\/product_cat?post=15406"},{"taxonomy":"product_tag","embeddable":true,"href":"https:\/\/www.technic-toys.com\/en\/wp-json\/wp\/v2\/product_tag?post=15406"}],"curies":[{"name":"wp","href":"https:\/\/api.w.org\/{rel}","templated":true}]}}